{"id":6108,"date":"2025-08-18T01:58:25","date_gmt":"2025-08-15T08:46:29","guid":{"rendered":"https:\/\/www.hg-cooker.com\/?post_type=product&#038;p=6108"},"modified":"2025-08-18T02:04:09","modified_gmt":"2025-08-18T02:04:09","slug":"wholesale-stainless-steel-hammered-woks","status":"publish","type":"product","link":"https:\/\/www.hg-cooker.com\/es\/producto\/wholesale-stainless-steel-hammered-woks\/","title":{"rendered":"Mayorista Woks de Acero Inoxidable Martillado - Buen Efecto Antiadherente y Reduce el Humo del Aceite"},"content":{"rendered":"<figure class=\"wp-block-image size-full\"><img fetchpriority=\"high\" decoding=\"async\" width=\"1920\" height=\"510\" src=\"https:\/\/www.hg-cooker.com\/wp-content\/uploads\/2025\/08\/parameters-of-hammered-wok.webp\" alt=\"par\u00e1metros del wok martillado\" class=\"wp-image-6178\" srcset=\"https:\/\/www.hg-cooker.com\/wp-content\/uploads\/2025\/08\/parameters-of-hammered-wok.webp 1920w, https:\/\/www.hg-cooker.com\/wp-content\/uploads\/2025\/08\/parameters-of-hammered-wok-300x80.webp 300w, https:\/\/www.hg-cooker.com\/wp-content\/uploads\/2025\/08\/parameters-of-hammered-wok-768x204.webp 768w, https:\/\/www.hg-cooker.com\/wp-content\/uploads\/2025\/08\/parameters-of-hammered-wok-18x5.webp 18w, https:\/\/www.hg-cooker.com\/wp-content\/uploads\/2025\/08\/parameters-of-hammered-wok-285x76.webp 285w, https:\/\/www.hg-cooker.com\/wp-content\/uploads\/2025\/08\/parameters-of-hammered-wok-1600x425.webp 1600w, https:\/\/www.hg-cooker.com\/wp-content\/uploads\/2025\/08\/parameters-of-hammered-wok-660x175.webp 660w, https:\/\/www.hg-cooker.com\/wp-content\/uploads\/2025\/08\/parameters-of-hammered-wok-150x40.webp 150w\" sizes=\"(max-width: 1920px) 100vw, 1920px\" \/><\/figure>","protected":false},"excerpt":{"rendered":"<p>Venta al por mayor de woks martillados de acero inoxidable. Este wok presenta una textura de superficie \u00fanica y ondulada creada mediante un meticuloso martilleo a mano. Estos patrones martillados dan al wok un aspecto elegante y un acabado antiadherente. Incluye un mango ergon\u00f3mico y una tapa de cristal transparente. Es perfecto para saltear, fre\u00edr, estofar y guisar. P\u00f3ngase en contacto con Hengguang para obtener el mejor presupuesto de un fabricante profesional de utensilios de cocina.<\/p>\n<p><!-- wp:heading --><\/p>\n<h2 class=\"wp-block-heading\">Caracter\u00edsticas del Wok martillado de acero inoxidable<\/h2>\n<ul>\n<li><strong>Excelente efecto antiadherente:<\/strong> Durante la cocci\u00f3n, los alimentos se apoyan en la superficie texturizada elevada, lo que minimiza el contacto directo entre los alimentos y la sart\u00e9n y reduce la probabilidad de que se peguen, en comparaci\u00f3n con un fondo liso.<\/li>\n<li><strong>Reduce el humo del aceite:<\/strong> Como la superficie de la sart\u00e9n no es completamente plana, los ingredientes y el aceite pueden deslizarse y removerse con mayor rapidez, lo que evita que se peguen y se sobrecalienten durante periodos prolongados, reduciendo as\u00ed el humo del aceite.<\/li>\n<li><strong>Mango ergon\u00f3mico de acero inoxidable:<\/strong> El mango es robusto y c\u00f3modo, por lo que resulta f\u00e1cil de sujetar incluso durante largas sesiones de cocina.<\/li>\n<li><strong>Tapa de cristal templado transparente:<\/strong> Equipado con una tapa de cristal templado transparente, puede ver claramente lo que se est\u00e1 cocinando sin abrirlo, manteniendo los ingredientes h\u00famedos y frescos.<\/li>\n<\/ul>\n<p><!-- \/wp:paragraph --><\/p>","protected":false},"featured_media":6116,"comment_status":"closed","ping_status":"closed","template":"","meta":[],"product_brand":[],"product_cat":[52],"product_tag":[],"class_list":{"0":"post-6108","1":"product","2":"type-product","3":"status-publish","4":"has-post-thumbnail","6":"product_cat-stainless-steel-cookware","8":"first","9":"instock","10":"shipping-taxable","11":"product-type-simple"},"_links":{"self":[{"href":"https:\/\/www.hg-cooker.com\/es\/wp-json\/wp\/v2\/product\/6108","targetHints":{"allow":["GET"]}}],"collection":[{"href":"https:\/\/www.hg-cooker.com\/es\/wp-json\/wp\/v2\/product"}],"about":[{"href":"https:\/\/www.hg-cooker.com\/es\/wp-json\/wp\/v2\/types\/product"}],"replies":[{"embeddable":true,"href":"https:\/\/www.hg-cooker.com\/es\/wp-json\/wp\/v2\/comments?post=6108"}],"wp:featuredmedia":[{"embeddable":true,"href":"https:\/\/www.hg-cooker.com\/es\/wp-json\/wp\/v2\/media\/6116"}],"wp:attachment":[{"href":"https:\/\/www.hg-cooker.com\/es\/wp-json\/wp\/v2\/media?parent=6108"}],"wp:term":[{"taxonomy":"product_brand","embeddable":true,"href":"https:\/\/www.hg-cooker.com\/es\/wp-json\/wp\/v2\/product_brand?post=6108"},{"taxonomy":"product_cat","embeddable":true,"href":"https:\/\/www.hg-cooker.com\/es\/wp-json\/wp\/v2\/product_cat?post=6108"},{"taxonomy":"product_tag","embeddable":true,"href":"https:\/\/www.hg-cooker.com\/es\/wp-json\/wp\/v2\/product_tag?post=6108"}],"curies":[{"name":"wp","href":"https:\/\/api.w.org\/{rel}","templated":true}]}}