{"id":6100,"date":"2025-08-27T06:51:20","date_gmt":"2025-08-27T06:51:20","guid":{"rendered":"https:\/\/www.hg-cooker.com\/?post_type=product&#038;p=6100"},"modified":"2025-09-13T02:33:01","modified_gmt":"2025-09-13T02:33:01","slug":"wholesale-stainless-steel-snow-pans","status":"publish","type":"product","link":"https:\/\/www.hg-cooker.com\/es\/producto\/wholesale-stainless-steel-snow-pans\/","title":{"rendered":"Mayorista Sartenes de acero inoxidable con mango de madera y tapa de cristal"},"content":{"rendered":"<figure class=\"wp-block-image size-full\"><img fetchpriority=\"high\" decoding=\"async\" width=\"1752\" height=\"476\" src=\"https:\/\/www.hg-cooker.com\/wp-content\/uploads\/2025\/08\/parameters-of-snow-pan.webp\" alt=\"par\u00e1metros del dep\u00f3sito de nieve\" class=\"wp-image-6192\" srcset=\"https:\/\/www.hg-cooker.com\/wp-content\/uploads\/2025\/08\/parameters-of-snow-pan.webp 1752w, https:\/\/www.hg-cooker.com\/wp-content\/uploads\/2025\/08\/parameters-of-snow-pan-300x82.webp 300w, https:\/\/www.hg-cooker.com\/wp-content\/uploads\/2025\/08\/parameters-of-snow-pan-768x209.webp 768w, https:\/\/www.hg-cooker.com\/wp-content\/uploads\/2025\/08\/parameters-of-snow-pan-18x5.webp 18w, https:\/\/www.hg-cooker.com\/wp-content\/uploads\/2025\/08\/parameters-of-snow-pan-285x77.webp 285w, https:\/\/www.hg-cooker.com\/wp-content\/uploads\/2025\/08\/parameters-of-snow-pan-1600x435.webp 1600w, https:\/\/www.hg-cooker.com\/wp-content\/uploads\/2025\/08\/parameters-of-snow-pan-660x179.webp 660w, https:\/\/www.hg-cooker.com\/wp-content\/uploads\/2025\/08\/parameters-of-snow-pan-150x41.webp 150w\" sizes=\"(max-width: 1752px) 100vw, 1752px\" \/><\/figure>","protected":false},"excerpt":{"rendered":"<p>Venta al por mayor de sartenes para nieve de acero inoxidable. Se trata de una sart\u00e9n para nieve de acero inoxidable martillado de buena construcci\u00f3n, con distribuci\u00f3n uniforme del calor y un c\u00e1lido mango de madera para un agarre c\u00f3modo. Viene con una tapa de cristal transparente para facilitar la visibilidad y es adecuado para sopas, papillas, fre\u00edr poco a poco, y la cocina en general. Se admiten pedidos al por mayor y servicios OEM\/ODM.<\/p>\n<p><!-- wp:heading --><\/p>\n<h2 class=\"wp-block-heading\">Caracter\u00edsticas de la sart\u00e9n para nieve martillada de acero inoxidable<\/h2>\n<ul>\n<li><strong>Dise\u00f1o martillado:<\/strong> La sart\u00e9n presenta un dise\u00f1o robusto y martillado. Este dise\u00f1o no s\u00f3lo es est\u00e9ticamente agradable, sino que tambi\u00e9n aumenta el \u00e1rea de distribuci\u00f3n del calor, garantizando un calentamiento m\u00e1s uniforme.<\/li>\n<li><strong>Asas de madera:<\/strong> Las sartenes para nieve al por mayor cuentan con mangos de madera para un excelente aislamiento t\u00e9rmico, lo que elimina la necesidad de utilizar guantes o trapos de cocina, proporciona un agarre c\u00f3modo y evita las quemaduras.<\/li>\n<li><strong>Est\u00e9tica \u00fanica:<\/strong> El grano natural y el color de la madera confieren a las sartenes una est\u00e9tica \u00fanica y realista. Complementa la moderna textura del acero inoxidable, a\u00f1adiendo un toque c\u00e1lido y lujoso a cualquier cocina.<\/li>\n<li><strong>Vertido f\u00e1cil:<\/strong> Las cacerolas de nieve al por mayor cuentan con un pr\u00e1ctico pico vertedor, que facilita el vertido de sopas, fideos y mucho m\u00e1s sin derrames.<\/li>\n<li><strong>Versatilidad:<\/strong> La sart\u00e9n de la nieve es incre\u00edblemente vers\u00e1til y puede realizar casi cualquier tarea culinaria. Es especialmente adecuada para hervir, guisar, escaldar, fre\u00edr y hacer salsas.<\/li>\n<\/ul>\n<p><!-- \/wp:paragraph --><\/p>","protected":false},"featured_media":6167,"comment_status":"closed","ping_status":"closed","template":"","meta":[],"product_brand":[],"product_cat":[52],"product_tag":[],"class_list":{"0":"post-6100","1":"product","2":"type-product","3":"status-publish","4":"has-post-thumbnail","6":"product_cat-stainless-steel-cookware","8":"first","9":"instock","10":"shipping-taxable","11":"product-type-simple"},"_links":{"self":[{"href":"https:\/\/www.hg-cooker.com\/es\/wp-json\/wp\/v2\/product\/6100","targetHints":{"allow":["GET"]}}],"collection":[{"href":"https:\/\/www.hg-cooker.com\/es\/wp-json\/wp\/v2\/product"}],"about":[{"href":"https:\/\/www.hg-cooker.com\/es\/wp-json\/wp\/v2\/types\/product"}],"replies":[{"embeddable":true,"href":"https:\/\/www.hg-cooker.com\/es\/wp-json\/wp\/v2\/comments?post=6100"}],"wp:featuredmedia":[{"embeddable":true,"href":"https:\/\/www.hg-cooker.com\/es\/wp-json\/wp\/v2\/media\/6167"}],"wp:attachment":[{"href":"https:\/\/www.hg-cooker.com\/es\/wp-json\/wp\/v2\/media?parent=6100"}],"wp:term":[{"taxonomy":"product_brand","embeddable":true,"href":"https:\/\/www.hg-cooker.com\/es\/wp-json\/wp\/v2\/product_brand?post=6100"},{"taxonomy":"product_cat","embeddable":true,"href":"https:\/\/www.hg-cooker.com\/es\/wp-json\/wp\/v2\/product_cat?post=6100"},{"taxonomy":"product_tag","embeddable":true,"href":"https:\/\/www.hg-cooker.com\/es\/wp-json\/wp\/v2\/product_tag?post=6100"}],"curies":[{"name":"wp","href":"https:\/\/api.w.org\/{rel}","templated":true}]}}