{"id":6095,"date":"2025-08-30T06:01:52","date_gmt":"2025-08-30T06:01:52","guid":{"rendered":"https:\/\/www.hg-cooker.com\/?post_type=product&#038;p=6095"},"modified":"2025-09-13T02:28:02","modified_gmt":"2025-09-13T02:28:02","slug":"wholesale-hammered-stainless-steel-milk-pots","status":"publish","type":"product","link":"https:\/\/www.hg-cooker.com\/es\/producto\/wholesale-hammered-stainless-steel-milk-pots\/","title":{"rendered":"Mayorista Lecheras de Acero Inoxidable Martillado - Disponibles con Dos Asas"},"content":{"rendered":"<div class=\"wp-block-columns is-layout-flex wp-container-core-columns-is-layout-9d6595d7 wp-block-columns-is-layout-flex\">\n<div class=\"wp-block-column is-layout-flow wp-block-column-is-layout-flow\">\n<figure class=\"wp-block-image size-full\"><img fetchpriority=\"high\" decoding=\"async\" width=\"2240\" height=\"2240\" src=\"https:\/\/www.hg-cooker.com\/wp-content\/uploads\/2025\/08\/wholesale-hammered-texture-milk-pots.webp\" alt=\"mayorista tarros de leche textura martillada\" class=\"wp-image-6099\" srcset=\"https:\/\/www.hg-cooker.com\/wp-content\/uploads\/2025\/08\/wholesale-hammered-texture-milk-pots.webp 2240w, https:\/\/www.hg-cooker.com\/wp-content\/uploads\/2025\/08\/wholesale-hammered-texture-milk-pots-300x300.webp 300w, https:\/\/www.hg-cooker.com\/wp-content\/uploads\/2025\/08\/wholesale-hammered-texture-milk-pots-150x150.webp 150w, https:\/\/www.hg-cooker.com\/wp-content\/uploads\/2025\/08\/wholesale-hammered-texture-milk-pots-768x768.webp 768w, https:\/\/www.hg-cooker.com\/wp-content\/uploads\/2025\/08\/wholesale-hammered-texture-milk-pots-12x12.webp 12w, https:\/\/www.hg-cooker.com\/wp-content\/uploads\/2025\/08\/wholesale-hammered-texture-milk-pots-285x285.webp 285w, https:\/\/www.hg-cooker.com\/wp-content\/uploads\/2025\/08\/wholesale-hammered-texture-milk-pots-1600x1600.webp 1600w, https:\/\/www.hg-cooker.com\/wp-content\/uploads\/2025\/08\/wholesale-hammered-texture-milk-pots-270x270.webp 270w, https:\/\/www.hg-cooker.com\/wp-content\/uploads\/2025\/08\/wholesale-hammered-texture-milk-pots-540x540.webp 540w, https:\/\/www.hg-cooker.com\/wp-content\/uploads\/2025\/08\/wholesale-hammered-texture-milk-pots-660x660.webp 660w\" sizes=\"(max-width: 2240px) 100vw, 2240px\" \/><\/figure>\n<\/div>\n\n\n\n<div class=\"wp-block-column is-layout-flow wp-block-column-is-layout-flow\">\n<figure class=\"wp-block-image size-full\"><img decoding=\"async\" width=\"2337\" height=\"2337\" src=\"https:\/\/www.hg-cooker.com\/wp-content\/uploads\/2025\/08\/wholesale-hammered-texture-milk-pots-3.webp\" alt=\"mayorista textura martillada tarros de leche (3)\" class=\"wp-image-6097\" srcset=\"https:\/\/www.hg-cooker.com\/wp-content\/uploads\/2025\/08\/wholesale-hammered-texture-milk-pots-3.webp 2337w, https:\/\/www.hg-cooker.com\/wp-content\/uploads\/2025\/08\/wholesale-hammered-texture-milk-pots-3-300x300.webp 300w, https:\/\/www.hg-cooker.com\/wp-content\/uploads\/2025\/08\/wholesale-hammered-texture-milk-pots-3-150x150.webp 150w, https:\/\/www.hg-cooker.com\/wp-content\/uploads\/2025\/08\/wholesale-hammered-texture-milk-pots-3-768x768.webp 768w, https:\/\/www.hg-cooker.com\/wp-content\/uploads\/2025\/08\/wholesale-hammered-texture-milk-pots-3-12x12.webp 12w, https:\/\/www.hg-cooker.com\/wp-content\/uploads\/2025\/08\/wholesale-hammered-texture-milk-pots-3-285x285.webp 285w, https:\/\/www.hg-cooker.com\/wp-content\/uploads\/2025\/08\/wholesale-hammered-texture-milk-pots-3-1600x1600.webp 1600w, https:\/\/www.hg-cooker.com\/wp-content\/uploads\/2025\/08\/wholesale-hammered-texture-milk-pots-3-270x270.webp 270w, https:\/\/www.hg-cooker.com\/wp-content\/uploads\/2025\/08\/wholesale-hammered-texture-milk-pots-3-540x540.webp 540w, https:\/\/www.hg-cooker.com\/wp-content\/uploads\/2025\/08\/wholesale-hammered-texture-milk-pots-3-660x660.webp 660w\" sizes=\"(max-width: 2337px) 100vw, 2337px\" \/><\/figure>\n<\/div>\n<\/div>","protected":false},"excerpt":{"rendered":"<p>Mayorista de lecheras de acero inoxidable martillado. Esta lechera martillada combina a la perfecci\u00f3n la artesan\u00eda tradicional con la est\u00e9tica moderna. Se puede utilizar para calentar la leche, cocinar fideos, o sopa de calor, por lo que es una opci\u00f3n ideal tanto para uso dom\u00e9stico y comercial. Como fabricante profesional de utensilios de cocina, ofrecemos precios al por mayor competitivos y canales de suministro estables. Agradecemos las compras al por mayor.<\/p>\n<p><!-- wp:heading --><\/p>\n<h2 class=\"wp-block-heading\">Caracter\u00edsticas de la lechera de acero inoxidable<\/h2>\n<ul>\n<li><strong>Acero inoxidable 304 de calidad alimentaria: <\/strong>El acabado liso y sin rebabas es seguro para el contacto con alimentos. Sin olores y resistente a la corrosi\u00f3n, ideal para leche, papillas y alimentos \u00e1cidos. El acabado pulido mejora la resistencia a las manchas, y la limpieza es r\u00e1pida y sin esfuerzo.<\/li>\n<li><strong>Elegante textura martillada: <\/strong>La refinada textura martillada aporta sofisticaci\u00f3n y profundidad al cuerpo de acero inoxidable plateado, eliminando la monoton\u00eda de las ollas tradicionales. La superficie microgofrada minimiza la adherencia y evita el sobrecalentamiento puntual.<\/li>\n<li><strong>Mango ergon\u00f3mico remachado: <\/strong>El mango largo de acero inoxidable con curvatura natural se adapta c\u00f3modamente a la mano. El dise\u00f1o de doble remache ofrece resistencia y estabilidad para verter y levantar con seguridad.<\/li>\n<li><strong>Asa extendida:<\/strong> El asa extendida est\u00e1 firmemente sujeta a la olla con resistentes remaches, lo que garantiza su estabilidad. En el extremo del asa hay un orificio para colgarla y guardarla c\u00f3modamente.<\/li>\n<li><strong>Vers\u00e1til:<\/strong> Su dise\u00f1o compacto y pr\u00e1ctico hace que sirva para mucho m\u00e1s que para hervir leche. Tambi\u00e9n es perfecta para cocinar a diario porciones peque\u00f1as, como fideos, alb\u00f3ndigas, huevos y avena.<\/li>\n<\/ul>\n<p><!-- \/wp:paragraph --><\/p>","protected":false},"featured_media":6099,"comment_status":"closed","ping_status":"closed","template":"","meta":[],"product_brand":[],"product_cat":[52],"product_tag":[],"class_list":{"0":"post-6095","1":"product","2":"type-product","3":"status-publish","4":"has-post-thumbnail","6":"product_cat-stainless-steel-cookware","8":"first","9":"instock","10":"shipping-taxable","11":"product-type-simple"},"_links":{"self":[{"href":"https:\/\/www.hg-cooker.com\/es\/wp-json\/wp\/v2\/product\/6095","targetHints":{"allow":["GET"]}}],"collection":[{"href":"https:\/\/www.hg-cooker.com\/es\/wp-json\/wp\/v2\/product"}],"about":[{"href":"https:\/\/www.hg-cooker.com\/es\/wp-json\/wp\/v2\/types\/product"}],"replies":[{"embeddable":true,"href":"https:\/\/www.hg-cooker.com\/es\/wp-json\/wp\/v2\/comments?post=6095"}],"wp:featuredmedia":[{"embeddable":true,"href":"https:\/\/www.hg-cooker.com\/es\/wp-json\/wp\/v2\/media\/6099"}],"wp:attachment":[{"href":"https:\/\/www.hg-cooker.com\/es\/wp-json\/wp\/v2\/media?parent=6095"}],"wp:term":[{"taxonomy":"product_brand","embeddable":true,"href":"https:\/\/www.hg-cooker.com\/es\/wp-json\/wp\/v2\/product_brand?post=6095"},{"taxonomy":"product_cat","embeddable":true,"href":"https:\/\/www.hg-cooker.com\/es\/wp-json\/wp\/v2\/product_cat?post=6095"},{"taxonomy":"product_tag","embeddable":true,"href":"https:\/\/www.hg-cooker.com\/es\/wp-json\/wp\/v2\/product_tag?post=6095"}],"curies":[{"name":"wp","href":"https:\/\/api.w.org\/{rel}","templated":true}]}}