{"id":6086,"date":"2025-08-25T02:11:28","date_gmt":"2025-08-25T02:11:28","guid":{"rendered":"https:\/\/www.hg-cooker.com\/?post_type=product&#038;p=6086"},"modified":"2025-09-13T02:43:01","modified_gmt":"2025-09-13T02:43:01","slug":"wholesale-stainless-steel-milk-pans","status":"publish","type":"product","link":"https:\/\/www.hg-cooker.com\/es\/producto\/wholesale-stainless-steel-milk-pans\/","title":{"rendered":"Mayorista Lecheras de Acero Inoxidable - Suministro a Granel y Cotizaci\u00f3n de F\u00e1brica"},"content":{"rendered":"<figure class=\"wp-block-image size-full\"><img fetchpriority=\"high\" decoding=\"async\" width=\"1920\" height=\"567\" src=\"https:\/\/www.hg-cooker.com\/wp-content\/uploads\/2025\/08\/parameters-of-stainless-steel-milk-pot.webp\" alt=\"par\u00e1metros del tarro de leche de acero inoxidable\" class=\"wp-image-6173\" srcset=\"https:\/\/www.hg-cooker.com\/wp-content\/uploads\/2025\/08\/parameters-of-stainless-steel-milk-pot.webp 1920w, https:\/\/www.hg-cooker.com\/wp-content\/uploads\/2025\/08\/parameters-of-stainless-steel-milk-pot-300x89.webp 300w, https:\/\/www.hg-cooker.com\/wp-content\/uploads\/2025\/08\/parameters-of-stainless-steel-milk-pot-768x227.webp 768w, https:\/\/www.hg-cooker.com\/wp-content\/uploads\/2025\/08\/parameters-of-stainless-steel-milk-pot-18x5.webp 18w, https:\/\/www.hg-cooker.com\/wp-content\/uploads\/2025\/08\/parameters-of-stainless-steel-milk-pot-285x84.webp 285w, https:\/\/www.hg-cooker.com\/wp-content\/uploads\/2025\/08\/parameters-of-stainless-steel-milk-pot-1600x473.webp 1600w, https:\/\/www.hg-cooker.com\/wp-content\/uploads\/2025\/08\/parameters-of-stainless-steel-milk-pot-660x195.webp 660w, https:\/\/www.hg-cooker.com\/wp-content\/uploads\/2025\/08\/parameters-of-stainless-steel-milk-pot-150x44.webp 150w\" sizes=\"(max-width: 1920px) 100vw, 1920px\" \/><\/figure>","protected":false},"excerpt":{"rendered":"<p>Mayorista de cazos de leche de acero inoxidable. Fabricada en acero inoxidable 304 de primera calidad para uso alimentario, esta cacerola para leche presenta un dise\u00f1o cil\u00edndrico liso con un asa de acero inoxidable de f\u00e1cil agarre. El acabado pulido a espejo le proporciona solidez, es resistente a las manchas y se limpia sin esfuerzo. Hay dos tama\u00f1os para elegir: 16 cm y 18 cm. Se aceptan compras al por mayor.<\/p>\n<p><!-- wp:heading --><\/p>\n<h2 class=\"wp-block-heading\">Caracter\u00edsticas de la cacerola de acero inoxidable para leche<\/h2>\n<ul>\n<li><strong>Acero inoxidable 304 de alta calidad para uso alimentario: <\/strong>Interior liso, sin rebabas, sin revestimiento y seguro para el contacto directo con papillas, alimentos \u00e1cidos y leche sin retenci\u00f3n de olores ni sabores. Resistente a las manchas con un acabado muy pulido y f\u00e1cil de limpiar con un pa\u00f1o.<\/li>\n<li><strong>Forma cil\u00edndrica aerodin\u00e1mica: <\/strong>Sin bordes innecesarios en el cuerpo, lo que garantiza una transferencia de calor y una limpieza \u00f3ptimas. Tama\u00f1o compacto perfecto para una sola raci\u00f3n o una familia peque\u00f1a.<\/li>\n<li><strong>Bonito y elegante:<\/strong> Los tiradores huecos suelen dise\u00f1arse con l\u00edneas sencillas y suaves. En comparaci\u00f3n con los tiradores macizos tradicionales, parecen m\u00e1s ligeros y modernos, y aportan un toque de moda a la cocina.<\/li>\n<li><strong>2 tama\u00f1os a elegir:<\/strong> El fabricante de utensilios de cocina Hengguang ofrece 2 tama\u00f1os de sartenes de leche para elegir, y admite la personalizaci\u00f3n del tama\u00f1o.<\/li>\n<\/ul>\n<p><!-- \/wp:paragraph --><\/p>","protected":false},"featured_media":6091,"comment_status":"closed","ping_status":"closed","template":"","meta":[],"product_brand":[],"product_cat":[52],"product_tag":[],"class_list":{"0":"post-6086","1":"product","2":"type-product","3":"status-publish","4":"has-post-thumbnail","6":"product_cat-stainless-steel-cookware","8":"first","9":"instock","10":"shipping-taxable","11":"product-type-simple"},"_links":{"self":[{"href":"https:\/\/www.hg-cooker.com\/es\/wp-json\/wp\/v2\/product\/6086","targetHints":{"allow":["GET"]}}],"collection":[{"href":"https:\/\/www.hg-cooker.com\/es\/wp-json\/wp\/v2\/product"}],"about":[{"href":"https:\/\/www.hg-cooker.com\/es\/wp-json\/wp\/v2\/types\/product"}],"replies":[{"embeddable":true,"href":"https:\/\/www.hg-cooker.com\/es\/wp-json\/wp\/v2\/comments?post=6086"}],"wp:featuredmedia":[{"embeddable":true,"href":"https:\/\/www.hg-cooker.com\/es\/wp-json\/wp\/v2\/media\/6091"}],"wp:attachment":[{"href":"https:\/\/www.hg-cooker.com\/es\/wp-json\/wp\/v2\/media?parent=6086"}],"wp:term":[{"taxonomy":"product_brand","embeddable":true,"href":"https:\/\/www.hg-cooker.com\/es\/wp-json\/wp\/v2\/product_brand?post=6086"},{"taxonomy":"product_cat","embeddable":true,"href":"https:\/\/www.hg-cooker.com\/es\/wp-json\/wp\/v2\/product_cat?post=6086"},{"taxonomy":"product_tag","embeddable":true,"href":"https:\/\/www.hg-cooker.com\/es\/wp-json\/wp\/v2\/product_tag?post=6086"}],"curies":[{"name":"wp","href":"https:\/\/api.w.org\/{rel}","templated":true}]}}