{"id":5985,"date":"2025-08-15T09:10:06","date_gmt":"2025-08-14T06:23:16","guid":{"rendered":"https:\/\/www.hg-cooker.com\/?post_type=product&#038;p=5985"},"modified":"2025-08-15T09:40:21","modified_gmt":"2025-08-15T09:40:21","slug":"wholesale-honeycomb-non-stick-woks","status":"publish","type":"product","link":"https:\/\/www.hg-cooker.com\/es\/producto\/wholesale-honeycomb-non-stick-woks\/","title":{"rendered":"Mayorista Woks Antiadherentes de Panal - Con Mango Confort Tri Resistente al Calor"},"content":{"rendered":"<figure class=\"wp-block-image size-full\"><img fetchpriority=\"high\" decoding=\"async\" width=\"1920\" height=\"682\" src=\"https:\/\/www.hg-cooker.com\/wp-content\/uploads\/2025\/08\/parameters-of-stainless-steel-non-stick-wok-1.webp\" alt=\"par\u00e1metros del wok antiadherente de acero inoxidable\" class=\"wp-image-6129\" srcset=\"https:\/\/www.hg-cooker.com\/wp-content\/uploads\/2025\/08\/parameters-of-stainless-steel-non-stick-wok-1.webp 1920w, https:\/\/www.hg-cooker.com\/wp-content\/uploads\/2025\/08\/parameters-of-stainless-steel-non-stick-wok-1-300x107.webp 300w, https:\/\/www.hg-cooker.com\/wp-content\/uploads\/2025\/08\/parameters-of-stainless-steel-non-stick-wok-1-768x273.webp 768w, https:\/\/www.hg-cooker.com\/wp-content\/uploads\/2025\/08\/parameters-of-stainless-steel-non-stick-wok-1-18x6.webp 18w, https:\/\/www.hg-cooker.com\/wp-content\/uploads\/2025\/08\/parameters-of-stainless-steel-non-stick-wok-1-285x101.webp 285w, https:\/\/www.hg-cooker.com\/wp-content\/uploads\/2025\/08\/parameters-of-stainless-steel-non-stick-wok-1-1600x568.webp 1600w, https:\/\/www.hg-cooker.com\/wp-content\/uploads\/2025\/08\/parameters-of-stainless-steel-non-stick-wok-1-660x234.webp 660w, https:\/\/www.hg-cooker.com\/wp-content\/uploads\/2025\/08\/parameters-of-stainless-steel-non-stick-wok-1-150x53.webp 150w\" sizes=\"(max-width: 1920px) 100vw, 1920px\" \/><\/figure>","protected":false},"excerpt":{"rendered":"<p>Wholesale Honeycomb Non-Stick Stainless Steel Wok. This wok features a honeycomb non-stick surface for superior non-stick performance. It comes with an ergonomic, heat-resistant handle and a tempered glass lid. Its triply composite steel construction makes it perfect for various cooking styles on gas, induction, and other stovetops.<\/p>\n<p>As a cookware manufacturer, we offer factory quotes and welcome bulk purchases.<\/p>\n<p><!-- wp:heading --><\/p>\n<h2 class=\"wp-block-heading\">Caracter\u00edsticas del Wok antiadherente Honeycomb<\/h2>\n<ul>\n<li><strong>Material apto para uso alimentario:<\/strong> El wok antiadherente ha sido sometido a rigurosas pruebas y ha obtenido una certificaci\u00f3n acreditada para garantizar que no se filtren elementos nocivos en los alimentos durante la cocci\u00f3n a alta temperatura.<\/li>\n<li><strong>Revestimiento antiadherente de nido de abeja:<\/strong> La estructura de nido de abeja aumenta la superficie de cocci\u00f3n, reduce el contacto directo con los alimentos, tiene un buen efecto antiadherente y puede utilizarse para fre\u00edr, saltear y fre\u00edr con poca cantidad de aceite, reduciendo el consumo de aceite del cuerpo.<\/li>\n<li><strong>Agarre seguro y c\u00f3modo: <\/strong>El mango de metal plateado est\u00e1 rodeado de silicona roja antideslizante para un agarre c\u00f3modo y seguro, evitando la fatiga de la mano cuando se preparan alimentos durante largas horas. Suavemente curvada hacia arriba para adaptarse a la forma natural de la palma de la mano, la conexi\u00f3n de doble remache asegura una conexi\u00f3n s\u00f3lida como una roca sin tambalearse por el camino.<\/li>\n<li><strong>Compatible con varias estufas:\u00a0 <\/strong>El fondo est\u00e1 hecho de acero compuesto y es adecuado para una gran variedad de cocinas, como cocinas de inducci\u00f3n, cocinas de gas, cocinas el\u00e9ctricas, cocinas de cer\u00e1mica, etc., y puede lograr una r\u00e1pida conducci\u00f3n del calor y una transferencia uniforme del calor.<\/li>\n<\/ul>\n<p><!-- \/wp:paragraph --><\/p>","protected":false},"featured_media":6024,"comment_status":"closed","ping_status":"closed","template":"","meta":[],"product_brand":[],"product_cat":[68],"product_tag":[],"class_list":{"0":"post-5985","1":"product","2":"type-product","3":"status-publish","4":"has-post-thumbnail","6":"product_cat-wholesale-non-stick-cookware","8":"first","9":"instock","10":"shipping-taxable","11":"product-type-simple"},"_links":{"self":[{"href":"https:\/\/www.hg-cooker.com\/es\/wp-json\/wp\/v2\/product\/5985","targetHints":{"allow":["GET"]}}],"collection":[{"href":"https:\/\/www.hg-cooker.com\/es\/wp-json\/wp\/v2\/product"}],"about":[{"href":"https:\/\/www.hg-cooker.com\/es\/wp-json\/wp\/v2\/types\/product"}],"replies":[{"embeddable":true,"href":"https:\/\/www.hg-cooker.com\/es\/wp-json\/wp\/v2\/comments?post=5985"}],"wp:featuredmedia":[{"embeddable":true,"href":"https:\/\/www.hg-cooker.com\/es\/wp-json\/wp\/v2\/media\/6024"}],"wp:attachment":[{"href":"https:\/\/www.hg-cooker.com\/es\/wp-json\/wp\/v2\/media?parent=5985"}],"wp:term":[{"taxonomy":"product_brand","embeddable":true,"href":"https:\/\/www.hg-cooker.com\/es\/wp-json\/wp\/v2\/product_brand?post=5985"},{"taxonomy":"product_cat","embeddable":true,"href":"https:\/\/www.hg-cooker.com\/es\/wp-json\/wp\/v2\/product_cat?post=5985"},{"taxonomy":"product_tag","embeddable":true,"href":"https:\/\/www.hg-cooker.com\/es\/wp-json\/wp\/v2\/product_tag?post=5985"}],"curies":[{"name":"wp","href":"https:\/\/api.w.org\/{rel}","templated":true}]}}