{"id":5970,"date":"2025-08-15T09:51:52","date_gmt":"2025-08-14T03:00:07","guid":{"rendered":"https:\/\/www.hg-cooker.com\/?post_type=product&#038;p=5970"},"modified":"2025-08-15T10:14:38","modified_gmt":"2025-08-15T10:14:38","slug":"wholesale-stainless-steel-non-stick-milk-pots","status":"publish","type":"product","link":"https:\/\/www.hg-cooker.com\/es\/producto\/wholesale-stainless-steel-non-stick-milk-pots\/","title":{"rendered":"Mayorista Lecheras Antiadherentes de Acero Inoxidable con Asa Larga y Tapa de Cristal"},"content":{"rendered":"<figure class=\"wp-block-image size-full\"><img fetchpriority=\"high\" decoding=\"async\" width=\"1920\" height=\"631\" src=\"https:\/\/www.hg-cooker.com\/wp-content\/uploads\/2025\/08\/parameters-of-non-stick-milk-pot.webp\" alt=\"par\u00e1metros del tarro de leche antiadherente\" class=\"wp-image-6140\" srcset=\"https:\/\/www.hg-cooker.com\/wp-content\/uploads\/2025\/08\/parameters-of-non-stick-milk-pot.webp 1920w, https:\/\/www.hg-cooker.com\/wp-content\/uploads\/2025\/08\/parameters-of-non-stick-milk-pot-300x99.webp 300w, https:\/\/www.hg-cooker.com\/wp-content\/uploads\/2025\/08\/parameters-of-non-stick-milk-pot-768x252.webp 768w, https:\/\/www.hg-cooker.com\/wp-content\/uploads\/2025\/08\/parameters-of-non-stick-milk-pot-18x6.webp 18w, https:\/\/www.hg-cooker.com\/wp-content\/uploads\/2025\/08\/parameters-of-non-stick-milk-pot-285x94.webp 285w, https:\/\/www.hg-cooker.com\/wp-content\/uploads\/2025\/08\/parameters-of-non-stick-milk-pot-1600x526.webp 1600w, https:\/\/www.hg-cooker.com\/wp-content\/uploads\/2025\/08\/parameters-of-non-stick-milk-pot-660x217.webp 660w, https:\/\/www.hg-cooker.com\/wp-content\/uploads\/2025\/08\/parameters-of-non-stick-milk-pot-150x49.webp 150w\" sizes=\"(max-width: 1920px) 100vw, 1920px\" \/><\/figure>","protected":false},"excerpt":{"rendered":"<p>Wholesale non-stick milk pan. This pan features a honeycomb surface design for excellent non-stick properties. Its three-layer stainless steel construction ensures durability, quick heat conduction, and even heating. It comes with a visible tempered glass lid for easy viewing while cooking. It&#8217;s perfect for boiling milk, simmering porridge, or preparing baby food.<\/p>\n<p>Como <a href=\"https:\/\/www.hg-cooker.com\/es\/categoria-de-productos\/bateria-de-cocina-de-acero-inoxidable\/\" target=\"_blank\" rel=\"noopener\"><strong>fabricante de utensilios de cocina<\/strong><\/a>Hengguang ofrece productos con calidad de f\u00e1brica y admite servicios OEM\/ODM. Las compras a granel son bienvenidas.<\/p>\n<p><!-- wp:heading --><\/p>\n<h2 class=\"wp-block-heading\">Caracter\u00edsticas del tarro de leche antiadherente<\/h2>\n<p><!-- \/wp:heading --> <!-- wp:paragraph --><\/p>\n<ul>\n<li><strong>Base compuesta de triple capa:<\/strong> Con una construcci\u00f3n de tres capas unidas de forma segura, la base triple de acero inoxidable es compatible con una gran variedad de placas de cocina, incluidas las de inducci\u00f3n y gas, lo que garantiza un calentamiento uniforme.<\/li>\n<li><strong>Textura de panal:<\/strong> La textura hexagonal en forma de panal aumenta la superficie de contacto, reduce la fricci\u00f3n directa y evita que se pegue, por lo que es ideal para cocinar alimentos delicados como huevos y tortitas. Este dise\u00f1o tambi\u00e9n minimiza los restos de comida, agilizando la limpieza.<\/li>\n<li><strong>Mango largo ergon\u00f3mico para mayor comodidad y seguridad:<\/strong> El mango reforzado de acero inoxidable en forma de Y est\u00e1 remachado a la olla y se adapta a la palma de la mano, garantizando un agarre seguro.<\/li>\n<li><strong>Tapa de cristal templado ventilado:<\/strong> La tapa de cristal templado transparente permite ver f\u00e1cilmente la cocci\u00f3n sin abrir la tapa, y los delicados orificios de ventilaci\u00f3n equilibran la presi\u00f3n para evitar el desbordamiento.<\/li>\n<li><strong>Servicio de venta al por mayor de utensilios de cocina antiadherentes:<\/strong> Hengguang ofrece utensilios de cocina antiadherentes al por mayor para compradores B2B. Ofrecemos una variedad de estilos y tama\u00f1os, incluyendo sartenes de leche y woks. P\u00f3ngase en contacto con nosotros para las compras.<\/li>\n<\/ul>\n<p><!-- \/wp:paragraph --><\/p>","protected":false},"featured_media":6011,"comment_status":"closed","ping_status":"closed","template":"","meta":[],"product_brand":[],"product_cat":[68],"product_tag":[],"class_list":{"0":"post-5970","1":"product","2":"type-product","3":"status-publish","4":"has-post-thumbnail","6":"product_cat-wholesale-non-stick-cookware","8":"first","9":"instock","10":"shipping-taxable","11":"product-type-simple"},"_links":{"self":[{"href":"https:\/\/www.hg-cooker.com\/es\/wp-json\/wp\/v2\/product\/5970","targetHints":{"allow":["GET"]}}],"collection":[{"href":"https:\/\/www.hg-cooker.com\/es\/wp-json\/wp\/v2\/product"}],"about":[{"href":"https:\/\/www.hg-cooker.com\/es\/wp-json\/wp\/v2\/types\/product"}],"replies":[{"embeddable":true,"href":"https:\/\/www.hg-cooker.com\/es\/wp-json\/wp\/v2\/comments?post=5970"}],"wp:featuredmedia":[{"embeddable":true,"href":"https:\/\/www.hg-cooker.com\/es\/wp-json\/wp\/v2\/media\/6011"}],"wp:attachment":[{"href":"https:\/\/www.hg-cooker.com\/es\/wp-json\/wp\/v2\/media?parent=5970"}],"wp:term":[{"taxonomy":"product_brand","embeddable":true,"href":"https:\/\/www.hg-cooker.com\/es\/wp-json\/wp\/v2\/product_brand?post=5970"},{"taxonomy":"product_cat","embeddable":true,"href":"https:\/\/www.hg-cooker.com\/es\/wp-json\/wp\/v2\/product_cat?post=5970"},{"taxonomy":"product_tag","embeddable":true,"href":"https:\/\/www.hg-cooker.com\/es\/wp-json\/wp\/v2\/product_tag?post=5970"}],"curies":[{"name":"wp","href":"https:\/\/api.w.org\/{rel}","templated":true}]}}