{"id":5961,"date":"2025-08-16T03:21:17","date_gmt":"2025-08-16T03:21:17","guid":{"rendered":"https:\/\/www.hg-cooker.com\/?post_type=product&#038;p=5961"},"modified":"2025-08-16T03:21:59","modified_gmt":"2025-08-16T03:21:59","slug":"wholesale-non-stick-frying-pans","status":"publish","type":"product","link":"https:\/\/www.hg-cooker.com\/es\/producto\/wholesale-non-stick-frying-pans\/","title":{"rendered":"Mayorista Sartenes antiadherentes - con fondo de acero inoxidable compuesto y mango ergon\u00f3mico"},"content":{"rendered":"<figure class=\"wp-block-image size-full\"><img fetchpriority=\"high\" decoding=\"async\" width=\"1920\" height=\"586\" src=\"https:\/\/www.hg-cooker.com\/wp-content\/uploads\/2025\/08\/parameters-of-non-stick-frying-pan.webp\" alt=\"par\u00e1metros de la sart\u00e9n antiadherente\" class=\"wp-image-6174\" srcset=\"https:\/\/www.hg-cooker.com\/wp-content\/uploads\/2025\/08\/parameters-of-non-stick-frying-pan.webp 1920w, https:\/\/www.hg-cooker.com\/wp-content\/uploads\/2025\/08\/parameters-of-non-stick-frying-pan-300x92.webp 300w, https:\/\/www.hg-cooker.com\/wp-content\/uploads\/2025\/08\/parameters-of-non-stick-frying-pan-768x234.webp 768w, https:\/\/www.hg-cooker.com\/wp-content\/uploads\/2025\/08\/parameters-of-non-stick-frying-pan-18x5.webp 18w, https:\/\/www.hg-cooker.com\/wp-content\/uploads\/2025\/08\/parameters-of-non-stick-frying-pan-285x87.webp 285w, https:\/\/www.hg-cooker.com\/wp-content\/uploads\/2025\/08\/parameters-of-non-stick-frying-pan-1600x488.webp 1600w, https:\/\/www.hg-cooker.com\/wp-content\/uploads\/2025\/08\/parameters-of-non-stick-frying-pan-660x201.webp 660w, https:\/\/www.hg-cooker.com\/wp-content\/uploads\/2025\/08\/parameters-of-non-stick-frying-pan-150x46.webp 150w\" sizes=\"(max-width: 1920px) 100vw, 1920px\" \/><\/figure>","protected":false},"excerpt":{"rendered":"<p>Mayorista de sartenes antiadherentes. Esta sart\u00e9n de acero inoxidable 304 de alta calidad cuenta con un dise\u00f1o antiadherente en forma de panal para un excelente rendimiento antiadherente y una tapa de vidrio templado para facilitar el control mientras se cocina. Se calienta uniformemente, es f\u00e1cil de limpiar y funciona con diversas fuentes de calor. Es perfecta para fre\u00edr, saltear y otros m\u00e9todos de cocci\u00f3n. Se aceptan pedidos al por mayor.<\/p>\n<p><!-- wp:heading --><\/p>\n<h2 class=\"wp-block-heading\">Caracter\u00edsticas de la sart\u00e9n antiadherente<\/h2>\n<ul>\n<li><strong>Cinco tama\u00f1os para elegir:<\/strong> Nuestras sartenes al por mayor est\u00e1n disponibles en cinco tama\u00f1os diferentes: 22 cm, 24 cm, 26 cm, 28 cm y 30 cm, que se adaptan a las distintas familias y necesidades culinarias.<\/li>\n<li><strong>Dise\u00f1o antiadherente de nido de abeja:<\/strong> El patr\u00f3n de panal mejora el rendimiento antiadherente y garantiza una distribuci\u00f3n uniforme del calor, evitando que se pegue. Tambi\u00e9n facilita que los alimentos pegajosos, como tortillas y tortitas, no se peguen.<\/li>\n<li><strong>Mango ergon\u00f3mico:<\/strong> El mango tiene un n\u00facleo de metal plateado con un revestimiento rojo antideslizante, que evita quemaduras y resbalones y proporciona un agarre c\u00f3modo.<\/li>\n<li><strong>F\u00e1cil de limpiar, bajo mantenimiento:<\/strong> Evita eficazmente que los alimentos se peguen, haciendo que la limpieza sea r\u00e1pida y f\u00e1cil con un simple aclarado.<\/li>\n<li><strong>Fondo de acero inoxidable tricapa:<\/strong> Nuestras sartenes antiadherentes al por mayor tienen un fondo de acero inoxidable de tres capas. El n\u00facleo de aluminio o cobre en el fondo de acero inoxidable Tri-ply absorbe r\u00e1pidamente el calor y lo distribuye uniformemente por todo el fondo y los lados, eliminando eficazmente los puntos calientes durante la cocci\u00f3n.<\/li>\n<\/ul>\n<p><!-- \/wp:paragraph --><\/p>","protected":false},"featured_media":6005,"comment_status":"closed","ping_status":"closed","template":"","meta":[],"product_brand":[],"product_cat":[68],"product_tag":[],"class_list":{"0":"post-5961","1":"product","2":"type-product","3":"status-publish","4":"has-post-thumbnail","6":"product_cat-wholesale-non-stick-cookware","8":"first","9":"instock","10":"shipping-taxable","11":"product-type-simple"},"_links":{"self":[{"href":"https:\/\/www.hg-cooker.com\/es\/wp-json\/wp\/v2\/product\/5961","targetHints":{"allow":["GET"]}}],"collection":[{"href":"https:\/\/www.hg-cooker.com\/es\/wp-json\/wp\/v2\/product"}],"about":[{"href":"https:\/\/www.hg-cooker.com\/es\/wp-json\/wp\/v2\/types\/product"}],"replies":[{"embeddable":true,"href":"https:\/\/www.hg-cooker.com\/es\/wp-json\/wp\/v2\/comments?post=5961"}],"wp:featuredmedia":[{"embeddable":true,"href":"https:\/\/www.hg-cooker.com\/es\/wp-json\/wp\/v2\/media\/6005"}],"wp:attachment":[{"href":"https:\/\/www.hg-cooker.com\/es\/wp-json\/wp\/v2\/media?parent=5961"}],"wp:term":[{"taxonomy":"product_brand","embeddable":true,"href":"https:\/\/www.hg-cooker.com\/es\/wp-json\/wp\/v2\/product_brand?post=5961"},{"taxonomy":"product_cat","embeddable":true,"href":"https:\/\/www.hg-cooker.com\/es\/wp-json\/wp\/v2\/product_cat?post=5961"},{"taxonomy":"product_tag","embeddable":true,"href":"https:\/\/www.hg-cooker.com\/es\/wp-json\/wp\/v2\/product_tag?post=5961"}],"curies":[{"name":"wp","href":"https:\/\/api.w.org\/{rel}","templated":true}]}}