{"id":5722,"date":"2025-05-05T07:43:24","date_gmt":"2025-05-05T07:43:24","guid":{"rendered":"https:\/\/www.hg-cooker.com\/?post_type=product&#038;p=5722"},"modified":"2025-09-13T02:44:28","modified_gmt":"2025-09-13T02:44:28","slug":"olla-de-leche-hirviendo-de-acero-inoxidable-al-por-mayor-76","status":"publish","type":"product","link":"https:\/\/www.hg-cooker.com\/es\/producto\/olla-de-leche-hirviendo-de-acero-inoxidable-al-por-mayor-76\/","title":{"rendered":"Mayorista Bater\u00eda de Cocina Antiadherente de 3 Piezas - Duradera y Eficaz"},"content":{"rendered":"<h3 class=\"wp-block-heading\">Par\u00e1metros de la bater\u00eda de cocina antiadherente de 3 piezas<\/h3>\n\n\n\n<figure class=\"wp-block-image size-full\"><img fetchpriority=\"high\" decoding=\"async\" width=\"2400\" height=\"800\" src=\"https:\/\/www.hg-cooker.com\/wp-content\/uploads\/2025\/08\/parameters-of-non-stick-cookware-set.webp\" alt=\"par\u00e1metros de la bater\u00eda de cocina antiadherente\" class=\"wp-image-5723\" srcset=\"https:\/\/www.hg-cooker.com\/wp-content\/uploads\/2025\/08\/parameters-of-non-stick-cookware-set.webp 2400w, https:\/\/www.hg-cooker.com\/wp-content\/uploads\/2025\/08\/parameters-of-non-stick-cookware-set-150x50.webp 150w, https:\/\/www.hg-cooker.com\/wp-content\/uploads\/2025\/08\/parameters-of-non-stick-cookware-set-660x220.webp 660w, https:\/\/www.hg-cooker.com\/wp-content\/uploads\/2025\/08\/parameters-of-non-stick-cookware-set-300x100.webp 300w, https:\/\/www.hg-cooker.com\/wp-content\/uploads\/2025\/08\/parameters-of-non-stick-cookware-set-768x256.webp 768w, https:\/\/www.hg-cooker.com\/wp-content\/uploads\/2025\/08\/parameters-of-non-stick-cookware-set-18x6.webp 18w, https:\/\/www.hg-cooker.com\/wp-content\/uploads\/2025\/08\/parameters-of-non-stick-cookware-set-285x95.webp 285w, https:\/\/www.hg-cooker.com\/wp-content\/uploads\/2025\/08\/parameters-of-non-stick-cookware-set-1600x533.webp 1600w\" sizes=\"(max-width: 2400px) 100vw, 2400px\" \/><\/figure>\n\n\n\n<h3 class=\"wp-block-heading\">Opciones de bater\u00eda de cocina a medida<\/h3>\n\n\n\n<p><strong>Logotipo:<\/strong> Personalizable con el logotipo de su marca<br><strong>Embalaje:<\/strong>&nbsp;Caja de color\/Cart\u00f3n, etc<br><strong>Material: <\/strong>Personalizable<\/p>","protected":false},"excerpt":{"rendered":"<p>Venta al por mayor de bater\u00edas de cocina antiadherentes de 3 piezas. Este juego combina un revestimiento antiadherente de nido de abeja con una base compuesta para un calentamiento excelente y uniforme y un acabado antiadherente. Compatible con diversas fuentes de calor, incluidas las placas de gas e inducci\u00f3n, se adapta a las diversas necesidades de las cocinas modernas. Disponible en varios tama\u00f1os, se aceptan compras al por mayor.<\/p>\n<h2>Caracter\u00edsticas de la bater\u00eda de cocina antiadherente<\/h2>\n<ul>\n<li><strong>Tecnolog\u00eda avanzada de fondos compuestos:<\/strong> El fondo de la bater\u00eda de cocina cuenta con una tecnolog\u00eda de fondo compuesto, que consiste en tres capas de material. Esto garantiza una conducci\u00f3n r\u00e1pida y uniforme del calor y evita que los ingredientes se calienten de forma desigual, lo que hace que la cocci\u00f3n sea m\u00e1s eficiente.<\/li>\n<li><strong>Rendimiento s\u00faper antiadherente:<\/strong> El fondo y las paredes de la olla cuentan con un revestimiento antiadherente superior en forma de panal que evita que los ingredientes se peguen al fondo y a las paredes de la olla y reduce la p\u00e9rdida de alimentos, facilitando la limpieza.<\/li>\n<li><strong>Mango ergon\u00f3mico:<\/strong> El mango extracontorneado no s\u00f3lo proporciona un agarre m\u00e1s c\u00f3modo, sino que tambi\u00e9n mejora significativamente el control, eliminando la tensi\u00f3n de uso, especialmente al sofre\u00edr o cargar una olla pesada.<\/li>\n<li><strong>Embalaje exacto:<\/strong> Cada maceta est\u00e1 empaquetada con precisi\u00f3n, con una capa de material amortiguador en su interior para protegerla eficazmente de golpes y ca\u00eddas durante el transporte.<\/li>\n<li><strong>Venta al por mayor de utensilios de cocina:<\/strong> El fabricante de utensilios de cocina de acero inoxidable Hengguang ofrece utensilios de cocina de acero inoxidable de excelente calidad al por mayor y personalizaci\u00f3n al por mayor, al servicio de los compradores al por mayor al por mayor.<\/li>\n<\/ul>","protected":false},"featured_media":5724,"comment_status":"closed","ping_status":"closed","template":"","meta":[],"product_brand":[],"product_cat":[52],"product_tag":[],"class_list":{"0":"post-5722","1":"product","2":"type-product","3":"status-publish","4":"has-post-thumbnail","6":"product_cat-stainless-steel-cookware","8":"first","9":"instock","10":"shipping-taxable","11":"product-type-simple"},"_links":{"self":[{"href":"https:\/\/www.hg-cooker.com\/es\/wp-json\/wp\/v2\/product\/5722","targetHints":{"allow":["GET"]}}],"collection":[{"href":"https:\/\/www.hg-cooker.com\/es\/wp-json\/wp\/v2\/product"}],"about":[{"href":"https:\/\/www.hg-cooker.com\/es\/wp-json\/wp\/v2\/types\/product"}],"replies":[{"embeddable":true,"href":"https:\/\/www.hg-cooker.com\/es\/wp-json\/wp\/v2\/comments?post=5722"}],"wp:featuredmedia":[{"embeddable":true,"href":"https:\/\/www.hg-cooker.com\/es\/wp-json\/wp\/v2\/media\/5724"}],"wp:attachment":[{"href":"https:\/\/www.hg-cooker.com\/es\/wp-json\/wp\/v2\/media?parent=5722"}],"wp:term":[{"taxonomy":"product_brand","embeddable":true,"href":"https:\/\/www.hg-cooker.com\/es\/wp-json\/wp\/v2\/product_brand?post=5722"},{"taxonomy":"product_cat","embeddable":true,"href":"https:\/\/www.hg-cooker.com\/es\/wp-json\/wp\/v2\/product_cat?post=5722"},{"taxonomy":"product_tag","embeddable":true,"href":"https:\/\/www.hg-cooker.com\/es\/wp-json\/wp\/v2\/product_tag?post=5722"}],"curies":[{"name":"wp","href":"https:\/\/api.w.org\/{rel}","templated":true}]}}