{"id":5709,"date":"2025-05-05T06:45:19","date_gmt":"2025-05-05T06:45:19","guid":{"rendered":"https:\/\/www.hg-cooker.com\/?post_type=product&#038;p=5709"},"modified":"2025-09-13T02:44:40","modified_gmt":"2025-09-13T02:44:40","slug":"olla-de-leche-hirviendo-de-acero-inoxidable-al-por-mayor-75","status":"publish","type":"product","link":"https:\/\/www.hg-cooker.com\/es\/producto\/olla-de-leche-hirviendo-de-acero-inoxidable-al-por-mayor-75\/","title":{"rendered":"Mayorista Bater\u00eda de Cocina Antiadherente - Textura de Panal y Fondo de Acero Compuesto"},"content":{"rendered":"<h3 class=\"wp-block-heading\">Par\u00e1metros de las bater\u00edas de cocina antiadherentes<\/h3>\n\n\n\n<figure class=\"wp-block-image size-full\"><img fetchpriority=\"high\" decoding=\"async\" width=\"2400\" height=\"800\" src=\"https:\/\/www.hg-cooker.com\/wp-content\/uploads\/2025\/08\/wholesale-non-stick-cookware-sets-2.webp\" alt=\"venta al por mayor juegos de ollas antiadherentes (2)\" class=\"wp-image-5720\" srcset=\"https:\/\/www.hg-cooker.com\/wp-content\/uploads\/2025\/08\/wholesale-non-stick-cookware-sets-2.webp 2400w, https:\/\/www.hg-cooker.com\/wp-content\/uploads\/2025\/08\/wholesale-non-stick-cookware-sets-2-150x50.webp 150w, https:\/\/www.hg-cooker.com\/wp-content\/uploads\/2025\/08\/wholesale-non-stick-cookware-sets-2-660x220.webp 660w, https:\/\/www.hg-cooker.com\/wp-content\/uploads\/2025\/08\/wholesale-non-stick-cookware-sets-2-300x100.webp 300w, https:\/\/www.hg-cooker.com\/wp-content\/uploads\/2025\/08\/wholesale-non-stick-cookware-sets-2-768x256.webp 768w, https:\/\/www.hg-cooker.com\/wp-content\/uploads\/2025\/08\/wholesale-non-stick-cookware-sets-2-18x6.webp 18w, https:\/\/www.hg-cooker.com\/wp-content\/uploads\/2025\/08\/wholesale-non-stick-cookware-sets-2-285x95.webp 285w, https:\/\/www.hg-cooker.com\/wp-content\/uploads\/2025\/08\/wholesale-non-stick-cookware-sets-2-1600x533.webp 1600w\" sizes=\"(max-width: 2400px) 100vw, 2400px\" \/><\/figure>\n\n\n\n<h3 class=\"wp-block-heading\">Opciones de bater\u00eda de cocina a medida<\/h3>\n\n\n\n<p><strong>Logotipo:<\/strong> Personalizable con el logotipo de su marca<br><strong>Embalaje:<\/strong>\u00a0Caja de color\/Cart\u00f3n, etc<br><strong>Material: <\/strong>Personalizable<\/p>","protected":false},"excerpt":{"rendered":"<p>Venta al por mayor de bater\u00edas de cocina antiadherentes. La bater\u00eda de cocina antiadherente de 3 piezas incluye una cacerola y una sart\u00e9n. El juego de utensilios de cocina cuenta con una superficie antiadherente de nido de abeja \u00fanica que requiere menos aceite al cocinar, reduce la adherencia de los alimentos y facilita la limpieza.<\/p>\n<h2>Caracter\u00edsticas de la bater\u00eda de cocina antiadherente<\/h2>\n<p><strong>Tecnolog\u00eda antiadherente Honeycomb:<\/strong> Las bater\u00edas de cocina tienen una textura de panal \u00fanica que evita que los alimentos se peguen, cocinan con menos aceite y sin residuos, por lo que fregar\u00e1s menos.<\/p>\n<p><strong>Cocina sin humo y con poco aceite:<\/strong> Con la distribuci\u00f3n uniforme del calor de la superficie antiadherente, cocinar\u00e1 con menos aceite, con menos humos de cocina, lo que es m\u00e1s saludable y respetuoso con el medio ambiente.<\/p>\n<p><strong>Diferentes tama\u00f1os disponibles:<\/strong> Todas las bater\u00edas de cocina antiadherentes est\u00e1n disponibles en distintos tama\u00f1os, de 18 cm a 30 cm, perfectos para cocinar en casa todos los d\u00edas.<\/p>\n<p><strong>Compatible con diferentes fuentes de calor:<\/strong> La bater\u00eda de cocina antiadherente se puede utilizar en distintas fuentes de calor, como cocinas de gas, inducci\u00f3n y el\u00e9ctricas, adapt\u00e1ndose perfectamente a las diferentes condiciones de cocci\u00f3n.<\/p>\n<p><strong>Dise\u00f1o est\u00e9tico y funcional:<\/strong> La bater\u00eda de cocina tiene un dise\u00f1o minimalista con un exterior de acero inoxidable plateado liso y un moderno dise\u00f1o de nido de abeja que combina bien con el dise\u00f1o de las cocinas modernas.<\/p>\n<p><strong>Servicio de venta al por mayor de utensilios de cocina:<\/strong> Hengguang cuenta con m\u00e1s de 30 a\u00f1os de experiencia en la fabricaci\u00f3n de utensilios de cocina. Ofrecemos una amplia gama de productos de utensilios de cocina y apoyamos OEM y ODM.<\/p>","protected":false},"featured_media":5719,"comment_status":"closed","ping_status":"closed","template":"","meta":[],"product_brand":[],"product_cat":[52],"product_tag":[],"class_list":{"0":"post-5709","1":"product","2":"type-product","3":"status-publish","4":"has-post-thumbnail","6":"product_cat-stainless-steel-cookware","8":"first","9":"instock","10":"shipping-taxable","11":"product-type-simple"},"_links":{"self":[{"href":"https:\/\/www.hg-cooker.com\/es\/wp-json\/wp\/v2\/product\/5709","targetHints":{"allow":["GET"]}}],"collection":[{"href":"https:\/\/www.hg-cooker.com\/es\/wp-json\/wp\/v2\/product"}],"about":[{"href":"https:\/\/www.hg-cooker.com\/es\/wp-json\/wp\/v2\/types\/product"}],"replies":[{"embeddable":true,"href":"https:\/\/www.hg-cooker.com\/es\/wp-json\/wp\/v2\/comments?post=5709"}],"wp:featuredmedia":[{"embeddable":true,"href":"https:\/\/www.hg-cooker.com\/es\/wp-json\/wp\/v2\/media\/5719"}],"wp:attachment":[{"href":"https:\/\/www.hg-cooker.com\/es\/wp-json\/wp\/v2\/media?parent=5709"}],"wp:term":[{"taxonomy":"product_brand","embeddable":true,"href":"https:\/\/www.hg-cooker.com\/es\/wp-json\/wp\/v2\/product_brand?post=5709"},{"taxonomy":"product_cat","embeddable":true,"href":"https:\/\/www.hg-cooker.com\/es\/wp-json\/wp\/v2\/product_cat?post=5709"},{"taxonomy":"product_tag","embeddable":true,"href":"https:\/\/www.hg-cooker.com\/es\/wp-json\/wp\/v2\/product_tag?post=5709"}],"curies":[{"name":"wp","href":"https:\/\/api.w.org\/{rel}","templated":true}]}}