{"id":5700,"date":"2025-05-05T03:27:54","date_gmt":"2025-05-05T03:27:54","guid":{"rendered":"https:\/\/www.hg-cooker.com\/?post_type=product&#038;p=5700"},"modified":"2025-09-13T02:44:56","modified_gmt":"2025-09-13T02:44:56","slug":"olla-de-leche-hirviendo-de-acero-inoxidable-al-por-mayor-74","status":"publish","type":"product","link":"https:\/\/www.hg-cooker.com\/es\/producto\/olla-de-leche-hirviendo-de-acero-inoxidable-al-por-mayor-74\/","title":{"rendered":"Wholesale Bater\u00eda de Cocina - Bater\u00eda de Cocina de Acero Inoxidable de 3 Piezas"},"content":{"rendered":"<h3 class=\"wp-block-heading\">Par\u00e1metros de las bater\u00edas de cocina <\/h3>\n\n\n\n<figure class=\"wp-block-image size-full\"><img fetchpriority=\"high\" decoding=\"async\" width=\"1920\" height=\"800\" src=\"https:\/\/www.hg-cooker.com\/wp-content\/uploads\/2025\/08\/wholesale-cookware-sets-2.webp\" alt=\"juegos de cocina al por mayor (2)\" class=\"wp-image-5708\" srcset=\"https:\/\/www.hg-cooker.com\/wp-content\/uploads\/2025\/08\/wholesale-cookware-sets-2.webp 1920w, https:\/\/www.hg-cooker.com\/wp-content\/uploads\/2025\/08\/wholesale-cookware-sets-2-150x63.webp 150w, https:\/\/www.hg-cooker.com\/wp-content\/uploads\/2025\/08\/wholesale-cookware-sets-2-660x275.webp 660w, https:\/\/www.hg-cooker.com\/wp-content\/uploads\/2025\/08\/wholesale-cookware-sets-2-300x125.webp 300w, https:\/\/www.hg-cooker.com\/wp-content\/uploads\/2025\/08\/wholesale-cookware-sets-2-768x320.webp 768w, https:\/\/www.hg-cooker.com\/wp-content\/uploads\/2025\/08\/wholesale-cookware-sets-2-18x8.webp 18w, https:\/\/www.hg-cooker.com\/wp-content\/uploads\/2025\/08\/wholesale-cookware-sets-2-285x119.webp 285w, https:\/\/www.hg-cooker.com\/wp-content\/uploads\/2025\/08\/wholesale-cookware-sets-2-1600x667.webp 1600w\" sizes=\"(max-width: 1920px) 100vw, 1920px\" \/><\/figure>\n\n\n\n<h2 class=\"wp-block-heading\">Opci\u00f3n de bater\u00eda de cocina a medida<\/h2>\n\n\n\n<p><strong>Logotipo: <\/strong>Personalizable con el logotipo de su marca<br><strong>Embalaje: <\/strong>Caja de color\/Cart\u00f3n, etc<br><strong>Material:<\/strong> Personalizable<\/p>\n\n\n\n<div class=\"wp-block-columns is-layout-flex wp-container-core-columns-is-layout-9d6595d7 wp-block-columns-is-layout-flex\">\n<div class=\"wp-block-column is-layout-flow wp-block-column-is-layout-flow\"><\/div>\n\n\n\n<div class=\"wp-block-column is-layout-flow wp-block-column-is-layout-flow\"><\/div>\n\n\n\n<div class=\"wp-block-column is-layout-flow wp-block-column-is-layout-flow\"><\/div>\n<\/div>\n\n\n\n<div class=\"wp-block-columns is-layout-flex wp-container-core-columns-is-layout-9d6595d7 wp-block-columns-is-layout-flex\">\n<div class=\"wp-block-column is-layout-flow wp-block-column-is-layout-flow\"><\/div>\n\n\n\n<div class=\"wp-block-column is-layout-flow wp-block-column-is-layout-flow\"><\/div>\n\n\n\n<div class=\"wp-block-column is-layout-flow wp-block-column-is-layout-flow\"><\/div>\n<\/div>\n\n\n\n<div class=\"wp-block-columns is-layout-flex wp-container-core-columns-is-layout-9d6595d7 wp-block-columns-is-layout-flex\">\n<div class=\"wp-block-column is-layout-flow wp-block-column-is-layout-flow\"><\/div>\n\n\n\n<div class=\"wp-block-column is-layout-flow wp-block-column-is-layout-flow\"><\/div>\n\n\n\n<div class=\"wp-block-column is-layout-flow wp-block-column-is-layout-flow\"><\/div>\n<\/div>\n\n\n\n<div class=\"wp-block-columns is-layout-flex wp-container-core-columns-is-layout-9d6595d7 wp-block-columns-is-layout-flex\">\n<div class=\"wp-block-column is-layout-flow wp-block-column-is-layout-flow\"><\/div>\n\n\n\n<div class=\"wp-block-column is-layout-flow wp-block-column-is-layout-flow\"><\/div>\n\n\n\n<div class=\"wp-block-column is-layout-flow wp-block-column-is-layout-flow\"><\/div>\n<\/div>\n\n\n\n<div class=\"wp-block-columns is-layout-flex wp-container-core-columns-is-layout-9d6595d7 wp-block-columns-is-layout-flex\">\n<div class=\"wp-block-column is-layout-flow wp-block-column-is-layout-flow\"><\/div>\n\n\n\n<div class=\"wp-block-column is-layout-flow wp-block-column-is-layout-flow\"><\/div>\n\n\n\n<div class=\"wp-block-column is-layout-flow wp-block-column-is-layout-flow\"><\/div>\n<\/div>\n\n\n\n<div class=\"wp-block-columns is-layout-flex wp-container-core-columns-is-layout-9d6595d7 wp-block-columns-is-layout-flex\">\n<div class=\"wp-block-column is-layout-flow wp-block-column-is-layout-flow\"><\/div>\n\n\n\n<div class=\"wp-block-column is-layout-flow wp-block-column-is-layout-flow\"><\/div>\n\n\n\n<div class=\"wp-block-column is-layout-flow wp-block-column-is-layout-flow\"><\/div>\n<\/div>","protected":false},"excerpt":{"rendered":"<p>Venta al por mayor de bater\u00edas de cocina. Esta bater\u00eda de cocina de 3 piezas incluye una lechera, una olla sopera y una sart\u00e9n, satisfaciendo una gran variedad de necesidades culinarias. Fabricado en triple acero inoxidable, ofrece una excelente distribuci\u00f3n del calor y un f\u00e1cil mantenimiento. Disponible en varios tama\u00f1os, es adecuado tanto para cocinas dom\u00e9sticas como para uso comercial.<\/p>\n<p>Como fabricante profesional de utensilios de cocina, Hengguang ofrece un servicio integral de venta al por mayor de utensilios de cocina y asistencia para la personalizaci\u00f3n. P\u00f3ngase en contacto con nosotros hoy mismo.<\/p>\n<h2>Caracter\u00edsticas de la bater\u00eda de cocina de 3 piezas<\/h2>\n<ul>\n<li><strong>Acero inoxidable 304 para uso alimentario:<\/strong> La bater\u00eda de cocina de 3 piezas est\u00e1 fabricada en acero inoxidable 304 de alta calidad que cumple las normas internacionales de seguridad alimentaria, con una excelente resistencia a la corrosi\u00f3n y sin sustancias t\u00f3xicas como los PFAS.<\/li>\n<li><strong>Cocina vers\u00e1til:<\/strong> La bater\u00eda de cocina de 3 piezas incluye una lechera, una sopera y una sart\u00e9n para m\u00faltiples aplicaciones culinarias, como hervir leche, guisar sopa y fre\u00edr verduras.<\/li>\n<li><strong>Duradero y f\u00e1cil de limpiar:<\/strong> La bater\u00eda de cocina de 3 piezas no tiene revestimiento antiadherente y est\u00e1 fabricada con una estructura de acero compuesto de gran dureza, durabilidad y facilidad de limpieza.<\/li>\n<li><strong>Disponible en diferentes tama\u00f1os:<\/strong> Todos los productos del set vienen en varios tama\u00f1os para que pueda elegir el que mejor se adapte a sus necesidades culinarias. Desde porciones peque\u00f1as a grandes o cocinar para toda la familia, este set ofrece flexibilidad para todo tipo de cocciones.<\/li>\n<li><strong>Servicio de venta al por mayor de utensilios de cocina:<\/strong> Somos fabricantes profesionales de utensilios de cocina y expertos en suministrar utensilios de cocina de calidad que cumplen las normas de calidad internacionales. Ofrecemos servicios OEM y ODM y precios competitivos.<\/li>\n<\/ul>","protected":false},"featured_media":5707,"comment_status":"closed","ping_status":"closed","template":"","meta":[],"product_brand":[],"product_cat":[52],"product_tag":[],"class_list":{"0":"post-5700","1":"product","2":"type-product","3":"status-publish","4":"has-post-thumbnail","6":"product_cat-stainless-steel-cookware","8":"first","9":"instock","10":"shipping-taxable","11":"product-type-simple"},"_links":{"self":[{"href":"https:\/\/www.hg-cooker.com\/es\/wp-json\/wp\/v2\/product\/5700","targetHints":{"allow":["GET"]}}],"collection":[{"href":"https:\/\/www.hg-cooker.com\/es\/wp-json\/wp\/v2\/product"}],"about":[{"href":"https:\/\/www.hg-cooker.com\/es\/wp-json\/wp\/v2\/types\/product"}],"replies":[{"embeddable":true,"href":"https:\/\/www.hg-cooker.com\/es\/wp-json\/wp\/v2\/comments?post=5700"}],"wp:featuredmedia":[{"embeddable":true,"href":"https:\/\/www.hg-cooker.com\/es\/wp-json\/wp\/v2\/media\/5707"}],"wp:attachment":[{"href":"https:\/\/www.hg-cooker.com\/es\/wp-json\/wp\/v2\/media?parent=5700"}],"wp:term":[{"taxonomy":"product_brand","embeddable":true,"href":"https:\/\/www.hg-cooker.com\/es\/wp-json\/wp\/v2\/product_brand?post=5700"},{"taxonomy":"product_cat","embeddable":true,"href":"https:\/\/www.hg-cooker.com\/es\/wp-json\/wp\/v2\/product_cat?post=5700"},{"taxonomy":"product_tag","embeddable":true,"href":"https:\/\/www.hg-cooker.com\/es\/wp-json\/wp\/v2\/product_tag?post=5700"}],"curies":[{"name":"wp","href":"https:\/\/api.w.org\/{rel}","templated":true}]}}