{"id":5458,"date":"2025-05-22T09:01:27","date_gmt":"2025-05-22T09:01:27","guid":{"rendered":"https:\/\/www.hg-cooker.com\/?post_type=product&#038;p=5458"},"modified":"2025-06-01T15:33:09","modified_gmt":"2025-06-01T15:33:09","slug":"olla-de-leche-hirviendo-de-acero-inoxidable-al-por-mayor-73","status":"publish","type":"product","link":"https:\/\/www.hg-cooker.com\/es\/producto\/olla-de-leche-hirviendo-de-acero-inoxidable-al-por-mayor-73\/","title":{"rendered":"Mayorista Wok Chino Antiadherente de Acero Inoxidable - Tama\u00f1o: 34cm"},"content":{"rendered":"<h3 class=\"wp-block-heading\">Par\u00e1metros del wok chino antiadherente<\/h3>\n\n\n\n<figure class=\"wp-block-table\"><table class=\"has-fixed-layout\"><tbody><tr><td>Art\u00edculo<\/td><td>Especificaciones<\/td><td>Material<\/td><td>Cantidad de envases<\/td><td>Tama\u00f1o del embalaje (cm)<\/td><\/tr><tr><td>HG-SBBZCG34<\/td><td>34 cm<\/td><td>304<\/td><td>6<\/td><td>54\u00d768\u00d748<\/td><\/tr><\/tbody><\/table><\/figure>\n\n\n\n<h3 class=\"wp-block-heading\">Par\u00e1metros de la serie de utensilios de cocina relacionados<\/h3>\n\n\n\n<figure class=\"wp-block-image size-full\"><img fetchpriority=\"high\" decoding=\"async\" width=\"3354\" height=\"1701\" src=\"https:\/\/www.hg-cooker.com\/wp-content\/uploads\/2025\/05\/Skillets-and-wok-series-parameters.webp\" alt=\"Par\u00e1metros de la serie de sartenes y wok\" class=\"wp-image-5440\" srcset=\"https:\/\/www.hg-cooker.com\/wp-content\/uploads\/2025\/05\/Skillets-and-wok-series-parameters.webp 3354w, https:\/\/www.hg-cooker.com\/wp-content\/uploads\/2025\/05\/Skillets-and-wok-series-parameters-150x76.webp 150w, https:\/\/www.hg-cooker.com\/wp-content\/uploads\/2025\/05\/Skillets-and-wok-series-parameters-660x335.webp 660w, https:\/\/www.hg-cooker.com\/wp-content\/uploads\/2025\/05\/Skillets-and-wok-series-parameters-300x152.webp 300w, https:\/\/www.hg-cooker.com\/wp-content\/uploads\/2025\/05\/Skillets-and-wok-series-parameters-768x389.webp 768w, https:\/\/www.hg-cooker.com\/wp-content\/uploads\/2025\/05\/Skillets-and-wok-series-parameters-18x9.webp 18w, https:\/\/www.hg-cooker.com\/wp-content\/uploads\/2025\/05\/Skillets-and-wok-series-parameters-285x145.webp 285w, https:\/\/www.hg-cooker.com\/wp-content\/uploads\/2025\/05\/Skillets-and-wok-series-parameters-1600x811.webp 1600w\" sizes=\"(max-width: 3354px) 100vw, 3354px\" \/><figcaption class=\"wp-element-caption\">Par\u00e1metros de la serie de sartenes y wok<\/figcaption><\/figure>\n\n\n\n<p><\/p>","protected":false},"excerpt":{"rendered":"<p>Wok chino antiadherente al por mayor, fabricado con materiales de alta calidad y revestimiento antiadherente duradero, es ideal para todo tipo de cocciones como saltear, fre\u00edr y fre\u00edr en sart\u00e9n. No contiene PFOA, certificado de calidad alimentaria. Hengguang soporta OEM y ODM, bienvenido a contactarnos.<\/p>\n<h2>Caracter\u00edsticas del wok chino antiadherente<\/h2>\n<p><strong>Apto para cocinas comerciales:<\/strong> El wok antiadherente puede soportar salteados continuos a alta temperatura sin deformarse, y tiene un revestimiento antiadherente, por lo que es m\u00e1s f\u00e1cil de limpiar.<\/p>\n<p><strong>Saludable y seguro:<\/strong> Certificado conforme a las normas de calidad alimentaria de la FDA y GB, este wok no contiene sustancias nocivas como PFOA y PTFE, lo que garantiza una experiencia culinaria m\u00e1s segura para los usuarios.<\/p>\n<p><strong>Estructura duradera de tres capas:<\/strong> Este wok est\u00e1 fabricado con tres capas de acero inoxidable, que tiene una excelente conductividad t\u00e9rmica y una distribuci\u00f3n uniforme de la energ\u00eda calor\u00edfica. Puede minimizar los puntos calientes y ayudar a preservar el sabor y la nutrici\u00f3n de los alimentos.<\/p>\n<p><strong>Dise\u00f1o humanizado:<\/strong> El wok tiene un mango ergon\u00f3mico resistente al calor y una tapa opcional de cristal templado para facilitar el control durante la cocci\u00f3n.<\/p>","protected":false},"featured_media":5463,"comment_status":"closed","ping_status":"closed","template":"","meta":[],"product_brand":[],"product_cat":[52],"product_tag":[],"class_list":{"0":"post-5458","1":"product","2":"type-product","3":"status-publish","4":"has-post-thumbnail","6":"product_cat-stainless-steel-cookware","8":"first","9":"instock","10":"shipping-taxable","11":"product-type-simple"},"_links":{"self":[{"href":"https:\/\/www.hg-cooker.com\/es\/wp-json\/wp\/v2\/product\/5458","targetHints":{"allow":["GET"]}}],"collection":[{"href":"https:\/\/www.hg-cooker.com\/es\/wp-json\/wp\/v2\/product"}],"about":[{"href":"https:\/\/www.hg-cooker.com\/es\/wp-json\/wp\/v2\/types\/product"}],"replies":[{"embeddable":true,"href":"https:\/\/www.hg-cooker.com\/es\/wp-json\/wp\/v2\/comments?post=5458"}],"wp:featuredmedia":[{"embeddable":true,"href":"https:\/\/www.hg-cooker.com\/es\/wp-json\/wp\/v2\/media\/5463"}],"wp:attachment":[{"href":"https:\/\/www.hg-cooker.com\/es\/wp-json\/wp\/v2\/media?parent=5458"}],"wp:term":[{"taxonomy":"product_brand","embeddable":true,"href":"https:\/\/www.hg-cooker.com\/es\/wp-json\/wp\/v2\/product_brand?post=5458"},{"taxonomy":"product_cat","embeddable":true,"href":"https:\/\/www.hg-cooker.com\/es\/wp-json\/wp\/v2\/product_cat?post=5458"},{"taxonomy":"product_tag","embeddable":true,"href":"https:\/\/www.hg-cooker.com\/es\/wp-json\/wp\/v2\/product_tag?post=5458"}],"curies":[{"name":"wp","href":"https:\/\/api.w.org\/{rel}","templated":true}]}}