{"id":5453,"date":"2025-05-22T08:11:58","date_gmt":"2025-05-22T08:11:58","guid":{"rendered":"https:\/\/www.hg-cooker.com\/?post_type=product&#038;p=5453"},"modified":"2025-06-01T15:40:25","modified_gmt":"2025-06-01T15:40:25","slug":"olla-de-leche-hirviendo-de-acero-inoxidable-al-por-mayor-72","status":"publish","type":"product","link":"https:\/\/www.hg-cooker.com\/es\/producto\/olla-de-leche-hirviendo-de-acero-inoxidable-al-por-mayor-72\/","title":{"rendered":"Mayorista Wok de acero inoxidable tricapa con tapa de cristal antideflagrante"},"content":{"rendered":"<h3 class=\"wp-block-heading\">Par\u00e1metros del wok de acero inoxidable con tapa<\/h3>\n\n\n\n<figure class=\"wp-block-table\"><table class=\"has-fixed-layout\"><tbody><tr><td>Art\u00edculo<\/td><td>Especificaciones<\/td><td>Material<\/td><td>Cantidad de envases<\/td><td>Tama\u00f1o del embalaje (cm)<\/td><\/tr><tr><td>HG-CWCG30<\/td><td>30 cm<\/td><td>304<\/td><td>6<\/td><td>-<\/td><\/tr><tr><td>HG-CWCG32<\/td><td>32 cm<\/td><td>304<\/td><td>6<\/td><td>-<\/td><\/tr><tr><td>HG-CWCG34<\/td><td>34 cm<\/td><td>304<\/td><td>6<\/td><td>54\u00d734\u00d716<\/td><\/tr><\/tbody><\/table><\/figure>\n\n\n\n<h3 class=\"wp-block-heading\">Par\u00e1metros de la serie de utensilios de cocina relacionados<\/h3>\n\n\n\n<figure class=\"wp-block-image size-full\"><img fetchpriority=\"high\" decoding=\"async\" width=\"3354\" height=\"1701\" src=\"https:\/\/www.hg-cooker.com\/wp-content\/uploads\/2025\/05\/Skillets-and-wok-series-parameters.webp\" alt=\"Par\u00e1metros de la serie de sartenes y wok\" class=\"wp-image-5440\" srcset=\"https:\/\/www.hg-cooker.com\/wp-content\/uploads\/2025\/05\/Skillets-and-wok-series-parameters.webp 3354w, https:\/\/www.hg-cooker.com\/wp-content\/uploads\/2025\/05\/Skillets-and-wok-series-parameters-150x76.webp 150w, https:\/\/www.hg-cooker.com\/wp-content\/uploads\/2025\/05\/Skillets-and-wok-series-parameters-660x335.webp 660w, https:\/\/www.hg-cooker.com\/wp-content\/uploads\/2025\/05\/Skillets-and-wok-series-parameters-300x152.webp 300w, https:\/\/www.hg-cooker.com\/wp-content\/uploads\/2025\/05\/Skillets-and-wok-series-parameters-768x389.webp 768w, https:\/\/www.hg-cooker.com\/wp-content\/uploads\/2025\/05\/Skillets-and-wok-series-parameters-18x9.webp 18w, https:\/\/www.hg-cooker.com\/wp-content\/uploads\/2025\/05\/Skillets-and-wok-series-parameters-285x145.webp 285w, https:\/\/www.hg-cooker.com\/wp-content\/uploads\/2025\/05\/Skillets-and-wok-series-parameters-1600x811.webp 1600w\" sizes=\"(max-width: 3354px) 100vw, 3354px\" \/><figcaption class=\"wp-element-caption\">Par\u00e1metros de la serie de sartenes y wok<\/figcaption><\/figure>","protected":false},"excerpt":{"rendered":"<p>Sart\u00e9n de acero inoxidable de alta calidad al por mayor con tapa, adecuada para cocinas dom\u00e9sticas y comerciales. Adecuada para saltear, fre\u00edr, cocinar al vapor y otros m\u00e9todos de cocci\u00f3n. Compatible con cocinas de gas, el\u00e9ctricas y de inducci\u00f3n. Hay 3 tama\u00f1os para elegir: 30 cm, 32 cm y 34 cm. P\u00f3ngase en contacto con nosotros para solicitar un presupuesto.<\/p>\n<h2>Caracter\u00edsticas del wok de acero inoxidable con tapa<\/h2>\n<p><strong>Multifunci\u00f3n:<\/strong> El wok de acero inoxidable es adecuado para saltear, fre\u00edr, guisar y otros m\u00e9todos de cocci\u00f3n chinos.<\/p>\n<p><strong>Tapa de vidrio templado de alta resistencia:<\/strong> Equipado con una tapa de cristal a prueba de explosiones de alta calidad, puede soportar altas temperaturas y explosiones, y puede soportar el fr\u00edo y el calor repentinos, lo que hace que su uso sea m\u00e1s seguro.<\/p>\n<p><strong>Dise\u00f1o profesional de calidad comercial:<\/strong> Cuerpo de olla profunda, gran capacidad, salteado m\u00e1s c\u00f3modo, apto para uso dom\u00e9stico y en restaurantes.<\/p>\n<p><strong>Precio de f\u00e1brica al por mayor:<\/strong> Producido por la f\u00e1brica de utensilios de cocina Hengguang, suministro directo de f\u00e1brica, proporcionando precios competitivos.<\/p>\n<p><strong>Servicios OEM y ODM:<\/strong> Hengguang ofrece soluciones integrales de utensilios de cocina personalizados, que abarcan el dise\u00f1o de productos, la selecci\u00f3n de materiales, la impresi\u00f3n de logotipos y la personalizaci\u00f3n de embalajes.<\/p>","protected":false},"featured_media":5457,"comment_status":"closed","ping_status":"closed","template":"","meta":[],"product_brand":[],"product_cat":[52],"product_tag":[],"class_list":{"0":"post-5453","1":"product","2":"type-product","3":"status-publish","4":"has-post-thumbnail","6":"product_cat-stainless-steel-cookware","8":"first","9":"instock","10":"shipping-taxable","11":"product-type-simple"},"_links":{"self":[{"href":"https:\/\/www.hg-cooker.com\/es\/wp-json\/wp\/v2\/product\/5453","targetHints":{"allow":["GET"]}}],"collection":[{"href":"https:\/\/www.hg-cooker.com\/es\/wp-json\/wp\/v2\/product"}],"about":[{"href":"https:\/\/www.hg-cooker.com\/es\/wp-json\/wp\/v2\/types\/product"}],"replies":[{"embeddable":true,"href":"https:\/\/www.hg-cooker.com\/es\/wp-json\/wp\/v2\/comments?post=5453"}],"wp:featuredmedia":[{"embeddable":true,"href":"https:\/\/www.hg-cooker.com\/es\/wp-json\/wp\/v2\/media\/5457"}],"wp:attachment":[{"href":"https:\/\/www.hg-cooker.com\/es\/wp-json\/wp\/v2\/media?parent=5453"}],"wp:term":[{"taxonomy":"product_brand","embeddable":true,"href":"https:\/\/www.hg-cooker.com\/es\/wp-json\/wp\/v2\/product_brand?post=5453"},{"taxonomy":"product_cat","embeddable":true,"href":"https:\/\/www.hg-cooker.com\/es\/wp-json\/wp\/v2\/product_cat?post=5453"},{"taxonomy":"product_tag","embeddable":true,"href":"https:\/\/www.hg-cooker.com\/es\/wp-json\/wp\/v2\/product_tag?post=5453"}],"curies":[{"name":"wp","href":"https:\/\/api.w.org\/{rel}","templated":true}]}}