{"id":5447,"date":"2025-05-22T07:31:40","date_gmt":"2025-05-22T07:31:40","guid":{"rendered":"https:\/\/www.hg-cooker.com\/?post_type=product&#038;p=5447"},"modified":"2025-06-01T15:15:06","modified_gmt":"2025-06-01T15:15:06","slug":"olla-de-leche-hirviendo-de-acero-inoxidable-al-por-mayor-71","status":"publish","type":"product","link":"https:\/\/www.hg-cooker.com\/es\/producto\/olla-de-leche-hirviendo-de-acero-inoxidable-al-por-mayor-71\/","title":{"rendered":"Mayorista Sart\u00e9n de Acero Inoxidable Tri Ply, Compatible con Inducci\u00f3n, Disponible en M\u00faltiples Tama\u00f1os"},"content":{"rendered":"<h3 class=\"wp-block-heading\">Par\u00e1metros de la sart\u00e9n de acero inoxidable Tri Ply<\/h3>\n\n\n\n<figure class=\"wp-block-table\"><table class=\"has-fixed-layout\"><tbody><tr><td>Art\u00edculo<\/td><td>Especificaciones<\/td><td>Material<\/td><td>Cantidad de envases<\/td><td>Tama\u00f1o del embalaje (cm)<\/td><\/tr><tr><td>HG-BZJG22<\/td><td>22 cm<\/td><td>Acero inoxidable 304<\/td><td>8<\/td><td>41.5\u00d747\u00d740<\/td><\/tr><tr><td>HG-BZJG24<\/td><td>24 cm<\/td><td>Acero inoxidable 304<\/td><td>8<\/td><td>45.5\u00d751\u00d740<\/td><\/tr><tr><td>HG-BZJG26<\/td><td>26 cm<\/td><td>Acero inoxidable 304<\/td><td>8<\/td><td>47.5\u00d759\u00d740<\/td><\/tr><tr><td>HG-BZJG28<\/td><td>28 cm<\/td><td>Acero inoxidable 304<\/td><td>8<\/td><td>49.5\u00d763\u00d740<\/td><\/tr><tr><td>HG-BZJG30<\/td><td>30 cm<\/td><td>Acero inoxidable 304<\/td><td>8<\/td><td>51.5\u00d767\u00d740<\/td><\/tr><\/tbody><\/table><\/figure>\n\n\n\n<h3 class=\"wp-block-heading\">Par\u00e1metros de la serie de utensilios de cocina relacionados<\/h3>\n\n\n\n<figure class=\"wp-block-image size-full\"><img fetchpriority=\"high\" decoding=\"async\" width=\"3354\" height=\"1701\" src=\"https:\/\/www.hg-cooker.com\/wp-content\/uploads\/2025\/05\/Skillets-and-wok-series-parameters.webp\" alt=\"Par\u00e1metros de la serie de sartenes y wok\" class=\"wp-image-5440\" srcset=\"https:\/\/www.hg-cooker.com\/wp-content\/uploads\/2025\/05\/Skillets-and-wok-series-parameters.webp 3354w, https:\/\/www.hg-cooker.com\/wp-content\/uploads\/2025\/05\/Skillets-and-wok-series-parameters-150x76.webp 150w, https:\/\/www.hg-cooker.com\/wp-content\/uploads\/2025\/05\/Skillets-and-wok-series-parameters-660x335.webp 660w, https:\/\/www.hg-cooker.com\/wp-content\/uploads\/2025\/05\/Skillets-and-wok-series-parameters-300x152.webp 300w, https:\/\/www.hg-cooker.com\/wp-content\/uploads\/2025\/05\/Skillets-and-wok-series-parameters-768x389.webp 768w, https:\/\/www.hg-cooker.com\/wp-content\/uploads\/2025\/05\/Skillets-and-wok-series-parameters-18x9.webp 18w, https:\/\/www.hg-cooker.com\/wp-content\/uploads\/2025\/05\/Skillets-and-wok-series-parameters-285x145.webp 285w, https:\/\/www.hg-cooker.com\/wp-content\/uploads\/2025\/05\/Skillets-and-wok-series-parameters-1600x811.webp 1600w\" sizes=\"(max-width: 3354px) 100vw, 3354px\" \/><\/figure>\n\n\n\n<div class=\"wp-block-columns is-layout-flex wp-container-core-columns-is-layout-9d6595d7 wp-block-columns-is-layout-flex\">\n<div class=\"wp-block-column is-layout-flow wp-block-column-is-layout-flow\"><\/div>\n\n\n\n<div class=\"wp-block-column is-layout-flow wp-block-column-is-layout-flow\"><\/div>\n\n\n\n<div class=\"wp-block-column is-layout-flow wp-block-column-is-layout-flow\"><\/div>\n<\/div>\n\n\n\n<div class=\"wp-block-columns is-layout-flex wp-container-core-columns-is-layout-9d6595d7 wp-block-columns-is-layout-flex\">\n<div class=\"wp-block-column is-layout-flow wp-block-column-is-layout-flow\"><\/div>\n\n\n\n<div class=\"wp-block-column is-layout-flow wp-block-column-is-layout-flow\"><\/div>\n\n\n\n<div class=\"wp-block-column is-layout-flow wp-block-column-is-layout-flow\"><\/div>\n<\/div>\n\n\n\n<div class=\"wp-block-columns is-layout-flex wp-container-core-columns-is-layout-9d6595d7 wp-block-columns-is-layout-flex\">\n<div class=\"wp-block-column is-layout-flow wp-block-column-is-layout-flow\"><\/div>\n\n\n\n<div class=\"wp-block-column is-layout-flow wp-block-column-is-layout-flow\"><\/div>\n\n\n\n<div class=\"wp-block-column is-layout-flow wp-block-column-is-layout-flow\"><\/div>\n<\/div>\n\n\n\n<div class=\"wp-block-columns is-layout-flex wp-container-core-columns-is-layout-9d6595d7 wp-block-columns-is-layout-flex\">\n<div class=\"wp-block-column is-layout-flow wp-block-column-is-layout-flow\"><\/div>\n\n\n\n<div class=\"wp-block-column is-layout-flow wp-block-column-is-layout-flow\"><\/div>\n\n\n\n<div class=\"wp-block-column is-layout-flow wp-block-column-is-layout-flow\"><\/div>\n<\/div>\n\n\n\n<div class=\"wp-block-columns is-layout-flex wp-container-core-columns-is-layout-9d6595d7 wp-block-columns-is-layout-flex\">\n<div class=\"wp-block-column is-layout-flow wp-block-column-is-layout-flow\"><\/div>\n\n\n\n<div class=\"wp-block-column is-layout-flow wp-block-column-is-layout-flow\"><\/div>\n\n\n\n<div class=\"wp-block-column is-layout-flow wp-block-column-is-layout-flow\"><\/div>\n<\/div>\n\n\n\n<div class=\"wp-block-columns is-layout-flex wp-container-core-columns-is-layout-9d6595d7 wp-block-columns-is-layout-flex\">\n<div class=\"wp-block-column is-layout-flow wp-block-column-is-layout-flow\"><\/div>\n\n\n\n<div class=\"wp-block-column is-layout-flow wp-block-column-is-layout-flow\"><\/div>\n\n\n\n<div class=\"wp-block-column is-layout-flow wp-block-column-is-layout-flow\"><\/div>\n<\/div>","protected":false},"excerpt":{"rendered":"<p>Sart\u00e9n de acero inoxidable al por mayor, fabricada con material de acero inoxidable triple de alta calidad, conduce el calor de forma uniforme y r\u00e1pida, tiene un rendimiento profesional a nivel de cocina y cuenta con una base pesada para evitar deformaciones. Restaurantes, hoteles y compradores B2B son bienvenidos a comprar al por mayor.<\/p>\n<h2>Caracter\u00edsticas de la sart\u00e9n de acero inoxidable Tri-Ply<\/h2>\n<p><strong>Calentamiento r\u00e1pido y uniforme:<\/strong> La sart\u00e9n adopta una estructura compuesta de tres capas, combinando las ventajas de diferentes metales: el n\u00facleo de aluminio conduce el calor r\u00e1pidamente, y la capa exterior de acero inoxidable disipa el calor uniformemente, consiguiendo buenos resultados de cocci\u00f3n.<\/p>\n<p><strong>Durabilidad y larga vida \u00fatil:<\/strong> El dise\u00f1o sin revestimiento evita ara\u00f1azos o peladuras, y el material de acero inoxidable puede soportar hornos\/llamas abiertas, y tiene un rendimiento estable para un uso a largo plazo.<\/p>\n<p><strong>Cocina vers\u00e1til:<\/strong> La sart\u00e9n triple de acero inoxidable es compatible con una gran variedad de cocinas, como cocinas de gas, de inducci\u00f3n, vitrocer\u00e1micas, hornos, etc.<\/p>\n<p><strong>Ventajas de la venta al por mayor:<\/strong> Venta directa de f\u00e1brica, bajos costes de compra a granel, adecuado para restaurantes, hoteles, distribuidores de utensilios de cocina, reduciendo los costes unitarios.<\/p>","protected":false},"featured_media":5452,"comment_status":"closed","ping_status":"closed","template":"","meta":[],"product_brand":[],"product_cat":[52],"product_tag":[],"class_list":{"0":"post-5447","1":"product","2":"type-product","3":"status-publish","4":"has-post-thumbnail","6":"product_cat-stainless-steel-cookware","8":"first","9":"instock","10":"shipping-taxable","11":"product-type-simple"},"_links":{"self":[{"href":"https:\/\/www.hg-cooker.com\/es\/wp-json\/wp\/v2\/product\/5447","targetHints":{"allow":["GET"]}}],"collection":[{"href":"https:\/\/www.hg-cooker.com\/es\/wp-json\/wp\/v2\/product"}],"about":[{"href":"https:\/\/www.hg-cooker.com\/es\/wp-json\/wp\/v2\/types\/product"}],"replies":[{"embeddable":true,"href":"https:\/\/www.hg-cooker.com\/es\/wp-json\/wp\/v2\/comments?post=5447"}],"wp:featuredmedia":[{"embeddable":true,"href":"https:\/\/www.hg-cooker.com\/es\/wp-json\/wp\/v2\/media\/5452"}],"wp:attachment":[{"href":"https:\/\/www.hg-cooker.com\/es\/wp-json\/wp\/v2\/media?parent=5447"}],"wp:term":[{"taxonomy":"product_brand","embeddable":true,"href":"https:\/\/www.hg-cooker.com\/es\/wp-json\/wp\/v2\/product_brand?post=5447"},{"taxonomy":"product_cat","embeddable":true,"href":"https:\/\/www.hg-cooker.com\/es\/wp-json\/wp\/v2\/product_cat?post=5447"},{"taxonomy":"product_tag","embeddable":true,"href":"https:\/\/www.hg-cooker.com\/es\/wp-json\/wp\/v2\/product_tag?post=5447"}],"curies":[{"name":"wp","href":"https:\/\/api.w.org\/{rel}","templated":true}]}}