{"id":5434,"date":"2025-08-29T04:05:36","date_gmt":"2025-08-29T04:05:36","guid":{"rendered":"https:\/\/www.hg-cooker.com\/?post_type=product&#038;p=5434"},"modified":"2025-09-13T02:29:15","modified_gmt":"2025-09-13T02:29:15","slug":"olla-de-leche-hirviendo-de-acero-inoxidable-al-por-mayor-69","status":"publish","type":"product","link":"https:\/\/www.hg-cooker.com\/es\/producto\/olla-de-leche-hirviendo-de-acero-inoxidable-al-por-mayor-69\/","title":{"rendered":"Mayorista Sart\u00e9n Antiadherente para Leche, Material Acero Inoxidable Tri Ply, Tama\u00f1os Disponibles: 18cm, 20cm, 22cm"},"content":{"rendered":"<h3 class=\"wp-block-heading\"> Par\u00e1metros de la cacerola antiadherente para leche<\/h3>\n\n\n\n<figure class=\"wp-block-table\"><table class=\"has-fixed-layout\"><tbody><tr><td>Art\u00edculo<\/td><td>Talla<\/td><td>Material<\/td><td>Cantidad\/paquete<\/td><td>Dimensiones del paquete (cm)<\/td><\/tr><tr><td>HG-BZNG18<\/td><td>18 cm<\/td><td>Acero inoxidable 304<\/td><td>8 piezas<\/td><td>41 \u00d7 42 \u00d7 55<\/td><\/tr><tr><td>HG-BZNG20<\/td><td>20 cm<\/td><td>Acero inoxidable 304<\/td><td>8 piezas<\/td><td>43 \u00d7 46 \u00d7 57<\/td><\/tr><tr><td>HG-BZNG22<\/td><td>22 cm<\/td><td>Acero inoxidable 304<\/td><td>8 piezas<\/td><td>45 \u00d7 50 \u00d7 59<\/td><\/tr><\/tbody><\/table><\/figure>\n\n\n\n<h3 class=\"wp-block-heading\">Par\u00e1metros de la serie de utensilios de cocina relacionados<\/h3>\n\n\n\n<figure class=\"wp-block-image size-full\"><img fetchpriority=\"high\" decoding=\"async\" width=\"3354\" height=\"1701\" src=\"https:\/\/www.hg-cooker.com\/wp-content\/uploads\/2025\/05\/Hengguang-cooking-pot-series-parameters.jpg\" alt=\"Par\u00e1metros de la serie de ollas Hengguang\" class=\"wp-image-5428\" srcset=\"https:\/\/www.hg-cooker.com\/wp-content\/uploads\/2025\/05\/Hengguang-cooking-pot-series-parameters.jpg 3354w, https:\/\/www.hg-cooker.com\/wp-content\/uploads\/2025\/05\/Hengguang-cooking-pot-series-parameters-150x76.jpg 150w, https:\/\/www.hg-cooker.com\/wp-content\/uploads\/2025\/05\/Hengguang-cooking-pot-series-parameters-660x335.jpg 660w, https:\/\/www.hg-cooker.com\/wp-content\/uploads\/2025\/05\/Hengguang-cooking-pot-series-parameters-300x152.jpg 300w, https:\/\/www.hg-cooker.com\/wp-content\/uploads\/2025\/05\/Hengguang-cooking-pot-series-parameters-768x389.jpg 768w, https:\/\/www.hg-cooker.com\/wp-content\/uploads\/2025\/05\/Hengguang-cooking-pot-series-parameters-18x9.jpg 18w, https:\/\/www.hg-cooker.com\/wp-content\/uploads\/2025\/05\/Hengguang-cooking-pot-series-parameters-285x145.jpg 285w, https:\/\/www.hg-cooker.com\/wp-content\/uploads\/2025\/05\/Hengguang-cooking-pot-series-parameters-1600x811.jpg 1600w\" sizes=\"(max-width: 3354px) 100vw, 3354px\" \/><figcaption class=\"wp-element-caption\">Par\u00e1metros de la serie de ollas Hengguang<\/figcaption><\/figure>\n\n\n\n<div class=\"wp-block-columns is-layout-flex wp-container-core-columns-is-layout-9d6595d7 wp-block-columns-is-layout-flex\">\n<div class=\"wp-block-column is-layout-flow wp-block-column-is-layout-flow\"><\/div>\n\n\n\n<div class=\"wp-block-column is-layout-flow wp-block-column-is-layout-flow\"><\/div>\n\n\n\n<div class=\"wp-block-column is-layout-flow wp-block-column-is-layout-flow\"><\/div>\n<\/div>\n\n\n\n<div class=\"wp-block-columns is-layout-flex wp-container-core-columns-is-layout-9d6595d7 wp-block-columns-is-layout-flex\">\n<div class=\"wp-block-column is-layout-flow wp-block-column-is-layout-flow\"><\/div>\n\n\n\n<div class=\"wp-block-column is-layout-flow wp-block-column-is-layout-flow\"><\/div>\n\n\n\n<div class=\"wp-block-column is-layout-flow wp-block-column-is-layout-flow\"><\/div>\n<\/div>\n\n\n\n<div class=\"wp-block-columns is-layout-flex wp-container-core-columns-is-layout-9d6595d7 wp-block-columns-is-layout-flex\">\n<div class=\"wp-block-column is-layout-flow wp-block-column-is-layout-flow\"><\/div>\n\n\n\n<div class=\"wp-block-column is-layout-flow wp-block-column-is-layout-flow\"><\/div>\n\n\n\n<div class=\"wp-block-column is-layout-flow wp-block-column-is-layout-flow\"><\/div>\n<\/div>\n\n\n\n<div class=\"wp-block-columns is-layout-flex wp-container-core-columns-is-layout-9d6595d7 wp-block-columns-is-layout-flex\">\n<div class=\"wp-block-column is-layout-flow wp-block-column-is-layout-flow\"><\/div>\n\n\n\n<div class=\"wp-block-column is-layout-flow wp-block-column-is-layout-flow\"><\/div>\n\n\n\n<div class=\"wp-block-column is-layout-flow wp-block-column-is-layout-flow\"><\/div>\n<\/div>\n\n\n\n<div class=\"wp-block-columns is-layout-flex wp-container-core-columns-is-layout-9d6595d7 wp-block-columns-is-layout-flex\">\n<div class=\"wp-block-column is-layout-flow wp-block-column-is-layout-flow\"><\/div>\n\n\n\n<div class=\"wp-block-column is-layout-flow wp-block-column-is-layout-flow\"><\/div>\n\n\n\n<div class=\"wp-block-column is-layout-flow wp-block-column-is-layout-flow\"><\/div>\n<\/div>\n\n\n\n<div class=\"wp-block-columns is-layout-flex wp-container-core-columns-is-layout-9d6595d7 wp-block-columns-is-layout-flex\">\n<div class=\"wp-block-column is-layout-flow wp-block-column-is-layout-flow\"><\/div>\n\n\n\n<div class=\"wp-block-column is-layout-flow wp-block-column-is-layout-flow\"><\/div>\n\n\n\n<div class=\"wp-block-column is-layout-flow wp-block-column-is-layout-flow\"><\/div>\n<\/div>\n\n\n\n<div class=\"wp-block-columns is-layout-flex wp-container-core-columns-is-layout-9d6595d7 wp-block-columns-is-layout-flex\">\n<div class=\"wp-block-column is-layout-flow wp-block-column-is-layout-flow\"><\/div>\n\n\n\n<div class=\"wp-block-column is-layout-flow wp-block-column-is-layout-flow\"><\/div>\n\n\n\n<div class=\"wp-block-column is-layout-flow wp-block-column-is-layout-flow\"><\/div>\n<\/div>","protected":false},"excerpt":{"rendered":"<p>Sart\u00e9n antiadherente de acero inoxidable al por mayor, adecuada para calentar leche, hacer salsas o comidas peque\u00f1as. Apta para una gran variedad de cocinas, incluidas cocinas de inducci\u00f3n, cocinas de gas, etc. Puede utilizarse para cocinar en muchos tipos de cocinas. Disponible en tres tama\u00f1os: 18cm, 20cm y 22cm. P\u00f3ngase en contacto con nosotros para solicitar un presupuesto.<\/p>\n<h2>Caracter\u00edsticas de la sart\u00e9n antiadherente para leche<\/h2>\n<p><strong>Dise\u00f1o de pico vertedor:<\/strong> La boquilla vertedora incorporada le permite verter leche o l\u00edquidos con suavidad y sin ensuciar.<\/p>\n<p><strong>Multifunci\u00f3n:<\/strong> La cacerola de leche se puede utilizar para la cocina diaria en casa, adecuada para calentar leche, leche de soja, etc., y tambi\u00e9n es adecuada para derretir mantequilla, chocolate, calentar leche en cafeter\u00edas.<\/p>\n<p><strong>M\u00faltiples opciones de tama\u00f1o:<\/strong> La cacerola de leche est\u00e1 disponible en 18 cm, 20 cm y 22 cm, adecuada para cocinas dom\u00e9sticas, de restaurantes o de catering con diferentes necesidades culinarias.<\/p>\n<p><strong>Compatible con m\u00faltiples estufas:<\/strong> La cacerola de leche es apta para cocinas de gas, el\u00e9ctricas, vitrocer\u00e1micas y de inducci\u00f3n, por lo que es una opci\u00f3n ideal para las cocinas modernas.<\/p>\n<p><strong>Soporte OEM\/ODM:<\/strong> Hengguang ofrece servicios profesionales de OEM y ODM, que pueden personalizar el tama\u00f1o, las asas, el dise\u00f1o del fondo, el revestimiento antiadherente y el envasado, adecuados para marcas privadas.<\/p>","protected":false},"featured_media":5437,"comment_status":"closed","ping_status":"closed","template":"","meta":[],"product_brand":[],"product_cat":[52],"product_tag":[],"class_list":{"0":"post-5434","1":"product","2":"type-product","3":"status-publish","4":"has-post-thumbnail","6":"product_cat-stainless-steel-cookware","8":"first","9":"instock","10":"shipping-taxable","11":"product-type-simple"},"_links":{"self":[{"href":"https:\/\/www.hg-cooker.com\/es\/wp-json\/wp\/v2\/product\/5434","targetHints":{"allow":["GET"]}}],"collection":[{"href":"https:\/\/www.hg-cooker.com\/es\/wp-json\/wp\/v2\/product"}],"about":[{"href":"https:\/\/www.hg-cooker.com\/es\/wp-json\/wp\/v2\/types\/product"}],"replies":[{"embeddable":true,"href":"https:\/\/www.hg-cooker.com\/es\/wp-json\/wp\/v2\/comments?post=5434"}],"wp:featuredmedia":[{"embeddable":true,"href":"https:\/\/www.hg-cooker.com\/es\/wp-json\/wp\/v2\/media\/5437"}],"wp:attachment":[{"href":"https:\/\/www.hg-cooker.com\/es\/wp-json\/wp\/v2\/media?parent=5434"}],"wp:term":[{"taxonomy":"product_brand","embeddable":true,"href":"https:\/\/www.hg-cooker.com\/es\/wp-json\/wp\/v2\/product_brand?post=5434"},{"taxonomy":"product_cat","embeddable":true,"href":"https:\/\/www.hg-cooker.com\/es\/wp-json\/wp\/v2\/product_cat?post=5434"},{"taxonomy":"product_tag","embeddable":true,"href":"https:\/\/www.hg-cooker.com\/es\/wp-json\/wp\/v2\/product_tag?post=5434"}],"curies":[{"name":"wp","href":"https:\/\/api.w.org\/{rel}","templated":true}]}}