{"id":5422,"date":"2025-08-27T03:03:27","date_gmt":"2025-08-27T03:03:27","guid":{"rendered":"https:\/\/www.hg-cooker.com\/?post_type=product&#038;p=5422"},"modified":"2025-09-13T02:33:31","modified_gmt":"2025-09-13T02:33:31","slug":"olla-de-leche-hirviendo-de-acero-inoxidable-al-por-mayor-67","status":"publish","type":"product","link":"https:\/\/www.hg-cooker.com\/es\/producto\/olla-de-leche-hirviendo-de-acero-inoxidable-al-por-mayor-67\/","title":{"rendered":"Venta al por mayor de acero inoxidable Snow Pan\/Yukinabe, Material 304, Tres Tama\u00f1os\uff1a18cm, 20cm, 22cm"},"content":{"rendered":"<h3 class=\"wp-block-heading\">Par\u00e1metros de la bandeja de nieve de acero inoxidable<\/h3>\n\n\n\n<figure class=\"wp-block-table\"><table class=\"has-fixed-layout\"><tbody><tr><td>N\u00ba de art\u00edculo<\/td><td>Talla<\/td><td>Material<\/td><td>Cantidad\/paquete<\/td><td>Dimensiones del paquete (cm)<\/td><\/tr><tr><td>HG-WTCNG16<\/td><td>16 cm<\/td><td>Acero inoxidable 304<\/td><td>6 piezas<\/td><td>67 \u00d7 51 \u00d7 38<\/td><\/tr><tr><td>HG-WTCNG18<\/td><td>18 cm<\/td><td>Acero inoxidable 304<\/td><td>6 piezas<\/td><td><br>71 \u00d7 56 \u00d7 42<\/td><\/tr><\/tbody><\/table><\/figure>\n\n\n\n<h3 class=\"wp-block-heading\">Par\u00e1metros de la serie de utensilios de cocina relacionados<\/h3>\n\n\n\n<figure class=\"wp-block-image size-full\"><img fetchpriority=\"high\" decoding=\"async\" width=\"3354\" height=\"1701\" src=\"https:\/\/www.hg-cooker.com\/wp-content\/uploads\/2025\/05\/Hengguang-cooking-pot-series-parameters.webp\" alt=\"Par\u00e1metros de la serie de ollas Hengguang\" class=\"wp-image-5420\" srcset=\"https:\/\/www.hg-cooker.com\/wp-content\/uploads\/2025\/05\/Hengguang-cooking-pot-series-parameters.webp 3354w, https:\/\/www.hg-cooker.com\/wp-content\/uploads\/2025\/05\/Hengguang-cooking-pot-series-parameters-150x76.webp 150w, https:\/\/www.hg-cooker.com\/wp-content\/uploads\/2025\/05\/Hengguang-cooking-pot-series-parameters-660x335.webp 660w, https:\/\/www.hg-cooker.com\/wp-content\/uploads\/2025\/05\/Hengguang-cooking-pot-series-parameters-300x152.webp 300w, https:\/\/www.hg-cooker.com\/wp-content\/uploads\/2025\/05\/Hengguang-cooking-pot-series-parameters-768x389.webp 768w, https:\/\/www.hg-cooker.com\/wp-content\/uploads\/2025\/05\/Hengguang-cooking-pot-series-parameters-18x9.webp 18w, https:\/\/www.hg-cooker.com\/wp-content\/uploads\/2025\/05\/Hengguang-cooking-pot-series-parameters-285x145.webp 285w, https:\/\/www.hg-cooker.com\/wp-content\/uploads\/2025\/05\/Hengguang-cooking-pot-series-parameters-1600x811.webp 1600w\" sizes=\"(max-width: 3354px) 100vw, 3354px\" \/><figcaption class=\"wp-element-caption\">Par\u00e1metros de la serie de ollas Hengguang<\/figcaption><\/figure>\n\n\n\n<div class=\"wp-block-columns is-layout-flex wp-container-core-columns-is-layout-9d6595d7 wp-block-columns-is-layout-flex\">\n<div class=\"wp-block-column is-layout-flow wp-block-column-is-layout-flow\"><\/div>\n\n\n\n<div class=\"wp-block-column is-layout-flow wp-block-column-is-layout-flow\"><\/div>\n\n\n\n<div class=\"wp-block-column is-layout-flow wp-block-column-is-layout-flow\"><\/div>\n<\/div>\n\n\n\n<div class=\"wp-block-columns is-layout-flex wp-container-core-columns-is-layout-9d6595d7 wp-block-columns-is-layout-flex\">\n<div class=\"wp-block-column is-layout-flow wp-block-column-is-layout-flow\"><\/div>\n\n\n\n<div class=\"wp-block-column is-layout-flow wp-block-column-is-layout-flow\"><\/div>\n\n\n\n<div class=\"wp-block-column is-layout-flow wp-block-column-is-layout-flow\"><\/div>\n<\/div>\n\n\n\n<div class=\"wp-block-columns is-layout-flex wp-container-core-columns-is-layout-9d6595d7 wp-block-columns-is-layout-flex\">\n<div class=\"wp-block-column is-layout-flow wp-block-column-is-layout-flow\"><\/div>\n\n\n\n<div class=\"wp-block-column is-layout-flow wp-block-column-is-layout-flow\"><\/div>\n\n\n\n<div class=\"wp-block-column is-layout-flow wp-block-column-is-layout-flow\"><\/div>\n<\/div>\n\n\n\n<div class=\"wp-block-columns is-layout-flex wp-container-core-columns-is-layout-9d6595d7 wp-block-columns-is-layout-flex\">\n<div class=\"wp-block-column is-layout-flow wp-block-column-is-layout-flow\"><\/div>\n\n\n\n<div class=\"wp-block-column is-layout-flow wp-block-column-is-layout-flow\"><\/div>\n\n\n\n<div class=\"wp-block-column is-layout-flow wp-block-column-is-layout-flow\"><\/div>\n<\/div>\n\n\n\n<div class=\"wp-block-columns is-layout-flex wp-container-core-columns-is-layout-9d6595d7 wp-block-columns-is-layout-flex\">\n<div class=\"wp-block-column is-layout-flow wp-block-column-is-layout-flow\"><\/div>\n\n\n\n<div class=\"wp-block-column is-layout-flow wp-block-column-is-layout-flow\"><\/div>\n\n\n\n<div class=\"wp-block-column is-layout-flow wp-block-column-is-layout-flow\"><\/div>\n<\/div>\n\n\n\n<div class=\"wp-block-columns is-layout-flex wp-container-core-columns-is-layout-9d6595d7 wp-block-columns-is-layout-flex\">\n<div class=\"wp-block-column is-layout-flow wp-block-column-is-layout-flow\"><\/div>\n\n\n\n<div class=\"wp-block-column is-layout-flow wp-block-column-is-layout-flow\"><\/div>\n\n\n\n<div class=\"wp-block-column is-layout-flow wp-block-column-is-layout-flow\"><\/div>\n<\/div>\n\n\n\n<div class=\"wp-block-columns is-layout-flex wp-container-core-columns-is-layout-9d6595d7 wp-block-columns-is-layout-flex\">\n<div class=\"wp-block-column is-layout-flow wp-block-column-is-layout-flow\"><\/div>\n\n\n\n<div class=\"wp-block-column is-layout-flow wp-block-column-is-layout-flow\"><\/div>\n\n\n\n<div class=\"wp-block-column is-layout-flow wp-block-column-is-layout-flow\"><\/div>\n<\/div>","protected":false},"excerpt":{"rendered":"<p>Venta al por mayor de sartenes de acero inoxidable, ideales para hervir, guisar y cocinar ollas calientes. Ofrecemos tres tama\u00f1os comunes: 18cm, 20cm y 22cm. Apoyar el servicio del OEM, recepci\u00f3n para entrarnos en contacto con para la cita.<\/p>\n<h2>Caracter\u00edsticas de la bandeja de nieve de acero inoxidable<\/h2>\n<p><strong>Aspecto elegante:<\/strong> Combinando el estilo de dise\u00f1o del Yukinabe tradicional, la textura es delicada, y es a la vez pr\u00e1ctica y bonita.<\/p>\n<p><strong>Mango de madera:<\/strong> La sart\u00e9n de nieve est\u00e1 equipada con un mango de madera, que es c\u00f3modo de sujetar y puede evitar eficazmente las quemaduras al cocinar a altas temperaturas, por lo que su uso es m\u00e1s seguro.<\/p>\n<p><strong>F\u00e1cil de limpiar:<\/strong> La pared interior lisa de acero inoxidable es f\u00e1cil de limpiar y admite la limpieza en lavavajillas, por lo que resulta id\u00f3nea para familias o cocinas comerciales de ritmo r\u00e1pido.<\/p>\n<p><strong>Escenarios aplicables:<\/strong> La cacerola de nieve es muy adecuada para su uso en hogares y restaurantes japoneses. Se puede utilizar para guisar sopa, cocinar fideos, olla caliente, oden, etc.<\/p>\n<p><strong>Servicio de asistencia OEM&amp;ODM:<\/strong> Admite la personalizaci\u00f3n multidimensional, incluido el grabado l\u00e1ser del logotipo, el tama\u00f1o y el embalaje personalizados, etc.<\/p>","protected":false},"featured_media":5427,"comment_status":"closed","ping_status":"closed","template":"","meta":[],"product_brand":[],"product_cat":[52],"product_tag":[],"class_list":{"0":"post-5422","1":"product","2":"type-product","3":"status-publish","4":"has-post-thumbnail","6":"product_cat-stainless-steel-cookware","8":"first","9":"instock","10":"shipping-taxable","11":"product-type-simple"},"_links":{"self":[{"href":"https:\/\/www.hg-cooker.com\/es\/wp-json\/wp\/v2\/product\/5422","targetHints":{"allow":["GET"]}}],"collection":[{"href":"https:\/\/www.hg-cooker.com\/es\/wp-json\/wp\/v2\/product"}],"about":[{"href":"https:\/\/www.hg-cooker.com\/es\/wp-json\/wp\/v2\/types\/product"}],"replies":[{"embeddable":true,"href":"https:\/\/www.hg-cooker.com\/es\/wp-json\/wp\/v2\/comments?post=5422"}],"wp:featuredmedia":[{"embeddable":true,"href":"https:\/\/www.hg-cooker.com\/es\/wp-json\/wp\/v2\/media\/5427"}],"wp:attachment":[{"href":"https:\/\/www.hg-cooker.com\/es\/wp-json\/wp\/v2\/media?parent=5422"}],"wp:term":[{"taxonomy":"product_brand","embeddable":true,"href":"https:\/\/www.hg-cooker.com\/es\/wp-json\/wp\/v2\/product_brand?post=5422"},{"taxonomy":"product_cat","embeddable":true,"href":"https:\/\/www.hg-cooker.com\/es\/wp-json\/wp\/v2\/product_cat?post=5422"},{"taxonomy":"product_tag","embeddable":true,"href":"https:\/\/www.hg-cooker.com\/es\/wp-json\/wp\/v2\/product_tag?post=5422"}],"curies":[{"name":"wp","href":"https:\/\/api.w.org\/{rel}","templated":true}]}}