{"id":5414,"date":"2025-08-16T01:08:31","date_gmt":"2025-08-16T01:08:31","guid":{"rendered":"https:\/\/www.hg-cooker.com\/?post_type=product&#038;p=5414"},"modified":"2025-09-13T02:45:35","modified_gmt":"2025-09-13T02:45:35","slug":"olla-de-leche-hirviendo-de-acero-inoxidable-al-por-mayor-66","status":"publish","type":"product","link":"https:\/\/www.hg-cooker.com\/es\/producto\/olla-de-leche-hirviendo-de-acero-inoxidable-al-por-mayor-66\/","title":{"rendered":"Mayorista Lechera de Acero Inoxidable, Dos Tama\u00f1os: 16cm y 18cm - Acero inoxidable de calidad alimentaria sin recubrimiento"},"content":{"rendered":"<h3 class=\"wp-block-heading\">Par\u00e1metros del tarro de leche de acero inoxidable<\/h3>\n\n\n\n<figure class=\"wp-block-table\"><table class=\"has-fixed-layout\"><tbody><tr><td>N\u00famero de arte<\/td><td>Especificaciones<\/td><td>Material<\/td><td>Cantidad de envases<\/td><td>Tama\u00f1o del embalaje (cm)<\/td><\/tr><tr><td>HG-WTCNG16<\/td><td>16 cm<\/td><td>Acero inoxidable 304<\/td><td>6 piezas<\/td><td>67\u00d751\u00d738<\/td><\/tr><tr><td>HG-WTCNG18<\/td><td>18 cm<\/td><td>Acero inoxidable 304<\/td><td>6 piezas<\/td><td>71\u00d756\u00d742<\/td><\/tr><\/tbody><\/table><\/figure>\n\n\n\n<h3 class=\"wp-block-heading\">Par\u00e1metros de la serie de utensilios de cocina relacionados<\/h3>\n\n\n<div class=\"wp-block-image\">\n<figure class=\"aligncenter size-full\"><img fetchpriority=\"high\" decoding=\"async\" width=\"3354\" height=\"1701\" src=\"https:\/\/www.hg-cooker.com\/wp-content\/uploads\/2025\/05\/Hengguang-cooking-pot-series-parameters.webp\" alt=\"Par\u00e1metros de la serie de ollas Hengguang\" class=\"wp-image-5420\" srcset=\"https:\/\/www.hg-cooker.com\/wp-content\/uploads\/2025\/05\/Hengguang-cooking-pot-series-parameters.webp 3354w, https:\/\/www.hg-cooker.com\/wp-content\/uploads\/2025\/05\/Hengguang-cooking-pot-series-parameters-150x76.webp 150w, https:\/\/www.hg-cooker.com\/wp-content\/uploads\/2025\/05\/Hengguang-cooking-pot-series-parameters-660x335.webp 660w, https:\/\/www.hg-cooker.com\/wp-content\/uploads\/2025\/05\/Hengguang-cooking-pot-series-parameters-300x152.webp 300w, https:\/\/www.hg-cooker.com\/wp-content\/uploads\/2025\/05\/Hengguang-cooking-pot-series-parameters-768x389.webp 768w, https:\/\/www.hg-cooker.com\/wp-content\/uploads\/2025\/05\/Hengguang-cooking-pot-series-parameters-18x9.webp 18w, https:\/\/www.hg-cooker.com\/wp-content\/uploads\/2025\/05\/Hengguang-cooking-pot-series-parameters-285x145.webp 285w, https:\/\/www.hg-cooker.com\/wp-content\/uploads\/2025\/05\/Hengguang-cooking-pot-series-parameters-1600x811.webp 1600w\" sizes=\"(max-width: 3354px) 100vw, 3354px\" \/><figcaption class=\"wp-element-caption\">Par\u00e1metros de la serie de ollas Hengguang<\/figcaption><\/figure>\n<\/div>\n\n\n<p><\/p>","protected":false},"excerpt":{"rendered":"<p>Venta al por mayor de cacerolas de leche de acero inoxidable, de 16 cm y 18 cm en dos tama\u00f1os, adecuadas para cocinas dom\u00e9sticas, dormitorios e incluso para uso al aire libre, para calentar leche, preparar alimentos para beb\u00e9s, hervir huevos o hacer salsas.<\/p>\n<h2>Caracter\u00edsticas de la lechera de acero inoxidable<\/h2>\n<p><strong>Material de acero inoxidable de calidad alimentaria:<\/strong> Fabricado en acero inoxidable 304 de alta calidad para uso alimentario, cumple las normas internacionales de seguridad alimentaria.<\/p>\n<p><strong>Dise\u00f1o sin revestimiento:<\/strong> Dise\u00f1o sin revestimiento, por lo que esta lechera de acero inoxidable no necesita preocuparse por ara\u00f1azos o desprendimiento del revestimiento, y tiene una vida \u00fatil m\u00e1s larga.<\/p>\n<p><strong>Dise\u00f1o ergon\u00f3mico del mango:<\/strong> Equipada con un asa antiescaldamiento, es estable de sostener y m\u00e1s segura de mover.<\/p>\n<p><strong>Aplicaci\u00f3n multiescena:<\/strong> La peque\u00f1a olla lechera puede utilizarse en cocinas dom\u00e9sticas, dormitorios de estudiantes, picnics de camping y escenas comerciales de catering.<\/p>\n<p><strong>Servicio OEM y ODM:<\/strong> Se puede personalizar el logotipo, el embalaje exterior, el color del asa, el tama\u00f1o y el grosor, y se puede equipar con tapa de cristal o de acero inoxidable para satisfacer las distintas preferencias del mercado.<\/p>","protected":false},"featured_media":5418,"comment_status":"closed","ping_status":"closed","template":"","meta":[],"product_brand":[],"product_cat":[52],"product_tag":[],"class_list":{"0":"post-5414","1":"product","2":"type-product","3":"status-publish","4":"has-post-thumbnail","6":"product_cat-stainless-steel-cookware","8":"first","9":"instock","10":"shipping-taxable","11":"product-type-simple"},"_links":{"self":[{"href":"https:\/\/www.hg-cooker.com\/es\/wp-json\/wp\/v2\/product\/5414","targetHints":{"allow":["GET"]}}],"collection":[{"href":"https:\/\/www.hg-cooker.com\/es\/wp-json\/wp\/v2\/product"}],"about":[{"href":"https:\/\/www.hg-cooker.com\/es\/wp-json\/wp\/v2\/types\/product"}],"replies":[{"embeddable":true,"href":"https:\/\/www.hg-cooker.com\/es\/wp-json\/wp\/v2\/comments?post=5414"}],"wp:featuredmedia":[{"embeddable":true,"href":"https:\/\/www.hg-cooker.com\/es\/wp-json\/wp\/v2\/media\/5418"}],"wp:attachment":[{"href":"https:\/\/www.hg-cooker.com\/es\/wp-json\/wp\/v2\/media?parent=5414"}],"wp:term":[{"taxonomy":"product_brand","embeddable":true,"href":"https:\/\/www.hg-cooker.com\/es\/wp-json\/wp\/v2\/product_brand?post=5414"},{"taxonomy":"product_cat","embeddable":true,"href":"https:\/\/www.hg-cooker.com\/es\/wp-json\/wp\/v2\/product_cat?post=5414"},{"taxonomy":"product_tag","embeddable":true,"href":"https:\/\/www.hg-cooker.com\/es\/wp-json\/wp\/v2\/product_tag?post=5414"}],"curies":[{"name":"wp","href":"https:\/\/api.w.org\/{rel}","templated":true}]}}