{"id":5301,"date":"2025-04-10T08:53:49","date_gmt":"2025-04-10T08:53:49","guid":{"rendered":"https:\/\/www.hg-cooker.com\/?post_type=product&#038;p=5301"},"modified":"2025-04-10T09:20:37","modified_gmt":"2025-04-10T09:20:37","slug":"olla-de-leche-hirviendo-de-acero-inoxidable-al-por-mayor-65","status":"publish","type":"product","link":"https:\/\/www.hg-cooker.com\/es\/producto\/olla-de-leche-hirviendo-de-acero-inoxidable-al-por-mayor-65\/","title":{"rendered":"Material de acero inoxidable Tri Ply al por mayor para la fabricaci\u00f3n de utensilios de cocina"},"content":{"rendered":"<div class=\"wp-block-columns is-layout-flex wp-container-core-columns-is-layout-9d6595d7 wp-block-columns-is-layout-flex\">\n<div class=\"wp-block-column is-layout-flow wp-block-column-is-layout-flow\">\n<h2 class=\"wp-block-heading\">Par\u00e1metros de los discos de acero inoxidable trilaminares<\/h2>\n\n\n\n<p><strong>Nombre del producto<\/strong>:Discos de acero inoxidable compuesto de tres capas<\/p>\n\n\n\n<p><strong>Material del producto<\/strong>Acero inoxidable 304\/316 + aluminio + acero inoxidable 430<br><br><strong>Espesor opcional del producto<\/strong>:<br>1.8mm\/2.0mm\/2.2mm\/2.5mm\/3.0mm<\/p>\n\n\n\n<p><strong>Formas del producto<\/strong>:circular \/ forma especial<\/p>\n\n\n\n<p><strong>Tama\u00f1o opcional del producto<\/strong>:<br>El tama\u00f1o circular puede ser de 250 mm a 500 mm.<br>El tama\u00f1o de forma especial puede ser de 900 mm.<\/p>\n<\/div>\n\n\n\n<div class=\"wp-block-column is-layout-flow wp-block-column-is-layout-flow\">\n<h2 class=\"wp-block-heading\">Opciones personalizables<\/h2>\n\n\n\n<p><strong>Patr\u00f3n<\/strong>Personalice todo tipo de dise\u00f1os en los discos de acero inoxidable de tres capas.<br><br><strong>Material<\/strong>Acero inoxidable 304\/316 + aluminio + acero inoxidable 430<br><br><strong>Talla<\/strong>:Personalice diferentes tama\u00f1os de los discos trilaminados de acero inoxidable.<br><br><strong>Formas<\/strong>:Placas redondas \/ Cualquier forma especial<br><br><strong>MOQ<\/strong>:1000 piezas<\/p>\n\n\n\n<p><a href=\"https:\/\/www.hg-cooker.com\/es\/discos-tricapa-de-acero-inoxidable\/\" target=\"_blank\" rel=\"noreferrer noopener\"><strong>Explore m\u00e1s detalles personalizados de los discos trilaminados de acero inoxidable<\/strong><\/a><\/p>\n<\/div>\n<\/div>\n\n\n\n<div class=\"wp-block-columns is-layout-flex wp-container-core-columns-is-layout-9d6595d7 wp-block-columns-is-layout-flex\">\n<div class=\"wp-block-column is-layout-flow wp-block-column-is-layout-flow\">\n<figure class=\"wp-block-image size-full\"><img fetchpriority=\"high\" decoding=\"async\" width=\"1800\" height=\"1350\" src=\"https:\/\/www.hg-cooker.com\/wp-content\/uploads\/2025\/04\/Henguang-tri-ply-stainless-steel-material-manufacturing-factory-1.webp\" alt=\"F\u00e1brica de materiales de acero inoxidable de tres capas de Henguang (1)\" class=\"wp-image-5306\" srcset=\"https:\/\/www.hg-cooker.com\/wp-content\/uploads\/2025\/04\/Henguang-tri-ply-stainless-steel-material-manufacturing-factory-1.webp 1800w, https:\/\/www.hg-cooker.com\/wp-content\/uploads\/2025\/04\/Henguang-tri-ply-stainless-steel-material-manufacturing-factory-1-150x113.webp 150w, https:\/\/www.hg-cooker.com\/wp-content\/uploads\/2025\/04\/Henguang-tri-ply-stainless-steel-material-manufacturing-factory-1-660x495.webp 660w, https:\/\/www.hg-cooker.com\/wp-content\/uploads\/2025\/04\/Henguang-tri-ply-stainless-steel-material-manufacturing-factory-1-300x225.webp 300w, https:\/\/www.hg-cooker.com\/wp-content\/uploads\/2025\/04\/Henguang-tri-ply-stainless-steel-material-manufacturing-factory-1-768x576.webp 768w, https:\/\/www.hg-cooker.com\/wp-content\/uploads\/2025\/04\/Henguang-tri-ply-stainless-steel-material-manufacturing-factory-1-16x12.webp 16w, https:\/\/www.hg-cooker.com\/wp-content\/uploads\/2025\/04\/Henguang-tri-ply-stainless-steel-material-manufacturing-factory-1-285x214.webp 285w, https:\/\/www.hg-cooker.com\/wp-content\/uploads\/2025\/04\/Henguang-tri-ply-stainless-steel-material-manufacturing-factory-1-1600x1200.webp 1600w, https:\/\/www.hg-cooker.com\/wp-content\/uploads\/2025\/04\/Henguang-tri-ply-stainless-steel-material-manufacturing-factory-1-800x600.webp 800w\" sizes=\"(max-width: 1800px) 100vw, 1800px\" \/><\/figure>\n<\/div>\n\n\n\n<div class=\"wp-block-column is-layout-flow wp-block-column-is-layout-flow\">\n<figure class=\"wp-block-image size-full\"><img decoding=\"async\" width=\"1800\" height=\"1350\" src=\"https:\/\/www.hg-cooker.com\/wp-content\/uploads\/2025\/04\/Henguang-tri-ply-stainless-steel-material-manufacturing-factory-2.webp\" alt=\"F\u00e1brica de materiales de acero inoxidable de tres capas de Henguang (2)\" class=\"wp-image-5308\" srcset=\"https:\/\/www.hg-cooker.com\/wp-content\/uploads\/2025\/04\/Henguang-tri-ply-stainless-steel-material-manufacturing-factory-2.webp 1800w, https:\/\/www.hg-cooker.com\/wp-content\/uploads\/2025\/04\/Henguang-tri-ply-stainless-steel-material-manufacturing-factory-2-150x113.webp 150w, https:\/\/www.hg-cooker.com\/wp-content\/uploads\/2025\/04\/Henguang-tri-ply-stainless-steel-material-manufacturing-factory-2-660x495.webp 660w, https:\/\/www.hg-cooker.com\/wp-content\/uploads\/2025\/04\/Henguang-tri-ply-stainless-steel-material-manufacturing-factory-2-300x225.webp 300w, https:\/\/www.hg-cooker.com\/wp-content\/uploads\/2025\/04\/Henguang-tri-ply-stainless-steel-material-manufacturing-factory-2-768x576.webp 768w, https:\/\/www.hg-cooker.com\/wp-content\/uploads\/2025\/04\/Henguang-tri-ply-stainless-steel-material-manufacturing-factory-2-16x12.webp 16w, https:\/\/www.hg-cooker.com\/wp-content\/uploads\/2025\/04\/Henguang-tri-ply-stainless-steel-material-manufacturing-factory-2-285x214.webp 285w, https:\/\/www.hg-cooker.com\/wp-content\/uploads\/2025\/04\/Henguang-tri-ply-stainless-steel-material-manufacturing-factory-2-1600x1200.webp 1600w, https:\/\/www.hg-cooker.com\/wp-content\/uploads\/2025\/04\/Henguang-tri-ply-stainless-steel-material-manufacturing-factory-2-800x600.webp 800w\" sizes=\"(max-width: 1800px) 100vw, 1800px\" \/><\/figure>\n<\/div>\n<\/div>","protected":false},"excerpt":{"rendered":"<p>Hengguang suministra materiales de acero inoxidable de tres capas de alta calidad para la fabricaci\u00f3n de utensilios de cocina, que admiten la personalizaci\u00f3n de toda la gama, incluidos el grosor, el tama\u00f1o, la textura, la forma, etc. Suministro fiable, precio competitivo y entrega r\u00e1pida en 15 d\u00edas.<\/p>\n<h2>Caracter\u00edsticas y ventajas del material de acero inoxidable trilaminado<\/h2>\n<p><strong>Rendimiento Premium:<\/strong> El acero inoxidable tricapa es el material preferido para las bater\u00edas de cocina de los cocineros profesionales. La inclusi\u00f3n de este material en su l\u00ednea de productos le permitir\u00e1 dirigirse a consumidores de alto valor y desarrollar el mercado de utensilios de cocina de gama alta.<\/p>\n<p><strong>Alta durabilidad y resistencia estructural:<\/strong> La construcci\u00f3n tricapa resiste eficazmente el alabeo incluso en procesos de fabricaci\u00f3n a altas temperaturas, como el pegado por impacto y el conformado a presi\u00f3n. Esto se traduce en menos defectos, menos devoluciones y durabilidad del producto a largo plazo.<\/p>\n<p><strong>Compatible con inducci\u00f3n y vers\u00e1til:<\/strong> La carcasa magn\u00e9tica de acero inoxidable hace que la \u00faltima bater\u00eda de cocina sea compatible con la inducci\u00f3n, as\u00ed como con todas las dem\u00e1s placas de cocina. Ahora puede vender su bater\u00eda de cocina como un producto verdaderamente universal, adquiriendo as\u00ed una base de clientes m\u00e1s amplia.<\/p>\n<p><strong>F\u00e1cil de procesar:<\/strong> Nuestro acero inoxidable tricapa es f\u00e1cil de conformar, soldar y pulir, lo que le permite agilizar su proceso de producci\u00f3n al tiempo que obtiene resultados de alta calidad.<\/p>\n<p><strong>Servicio a medida:<\/strong> Ofrecemos patrones, espesores, tama\u00f1os y formas personalizados para el material de acero inoxidable triple para satisfacer sus necesidades de fabricaci\u00f3n de utensilios de cocina.<\/p>","protected":false},"featured_media":5303,"comment_status":"closed","ping_status":"closed","template":"","meta":[],"product_brand":[],"product_cat":[53],"product_tag":[],"class_list":{"0":"post-5301","1":"product","2":"type-product","3":"status-publish","4":"has-post-thumbnail","6":"product_cat-tri-ply-stainless-steel-discs","8":"first","9":"instock","10":"shipping-taxable","11":"product-type-simple"},"_links":{"self":[{"href":"https:\/\/www.hg-cooker.com\/es\/wp-json\/wp\/v2\/product\/5301","targetHints":{"allow":["GET"]}}],"collection":[{"href":"https:\/\/www.hg-cooker.com\/es\/wp-json\/wp\/v2\/product"}],"about":[{"href":"https:\/\/www.hg-cooker.com\/es\/wp-json\/wp\/v2\/types\/product"}],"replies":[{"embeddable":true,"href":"https:\/\/www.hg-cooker.com\/es\/wp-json\/wp\/v2\/comments?post=5301"}],"wp:featuredmedia":[{"embeddable":true,"href":"https:\/\/www.hg-cooker.com\/es\/wp-json\/wp\/v2\/media\/5303"}],"wp:attachment":[{"href":"https:\/\/www.hg-cooker.com\/es\/wp-json\/wp\/v2\/media?parent=5301"}],"wp:term":[{"taxonomy":"product_brand","embeddable":true,"href":"https:\/\/www.hg-cooker.com\/es\/wp-json\/wp\/v2\/product_brand?post=5301"},{"taxonomy":"product_cat","embeddable":true,"href":"https:\/\/www.hg-cooker.com\/es\/wp-json\/wp\/v2\/product_cat?post=5301"},{"taxonomy":"product_tag","embeddable":true,"href":"https:\/\/www.hg-cooker.com\/es\/wp-json\/wp\/v2\/product_tag?post=5301"}],"curies":[{"name":"wp","href":"https:\/\/api.w.org\/{rel}","templated":true}]}}