{"id":5214,"date":"2025-04-02T03:02:32","date_gmt":"2025-04-02T03:02:32","guid":{"rendered":"https:\/\/www.hg-cooker.com\/?post_type=product&#038;p=5214"},"modified":"2025-04-02T03:38:33","modified_gmt":"2025-04-02T03:38:33","slug":"olla-de-leche-hirviendo-de-acero-inoxidable-al-por-mayor-62","status":"publish","type":"product","link":"https:\/\/www.hg-cooker.com\/es\/producto\/olla-de-leche-hirviendo-de-acero-inoxidable-al-por-mayor-62\/","title":{"rendered":"Mayorista Olla Japonesa de Hoja de Loto, Olla Sukiyaki, Olla de Marisco, Apta para Estufas de Alcohol y Cocinas de Inducci\u00f3n"},"content":{"rendered":"<h3 class=\"wp-block-heading\">Detalles de la maceta seca de hoja de loto japon\u00e9s<\/h3>\n\n\n\n<div class=\"wp-block-columns is-layout-flex wp-container-core-columns-is-layout-9d6595d7 wp-block-columns-is-layout-flex\">\n<div class=\"wp-block-column is-layout-flow wp-block-column-is-layout-flow\">\n<figure class=\"wp-block-image size-full\"><img fetchpriority=\"high\" decoding=\"async\" width=\"1800\" height=\"2700\" src=\"https:\/\/www.hg-cooker.com\/wp-content\/uploads\/2025\/04\/Japanese-Lotus-Leaf-Dry-Pot-Details-1.webp\" alt=\"Hoja de loto japon\u00e9s Maceta seca Detalles (1)\" class=\"wp-image-5221\" srcset=\"https:\/\/www.hg-cooker.com\/wp-content\/uploads\/2025\/04\/Japanese-Lotus-Leaf-Dry-Pot-Details-1.webp 1800w, https:\/\/www.hg-cooker.com\/wp-content\/uploads\/2025\/04\/Japanese-Lotus-Leaf-Dry-Pot-Details-1-100x150.webp 100w, https:\/\/www.hg-cooker.com\/wp-content\/uploads\/2025\/04\/Japanese-Lotus-Leaf-Dry-Pot-Details-1-440x660.webp 440w, https:\/\/www.hg-cooker.com\/wp-content\/uploads\/2025\/04\/Japanese-Lotus-Leaf-Dry-Pot-Details-1-200x300.webp 200w, https:\/\/www.hg-cooker.com\/wp-content\/uploads\/2025\/04\/Japanese-Lotus-Leaf-Dry-Pot-Details-1-768x1152.webp 768w, https:\/\/www.hg-cooker.com\/wp-content\/uploads\/2025\/04\/Japanese-Lotus-Leaf-Dry-Pot-Details-1-8x12.webp 8w, https:\/\/www.hg-cooker.com\/wp-content\/uploads\/2025\/04\/Japanese-Lotus-Leaf-Dry-Pot-Details-1-285x428.webp 285w, https:\/\/www.hg-cooker.com\/wp-content\/uploads\/2025\/04\/Japanese-Lotus-Leaf-Dry-Pot-Details-1-1600x2400.webp 1600w\" sizes=\"(max-width: 1800px) 100vw, 1800px\" \/><\/figure>\n<\/div>\n\n\n\n<div class=\"wp-block-column is-layout-flow wp-block-column-is-layout-flow\">\n<figure class=\"wp-block-image size-full\"><img decoding=\"async\" width=\"1800\" height=\"2700\" src=\"https:\/\/www.hg-cooker.com\/wp-content\/uploads\/2025\/04\/Japanese-Lotus-Leaf-Dry-Pot-Details-2.webp\" alt=\"Hoja de loto japon\u00e9s Maceta seca Detalles (2)\" class=\"wp-image-5222\" srcset=\"https:\/\/www.hg-cooker.com\/wp-content\/uploads\/2025\/04\/Japanese-Lotus-Leaf-Dry-Pot-Details-2.webp 1800w, https:\/\/www.hg-cooker.com\/wp-content\/uploads\/2025\/04\/Japanese-Lotus-Leaf-Dry-Pot-Details-2-100x150.webp 100w, https:\/\/www.hg-cooker.com\/wp-content\/uploads\/2025\/04\/Japanese-Lotus-Leaf-Dry-Pot-Details-2-440x660.webp 440w, https:\/\/www.hg-cooker.com\/wp-content\/uploads\/2025\/04\/Japanese-Lotus-Leaf-Dry-Pot-Details-2-200x300.webp 200w, https:\/\/www.hg-cooker.com\/wp-content\/uploads\/2025\/04\/Japanese-Lotus-Leaf-Dry-Pot-Details-2-768x1152.webp 768w, https:\/\/www.hg-cooker.com\/wp-content\/uploads\/2025\/04\/Japanese-Lotus-Leaf-Dry-Pot-Details-2-8x12.webp 8w, https:\/\/www.hg-cooker.com\/wp-content\/uploads\/2025\/04\/Japanese-Lotus-Leaf-Dry-Pot-Details-2-285x428.webp 285w, https:\/\/www.hg-cooker.com\/wp-content\/uploads\/2025\/04\/Japanese-Lotus-Leaf-Dry-Pot-Details-2-1600x2400.webp 1600w\" sizes=\"(max-width: 1800px) 100vw, 1800px\" \/><\/figure>\n<\/div>\n<\/div>\n\n\n\n<h3 class=\"wp-block-heading\">Par\u00e1metros de la maceta seca de hoja de loto japon\u00e9s<\/h3>\n\n\n\n<figure class=\"wp-block-table\"><table class=\"has-fixed-layout\"><tbody><tr><td>Nombre del producto<\/td><td>Talla&nbsp;<\/td><td>Material<\/td><td>PCS\/CTN<\/td><td>G.W.(kg)<\/td><td>Tama\u00f1o de la caja<\/td><\/tr><tr><td rowspan=\"3\">Hoja de loto japon\u00e9s Maceta seca<\/td><td>18CM<\/td><td>Acero inoxidable trilaminado&nbsp;<\/td><td>20<\/td><td>11,2 kg<\/td><td>24*24*22<\/td><\/tr><tr><td>22CM<\/td><td>Acero inoxidable trilaminado&nbsp;<\/td><td>20<\/td><td>15,7 kg<\/td><td>29*29*26<\/td><\/tr><tr><td>26CM<\/td><td>Acero inoxidable trilaminado&nbsp;<\/td><td>20<\/td><td>19 kg<\/td><td>31*31*27.5<\/td><\/tr><\/tbody><\/table><\/figure>","protected":false},"excerpt":{"rendered":"<p>Al por mayor de hoja de loto japonesa olla seca, imita la belleza natural de la hoja de loto, hecho de acero inoxidable de alta calidad triply, tiene una excelente conservaci\u00f3n del calor y el efecto de calentamiento uniforme, es una opci\u00f3n ideal para saltear, cocinar mariscos, olla caliente, el apoyo de OEM y ODM, bienvenido a la orden a granel.<\/p>\n<h2>Caracter\u00edsticas y beneficios de la hoja de loto japon\u00e9s en maceta seca<\/h2>\n<p><strong>Dise\u00f1o est\u00e9tico \u00fanico:<\/strong> Su aspecto de hoja de loto le confiere un aire elegante y tradicional japon\u00e9s, que realza la experiencia gastron\u00f3mica y resulta perfecto para su uso en restaurantes.<\/p>\n<p><strong>Materiales de alta calidad y durabilidad:<\/strong> Fabricada en acero inoxidable triple de alta calidad, est\u00e1 martillada para garantizar una estructura duradera y proporciona una excelente retenci\u00f3n del calor y una distribuci\u00f3n uniforme del mismo.<\/p>\n<p><strong>M\u00faltiples opciones de tama\u00f1o:<\/strong> Esta olla seca est\u00e1 disponible en varios tama\u00f1os, de 18 cm a 26 cm, para satisfacer diversas necesidades de raciones, desde raciones individuales a grupos grandes.<\/p>\n<p><strong>Ideal para la venta al por mayor y la personalizaci\u00f3n:<\/strong> Admite la personalizaci\u00f3n OEM y ODM, lo que permite marcar, ajustar el tama\u00f1o y grabar el logotipo, y ofrece precios de f\u00e1brica, lo que la convierte en una excelente opci\u00f3n para restaurantes, hoteles, empresas de catering y minoristas de menaje de cocina.<\/p>","protected":false},"featured_media":5215,"comment_status":"closed","ping_status":"closed","template":"","meta":[],"product_brand":[],"product_cat":[65],"product_tag":[],"class_list":{"0":"post-5214","1":"product","2":"type-product","3":"status-publish","4":"has-post-thumbnail","6":"product_cat-dry-pot","8":"first","9":"instock","10":"shipping-taxable","11":"product-type-simple"},"_links":{"self":[{"href":"https:\/\/www.hg-cooker.com\/es\/wp-json\/wp\/v2\/product\/5214","targetHints":{"allow":["GET"]}}],"collection":[{"href":"https:\/\/www.hg-cooker.com\/es\/wp-json\/wp\/v2\/product"}],"about":[{"href":"https:\/\/www.hg-cooker.com\/es\/wp-json\/wp\/v2\/types\/product"}],"replies":[{"embeddable":true,"href":"https:\/\/www.hg-cooker.com\/es\/wp-json\/wp\/v2\/comments?post=5214"}],"wp:featuredmedia":[{"embeddable":true,"href":"https:\/\/www.hg-cooker.com\/es\/wp-json\/wp\/v2\/media\/5215"}],"wp:attachment":[{"href":"https:\/\/www.hg-cooker.com\/es\/wp-json\/wp\/v2\/media?parent=5214"}],"wp:term":[{"taxonomy":"product_brand","embeddable":true,"href":"https:\/\/www.hg-cooker.com\/es\/wp-json\/wp\/v2\/product_brand?post=5214"},{"taxonomy":"product_cat","embeddable":true,"href":"https:\/\/www.hg-cooker.com\/es\/wp-json\/wp\/v2\/product_cat?post=5214"},{"taxonomy":"product_tag","embeddable":true,"href":"https:\/\/www.hg-cooker.com\/es\/wp-json\/wp\/v2\/product_tag?post=5214"}],"curies":[{"name":"wp","href":"https:\/\/api.w.org\/{rel}","templated":true}]}}