{"id":5204,"date":"2025-04-02T02:38:05","date_gmt":"2025-04-02T02:38:05","guid":{"rendered":"https:\/\/www.hg-cooker.com\/?post_type=product&#038;p=5204"},"modified":"2025-04-02T03:02:02","modified_gmt":"2025-04-02T03:02:02","slug":"olla-de-leche-hirviendo-de-acero-inoxidable-al-por-mayor-61","status":"publish","type":"product","link":"https:\/\/www.hg-cooker.com\/es\/producto\/olla-de-leche-hirviendo-de-acero-inoxidable-al-por-mayor-61\/","title":{"rendered":"Mayorista Olla Seca Estilo Tailand\u00e9s, Olla de Cocci\u00f3n R\u00e1pida, Olla para Marisco, Apta para Estufas de Alcohol y Cocinas de Inducci\u00f3n"},"content":{"rendered":"<h3 class=\"wp-block-heading\">Detalles de la olla seca al estilo tailand\u00e9s<\/h3>\n\n\n\n<div class=\"wp-block-columns is-layout-flex wp-container-core-columns-is-layout-9d6595d7 wp-block-columns-is-layout-flex\">\n<div class=\"wp-block-column is-layout-flow wp-block-column-is-layout-flow\">\n<figure class=\"wp-block-image size-full\"><img fetchpriority=\"high\" decoding=\"async\" width=\"1600\" height=\"2400\" src=\"https:\/\/www.hg-cooker.com\/wp-content\/uploads\/2025\/04\/Thai-Style-Dry-Pot-Details-1.webp\" alt=\"Detalles de la olla seca al estilo tailand\u00e9s (1)\" class=\"wp-image-5205\" srcset=\"https:\/\/www.hg-cooker.com\/wp-content\/uploads\/2025\/04\/Thai-Style-Dry-Pot-Details-1.webp 1600w, https:\/\/www.hg-cooker.com\/wp-content\/uploads\/2025\/04\/Thai-Style-Dry-Pot-Details-1-100x150.webp 100w, https:\/\/www.hg-cooker.com\/wp-content\/uploads\/2025\/04\/Thai-Style-Dry-Pot-Details-1-440x660.webp 440w, https:\/\/www.hg-cooker.com\/wp-content\/uploads\/2025\/04\/Thai-Style-Dry-Pot-Details-1-200x300.webp 200w, https:\/\/www.hg-cooker.com\/wp-content\/uploads\/2025\/04\/Thai-Style-Dry-Pot-Details-1-768x1152.webp 768w, https:\/\/www.hg-cooker.com\/wp-content\/uploads\/2025\/04\/Thai-Style-Dry-Pot-Details-1-8x12.webp 8w, https:\/\/www.hg-cooker.com\/wp-content\/uploads\/2025\/04\/Thai-Style-Dry-Pot-Details-1-285x428.webp 285w\" sizes=\"(max-width: 1600px) 100vw, 1600px\" \/><\/figure>\n<\/div>\n\n\n\n<div class=\"wp-block-column is-layout-flow wp-block-column-is-layout-flow\">\n<figure class=\"wp-block-image size-full\"><img decoding=\"async\" width=\"1600\" height=\"2400\" src=\"https:\/\/www.hg-cooker.com\/wp-content\/uploads\/2025\/04\/Thai-Style-Dry-Pot-Details-2.webp\" alt=\"Detalles de la olla seca al estilo tailand\u00e9s (2)\" class=\"wp-image-5206\" srcset=\"https:\/\/www.hg-cooker.com\/wp-content\/uploads\/2025\/04\/Thai-Style-Dry-Pot-Details-2.webp 1600w, https:\/\/www.hg-cooker.com\/wp-content\/uploads\/2025\/04\/Thai-Style-Dry-Pot-Details-2-100x150.webp 100w, https:\/\/www.hg-cooker.com\/wp-content\/uploads\/2025\/04\/Thai-Style-Dry-Pot-Details-2-440x660.webp 440w, https:\/\/www.hg-cooker.com\/wp-content\/uploads\/2025\/04\/Thai-Style-Dry-Pot-Details-2-200x300.webp 200w, https:\/\/www.hg-cooker.com\/wp-content\/uploads\/2025\/04\/Thai-Style-Dry-Pot-Details-2-768x1152.webp 768w, https:\/\/www.hg-cooker.com\/wp-content\/uploads\/2025\/04\/Thai-Style-Dry-Pot-Details-2-8x12.webp 8w, https:\/\/www.hg-cooker.com\/wp-content\/uploads\/2025\/04\/Thai-Style-Dry-Pot-Details-2-285x428.webp 285w\" sizes=\"(max-width: 1600px) 100vw, 1600px\" \/><\/figure>\n<\/div>\n<\/div>\n\n\n\n<h3 class=\"wp-block-heading\">Par\u00e1metros de la olla seca al estilo tailand\u00e9s<\/h3>\n\n\n\n<figure class=\"wp-block-table\"><table class=\"has-fixed-layout\"><tbody><tr><td>Nombre del producto<\/td><td>Talla&nbsp;<\/td><td>Material<\/td><td>PCS\/CTN<\/td><td>G.W.(kg)<\/td><td>Tama\u00f1o de la caja<\/td><\/tr><tr><td rowspan=\"6\">Pote seco con asa estilo tailand\u00e9s y textura de copo de nieve<\/td><td>18CM<\/td><td>Acero inoxidable trilaminado&nbsp;<\/td><td>20<\/td><td>11,4 kg<\/td><td>41.5*23*27.5<\/td><\/tr><tr><td>20CM<\/td><td>Acero inoxidable trilaminado&nbsp;<\/td><td>20<\/td><td>13,4 kg<\/td><td>45*24.5*30<\/td><\/tr><tr><td>22CM<\/td><td>Acero inoxidable trilaminado&nbsp;<\/td><td>20<\/td><td>16 kg<\/td><td>53*27*31<\/td><\/tr><tr><td>24CM<\/td><td>Acero inoxidable trilaminado&nbsp;<\/td><td>20<\/td><td>18,8 kg<\/td><td>59*29.5*33<\/td><\/tr><tr><td>26CM<\/td><td>Acero inoxidable trilaminado&nbsp;<\/td><td>20<\/td><td>21,4 kg<\/td><td>67.5*34*31.5<\/td><\/tr><tr><td>28CM<\/td><td>Acero inoxidable trilaminado&nbsp;<\/td><td>20<\/td><td>24,8 kg<\/td><td>61.5*32*35.5<\/td><\/tr><\/tbody><\/table><\/figure>","protected":false},"excerpt":{"rendered":"<p>Olla seca estilo tailand\u00e9s al por mayor, nuestra olla seca estilo tailand\u00e9s de primera calidad est\u00e1 disponible en varios tama\u00f1os y est\u00e1 fabricada con acero inoxidable triple, lo que garantiza una excelente distribuci\u00f3n del calor y durabilidad. Apta para cocinas de gas, inducci\u00f3n y llamas abiertas. Ideal para cocinar marisco, carne y verduras. Compatible con oem y odm, p\u00f3ngase en contacto con nosotros para obtener un presupuesto.<\/p>\n<h2>Caracter\u00edsticas y ventajas de la olla seca al estilo tailand\u00e9s<\/h2>\n<p><strong>Dise\u00f1o bonito y pr\u00e1ctico:<\/strong> Con su bonita superficie martillada y su mango dorado, es m\u00e1s agradable est\u00e9ticamente y m\u00e1s f\u00e1cil de sujetar, lo que mejora la experiencia culinaria.<\/p>\n<p><strong>Funciones de cocci\u00f3n vers\u00e1tiles:<\/strong> Vers\u00e1til para cocinas de inducci\u00f3n, placas de gas y llamas, lo que la hace apta para el hogar y la restauraci\u00f3n.<\/p>\n<p><strong>Calefacci\u00f3n eficaz:<\/strong> Es capaz de calentarse r\u00e1pidamente, reduciendo el tiempo de cocci\u00f3n y haci\u00e9ndola m\u00e1s eficaz a la hora de cocinar deliciosos alimentos.<\/p>\n<p><strong>M\u00faltiples opciones de tama\u00f1o:<\/strong> Disponemos de diferentes tama\u00f1os, de 18 cm a 28 cm, para satisfacer las necesidades de capacidad desde cocinas dom\u00e9sticas hasta restaurantes.<\/p>\n<p><strong>Servicios OEM y ODM:<\/strong> Ofrecen personalizaci\u00f3n OEM y ODM, incluido el tama\u00f1o, e impresi\u00f3n de logotipos, lo que supone una gran elecci\u00f3n para restaurantes, hoteles, empresas de catering y minoristas de menaje de cocina.<\/p>","protected":false},"featured_media":5207,"comment_status":"closed","ping_status":"closed","template":"","meta":[],"product_brand":[],"product_cat":[65],"product_tag":[],"class_list":{"0":"post-5204","1":"product","2":"type-product","3":"status-publish","4":"has-post-thumbnail","6":"product_cat-dry-pot","8":"first","9":"instock","10":"shipping-taxable","11":"product-type-simple"},"_links":{"self":[{"href":"https:\/\/www.hg-cooker.com\/es\/wp-json\/wp\/v2\/product\/5204","targetHints":{"allow":["GET"]}}],"collection":[{"href":"https:\/\/www.hg-cooker.com\/es\/wp-json\/wp\/v2\/product"}],"about":[{"href":"https:\/\/www.hg-cooker.com\/es\/wp-json\/wp\/v2\/types\/product"}],"replies":[{"embeddable":true,"href":"https:\/\/www.hg-cooker.com\/es\/wp-json\/wp\/v2\/comments?post=5204"}],"wp:featuredmedia":[{"embeddable":true,"href":"https:\/\/www.hg-cooker.com\/es\/wp-json\/wp\/v2\/media\/5207"}],"wp:attachment":[{"href":"https:\/\/www.hg-cooker.com\/es\/wp-json\/wp\/v2\/media?parent=5204"}],"wp:term":[{"taxonomy":"product_brand","embeddable":true,"href":"https:\/\/www.hg-cooker.com\/es\/wp-json\/wp\/v2\/product_brand?post=5204"},{"taxonomy":"product_cat","embeddable":true,"href":"https:\/\/www.hg-cooker.com\/es\/wp-json\/wp\/v2\/product_cat?post=5204"},{"taxonomy":"product_tag","embeddable":true,"href":"https:\/\/www.hg-cooker.com\/es\/wp-json\/wp\/v2\/product_tag?post=5204"}],"curies":[{"name":"wp","href":"https:\/\/api.w.org\/{rel}","templated":true}]}}