{"id":5196,"date":"2025-04-02T01:42:40","date_gmt":"2025-04-02T01:42:40","guid":{"rendered":"https:\/\/www.hg-cooker.com\/?post_type=product&#038;p=5196"},"modified":"2025-04-02T02:25:52","modified_gmt":"2025-04-02T02:25:52","slug":"olla-de-leche-hirviendo-de-acero-inoxidable-al-por-mayor-60","status":"publish","type":"product","link":"https:\/\/www.hg-cooker.com\/es\/producto\/olla-de-leche-hirviendo-de-acero-inoxidable-al-por-mayor-60\/","title":{"rendered":"Mayorista Sart\u00e9n Seca Estilo Tailand\u00e9s, Sart\u00e9n, Olla para Hervir Marisco"},"content":{"rendered":"<h3 class=\"wp-block-heading\">Detalles de la Sart\u00e9n Seca al Estilo Tailand\u00e9s<\/h3>\n\n\n\n<div class=\"wp-block-columns is-layout-flex wp-container-core-columns-is-layout-9d6595d7 wp-block-columns-is-layout-flex\">\n<div class=\"wp-block-column is-layout-flow wp-block-column-is-layout-flow\">\n<figure class=\"wp-block-image size-full\"><img fetchpriority=\"high\" decoding=\"async\" width=\"2000\" height=\"3000\" src=\"https:\/\/www.hg-cooker.com\/wp-content\/uploads\/2025\/04\/Thai-Style-Dry-Pan-Details-1.webp\" alt=\"Detalles de la sart\u00e9n seca al estilo tailand\u00e9s (1)\" class=\"wp-image-5201\" srcset=\"https:\/\/www.hg-cooker.com\/wp-content\/uploads\/2025\/04\/Thai-Style-Dry-Pan-Details-1.webp 2000w, https:\/\/www.hg-cooker.com\/wp-content\/uploads\/2025\/04\/Thai-Style-Dry-Pan-Details-1-100x150.webp 100w, https:\/\/www.hg-cooker.com\/wp-content\/uploads\/2025\/04\/Thai-Style-Dry-Pan-Details-1-440x660.webp 440w, https:\/\/www.hg-cooker.com\/wp-content\/uploads\/2025\/04\/Thai-Style-Dry-Pan-Details-1-200x300.webp 200w, https:\/\/www.hg-cooker.com\/wp-content\/uploads\/2025\/04\/Thai-Style-Dry-Pan-Details-1-768x1152.webp 768w, https:\/\/www.hg-cooker.com\/wp-content\/uploads\/2025\/04\/Thai-Style-Dry-Pan-Details-1-8x12.webp 8w, https:\/\/www.hg-cooker.com\/wp-content\/uploads\/2025\/04\/Thai-Style-Dry-Pan-Details-1-285x428.webp 285w, https:\/\/www.hg-cooker.com\/wp-content\/uploads\/2025\/04\/Thai-Style-Dry-Pan-Details-1-1600x2400.webp 1600w\" sizes=\"(max-width: 2000px) 100vw, 2000px\" \/><\/figure>\n<\/div>\n\n\n\n<div class=\"wp-block-column is-layout-flow wp-block-column-is-layout-flow\">\n<figure class=\"wp-block-image size-full\"><img decoding=\"async\" width=\"2000\" height=\"3000\" src=\"https:\/\/www.hg-cooker.com\/wp-content\/uploads\/2025\/04\/Thai-Style-Dry-Pan-Details-2.webp\" alt=\"Detalles de la sart\u00e9n seca al estilo tailand\u00e9s (2)\" class=\"wp-image-5202\" srcset=\"https:\/\/www.hg-cooker.com\/wp-content\/uploads\/2025\/04\/Thai-Style-Dry-Pan-Details-2.webp 2000w, https:\/\/www.hg-cooker.com\/wp-content\/uploads\/2025\/04\/Thai-Style-Dry-Pan-Details-2-100x150.webp 100w, https:\/\/www.hg-cooker.com\/wp-content\/uploads\/2025\/04\/Thai-Style-Dry-Pan-Details-2-440x660.webp 440w, https:\/\/www.hg-cooker.com\/wp-content\/uploads\/2025\/04\/Thai-Style-Dry-Pan-Details-2-200x300.webp 200w, https:\/\/www.hg-cooker.com\/wp-content\/uploads\/2025\/04\/Thai-Style-Dry-Pan-Details-2-768x1152.webp 768w, https:\/\/www.hg-cooker.com\/wp-content\/uploads\/2025\/04\/Thai-Style-Dry-Pan-Details-2-8x12.webp 8w, https:\/\/www.hg-cooker.com\/wp-content\/uploads\/2025\/04\/Thai-Style-Dry-Pan-Details-2-285x428.webp 285w, https:\/\/www.hg-cooker.com\/wp-content\/uploads\/2025\/04\/Thai-Style-Dry-Pan-Details-2-1600x2400.webp 1600w\" sizes=\"(max-width: 2000px) 100vw, 2000px\" \/><\/figure>\n<\/div>\n<\/div>\n\n\n\n<h3 class=\"wp-block-heading\">Par\u00e1metros de la maceta seca japonesa<\/h3>\n\n\n\n<figure class=\"wp-block-table\"><table class=\"has-fixed-layout\"><tbody><tr><td>Nombre del producto<\/td><td>Talla&nbsp;<\/td><td>Material<\/td><td>PCS\/CTN<\/td><td>G.W.(kg)<\/td><td>Tama\u00f1o de la caja<\/td><\/tr><tr><td rowspan=\"8\">Sart\u00e9n Seca Redonda Estilo Tailand\u00e9s Textura Copo de Nieve<\/td><td>18CM<\/td><td>Acero inoxidable trilaminado&nbsp;<\/td><td>20<\/td><td>10,9 kg<\/td><td>38.5*20.5*24<\/td><\/tr><tr><td>20CM<\/td><td>Acero inoxidable trilaminado&nbsp;<\/td><td>20<\/td><td>12,5 kg<\/td><td>43*31.5*26.5<\/td><\/tr><tr><td>22CM<\/td><td>Acero inoxidable trilaminado&nbsp;<\/td><td>20<\/td><td>14,5 kg<\/td><td>46.5*24*27<\/td><\/tr><tr><td>24CM<\/td><td>Acero inoxidable trilaminado&nbsp;<\/td><td>20<\/td><td>17,5 kg<\/td><td>51.5*25.5*28<\/td><\/tr><tr><td>26CM<\/td><td>Acero inoxidable trilaminado&nbsp;<\/td><td>20<\/td><td>19 kg<\/td><td>55.5*28.5*28<\/td><\/tr><tr><td>28CM<\/td><td>Acero inoxidable trilaminado&nbsp;<\/td><td>20<\/td><td>21,7 kg<\/td><td>58.5*29.5*28<\/td><\/tr><tr><td>30 CM<\/td><td>Acero inoxidable trilaminado&nbsp;<\/td><td>20<\/td><td>24,3 kg<\/td><td>63*32*30<\/td><\/tr><tr><td>32CM<\/td><td>Acero inoxidable trilaminado&nbsp;<\/td><td>20<\/td><td>26,9 kg<\/td><td>67*34.5*28.5<\/td><\/tr><\/tbody><\/table><\/figure>\n\n\n\n<div class=\"wp-block-columns is-layout-flex wp-container-core-columns-is-layout-9d6595d7 wp-block-columns-is-layout-flex\">\n<div class=\"wp-block-column is-layout-flow wp-block-column-is-layout-flow\"><\/div>\n\n\n\n<div class=\"wp-block-column is-layout-flow wp-block-column-is-layout-flow\"><\/div>\n\n\n\n<div class=\"wp-block-column is-layout-flow wp-block-column-is-layout-flow\"><\/div>\n<\/div>\n\n\n\n<div class=\"wp-block-columns is-layout-flex wp-container-core-columns-is-layout-9d6595d7 wp-block-columns-is-layout-flex\">\n<div class=\"wp-block-column is-layout-flow wp-block-column-is-layout-flow\"><\/div>\n\n\n\n<div class=\"wp-block-column is-layout-flow wp-block-column-is-layout-flow\"><\/div>\n\n\n\n<div class=\"wp-block-column is-layout-flow wp-block-column-is-layout-flow\"><\/div>\n<\/div>\n\n\n\n<div class=\"wp-block-columns is-layout-flex wp-container-core-columns-is-layout-9d6595d7 wp-block-columns-is-layout-flex\">\n<div class=\"wp-block-column is-layout-flow wp-block-column-is-layout-flow\"><\/div>\n\n\n\n<div class=\"wp-block-column is-layout-flow wp-block-column-is-layout-flow\"><\/div>\n\n\n\n<div class=\"wp-block-column is-layout-flow wp-block-column-is-layout-flow\"><\/div>\n<\/div>\n\n\n\n<div class=\"wp-block-columns is-layout-flex wp-container-core-columns-is-layout-9d6595d7 wp-block-columns-is-layout-flex\">\n<div class=\"wp-block-column is-layout-flow wp-block-column-is-layout-flow\"><\/div>\n\n\n\n<div class=\"wp-block-column is-layout-flow wp-block-column-is-layout-flow\"><\/div>\n\n\n\n<div class=\"wp-block-column is-layout-flow wp-block-column-is-layout-flow\"><\/div>\n<\/div>\n\n\n\n<div class=\"wp-block-columns is-layout-flex wp-container-core-columns-is-layout-9d6595d7 wp-block-columns-is-layout-flex\">\n<div class=\"wp-block-column is-layout-flow wp-block-column-is-layout-flow\"><\/div>\n\n\n\n<div class=\"wp-block-column is-layout-flow wp-block-column-is-layout-flow\"><\/div>\n\n\n\n<div class=\"wp-block-column is-layout-flow wp-block-column-is-layout-flow\"><\/div>\n<\/div>\n\n\n\n<div class=\"wp-block-columns is-layout-flex wp-container-core-columns-is-layout-9d6595d7 wp-block-columns-is-layout-flex\">\n<div class=\"wp-block-column is-layout-flow wp-block-column-is-layout-flow\"><\/div>\n\n\n\n<div class=\"wp-block-column is-layout-flow wp-block-column-is-layout-flow\"><\/div>\n\n\n\n<div class=\"wp-block-column is-layout-flow wp-block-column-is-layout-flow\"><\/div>\n<\/div>\n\n\n\n<div class=\"wp-block-columns is-layout-flex wp-container-core-columns-is-layout-9d6595d7 wp-block-columns-is-layout-flex\">\n<div class=\"wp-block-column is-layout-flow wp-block-column-is-layout-flow\"><\/div>\n\n\n\n<div class=\"wp-block-column is-layout-flow wp-block-column-is-layout-flow\"><\/div>\n\n\n\n<div class=\"wp-block-column is-layout-flow wp-block-column-is-layout-flow\"><\/div>\n<\/div>","protected":false},"excerpt":{"rendered":"<p>Sart\u00e9n al por mayor de estilo tailand\u00e9s, varios tama\u00f1os disponibles, adecuado para cocinas dom\u00e9sticas, restaurantes y cocina al aire libre. \u00a1Seleccionado material de acero inoxidable de alta calidad triply, conducci\u00f3n r\u00e1pida del calor y calentamiento uniforme, apoyamos la personalizaci\u00f3n OEM y ODM, bienvenido a comprar a granel!<\/p>\n<h2>Caracter\u00edsticas y ventajas de la sart\u00e9n seca estilo tailand\u00e9s<\/h2>\n<p><strong>Materiales de alta calidad y durabilidad:<\/strong> La Sart\u00e9n Seca Estilo Tailand\u00e9s est\u00e1 fabricada con acero inoxidable triple, que tiene una durabilidad superior y resuelve de ra\u00edz el problema de la f\u00e1cil deformaci\u00f3n y la conducci\u00f3n desigual del calor de las ollas tradicionales de una sola capa.<\/p>\n<p><strong>M\u00faltiples opciones de tama\u00f1o:<\/strong> Hay sartenes de varios tama\u00f1os para satisfacer f\u00e1cilmente las necesidades culinarias de familias y restaurantes, y pueden utilizarse para fre\u00edr, saltear, hornear y otros tipos de cocci\u00f3n.<\/p>\n<p><strong>Mejora est\u00e9tica:<\/strong> La apariencia tiene una elegante textura de copo de nieve, y el dise\u00f1o \u00fanico lo convierte en una caracter\u00edstica de restaurante, atrayendo a los usuarios, de modo que el dise\u00f1o est\u00e9tico realmente sirve a la experiencia culinaria.<\/p>\n<p><strong>F\u00e1cil de limpiar:<\/strong> Los residuos de alimentos no se adhieren f\u00e1cilmente a la superficie del menaje, lo que resulta m\u00e1s c\u00f3modo de limpiar, reduce la carga de la limpieza diaria y es m\u00e1s adecuado para su uso en restaurantes.<\/p>","protected":false},"featured_media":5197,"comment_status":"closed","ping_status":"closed","template":"","meta":[],"product_brand":[],"product_cat":[65],"product_tag":[],"class_list":{"0":"post-5196","1":"product","2":"type-product","3":"status-publish","4":"has-post-thumbnail","6":"product_cat-dry-pot","8":"first","9":"instock","10":"shipping-taxable","11":"product-type-simple"},"_links":{"self":[{"href":"https:\/\/www.hg-cooker.com\/es\/wp-json\/wp\/v2\/product\/5196","targetHints":{"allow":["GET"]}}],"collection":[{"href":"https:\/\/www.hg-cooker.com\/es\/wp-json\/wp\/v2\/product"}],"about":[{"href":"https:\/\/www.hg-cooker.com\/es\/wp-json\/wp\/v2\/types\/product"}],"replies":[{"embeddable":true,"href":"https:\/\/www.hg-cooker.com\/es\/wp-json\/wp\/v2\/comments?post=5196"}],"wp:featuredmedia":[{"embeddable":true,"href":"https:\/\/www.hg-cooker.com\/es\/wp-json\/wp\/v2\/media\/5197"}],"wp:attachment":[{"href":"https:\/\/www.hg-cooker.com\/es\/wp-json\/wp\/v2\/media?parent=5196"}],"wp:term":[{"taxonomy":"product_brand","embeddable":true,"href":"https:\/\/www.hg-cooker.com\/es\/wp-json\/wp\/v2\/product_brand?post=5196"},{"taxonomy":"product_cat","embeddable":true,"href":"https:\/\/www.hg-cooker.com\/es\/wp-json\/wp\/v2\/product_cat?post=5196"},{"taxonomy":"product_tag","embeddable":true,"href":"https:\/\/www.hg-cooker.com\/es\/wp-json\/wp\/v2\/product_tag?post=5196"}],"curies":[{"name":"wp","href":"https:\/\/api.w.org\/{rel}","templated":true}]}}