{"id":5187,"date":"2025-04-01T14:39:59","date_gmt":"2025-04-01T14:39:59","guid":{"rendered":"https:\/\/www.hg-cooker.com\/?post_type=product&#038;p=5187"},"modified":"2025-04-01T15:36:26","modified_gmt":"2025-04-01T15:36:26","slug":"olla-de-leche-hirviendo-de-acero-inoxidable-al-por-mayor-59","status":"publish","type":"product","link":"https:\/\/www.hg-cooker.com\/es\/producto\/olla-de-leche-hirviendo-de-acero-inoxidable-al-por-mayor-59\/","title":{"rendered":"Mayorista Olla Japonesa Seca con Mango F\u00e1cil de Agarrar, Olla Caliente, Olla Oden, Estofado del Ej\u00e9rcito"},"content":{"rendered":"<h3 class=\"wp-block-heading\">Detalles de la olla seca japonesa con asa de f\u00e1cil agarre<\/h3>\n\n\n\n<div class=\"wp-block-columns is-layout-flex wp-container-core-columns-is-layout-9d6595d7 wp-block-columns-is-layout-flex\">\n<div class=\"wp-block-column is-layout-flow wp-block-column-is-layout-flow\">\n<figure class=\"wp-block-image size-full\"><img fetchpriority=\"high\" decoding=\"async\" width=\"1300\" height=\"1706\" src=\"https:\/\/www.hg-cooker.com\/wp-content\/uploads\/2025\/04\/Japanese-Dry-Pot-Details-1-1.webp\" alt=\"Detalles de la maceta seca japonesa (1)\" class=\"wp-image-5194\" srcset=\"https:\/\/www.hg-cooker.com\/wp-content\/uploads\/2025\/04\/Japanese-Dry-Pot-Details-1-1.webp 1300w, https:\/\/www.hg-cooker.com\/wp-content\/uploads\/2025\/04\/Japanese-Dry-Pot-Details-1-1-114x150.webp 114w, https:\/\/www.hg-cooker.com\/wp-content\/uploads\/2025\/04\/Japanese-Dry-Pot-Details-1-1-503x660.webp 503w, https:\/\/www.hg-cooker.com\/wp-content\/uploads\/2025\/04\/Japanese-Dry-Pot-Details-1-1-229x300.webp 229w, https:\/\/www.hg-cooker.com\/wp-content\/uploads\/2025\/04\/Japanese-Dry-Pot-Details-1-1-768x1008.webp 768w, https:\/\/www.hg-cooker.com\/wp-content\/uploads\/2025\/04\/Japanese-Dry-Pot-Details-1-1-9x12.webp 9w, https:\/\/www.hg-cooker.com\/wp-content\/uploads\/2025\/04\/Japanese-Dry-Pot-Details-1-1-285x374.webp 285w\" sizes=\"(max-width: 1300px) 100vw, 1300px\" \/><\/figure>\n<\/div>\n\n\n\n<div class=\"wp-block-column is-layout-flow wp-block-column-is-layout-flow\">\n<figure class=\"wp-block-image size-full\"><img decoding=\"async\" width=\"1300\" height=\"1706\" src=\"https:\/\/www.hg-cooker.com\/wp-content\/uploads\/2025\/04\/Japanese-Dry-Pot-Details-2-1.webp\" alt=\"Detalles de la maceta seca japonesa (2)\" class=\"wp-image-5195\" srcset=\"https:\/\/www.hg-cooker.com\/wp-content\/uploads\/2025\/04\/Japanese-Dry-Pot-Details-2-1.webp 1300w, https:\/\/www.hg-cooker.com\/wp-content\/uploads\/2025\/04\/Japanese-Dry-Pot-Details-2-1-114x150.webp 114w, https:\/\/www.hg-cooker.com\/wp-content\/uploads\/2025\/04\/Japanese-Dry-Pot-Details-2-1-503x660.webp 503w, https:\/\/www.hg-cooker.com\/wp-content\/uploads\/2025\/04\/Japanese-Dry-Pot-Details-2-1-229x300.webp 229w, https:\/\/www.hg-cooker.com\/wp-content\/uploads\/2025\/04\/Japanese-Dry-Pot-Details-2-1-768x1008.webp 768w, https:\/\/www.hg-cooker.com\/wp-content\/uploads\/2025\/04\/Japanese-Dry-Pot-Details-2-1-9x12.webp 9w, https:\/\/www.hg-cooker.com\/wp-content\/uploads\/2025\/04\/Japanese-Dry-Pot-Details-2-1-285x374.webp 285w\" sizes=\"(max-width: 1300px) 100vw, 1300px\" \/><\/figure>\n<\/div>\n<\/div>\n\n\n\n<h3 class=\"wp-block-heading\">Par\u00e1metros de la maceta seca japonesa<\/h3>\n\n\n\n<figure class=\"wp-block-table\"><table class=\"has-fixed-layout\"><tbody><tr><td>Nombre del producto<\/td><td>Talla&nbsp;<\/td><td>Material<\/td><td>PCS\/CTN<\/td><td>G.W.(kg)<\/td><td>Tama\u00f1o de la caja<\/td><\/tr><tr><td rowspan=\"6\">Olla seca japonesa con asa de f\u00e1cil agarre<\/td><td>18CM<\/td><td>Acero inoxidable trilaminado&nbsp;<\/td><td>20<\/td><td>11,4 kg<\/td><td>41.5*23*27.5<\/td><\/tr><tr><td>20CM<\/td><td>Acero inoxidable trilaminado&nbsp;<\/td><td>20<\/td><td>13 kg<\/td><td>45*24.5*30<\/td><\/tr><tr><td>22CM<\/td><td>Acero inoxidable trilaminado&nbsp;<\/td><td>20<\/td><td>16 kg<\/td><td>53*27*31<\/td><\/tr><tr><td>24CM<\/td><td>Acero inoxidable trilaminado&nbsp;<\/td><td>20<\/td><td>18 kg<\/td><td>59*29.5*33<\/td><\/tr><tr><td>26CM<\/td><td>Acero inoxidable trilaminado&nbsp;<\/td><td>20<\/td><td>21 kg<\/td><td>67.5*34*31.5<\/td><\/tr><tr><td>28CM<\/td><td>Acero inoxidable trilaminado&nbsp;<\/td><td>20<\/td><td>24,2 kg<\/td><td>61.5*32*35.5<\/td><\/tr><\/tbody><\/table><\/figure>\n\n\n\n<div class=\"wp-block-columns is-layout-flex wp-container-core-columns-is-layout-9d6595d7 wp-block-columns-is-layout-flex\">\n<div class=\"wp-block-column is-layout-flow wp-block-column-is-layout-flow\"><\/div>\n\n\n\n<div class=\"wp-block-column is-layout-flow wp-block-column-is-layout-flow\"><\/div>\n\n\n\n<div class=\"wp-block-column is-layout-flow wp-block-column-is-layout-flow\"><\/div>\n<\/div>\n\n\n\n<div class=\"wp-block-columns is-layout-flex wp-container-core-columns-is-layout-9d6595d7 wp-block-columns-is-layout-flex\">\n<div class=\"wp-block-column is-layout-flow wp-block-column-is-layout-flow\"><\/div>\n\n\n\n<div class=\"wp-block-column is-layout-flow wp-block-column-is-layout-flow\"><\/div>\n\n\n\n<div class=\"wp-block-column is-layout-flow wp-block-column-is-layout-flow\"><\/div>\n<\/div>\n\n\n\n<div class=\"wp-block-columns is-layout-flex wp-container-core-columns-is-layout-9d6595d7 wp-block-columns-is-layout-flex\">\n<div class=\"wp-block-column is-layout-flow wp-block-column-is-layout-flow\"><\/div>\n\n\n\n<div class=\"wp-block-column is-layout-flow wp-block-column-is-layout-flow\"><\/div>\n\n\n\n<div class=\"wp-block-column is-layout-flow wp-block-column-is-layout-flow\"><\/div>\n<\/div>\n\n\n\n<div class=\"wp-block-columns is-layout-flex wp-container-core-columns-is-layout-9d6595d7 wp-block-columns-is-layout-flex\">\n<div class=\"wp-block-column is-layout-flow wp-block-column-is-layout-flow\"><\/div>\n\n\n\n<div class=\"wp-block-column is-layout-flow wp-block-column-is-layout-flow\"><\/div>\n\n\n\n<div class=\"wp-block-column is-layout-flow wp-block-column-is-layout-flow\"><\/div>\n<\/div>\n\n\n\n<div class=\"wp-block-columns is-layout-flex wp-container-core-columns-is-layout-9d6595d7 wp-block-columns-is-layout-flex\">\n<div class=\"wp-block-column is-layout-flow wp-block-column-is-layout-flow\"><\/div>\n\n\n\n<div class=\"wp-block-column is-layout-flow wp-block-column-is-layout-flow\"><\/div>\n\n\n\n<div class=\"wp-block-column is-layout-flow wp-block-column-is-layout-flow\"><\/div>\n<\/div>\n\n\n\n<div class=\"wp-block-columns is-layout-flex wp-container-core-columns-is-layout-9d6595d7 wp-block-columns-is-layout-flex\">\n<div class=\"wp-block-column is-layout-flow wp-block-column-is-layout-flow\"><\/div>\n\n\n\n<div class=\"wp-block-column is-layout-flow wp-block-column-is-layout-flow\"><\/div>\n\n\n\n<div class=\"wp-block-column is-layout-flow wp-block-column-is-layout-flow\"><\/div>\n<\/div>\n\n\n\n<div class=\"wp-block-columns is-layout-flex wp-container-core-columns-is-layout-9d6595d7 wp-block-columns-is-layout-flex\">\n<div class=\"wp-block-column is-layout-flow wp-block-column-is-layout-flow\"><\/div>\n\n\n\n<div class=\"wp-block-column is-layout-flow wp-block-column-is-layout-flow\"><\/div>\n\n\n\n<div class=\"wp-block-column is-layout-flow wp-block-column-is-layout-flow\"><\/div>\n<\/div>","protected":false},"excerpt":{"rendered":"<p>Olla seca japonesa al por mayor, acero compuesto de tres capas seleccionado, dise\u00f1o engrosado general para resistir la deformaci\u00f3n, adecuado para fre\u00edr, guisar y otros escenarios de cocci\u00f3n, proporcionar una variedad de especificaciones para elegir, apoyar OEM y ODM, p\u00f3ngase en contacto con nosotros para una cotizaci\u00f3n.<\/p>\n<h2>Caracter\u00edsticas y ventajas de la maceta seca japonesa\u00a0<\/h2>\n<p><strong>Capa comestible de acero inoxidable 304:<\/strong> La capa interior de la olla seca que entra en contacto directo con los ingredientes est\u00e1 fabricada en acero inoxidable SUS304 de calidad alimentaria y ha superado la certificaci\u00f3n internacional de seguridad alimentaria.<\/p>\n<p><strong>Aspecto exquisito:<\/strong> La capa exterior est\u00e1 hecha de acero inoxidable 430 con un patr\u00f3n de martillo \u00fanico, que mejora significativamente la sensaci\u00f3n visual de lujo, y la estructura c\u00f3ncava y convexa puede reducir eficazmente la aparici\u00f3n de ara\u00f1azos.<\/p>\n<p><strong>R\u00e1pida conducci\u00f3n del calor:<\/strong> Fabricada en acero inoxidable tricapa. Esta \"estructura de s\u00e1ndwich\" permite que el calor se difunda r\u00e1pidamente desde el fondo de la olla a la pared de la olla, lo que es 60% m\u00e1s eficiente que una olla de acero inoxidable de una sola capa.<\/p>\n<p><strong>Multifuncional:<\/strong> La olla seca es muy adecuada para diversos platos de olla caliente, como olla caliente de marisco, shabu-shabu, sukiyaki, etc. Tambi\u00e9n puede utilizarse para diversos m\u00e9todos de cocci\u00f3n, como sopa y estofado.<\/p>\n<p><strong>F\u00e1cil de limpiar:<\/strong> El dise\u00f1o sin revestimiento permite limpiarlo en el lavavajillas. Est\u00e1 fabricado \u00edntegramente en acero inoxidable, por lo que no hay que preocuparse por los golpes de esmalte o recubrimiento.<\/p>","protected":false},"featured_media":5188,"comment_status":"closed","ping_status":"closed","template":"","meta":[],"product_brand":[],"product_cat":[65],"product_tag":[],"class_list":{"0":"post-5187","1":"product","2":"type-product","3":"status-publish","4":"has-post-thumbnail","6":"product_cat-dry-pot","8":"first","9":"instock","10":"shipping-taxable","11":"product-type-simple"},"_links":{"self":[{"href":"https:\/\/www.hg-cooker.com\/es\/wp-json\/wp\/v2\/product\/5187","targetHints":{"allow":["GET"]}}],"collection":[{"href":"https:\/\/www.hg-cooker.com\/es\/wp-json\/wp\/v2\/product"}],"about":[{"href":"https:\/\/www.hg-cooker.com\/es\/wp-json\/wp\/v2\/types\/product"}],"replies":[{"embeddable":true,"href":"https:\/\/www.hg-cooker.com\/es\/wp-json\/wp\/v2\/comments?post=5187"}],"wp:featuredmedia":[{"embeddable":true,"href":"https:\/\/www.hg-cooker.com\/es\/wp-json\/wp\/v2\/media\/5188"}],"wp:attachment":[{"href":"https:\/\/www.hg-cooker.com\/es\/wp-json\/wp\/v2\/media?parent=5187"}],"wp:term":[{"taxonomy":"product_brand","embeddable":true,"href":"https:\/\/www.hg-cooker.com\/es\/wp-json\/wp\/v2\/product_brand?post=5187"},{"taxonomy":"product_cat","embeddable":true,"href":"https:\/\/www.hg-cooker.com\/es\/wp-json\/wp\/v2\/product_cat?post=5187"},{"taxonomy":"product_tag","embeddable":true,"href":"https:\/\/www.hg-cooker.com\/es\/wp-json\/wp\/v2\/product_tag?post=5187"}],"curies":[{"name":"wp","href":"https:\/\/api.w.org\/{rel}","templated":true}]}}