{"id":5127,"date":"2025-04-01T07:30:41","date_gmt":"2025-04-01T07:30:41","guid":{"rendered":"https:\/\/www.hg-cooker.com\/?post_type=product&#038;p=5127"},"modified":"2025-04-02T07:10:22","modified_gmt":"2025-04-02T07:10:22","slug":"olla-de-leche-hirviendo-de-acero-inoxidable-al-por-mayor-56","status":"publish","type":"product","link":"https:\/\/www.hg-cooker.com\/es\/producto\/olla-de-leche-hirviendo-de-acero-inoxidable-al-por-mayor-56\/","title":{"rendered":"Mayorista Olla Seca Japonesa, Olla para Hervir Marisco, Olla para Calentar Leche, Olla Ramen Instant\u00e1neo"},"content":{"rendered":"<h3 class=\"wp-block-heading\">Detalles de la maceta seca con bordes japoneses<\/h3>\n\n\n\n<div class=\"wp-block-columns is-layout-flex wp-container-core-columns-is-layout-9d6595d7 wp-block-columns-is-layout-flex\">\n<div class=\"wp-block-column is-layout-flow wp-block-column-is-layout-flow\">\n<figure class=\"wp-block-image size-full\"><img fetchpriority=\"high\" decoding=\"async\" width=\"1024\" height=\"1536\" src=\"https:\/\/www.hg-cooker.com\/wp-content\/uploads\/2025\/04\/Details-of-the-Japanese-Bordered-Dry-Pot-1.webp\" alt=\"Detalles de la maceta seca con bordes japoneses (1)\" class=\"wp-image-5177\" srcset=\"https:\/\/www.hg-cooker.com\/wp-content\/uploads\/2025\/04\/Details-of-the-Japanese-Bordered-Dry-Pot-1.webp 1024w, https:\/\/www.hg-cooker.com\/wp-content\/uploads\/2025\/04\/Details-of-the-Japanese-Bordered-Dry-Pot-1-100x150.webp 100w, https:\/\/www.hg-cooker.com\/wp-content\/uploads\/2025\/04\/Details-of-the-Japanese-Bordered-Dry-Pot-1-440x660.webp 440w, https:\/\/www.hg-cooker.com\/wp-content\/uploads\/2025\/04\/Details-of-the-Japanese-Bordered-Dry-Pot-1-200x300.webp 200w, https:\/\/www.hg-cooker.com\/wp-content\/uploads\/2025\/04\/Details-of-the-Japanese-Bordered-Dry-Pot-1-768x1152.webp 768w, https:\/\/www.hg-cooker.com\/wp-content\/uploads\/2025\/04\/Details-of-the-Japanese-Bordered-Dry-Pot-1-8x12.webp 8w, https:\/\/www.hg-cooker.com\/wp-content\/uploads\/2025\/04\/Details-of-the-Japanese-Bordered-Dry-Pot-1-285x428.webp 285w\" sizes=\"(max-width: 1024px) 100vw, 1024px\" \/><\/figure>\n<\/div>\n\n\n\n<div class=\"wp-block-column is-layout-flow wp-block-column-is-layout-flow\">\n<figure class=\"wp-block-image size-full\"><img decoding=\"async\" width=\"1024\" height=\"1536\" src=\"https:\/\/www.hg-cooker.com\/wp-content\/uploads\/2025\/04\/Details-of-the-Japanese-Bordered-Dry-Pot-2.webp\" alt=\"Detalles de la maceta seca con bordes japoneses (2)\" class=\"wp-image-5178\" srcset=\"https:\/\/www.hg-cooker.com\/wp-content\/uploads\/2025\/04\/Details-of-the-Japanese-Bordered-Dry-Pot-2.webp 1024w, https:\/\/www.hg-cooker.com\/wp-content\/uploads\/2025\/04\/Details-of-the-Japanese-Bordered-Dry-Pot-2-100x150.webp 100w, https:\/\/www.hg-cooker.com\/wp-content\/uploads\/2025\/04\/Details-of-the-Japanese-Bordered-Dry-Pot-2-440x660.webp 440w, https:\/\/www.hg-cooker.com\/wp-content\/uploads\/2025\/04\/Details-of-the-Japanese-Bordered-Dry-Pot-2-200x300.webp 200w, https:\/\/www.hg-cooker.com\/wp-content\/uploads\/2025\/04\/Details-of-the-Japanese-Bordered-Dry-Pot-2-768x1152.webp 768w, https:\/\/www.hg-cooker.com\/wp-content\/uploads\/2025\/04\/Details-of-the-Japanese-Bordered-Dry-Pot-2-8x12.webp 8w, https:\/\/www.hg-cooker.com\/wp-content\/uploads\/2025\/04\/Details-of-the-Japanese-Bordered-Dry-Pot-2-285x428.webp 285w\" sizes=\"(max-width: 1024px) 100vw, 1024px\" \/><\/figure>\n<\/div>\n<\/div>\n\n\n\n<div class=\"wp-block-columns is-layout-flex wp-container-core-columns-is-layout-9d6595d7 wp-block-columns-is-layout-flex\">\n<div class=\"wp-block-column is-layout-flow wp-block-column-is-layout-flow\">\n<h3 class=\"wp-block-heading\">Detalles de la maceta seca con bordes japoneses<\/h3>\n<\/div>\n<\/div>\n\n\n\n<figure class=\"wp-block-table\"><table class=\"has-fixed-layout\"><tbody><tr><td>Nombre del producto<\/td><td>Talla&nbsp;<\/td><td>Material<\/td><td>PCS\/CTN<\/td><td>G.W.(kg)<\/td><td>Tama\u00f1o de la caja<\/td><\/tr><tr><td rowspan=\"6\">Maceta seca con borde estilo japon\u00e9s<\/td><td>18CM<\/td><td>Acero inoxidable trilaminado&nbsp;<\/td><td>20<\/td><td>9,7 kg<\/td><td>21.5*21.5*18.5<\/td><\/tr><tr><td>20CM<\/td><td>Acero inoxidable trilaminado&nbsp;<\/td><td>20<\/td><td>11,9 kg<\/td><td>23.5*23.5*22<\/td><\/tr><tr><td>22CM<\/td><td>Acero inoxidable trilaminado&nbsp;<\/td><td>20<\/td><td>14,5 kg<\/td><td>26*26*25.5<\/td><\/tr><tr><td>24CM<\/td><td>Acero inoxidable trilaminado&nbsp;<\/td><td>20<\/td><td>16,3 kg<\/td><td>27.5*27.5*22.5<\/td><\/tr><tr><td>26CM<\/td><td>Acero inoxidable trilaminado&nbsp;<\/td><td>20<\/td><td>19,4 kg<\/td><td>29.5*29.5*29.5<\/td><\/tr><tr><td>28CM<\/td><td>Acero inoxidable trilaminado&nbsp;<\/td><td>20<\/td><td>22,3 kg<\/td><td>31.5*31.5*33<\/td><\/tr><\/tbody><\/table><\/figure>","protected":false},"excerpt":{"rendered":"<p>Mayorista de Olla Seca Japonesa con Borde, con un dise\u00f1o de borde \u00fanico, m\u00e1s f\u00e1cil de sostener. Con una estructura de acero inoxidable compuesto de tres capas, promueve eficazmente la conducci\u00f3n del calor y se puede utilizar para cocinar todo tipo de ingredientes. Es una opci\u00f3n ideal para las reuniones familiares y la hosteler\u00eda.<\/p>\n<h3>Caracter\u00edsticas y ventajas de la maceta seca con borde japon\u00e9s<\/h3>\n<p><strong>R\u00e1pida conducci\u00f3n del calor:<\/strong> Esta olla seca est\u00e1 fabricada con material de triple acero inoxidable, por lo que los alimentos pueden alcanzar la temperatura de cocci\u00f3n m\u00e1s adecuada r\u00e1pidamente y disfrutar de deliciosos alimentos con antelaci\u00f3n.<\/p>\n<p><strong>Material espesado:<\/strong> La maceta seca utiliza material espesado para que la maceta sea m\u00e1s resistente y menos propensa a sufrir da\u00f1os por colisi\u00f3n, y la vida \u00fatil del producto es m\u00e1s larga.<\/p>\n<p><strong>Amplios entornos de aplicaci\u00f3n:<\/strong> Esta olla es ampliamente aplicable a diversos entornos, como cocinas dom\u00e9sticas, restaurantes de ollas calientes, restaurantes buffet, etc., y es capaz de proporcionar un buen rendimiento de cocci\u00f3n.<\/p>\n<p><strong>Aspecto deslumbrante:<\/strong> Su magn\u00edfico aspecto hace que sea m\u00e1s bonito de ver, lo que no s\u00f3lo aporta un mejor ambiente para comer, sino que tambi\u00e9n sirve como adorno utilizado para hacer que el restaurante y la cocina sean m\u00e1s elegantes.<\/p>","protected":false},"featured_media":5251,"comment_status":"closed","ping_status":"closed","template":"","meta":[],"product_brand":[],"product_cat":[65],"product_tag":[],"class_list":{"0":"post-5127","1":"product","2":"type-product","3":"status-publish","4":"has-post-thumbnail","6":"product_cat-dry-pot","8":"first","9":"instock","10":"shipping-taxable","11":"product-type-simple"},"_links":{"self":[{"href":"https:\/\/www.hg-cooker.com\/es\/wp-json\/wp\/v2\/product\/5127","targetHints":{"allow":["GET"]}}],"collection":[{"href":"https:\/\/www.hg-cooker.com\/es\/wp-json\/wp\/v2\/product"}],"about":[{"href":"https:\/\/www.hg-cooker.com\/es\/wp-json\/wp\/v2\/types\/product"}],"replies":[{"embeddable":true,"href":"https:\/\/www.hg-cooker.com\/es\/wp-json\/wp\/v2\/comments?post=5127"}],"wp:featuredmedia":[{"embeddable":true,"href":"https:\/\/www.hg-cooker.com\/es\/wp-json\/wp\/v2\/media\/5251"}],"wp:attachment":[{"href":"https:\/\/www.hg-cooker.com\/es\/wp-json\/wp\/v2\/media?parent=5127"}],"wp:term":[{"taxonomy":"product_brand","embeddable":true,"href":"https:\/\/www.hg-cooker.com\/es\/wp-json\/wp\/v2\/product_brand?post=5127"},{"taxonomy":"product_cat","embeddable":true,"href":"https:\/\/www.hg-cooker.com\/es\/wp-json\/wp\/v2\/product_cat?post=5127"},{"taxonomy":"product_tag","embeddable":true,"href":"https:\/\/www.hg-cooker.com\/es\/wp-json\/wp\/v2\/product_tag?post=5127"}],"curies":[{"name":"wp","href":"https:\/\/api.w.org\/{rel}","templated":true}]}}