{"id":5049,"date":"2025-09-12T02:24:36","date_gmt":"2025-09-12T02:24:36","guid":{"rendered":"https:\/\/www.hg-cooker.com\/?post_type=product&#038;p=5049"},"modified":"2026-04-10T09:32:44","modified_gmt":"2026-04-10T09:32:44","slug":"olla-de-leche-hirviendo-de-acero-inoxidable-al-por-mayor-54","status":"publish","type":"product","link":"https:\/\/www.hg-cooker.com\/es\/producto\/olla-de-leche-hirviendo-de-acero-inoxidable-al-por-mayor-54\/","title":{"rendered":"Mayorista Mini Olla a Presi\u00f3n, Olla a Presi\u00f3n Peque\u00f1a de Alto Rendimiento en Venta, Soporte OEM y ODM"},"content":{"rendered":"<div class=\"wp-block-columns is-layout-flex wp-container-core-columns-is-layout-9d6595d7 wp-block-columns-is-layout-flex\">\n<div class=\"wp-block-column is-layout-flow wp-block-column-is-layout-flow\">\n<h2 class=\"wp-block-heading\">Opciones personalizadas<\/h2>\n\n\n\n<p><strong>Logotipo<\/strong>: Personalice el logotipo de su marca en la olla t\u00e9rmica y en el envase.<br><br><strong>Tama\u00f1o:<\/strong> Personalice diferentes tama\u00f1os de olla t\u00e9rmica seg\u00fan sus necesidades.<br><br><strong>Paquete<\/strong>: cart\u00f3n\/caja de color.<br><br><a href=\"https:\/\/www.hg-cooker.com\/es\/custom-solution\/\" data-type=\"page\" data-id=\"2793\" target=\"_blank\" rel=\"noreferrer noopener\"><strong>Explore m\u00e1s detalles de la mini olla a presi\u00f3n personalizada<\/strong><\/a><\/p>\n<\/div>\n<\/div>\n\n\n\n<div class=\"wp-block-columns is-layout-flex wp-container-core-columns-is-layout-9d6595d7 wp-block-columns-is-layout-flex\">\n<div class=\"wp-block-column is-layout-flow wp-block-column-is-layout-flow\">\n<figure class=\"wp-block-image size-full\"><img fetchpriority=\"high\" decoding=\"async\" width=\"790\" height=\"1561\" src=\"https:\/\/www.hg-cooker.com\/wp-content\/uploads\/2025\/03\/wholesale-mini-pressure-cooker-details-1.jpg\" alt=\"\" class=\"wp-image-5051\" srcset=\"https:\/\/www.hg-cooker.com\/wp-content\/uploads\/2025\/03\/wholesale-mini-pressure-cooker-details-1.jpg 790w, https:\/\/www.hg-cooker.com\/wp-content\/uploads\/2025\/03\/wholesale-mini-pressure-cooker-details-1-76x150.jpg 76w, https:\/\/www.hg-cooker.com\/wp-content\/uploads\/2025\/03\/wholesale-mini-pressure-cooker-details-1-334x660.jpg 334w, https:\/\/www.hg-cooker.com\/wp-content\/uploads\/2025\/03\/wholesale-mini-pressure-cooker-details-1-152x300.jpg 152w, https:\/\/www.hg-cooker.com\/wp-content\/uploads\/2025\/03\/wholesale-mini-pressure-cooker-details-1-768x1518.jpg 768w, https:\/\/www.hg-cooker.com\/wp-content\/uploads\/2025\/03\/wholesale-mini-pressure-cooker-details-1-6x12.jpg 6w, https:\/\/www.hg-cooker.com\/wp-content\/uploads\/2025\/03\/wholesale-mini-pressure-cooker-details-1-285x563.jpg 285w\" sizes=\"(max-width: 790px) 100vw, 790px\" \/><\/figure>\n<\/div>\n\n\n\n<div class=\"wp-block-column is-layout-flow wp-block-column-is-layout-flow\">\n<figure class=\"wp-block-image size-full\"><img decoding=\"async\" width=\"790\" height=\"1561\" src=\"https:\/\/www.hg-cooker.com\/wp-content\/uploads\/2025\/03\/wholesale-mini-pressure-cooker-details-2.jpg\" alt=\"venta al por mayor mini olla a presi\u00f3n detalles (2)\" class=\"wp-image-5052\" srcset=\"https:\/\/www.hg-cooker.com\/wp-content\/uploads\/2025\/03\/wholesale-mini-pressure-cooker-details-2.jpg 790w, https:\/\/www.hg-cooker.com\/wp-content\/uploads\/2025\/03\/wholesale-mini-pressure-cooker-details-2-76x150.jpg 76w, https:\/\/www.hg-cooker.com\/wp-content\/uploads\/2025\/03\/wholesale-mini-pressure-cooker-details-2-334x660.jpg 334w, https:\/\/www.hg-cooker.com\/wp-content\/uploads\/2025\/03\/wholesale-mini-pressure-cooker-details-2-152x300.jpg 152w, https:\/\/www.hg-cooker.com\/wp-content\/uploads\/2025\/03\/wholesale-mini-pressure-cooker-details-2-768x1518.jpg 768w, https:\/\/www.hg-cooker.com\/wp-content\/uploads\/2025\/03\/wholesale-mini-pressure-cooker-details-2-6x12.jpg 6w, https:\/\/www.hg-cooker.com\/wp-content\/uploads\/2025\/03\/wholesale-mini-pressure-cooker-details-2-285x563.jpg 285w\" sizes=\"(max-width: 790px) 100vw, 790px\" \/><\/figure>\n<\/div>\n<\/div>","protected":false},"excerpt":{"rendered":"<p>Mini olla a presi\u00f3n al por mayor, que puede cocinar arroz y otros alimentos en s\u00f3lo unos 5 minutos. Ofrece estilos con nanorecubrimiento cer\u00e1mico y sin recubrimiento, seguros y respetuosos con el medio ambiente. Tambi\u00e9n ofrecemos servicios flexibles de OEM y ODM para satisfacer las necesidades de diferentes mercados.<\/p>\n<h2>Caracter\u00edsticas y ventajas de la mini olla a presi\u00f3n<\/h2>\n<p><strong>Triple material de acero inoxidable:<\/strong> Esta mini olla a presi\u00f3n adopta una estructura compuesta de tres capas de acero inoxidable 304#, aleaci\u00f3n de aluminio AL1060# y acero inoxidable 430#, que proporciona una durabilidad extremadamente alta y un excelente rendimiento de conducci\u00f3n del calor.<\/p>\n<p><strong>Cocci\u00f3n r\u00e1pida:<\/strong> Esta mini olla a presi\u00f3n adopta la tecnolog\u00eda de cocci\u00f3n a presi\u00f3n de alta eficiencia, que puede completar la cocci\u00f3n de arroz, sopas, guisos y otros alimentos en unos 5 minutos.<\/p>\n<p><strong>Funcionamiento c\u00f3modo:<\/strong> Teniendo en cuenta las necesidades de operaci\u00f3n conveniente del usuario, el fabricante de ollas a presi\u00f3n Hengguang utiliza un interruptor de perilla para controlar la apertura y el bloqueo de la tapa.<\/p>\n<p><strong>M\u00faltiples especificaciones:<\/strong> Con el fin de satisfacer las necesidades de diferentes familias y espacios de cocina, esta mini olla a presi\u00f3n ofrece una variedad de opciones de capacidad, incluyendo 2,5L, 3,0L, 3,5L y 4,0L.<\/p>\n<p><strong>Servicio OEM y ODM:<\/strong> Proporcionamos soluciones personalizadas de acuerdo con sus necesidades, apoyamos la personalizaci\u00f3n de la apariencia, funci\u00f3n, color de revestimiento, capacidad, etc. de la olla a presi\u00f3n.<\/p>","protected":false},"featured_media":7021,"comment_status":"closed","ping_status":"closed","template":"","meta":[],"product_brand":[],"product_cat":[49],"product_tag":[],"class_list":{"0":"post-5049","1":"product","2":"type-product","3":"status-publish","4":"has-post-thumbnail","6":"product_cat-mini-pressure-cooker","8":"first","9":"instock","10":"shipping-taxable","11":"product-type-simple"},"_links":{"self":[{"href":"https:\/\/www.hg-cooker.com\/es\/wp-json\/wp\/v2\/product\/5049","targetHints":{"allow":["GET"]}}],"collection":[{"href":"https:\/\/www.hg-cooker.com\/es\/wp-json\/wp\/v2\/product"}],"about":[{"href":"https:\/\/www.hg-cooker.com\/es\/wp-json\/wp\/v2\/types\/product"}],"replies":[{"embeddable":true,"href":"https:\/\/www.hg-cooker.com\/es\/wp-json\/wp\/v2\/comments?post=5049"}],"wp:featuredmedia":[{"embeddable":true,"href":"https:\/\/www.hg-cooker.com\/es\/wp-json\/wp\/v2\/media\/7021"}],"wp:attachment":[{"href":"https:\/\/www.hg-cooker.com\/es\/wp-json\/wp\/v2\/media?parent=5049"}],"wp:term":[{"taxonomy":"product_brand","embeddable":true,"href":"https:\/\/www.hg-cooker.com\/es\/wp-json\/wp\/v2\/product_brand?post=5049"},{"taxonomy":"product_cat","embeddable":true,"href":"https:\/\/www.hg-cooker.com\/es\/wp-json\/wp\/v2\/product_cat?post=5049"},{"taxonomy":"product_tag","embeddable":true,"href":"https:\/\/www.hg-cooker.com\/es\/wp-json\/wp\/v2\/product_tag?post=5049"}],"curies":[{"name":"wp","href":"https:\/\/api.w.org\/{rel}","templated":true}]}}