{"id":5031,"date":"2025-05-08T06:11:58","date_gmt":"2025-05-08T06:11:58","guid":{"rendered":"https:\/\/www.hg-cooker.com\/?post_type=product&#038;p=5031"},"modified":"2025-11-13T02:30:00","modified_gmt":"2025-11-13T02:30:00","slug":"olla-de-leche-hirviendo-de-acero-inoxidable-al-por-mayor-51","status":"publish","type":"product","link":"https:\/\/www.hg-cooker.com\/es\/producto\/olla-de-leche-hirviendo-de-acero-inoxidable-al-por-mayor-51\/","title":{"rendered":"Tri-Ply Discos De Acero Inoxidable Venta Directa De F\u00e1brica - Hengguang Discos De Acero Inoxidable Fabricante"},"content":{"rendered":"<div class=\"wp-block-columns is-layout-flex wp-container-core-columns-is-layout-9d6595d7 wp-block-columns-is-layout-flex\">\n<div class=\"wp-block-column is-layout-flow wp-block-column-is-layout-flow\">\n<figure class=\"wp-block-image size-full\"><img fetchpriority=\"high\" decoding=\"async\" width=\"800\" height=\"800\" src=\"https:\/\/www.hg-cooker.com\/wp-content\/uploads\/2025\/03\/Wholesale-triply-stainless-steel-discs-2-1.webp\" alt=\"Venta al por mayor de discos triples de acero inoxidable (2)\" class=\"wp-image-5033\" srcset=\"https:\/\/www.hg-cooker.com\/wp-content\/uploads\/2025\/03\/Wholesale-triply-stainless-steel-discs-2-1.webp 800w, https:\/\/www.hg-cooker.com\/wp-content\/uploads\/2025\/03\/Wholesale-triply-stainless-steel-discs-2-1-150x150.webp 150w, https:\/\/www.hg-cooker.com\/wp-content\/uploads\/2025\/03\/Wholesale-triply-stainless-steel-discs-2-1-660x660.webp 660w, https:\/\/www.hg-cooker.com\/wp-content\/uploads\/2025\/03\/Wholesale-triply-stainless-steel-discs-2-1-300x300.webp 300w, https:\/\/www.hg-cooker.com\/wp-content\/uploads\/2025\/03\/Wholesale-triply-stainless-steel-discs-2-1-768x768.webp 768w, https:\/\/www.hg-cooker.com\/wp-content\/uploads\/2025\/03\/Wholesale-triply-stainless-steel-discs-2-1-12x12.webp 12w, https:\/\/www.hg-cooker.com\/wp-content\/uploads\/2025\/03\/Wholesale-triply-stainless-steel-discs-2-1-285x285.webp 285w, https:\/\/www.hg-cooker.com\/wp-content\/uploads\/2025\/03\/Wholesale-triply-stainless-steel-discs-2-1-270x270.webp 270w, https:\/\/www.hg-cooker.com\/wp-content\/uploads\/2025\/03\/Wholesale-triply-stainless-steel-discs-2-1-540x540.webp 540w\" sizes=\"(max-width: 800px) 100vw, 800px\" \/><\/figure>\n<\/div>\n\n\n\n<div class=\"wp-block-column is-layout-flow wp-block-column-is-layout-flow\">\n<figure class=\"wp-block-image size-full\"><img decoding=\"async\" width=\"800\" height=\"800\" src=\"https:\/\/www.hg-cooker.com\/wp-content\/uploads\/2025\/03\/Wholesale-triply-stainless-steel-discs-3-1.webp\" alt=\"Venta al por mayor de discos triples de acero inoxidable (3)\" class=\"wp-image-5034\" srcset=\"https:\/\/www.hg-cooker.com\/wp-content\/uploads\/2025\/03\/Wholesale-triply-stainless-steel-discs-3-1.webp 800w, https:\/\/www.hg-cooker.com\/wp-content\/uploads\/2025\/03\/Wholesale-triply-stainless-steel-discs-3-1-150x150.webp 150w, https:\/\/www.hg-cooker.com\/wp-content\/uploads\/2025\/03\/Wholesale-triply-stainless-steel-discs-3-1-660x660.webp 660w, https:\/\/www.hg-cooker.com\/wp-content\/uploads\/2025\/03\/Wholesale-triply-stainless-steel-discs-3-1-300x300.webp 300w, https:\/\/www.hg-cooker.com\/wp-content\/uploads\/2025\/03\/Wholesale-triply-stainless-steel-discs-3-1-768x768.webp 768w, https:\/\/www.hg-cooker.com\/wp-content\/uploads\/2025\/03\/Wholesale-triply-stainless-steel-discs-3-1-12x12.webp 12w, https:\/\/www.hg-cooker.com\/wp-content\/uploads\/2025\/03\/Wholesale-triply-stainless-steel-discs-3-1-285x285.webp 285w, https:\/\/www.hg-cooker.com\/wp-content\/uploads\/2025\/03\/Wholesale-triply-stainless-steel-discs-3-1-270x270.webp 270w, https:\/\/www.hg-cooker.com\/wp-content\/uploads\/2025\/03\/Wholesale-triply-stainless-steel-discs-3-1-540x540.webp 540w\" sizes=\"(max-width: 800px) 100vw, 800px\" \/><\/figure>\n<\/div>\n<\/div>","protected":false},"excerpt":{"rendered":"<p>Hengguang se especializa en la venta al por mayor de discos trilaminados de acero inoxidable, proporcionando materiales de alto rendimiento a las empresas fabricantes de sartenes, ollas, ollas soperas y ollas a presi\u00f3n. Disponemos de tama\u00f1os, grosores y composiciones por encargo para necesidades de fabricaci\u00f3n espec\u00edficas. Invitamos a fabricantes y mayoristas a comerciar con nosotros.<\/p>\n<h3>Caracter\u00edsticas y ventajas de los discos de acero inoxidable trilaminados<\/h3>\n<p><strong>Excelente conductividad t\u00e9rmica:<\/strong> Los discos triples de acero inoxidable de Hengguang tienen una capa exterior de acero inoxidable y un n\u00facleo de aluminio en el centro. Perfectos para fabricantes de utensilios de cocina de gama alta que producen ollas, sartenes y ollas a presi\u00f3n de acero inoxidable.<\/p>\n<p><strong>Duradero y resistente a la corrosi\u00f3n:<\/strong> Estos discos est\u00e1n fabricados en acero inoxidable de alta calidad apto para uso alimentario, lo que los hace perfectos para utensilios de cocina duraderos utilizados en cocinas profesionales, cocina casera e incluso utensilios de cocina de acampada al aire libre.<\/p>\n<p><strong>Precio directo de f\u00e1brica:<\/strong> Como fabricante directo, Hengguang ofrece precios competitivos al por mayor, con descuentos adicionales para pedidos al por mayor.<\/p>\n<p><strong>Opciones de personalizaci\u00f3n:<\/strong> Ofrecemos tama\u00f1os, grosores y composiciones de materiales personalizados para satisfacer requisitos espec\u00edficos de fabricaci\u00f3n de utensilios de cocina. Tanto si se trata de una peque\u00f1a bater\u00eda de cocina dom\u00e9stica como de una gran olla de uso profesional, nuestros discos de acero inoxidable pueden adaptarse a sus necesidades.<\/p>","protected":false},"featured_media":5032,"comment_status":"closed","ping_status":"closed","template":"","meta":[],"product_brand":[],"product_cat":[53],"product_tag":[],"class_list":{"0":"post-5031","1":"product","2":"type-product","3":"status-publish","4":"has-post-thumbnail","6":"product_cat-tri-ply-stainless-steel-discs","8":"first","9":"instock","10":"shipping-taxable","11":"product-type-simple"},"_links":{"self":[{"href":"https:\/\/www.hg-cooker.com\/es\/wp-json\/wp\/v2\/product\/5031","targetHints":{"allow":["GET"]}}],"collection":[{"href":"https:\/\/www.hg-cooker.com\/es\/wp-json\/wp\/v2\/product"}],"about":[{"href":"https:\/\/www.hg-cooker.com\/es\/wp-json\/wp\/v2\/types\/product"}],"replies":[{"embeddable":true,"href":"https:\/\/www.hg-cooker.com\/es\/wp-json\/wp\/v2\/comments?post=5031"}],"wp:featuredmedia":[{"embeddable":true,"href":"https:\/\/www.hg-cooker.com\/es\/wp-json\/wp\/v2\/media\/5032"}],"wp:attachment":[{"href":"https:\/\/www.hg-cooker.com\/es\/wp-json\/wp\/v2\/media?parent=5031"}],"wp:term":[{"taxonomy":"product_brand","embeddable":true,"href":"https:\/\/www.hg-cooker.com\/es\/wp-json\/wp\/v2\/product_brand?post=5031"},{"taxonomy":"product_cat","embeddable":true,"href":"https:\/\/www.hg-cooker.com\/es\/wp-json\/wp\/v2\/product_cat?post=5031"},{"taxonomy":"product_tag","embeddable":true,"href":"https:\/\/www.hg-cooker.com\/es\/wp-json\/wp\/v2\/product_tag?post=5031"}],"curies":[{"name":"wp","href":"https:\/\/api.w.org\/{rel}","templated":true}]}}