{"id":4904,"date":"2025-02-07T07:21:50","date_gmt":"2025-02-07T07:21:50","guid":{"rendered":"https:\/\/www.hg-cooker.com\/?post_type=product&#038;p=4904"},"modified":"2025-02-07T07:35:31","modified_gmt":"2025-02-07T07:35:31","slug":"olla-de-leche-hirviendo-de-acero-inoxidable-al-por-mayor-49","status":"publish","type":"product","link":"https:\/\/www.hg-cooker.com\/es\/producto\/olla-de-leche-hirviendo-de-acero-inoxidable-al-por-mayor-49\/","title":{"rendered":"Discos de acero inoxidable Tri Ply al por mayor, Soporte OEM y ODM"},"content":{"rendered":"<div class=\"wp-block-columns is-layout-flex wp-container-core-columns-is-layout-9d6595d7 wp-block-columns-is-layout-flex\">\n<div class=\"wp-block-column is-layout-flow wp-block-column-is-layout-flow\">\n<h2 class=\"wp-block-heading\">Par\u00e1metros de los discos de acero inoxidable trilaminares<\/h2>\n\n\n\n<figure class=\"wp-block-table\"><table class=\"has-fixed-layout\"><tbody><tr><td>Nombre del producto<\/td><td>Material<\/td><td>Espesor opcional<\/td><td>Formas<\/td><td>Tama\u00f1o opcional<\/td><\/tr><tr><td>Discos tricapa de acero inoxidable compuesto<\/td><td>Acero inoxidable 304\/316 + Aluminio + Acero inoxidable 430<\/td><td>1,8 mm \/ 2,0 mm \/ 2,2 mm \/ 2,5 mm \/ 3,0 mm<\/td><td>Circular \/ Forma especial<\/td><td>Tama\u00f1o circular: 250mm - 500mm \/ Tama\u00f1o con forma especial: Hasta 900mm<\/td><\/tr><\/tbody><\/table><\/figure>\n\n\n\n<h2 class=\"wp-block-heading\">Opciones de discos de acero inoxidable trilaminados personalizados<\/h2>\n\n\n\n<p><strong>Patr\u00f3n<\/strong>: Patrones personalizados en discos de acero inoxidable de tres capas.<br><br><strong>Material<\/strong>: Acero inoxidable 304\/316 + Aluminio + Acero inoxidable 430<br><br><strong>Talla<\/strong>: Tama\u00f1o del disco de acero inoxidable personalizado.<br><br><strong>Formas<\/strong>: Plato redondo \/ Cualquier forma especial<br><br><strong>MOQ<\/strong>:1000 piezas<\/p>\n\n\n\n<p><a href=\"https:\/\/www.hg-cooker.com\/es\/discos-tricapa-de-acero-inoxidable\/\" data-type=\"link\" data-id=\"https:\/\/www.hg-cooker.com\/tri-ply-stainless-steel-discs\/\" target=\"_blank\" rel=\"noreferrer noopener\"><strong>Descubra m\u00e1s soluciones de discos trilaminares de acero inoxidable personalizados. <\/strong><\/a><\/p>\n<\/div>\n<\/div>\n\n\n\n<div class=\"wp-block-columns is-layout-flex wp-container-core-columns-is-layout-9d6595d7 wp-block-columns-is-layout-flex\">\n<div class=\"wp-block-column is-layout-flow wp-block-column-is-layout-flow\">\n<figure class=\"wp-block-image size-full\"><img fetchpriority=\"high\" decoding=\"async\" width=\"540\" height=\"540\" src=\"https:\/\/www.hg-cooker.com\/wp-content\/uploads\/2025\/02\/wholesale-tri-ply-stainless-steel-discs-3.webp\" alt=\"venta al por mayor discos triples de acero inoxidable (3)\" class=\"wp-image-4907\" srcset=\"https:\/\/www.hg-cooker.com\/wp-content\/uploads\/2025\/02\/wholesale-tri-ply-stainless-steel-discs-3.webp 540w, https:\/\/www.hg-cooker.com\/wp-content\/uploads\/2025\/02\/wholesale-tri-ply-stainless-steel-discs-3-150x150.webp 150w, https:\/\/www.hg-cooker.com\/wp-content\/uploads\/2025\/02\/wholesale-tri-ply-stainless-steel-discs-3-300x300.webp 300w, https:\/\/www.hg-cooker.com\/wp-content\/uploads\/2025\/02\/wholesale-tri-ply-stainless-steel-discs-3-12x12.webp 12w, https:\/\/www.hg-cooker.com\/wp-content\/uploads\/2025\/02\/wholesale-tri-ply-stainless-steel-discs-3-285x285.webp 285w, https:\/\/www.hg-cooker.com\/wp-content\/uploads\/2025\/02\/wholesale-tri-ply-stainless-steel-discs-3-270x270.webp 270w\" sizes=\"(max-width: 540px) 100vw, 540px\" \/><\/figure>\n<\/div>\n\n\n\n<div class=\"wp-block-column is-layout-flow wp-block-column-is-layout-flow\">\n<figure class=\"wp-block-image size-full\"><img decoding=\"async\" width=\"535\" height=\"535\" src=\"https:\/\/www.hg-cooker.com\/wp-content\/uploads\/2025\/02\/wholesale-tri-ply-stainless-steel-discs-4.webp\" alt=\"venta al por mayor discos triples de acero inoxidable (4)\" class=\"wp-image-4908\" srcset=\"https:\/\/www.hg-cooker.com\/wp-content\/uploads\/2025\/02\/wholesale-tri-ply-stainless-steel-discs-4.webp 535w, https:\/\/www.hg-cooker.com\/wp-content\/uploads\/2025\/02\/wholesale-tri-ply-stainless-steel-discs-4-150x150.webp 150w, https:\/\/www.hg-cooker.com\/wp-content\/uploads\/2025\/02\/wholesale-tri-ply-stainless-steel-discs-4-300x300.webp 300w, https:\/\/www.hg-cooker.com\/wp-content\/uploads\/2025\/02\/wholesale-tri-ply-stainless-steel-discs-4-12x12.webp 12w, https:\/\/www.hg-cooker.com\/wp-content\/uploads\/2025\/02\/wholesale-tri-ply-stainless-steel-discs-4-285x285.webp 285w, https:\/\/www.hg-cooker.com\/wp-content\/uploads\/2025\/02\/wholesale-tri-ply-stainless-steel-discs-4-270x270.webp 270w\" sizes=\"(max-width: 535px) 100vw, 535px\" \/><\/figure>\n<\/div>\n<\/div>\n\n\n\n<div class=\"wp-block-columns is-layout-flex wp-container-core-columns-is-layout-9d6595d7 wp-block-columns-is-layout-flex\">\n<div class=\"wp-block-column is-layout-flow wp-block-column-is-layout-flow\"><\/div>\n\n\n\n<div class=\"wp-block-column is-layout-flow wp-block-column-is-layout-flow\"><\/div>\n<\/div>","protected":false},"excerpt":{"rendered":"<p>Discos de acero inoxidable triples al por mayor, con varias opciones de grosor, utilizando acero inoxidable 304\/316, aluminio y estructura compuesta de tres capas de acero inoxidable 430, adecuados para utensilios de cocina y vajilla de gama alta. Ofrecemos servicios flexibles de OEM y ODM, y podemos personalizar el tama\u00f1o, el grosor, el tratamiento de la superficie y la forma seg\u00fan las necesidades del cliente. P\u00f3ngase en contacto con nosotros.<\/p>\n<h3>Caracter\u00edsticas y ventajas de los discos de acero inoxidable Tri Ply<\/h3>\n<div>\n<p><strong>Excelente conductividad t\u00e9rmica:<\/strong> Los discos tricapa de acero inoxidable est\u00e1n fabricados con tres capas de material: la capa intermedia es de aluminio y las capas interior y exterior son de acero inoxidable. Tienen una excelente conductividad t\u00e9rmica y son ideales para fabricar utensilios de cocina.<\/p>\n<p><strong>Gran durabilidad:<\/strong> La estructura de tres capas hace que los discos de acero inoxidable tricapa sean m\u00e1s duraderos que los de acero inoxidable monocapa. Las dos capas exteriores de acero inoxidable pueden resistir eficazmente la corrosi\u00f3n, el desgaste y la oxidaci\u00f3n, prolongando la vida \u00fatil.<\/p>\n<p><strong>Usos diversos:<\/strong> Los discos de acero inoxidable tricapa se utilizan ampliamente para fabricar diversos utensilios de cocina de acero inoxidable de gama alta, como woks, sartenes y ollas. Y tambi\u00e9n pueden utilizarse en la fabricaci\u00f3n de vajillas para hacer modernos platos de cena, cuencos, etc.<\/p>\n<p><strong>Mejorar la est\u00e9tica del producto:<\/strong> El brillo y la modernidad de los discos de acero inoxidable tricapa lo hacen muy adecuado para fabricar exquisitos utensilios de cocina y menaje, aportando una mayor belleza visual a la cocina o la mesa del comedor.<\/p>\n<p><strong>Servicio OEM y ODM:<\/strong> Como fabricantes de discos triples de acero inoxidable, podemos personalizar diferentes tama\u00f1os, grosores, tratamientos superficiales y dise\u00f1os seg\u00fan las necesidades del cliente para satisfacer sus necesidades espec\u00edficas.<\/p>\n<p><a href=\"https:\/\/www.hg-cooker.com\/es\/discos-tricapa-de-acero-inoxidable\/\" target=\"_blank\" rel=\"noopener\"><strong>M\u00e1s informaci\u00f3n sobre soluciones personalizadas de discos trilaminares de acero inoxidable.<\/strong><\/a><\/p>\n<\/div>","protected":false},"featured_media":4905,"comment_status":"closed","ping_status":"closed","template":"","meta":[],"product_brand":[],"product_cat":[53],"product_tag":[],"class_list":{"0":"post-4904","1":"product","2":"type-product","3":"status-publish","4":"has-post-thumbnail","6":"product_cat-tri-ply-stainless-steel-discs","8":"first","9":"instock","10":"shipping-taxable","11":"product-type-simple"},"_links":{"self":[{"href":"https:\/\/www.hg-cooker.com\/es\/wp-json\/wp\/v2\/product\/4904","targetHints":{"allow":["GET"]}}],"collection":[{"href":"https:\/\/www.hg-cooker.com\/es\/wp-json\/wp\/v2\/product"}],"about":[{"href":"https:\/\/www.hg-cooker.com\/es\/wp-json\/wp\/v2\/types\/product"}],"replies":[{"embeddable":true,"href":"https:\/\/www.hg-cooker.com\/es\/wp-json\/wp\/v2\/comments?post=4904"}],"wp:featuredmedia":[{"embeddable":true,"href":"https:\/\/www.hg-cooker.com\/es\/wp-json\/wp\/v2\/media\/4905"}],"wp:attachment":[{"href":"https:\/\/www.hg-cooker.com\/es\/wp-json\/wp\/v2\/media?parent=4904"}],"wp:term":[{"taxonomy":"product_brand","embeddable":true,"href":"https:\/\/www.hg-cooker.com\/es\/wp-json\/wp\/v2\/product_brand?post=4904"},{"taxonomy":"product_cat","embeddable":true,"href":"https:\/\/www.hg-cooker.com\/es\/wp-json\/wp\/v2\/product_cat?post=4904"},{"taxonomy":"product_tag","embeddable":true,"href":"https:\/\/www.hg-cooker.com\/es\/wp-json\/wp\/v2\/product_tag?post=4904"}],"curies":[{"name":"wp","href":"https:\/\/api.w.org\/{rel}","templated":true}]}}