{"id":4865,"date":"2025-08-18T01:53:35","date_gmt":"2025-08-18T01:53:35","guid":{"rendered":"https:\/\/www.hg-cooker.com\/?post_type=product&#038;p=4865"},"modified":"2025-11-13T02:21:09","modified_gmt":"2025-11-13T02:21:09","slug":"olla-de-leche-hirviendo-de-acero-inoxidable-al-por-mayor-48","status":"publish","type":"product","link":"https:\/\/www.hg-cooker.com\/es\/producto\/olla-de-leche-hirviendo-de-acero-inoxidable-al-por-mayor-48\/","title":{"rendered":"Mayorista Olla a Presi\u00f3n de Acero Inoxidable para el Hogar y el Exterior 3 Litros, Dise\u00f1o Multi Seguridad, Soporta OEM y ODM"},"content":{"rendered":"<div class=\"wp-block-columns is-layout-flex wp-container-core-columns-is-layout-9d6595d7 wp-block-columns-is-layout-flex\">\n<div class=\"wp-block-column is-layout-flow wp-block-column-is-layout-flow\">\n<h2 class=\"wp-block-heading\">Par\u00e1metros de la olla a presi\u00f3n de acero inoxidable<\/h2>\n\n\n\n<figure class=\"wp-block-table\"><table class=\"has-fixed-layout\"><tbody><tr><td>Nombre del producto<\/td><td>Material<\/td><td>Estilo<\/td><td>Capacidad<\/td><td>Estufa adecuada<\/td><\/tr><tr><td>Olla a presi\u00f3n peque\u00f1a<\/td><td>304# Acero Inoxidable (Tapa) + Acero Inoxidable Tri-Ply (Cuerpo de la Olla)<\/td><td>Pared interior de acero inoxidable \/ Pared interior antiadherente<\/td><td>2,5L \/ 3,0L \/ 3,5L \/ 4,0L<\/td><td>Cocina de gas \/ llama abierta \/ inducci\u00f3n<\/td><\/tr><\/tbody><\/table><\/figure>\n\n\n\n<h3 class=\"wp-block-heading\">Opciones de olla a presi\u00f3n personalizadas<\/h3>\n\n\n\n<p><strong>Logotipo:<\/strong> Personalice el logotipo de su marca en productos y envases.<br><br><strong>Revestimiento:<\/strong> Revestimiento antiadherente \/ Acero inoxidable <br><br><strong>Tama\u00f1o: <\/strong>Personalice diferentes tama\u00f1os de olla a presi\u00f3n seg\u00fan sus necesidades.<br><br><strong>Embalaje: <\/strong>cart\u00f3n\/caja de color.<br><br><a href=\"https:\/\/www.hg-cooker.com\/es\/custom-solution\/\" data-type=\"page\" data-id=\"2793\" target=\"_blank\" rel=\"noreferrer noopener\"><strong>M\u00e1s informaci\u00f3n sobre soluciones personalizadas para ollas a presi\u00f3n.<\/strong><\/a><br><\/p>\n<\/div>\n<\/div>\n\n\n\n<div class=\"wp-block-columns is-layout-flex wp-container-core-columns-is-layout-9d6595d7 wp-block-columns-is-layout-flex\">\n<div class=\"wp-block-column is-layout-flow wp-block-column-is-layout-flow\">\n<figure class=\"wp-block-image size-full\"><img fetchpriority=\"high\" decoding=\"async\" width=\"790\" height=\"1673\" src=\"https:\/\/www.hg-cooker.com\/wp-content\/uploads\/2025\/02\/stainless-steel-pressure-cooker-details-5-1.jpg\" alt=\"olla a presi\u00f3n de acero inoxidable detalles (5)\" class=\"wp-image-4870\" srcset=\"https:\/\/www.hg-cooker.com\/wp-content\/uploads\/2025\/02\/stainless-steel-pressure-cooker-details-5-1.jpg 790w, https:\/\/www.hg-cooker.com\/wp-content\/uploads\/2025\/02\/stainless-steel-pressure-cooker-details-5-1-71x150.jpg 71w, https:\/\/www.hg-cooker.com\/wp-content\/uploads\/2025\/02\/stainless-steel-pressure-cooker-details-5-1-312x660.jpg 312w, https:\/\/www.hg-cooker.com\/wp-content\/uploads\/2025\/02\/stainless-steel-pressure-cooker-details-5-1-142x300.jpg 142w, https:\/\/www.hg-cooker.com\/wp-content\/uploads\/2025\/02\/stainless-steel-pressure-cooker-details-5-1-768x1626.jpg 768w, https:\/\/www.hg-cooker.com\/wp-content\/uploads\/2025\/02\/stainless-steel-pressure-cooker-details-5-1-6x12.jpg 6w, https:\/\/www.hg-cooker.com\/wp-content\/uploads\/2025\/02\/stainless-steel-pressure-cooker-details-5-1-285x604.jpg 285w\" sizes=\"(max-width: 790px) 100vw, 790px\" \/><\/figure>\n<\/div>\n\n\n\n<div class=\"wp-block-column is-layout-flow wp-block-column-is-layout-flow\">\n<figure class=\"wp-block-image size-full\"><img decoding=\"async\" width=\"790\" height=\"1673\" src=\"https:\/\/www.hg-cooker.com\/wp-content\/uploads\/2025\/02\/stainless-steel-pressure-cooker-details-6-1.jpg\" alt=\"olla a presi\u00f3n de acero inoxidable detalles (6)\" class=\"wp-image-4871\" srcset=\"https:\/\/www.hg-cooker.com\/wp-content\/uploads\/2025\/02\/stainless-steel-pressure-cooker-details-6-1.jpg 790w, https:\/\/www.hg-cooker.com\/wp-content\/uploads\/2025\/02\/stainless-steel-pressure-cooker-details-6-1-71x150.jpg 71w, https:\/\/www.hg-cooker.com\/wp-content\/uploads\/2025\/02\/stainless-steel-pressure-cooker-details-6-1-312x660.jpg 312w, https:\/\/www.hg-cooker.com\/wp-content\/uploads\/2025\/02\/stainless-steel-pressure-cooker-details-6-1-142x300.jpg 142w, https:\/\/www.hg-cooker.com\/wp-content\/uploads\/2025\/02\/stainless-steel-pressure-cooker-details-6-1-768x1626.jpg 768w, https:\/\/www.hg-cooker.com\/wp-content\/uploads\/2025\/02\/stainless-steel-pressure-cooker-details-6-1-6x12.jpg 6w, https:\/\/www.hg-cooker.com\/wp-content\/uploads\/2025\/02\/stainless-steel-pressure-cooker-details-6-1-285x604.jpg 285w\" sizes=\"(max-width: 790px) 100vw, 790px\" \/><\/figure>\n<\/div>\n<\/div>","protected":false},"excerpt":{"rendered":"<p>Mayorista de ollas a presi\u00f3n para el hogar y exteriores para satisfacer sus necesidades culinarias diarias y sus viajes de acampada. Fabricada en acero inoxidable triple de alta calidad, tiene mejor conductividad t\u00e9rmica que las ollas a presi\u00f3n ordinarias y puede cocinar los alimentos r\u00e1pidamente. Ofrecemos servicios de OEM y ODM y podemos proporcionar dise\u00f1os personalizados seg\u00fan sus necesidades. P\u00f3ngase en contacto con nosotros para solicitar un presupuesto.<\/p>\n<h2>Caracter\u00edsticas y ventajas de la olla a presi\u00f3n de acero inoxidable<\/h2>\n<div>\n<p><strong>Material de alta calidad:<\/strong> La olla a presi\u00f3n est\u00e1 fabricada con acero inoxidable triple de alta calidad, resistente a la corrosi\u00f3n y a las altas temperaturas, lo que garantiza que no se deformar\u00e1 f\u00e1cilmente durante un uso prolongado.<\/p>\n<p><strong>Adecuado para diversas ocasiones:<\/strong> Ya sea para uso dom\u00e9stico o para acampar al aire libre, esta olla a presi\u00f3n es muy adecuada, f\u00e1cil de transportar y satisface diferentes necesidades.<\/p>\n<p><strong>Capacidad moderada:<\/strong> La capacidad de 3 litros es muy adecuada para particulares y familias peque\u00f1as, y no causar\u00e1 desperdicio de alimentos.<\/p>\n<p><strong>Dise\u00f1o multifuncional:<\/strong> La olla a presi\u00f3n de acero inoxidable se puede utilizar para cocinar, guisar, cocer al vapor y otros m\u00e9todos de cocci\u00f3n para satisfacer diferentes necesidades culinarias.<\/p>\n<p><strong>Soporte OEM y ODM:<\/strong> Puede adaptarse a las necesidades del cliente y ofrecer un dise\u00f1o personalizado para satisfacer los requisitos de los distintos mercados.<\/p>\n<\/div>","protected":false},"featured_media":4872,"comment_status":"closed","ping_status":"closed","template":"","meta":[],"product_brand":[],"product_cat":[54],"product_tag":[],"class_list":{"0":"post-4865","1":"product","2":"type-product","3":"status-publish","4":"has-post-thumbnail","6":"product_cat-pressure-cooker","8":"first","9":"instock","10":"shipping-taxable","11":"product-type-simple"},"_links":{"self":[{"href":"https:\/\/www.hg-cooker.com\/es\/wp-json\/wp\/v2\/product\/4865","targetHints":{"allow":["GET"]}}],"collection":[{"href":"https:\/\/www.hg-cooker.com\/es\/wp-json\/wp\/v2\/product"}],"about":[{"href":"https:\/\/www.hg-cooker.com\/es\/wp-json\/wp\/v2\/types\/product"}],"replies":[{"embeddable":true,"href":"https:\/\/www.hg-cooker.com\/es\/wp-json\/wp\/v2\/comments?post=4865"}],"wp:featuredmedia":[{"embeddable":true,"href":"https:\/\/www.hg-cooker.com\/es\/wp-json\/wp\/v2\/media\/4872"}],"wp:attachment":[{"href":"https:\/\/www.hg-cooker.com\/es\/wp-json\/wp\/v2\/media?parent=4865"}],"wp:term":[{"taxonomy":"product_brand","embeddable":true,"href":"https:\/\/www.hg-cooker.com\/es\/wp-json\/wp\/v2\/product_brand?post=4865"},{"taxonomy":"product_cat","embeddable":true,"href":"https:\/\/www.hg-cooker.com\/es\/wp-json\/wp\/v2\/product_cat?post=4865"},{"taxonomy":"product_tag","embeddable":true,"href":"https:\/\/www.hg-cooker.com\/es\/wp-json\/wp\/v2\/product_tag?post=4865"}],"curies":[{"name":"wp","href":"https:\/\/api.w.org\/{rel}","templated":true}]}}