{"id":4857,"date":"2025-08-19T01:24:30","date_gmt":"2025-08-19T01:24:30","guid":{"rendered":"https:\/\/www.hg-cooker.com\/?post_type=product&#038;p=4857"},"modified":"2025-11-13T02:20:52","modified_gmt":"2025-11-13T02:20:52","slug":"olla-de-leche-hirviendo-de-acero-inoxidable-al-por-mayor-47","status":"publish","type":"product","link":"https:\/\/www.hg-cooker.com\/es\/producto\/olla-de-leche-hirviendo-de-acero-inoxidable-al-por-mayor-47\/","title":{"rendered":"Mayorista Olla a Presi\u00f3n de Acero Inoxidable (2.5L, 3.0L, 3.5L, 4.0L),Arroz Cocido en 5 Minutos,Soporte OEM y ODM"},"content":{"rendered":"<div class=\"wp-block-columns is-layout-flex wp-container-core-columns-is-layout-9d6595d7 wp-block-columns-is-layout-flex\">\n<div class=\"wp-block-column is-layout-flow wp-block-column-is-layout-flow\">\n<h2 class=\"wp-block-heading\">Par\u00e1metros de la olla a presi\u00f3n de acero inoxidable para fogones<\/h2>\n\n\n\n<figure class=\"wp-block-table\"><table class=\"has-fixed-layout\"><tbody><tr><td>Nombre del producto<\/td><td>Material<\/td><td>Estilo<\/td><td>Capacidad<\/td><td>Estufa adecuada<\/td><\/tr><tr><td>Olla a presi\u00f3n peque\u00f1a<\/td><td>304# Acero Inoxidable (Tapa) + Acero Inoxidable Tri-Ply (Cuerpo de la Olla)<\/td><td>Pared interior de acero inoxidable \/ Pared interior antiadherente<\/td><td>2,5L \/ 3,0L \/ 3,5L \/ 4,0L<\/td><td>Cocina de gas \/ llama abierta \/ inducci\u00f3n<\/td><\/tr><\/tbody><\/table><\/figure>\n\n\n\n<h3 class=\"wp-block-heading\">Opciones de olla a presi\u00f3n personalizadas<\/h3>\n\n\n\n<p><strong>Logotipo:<\/strong> Personalice el logotipo de su marca en productos y envases.<br><br><strong>Revestimiento:<\/strong> Revestimiento antiadherente \/ Acero inoxidable <br><br><strong>Tama\u00f1o: <\/strong>Personalice diferentes tama\u00f1os de olla a presi\u00f3n seg\u00fan sus necesidades.<br><br><strong>Embalaje: <\/strong>cart\u00f3n\/caja de color.<br><br><a href=\"https:\/\/www.hg-cooker.com\/es\/custom-solution\/\" data-type=\"page\" data-id=\"2793\" target=\"_blank\" rel=\"noreferrer noopener\"><strong>M\u00e1s informaci\u00f3n sobre soluciones personalizadas para ollas a presi\u00f3n.<\/strong><\/a><br><\/p>\n<\/div>\n<\/div>\n\n\n\n<div class=\"wp-block-columns is-layout-flex wp-container-core-columns-is-layout-9d6595d7 wp-block-columns-is-layout-flex\">\n<div class=\"wp-block-column is-layout-flow wp-block-column-is-layout-flow\">\n<figure class=\"wp-block-image size-full\"><img fetchpriority=\"high\" decoding=\"async\" width=\"790\" height=\"1383\" src=\"https:\/\/www.hg-cooker.com\/wp-content\/uploads\/2025\/02\/stainless-steel-pressure-cooker-details-5.jpg\" alt=\"olla a presi\u00f3n de acero inoxidable detalles (5)\" class=\"wp-image-4862\" srcset=\"https:\/\/www.hg-cooker.com\/wp-content\/uploads\/2025\/02\/stainless-steel-pressure-cooker-details-5.jpg 790w, https:\/\/www.hg-cooker.com\/wp-content\/uploads\/2025\/02\/stainless-steel-pressure-cooker-details-5-86x150.jpg 86w, https:\/\/www.hg-cooker.com\/wp-content\/uploads\/2025\/02\/stainless-steel-pressure-cooker-details-5-377x660.jpg 377w, https:\/\/www.hg-cooker.com\/wp-content\/uploads\/2025\/02\/stainless-steel-pressure-cooker-details-5-171x300.jpg 171w, https:\/\/www.hg-cooker.com\/wp-content\/uploads\/2025\/02\/stainless-steel-pressure-cooker-details-5-768x1344.jpg 768w, https:\/\/www.hg-cooker.com\/wp-content\/uploads\/2025\/02\/stainless-steel-pressure-cooker-details-5-7x12.jpg 7w, https:\/\/www.hg-cooker.com\/wp-content\/uploads\/2025\/02\/stainless-steel-pressure-cooker-details-5-285x499.jpg 285w\" sizes=\"(max-width: 790px) 100vw, 790px\" \/><\/figure>\n<\/div>\n\n\n\n<div class=\"wp-block-column is-layout-flow wp-block-column-is-layout-flow\">\n<figure class=\"wp-block-image size-full\"><img decoding=\"async\" width=\"790\" height=\"1383\" src=\"https:\/\/www.hg-cooker.com\/wp-content\/uploads\/2025\/02\/stainless-steel-pressure-cooker-details-6.jpg\" alt=\"olla a presi\u00f3n de acero inoxidable detalles (6)\" class=\"wp-image-4863\" srcset=\"https:\/\/www.hg-cooker.com\/wp-content\/uploads\/2025\/02\/stainless-steel-pressure-cooker-details-6.jpg 790w, https:\/\/www.hg-cooker.com\/wp-content\/uploads\/2025\/02\/stainless-steel-pressure-cooker-details-6-86x150.jpg 86w, https:\/\/www.hg-cooker.com\/wp-content\/uploads\/2025\/02\/stainless-steel-pressure-cooker-details-6-377x660.jpg 377w, https:\/\/www.hg-cooker.com\/wp-content\/uploads\/2025\/02\/stainless-steel-pressure-cooker-details-6-171x300.jpg 171w, https:\/\/www.hg-cooker.com\/wp-content\/uploads\/2025\/02\/stainless-steel-pressure-cooker-details-6-768x1344.jpg 768w, https:\/\/www.hg-cooker.com\/wp-content\/uploads\/2025\/02\/stainless-steel-pressure-cooker-details-6-7x12.jpg 7w, https:\/\/www.hg-cooker.com\/wp-content\/uploads\/2025\/02\/stainless-steel-pressure-cooker-details-6-285x499.jpg 285w\" sizes=\"(max-width: 790px) 100vw, 790px\" \/><\/figure>\n<\/div>\n<\/div>","protected":false},"excerpt":{"rendered":"<p>Venta al por mayor de ollas a presi\u00f3n de acero inoxidable, fabricadas con material de acero inoxidable triple resistente a las altas temperaturas y a la corrosi\u00f3n, con una excelente durabilidad y seguridad, equipadas con m\u00faltiples sistemas de protecci\u00f3n de seguridad para garantizar la seguridad durante su uso. Ofrecemos una variedad de opciones de capacidad para satisfacer las necesidades de cocci\u00f3n en diferentes escenarios. Apoyamos OEM y ODM, p\u00f3ngase en contacto con nosotros para una cotizaci\u00f3n.<\/p>\n<h2>Caracter\u00edsticas y ventajas de la olla a presi\u00f3n de acero inoxidable para fogones<\/h2>\n<div>\n<p><strong>Calefacci\u00f3n uniforme:<\/strong> Fabricada con tres capas de acero inoxidable, la olla a presi\u00f3n de acero inoxidable proporciona una excelente conducci\u00f3n del calor, garantizando un calentamiento uniforme de los alimentos y mejores resultados de cocci\u00f3n.<\/p>\n<p><strong>Ampliamente aplicable:<\/strong> Esta olla a presi\u00f3n de acero inoxidable es compatible con una gran variedad de cocinas, incluidas las de inducci\u00f3n, gas, etc.<\/p>\n<p><strong>Alta eficiencia y ahorro de energ\u00eda:<\/strong> La cocci\u00f3n a alta presi\u00f3n puede acortar considerablemente el tiempo de cocci\u00f3n y ahorrar energ\u00eda, por lo que resulta especialmente adecuada para familias muy ocupadas o cocinas comerciales.<\/p>\n<p><strong>Dise\u00f1o innovador:<\/strong> Nuestra olla a presi\u00f3n de acero inoxidable tiene un dise\u00f1o \u00fanico de interruptor de pomo, lo que la hace m\u00e1s f\u00e1cil de manejar y adecuada para principiantes.<\/p>\n<p><strong>Servicio OEM y ODM:<\/strong> Ofrecemos servicios personalizados de ollas a presi\u00f3n, incluida la capacidad, el logotipo y el embalaje personalizados de las ollas a presi\u00f3n, para crear la mejor marca de ollas a presi\u00f3n para usted.<\/p>\n<\/div>","protected":false},"featured_media":4864,"comment_status":"closed","ping_status":"closed","template":"","meta":[],"product_brand":[],"product_cat":[54],"product_tag":[],"class_list":{"0":"post-4857","1":"product","2":"type-product","3":"status-publish","4":"has-post-thumbnail","6":"product_cat-pressure-cooker","8":"first","9":"instock","10":"shipping-taxable","11":"product-type-simple"},"_links":{"self":[{"href":"https:\/\/www.hg-cooker.com\/es\/wp-json\/wp\/v2\/product\/4857","targetHints":{"allow":["GET"]}}],"collection":[{"href":"https:\/\/www.hg-cooker.com\/es\/wp-json\/wp\/v2\/product"}],"about":[{"href":"https:\/\/www.hg-cooker.com\/es\/wp-json\/wp\/v2\/types\/product"}],"replies":[{"embeddable":true,"href":"https:\/\/www.hg-cooker.com\/es\/wp-json\/wp\/v2\/comments?post=4857"}],"wp:featuredmedia":[{"embeddable":true,"href":"https:\/\/www.hg-cooker.com\/es\/wp-json\/wp\/v2\/media\/4864"}],"wp:attachment":[{"href":"https:\/\/www.hg-cooker.com\/es\/wp-json\/wp\/v2\/media?parent=4857"}],"wp:term":[{"taxonomy":"product_brand","embeddable":true,"href":"https:\/\/www.hg-cooker.com\/es\/wp-json\/wp\/v2\/product_brand?post=4857"},{"taxonomy":"product_cat","embeddable":true,"href":"https:\/\/www.hg-cooker.com\/es\/wp-json\/wp\/v2\/product_cat?post=4857"},{"taxonomy":"product_tag","embeddable":true,"href":"https:\/\/www.hg-cooker.com\/es\/wp-json\/wp\/v2\/product_tag?post=4857"}],"curies":[{"name":"wp","href":"https:\/\/api.w.org\/{rel}","templated":true}]}}