{"id":4520,"date":"2025-09-01T10:21:57","date_gmt":"2025-09-01T10:21:57","guid":{"rendered":"https:\/\/www.hg-cooker.com\/?post_type=product&#038;p=4520"},"modified":"2025-09-13T02:06:47","modified_gmt":"2025-09-13T02:06:47","slug":"olla-de-leche-hirviendo-de-acero-inoxidable-al-por-mayor-44","status":"publish","type":"product","link":"https:\/\/www.hg-cooker.com\/es\/producto\/olla-de-leche-hirviendo-de-acero-inoxidable-al-por-mayor-44\/","title":{"rendered":"Sopa de acero inoxidable olla con tapa Venta directa de f\u00e1brica: Dise\u00f1ado para el hogar y cocinas comerciales"},"content":{"rendered":"<div class=\"wp-block-columns is-layout-flex wp-container-core-columns-is-layout-9d6595d7 wp-block-columns-is-layout-flex\">\n<div class=\"wp-block-column is-layout-flow wp-block-column-is-layout-flow\">\n<h2 class=\"wp-block-heading\">Par\u00e1metros de la olla sopera de acero inoxidable<\/h2>\n\n\n\n<p><strong>Nombre del producto<\/strong>: Olla sopera de acero inoxidable<br><br><strong>N\u00famero de modelo: <\/strong>HG-316NG16<br><br><strong>Material:<\/strong> Cuerpo de acero inoxidable 316 \/ fondo de acero inoxidable tricapa <\/p>\n\n\n\n<p><strong>Capacidad: <\/strong>1.5L(16cm)\/2.0L(18cm)<br><br><strong>Estufa adecuada<\/strong>: Cocina de Gas \/ Cocina de Inducci\u00f3n \/ Vitrocer\u00e1mica El\u00e9ctrica \/ Cocina El\u00e9ctrica.<br><\/p>\n<\/div>\n\n\n\n<div class=\"wp-block-column is-layout-flow wp-block-column-is-layout-flow\">\n<h2 class=\"wp-block-heading\">Opciones de bater\u00eda de cocina a medida<\/h2>\n\n\n\n<p><strong>Logotipo<\/strong>: Personalice el logotipo de su marca en la sopera y el envase.<br><br><strong>Tama\u00f1o:<\/strong> Personalice diferentes tama\u00f1os de olla sopera seg\u00fan sus necesidades.<br><br><strong>Paquete<\/strong>: cart\u00f3n\/caja de color.<br><br><a href=\"https:\/\/www.hg-cooker.com\/es\/custom-solution\/\" data-type=\"page\" data-id=\"2793\" target=\"_blank\" rel=\"noreferrer noopener\"><strong>Explorar m\u00e1s detalles de utensilios de cocina personalizados<\/strong><\/a><\/p>\n<\/div>\n<\/div>\n\n\n\n<div class=\"wp-block-columns is-layout-flex wp-container-core-columns-is-layout-9d6595d7 wp-block-columns-is-layout-flex\">\n<div class=\"wp-block-column is-layout-flow wp-block-column-is-layout-flow\">\n<figure class=\"wp-block-image size-full\"><img fetchpriority=\"high\" decoding=\"async\" width=\"800\" height=\"800\" src=\"https:\/\/www.hg-cooker.com\/wp-content\/uploads\/2024\/10\/stainless-steel-soup-pot-detail.jpg\" alt=\"detalle de olla de acero inoxidable\" class=\"wp-image-4523\" srcset=\"https:\/\/www.hg-cooker.com\/wp-content\/uploads\/2024\/10\/stainless-steel-soup-pot-detail.jpg 800w, https:\/\/www.hg-cooker.com\/wp-content\/uploads\/2024\/10\/stainless-steel-soup-pot-detail-150x150.jpg 150w, https:\/\/www.hg-cooker.com\/wp-content\/uploads\/2024\/10\/stainless-steel-soup-pot-detail-660x660.jpg 660w, https:\/\/www.hg-cooker.com\/wp-content\/uploads\/2024\/10\/stainless-steel-soup-pot-detail-300x300.jpg 300w, https:\/\/www.hg-cooker.com\/wp-content\/uploads\/2024\/10\/stainless-steel-soup-pot-detail-768x768.jpg 768w, https:\/\/www.hg-cooker.com\/wp-content\/uploads\/2024\/10\/stainless-steel-soup-pot-detail-12x12.jpg 12w, https:\/\/www.hg-cooker.com\/wp-content\/uploads\/2024\/10\/stainless-steel-soup-pot-detail-285x285.jpg 285w, https:\/\/www.hg-cooker.com\/wp-content\/uploads\/2024\/10\/stainless-steel-soup-pot-detail-270x270.jpg 270w, https:\/\/www.hg-cooker.com\/wp-content\/uploads\/2024\/10\/stainless-steel-soup-pot-detail-540x540.jpg 540w\" sizes=\"(max-width: 800px) 100vw, 800px\" \/><\/figure>\n<\/div>\n\n\n\n<div class=\"wp-block-column is-layout-flow wp-block-column-is-layout-flow\">\n<figure class=\"wp-block-image size-full\"><img decoding=\"async\" width=\"800\" height=\"800\" src=\"https:\/\/www.hg-cooker.com\/wp-content\/uploads\/2024\/10\/stainless-steel-soup-pot-detail-1.jpg\" alt=\"detalle de olla de acero inoxidable\" class=\"wp-image-4525\" srcset=\"https:\/\/www.hg-cooker.com\/wp-content\/uploads\/2024\/10\/stainless-steel-soup-pot-detail-1.jpg 800w, https:\/\/www.hg-cooker.com\/wp-content\/uploads\/2024\/10\/stainless-steel-soup-pot-detail-1-150x150.jpg 150w, https:\/\/www.hg-cooker.com\/wp-content\/uploads\/2024\/10\/stainless-steel-soup-pot-detail-1-660x660.jpg 660w, https:\/\/www.hg-cooker.com\/wp-content\/uploads\/2024\/10\/stainless-steel-soup-pot-detail-1-300x300.jpg 300w, https:\/\/www.hg-cooker.com\/wp-content\/uploads\/2024\/10\/stainless-steel-soup-pot-detail-1-768x768.jpg 768w, https:\/\/www.hg-cooker.com\/wp-content\/uploads\/2024\/10\/stainless-steel-soup-pot-detail-1-12x12.jpg 12w, https:\/\/www.hg-cooker.com\/wp-content\/uploads\/2024\/10\/stainless-steel-soup-pot-detail-1-285x285.jpg 285w, https:\/\/www.hg-cooker.com\/wp-content\/uploads\/2024\/10\/stainless-steel-soup-pot-detail-1-270x270.jpg 270w, https:\/\/www.hg-cooker.com\/wp-content\/uploads\/2024\/10\/stainless-steel-soup-pot-detail-1-540x540.jpg 540w\" sizes=\"(max-width: 800px) 100vw, 800px\" \/><\/figure>\n<\/div>\n<\/div>","protected":false},"excerpt":{"rendered":"<p>Olla de acero inoxidable con tapa al por mayor, mejore su experiencia culinaria. Fabricada en acero inoxidable triple de alta calidad, esta olla tiene una excelente conductividad t\u00e9rmica y durabilidad, adecuada para un uso frecuente en restaurantes u hoteles. Ya sea para hacer sopas sustanciosas, guisar deliciosos platos o cocinar pasta sencilla, esta olla puede hacerlo f\u00e1cilmente. Adem\u00e1s, ofrecemos opciones flexibles de venta al por mayor y personalizaci\u00f3n de utensilios de cocina. P\u00f3ngase en contacto con nosotros para obtener soluciones y precios competitivos.<\/p>\n<h3>Caracter\u00edsticas y ventajas de la olla sopera de acero inoxidable<\/h3>\n<p><strong>Dise\u00f1o sin revestimiento:<\/strong> Esta olla sopera est\u00e1 fabricada con materiales no revestidos, que son saludables y seguros para cocinar en casa y en restaurantes.<\/p>\n<p><strong>Estructura tricapa de acero inoxidable:<\/strong> La olla sopera est\u00e1 fabricada en acero inoxidable de tres capas, con buena durabilidad y excelente conductividad t\u00e9rmica. Esto garantiza una distribuci\u00f3n uniforme del calor y un uso prolongado del producto.<\/p>\n<p><strong>Uso en varios fogones:<\/strong> Esta olla sopera es apta para su uso con m\u00faltiples cocinas, incluidas una cocina de gas, una cocina de inducci\u00f3n o una cocina el\u00e9ctrica, para satisfacer las necesidades de diferentes usuarios.<\/p>\n<p><strong>Uso multifuncional<\/strong>: Para muchos usos culinarios, como calentar leche, preparar alimentos complementarios, cocinar fideos y fre\u00edr, todo en uno para satisfacer diversas necesidades en la cocina.\u00a0<\/p>\n<p><strong>Personalizaci\u00f3n OEM&amp;ODM:<\/strong> Ofrecemos soluciones de utensilios de cocina a medida, que incluyen un dise\u00f1o de producto personalizado, una selecci\u00f3n flexible de materiales y una gran variedad de tama\u00f1os y especificaciones. Gracias a nuestros servicios de personalizaci\u00f3n, podr\u00e1 crear utensilios de cocina \u00fanicos.<\/p>","protected":false},"featured_media":4524,"comment_status":"closed","ping_status":"closed","template":"","meta":[],"product_brand":[],"product_cat":[52],"product_tag":[],"class_list":{"0":"post-4520","1":"product","2":"type-product","3":"status-publish","4":"has-post-thumbnail","6":"product_cat-stainless-steel-cookware","8":"first","9":"instock","10":"shipping-taxable","11":"product-type-simple"},"_links":{"self":[{"href":"https:\/\/www.hg-cooker.com\/es\/wp-json\/wp\/v2\/product\/4520","targetHints":{"allow":["GET"]}}],"collection":[{"href":"https:\/\/www.hg-cooker.com\/es\/wp-json\/wp\/v2\/product"}],"about":[{"href":"https:\/\/www.hg-cooker.com\/es\/wp-json\/wp\/v2\/types\/product"}],"replies":[{"embeddable":true,"href":"https:\/\/www.hg-cooker.com\/es\/wp-json\/wp\/v2\/comments?post=4520"}],"wp:featuredmedia":[{"embeddable":true,"href":"https:\/\/www.hg-cooker.com\/es\/wp-json\/wp\/v2\/media\/4524"}],"wp:attachment":[{"href":"https:\/\/www.hg-cooker.com\/es\/wp-json\/wp\/v2\/media?parent=4520"}],"wp:term":[{"taxonomy":"product_brand","embeddable":true,"href":"https:\/\/www.hg-cooker.com\/es\/wp-json\/wp\/v2\/product_brand?post=4520"},{"taxonomy":"product_cat","embeddable":true,"href":"https:\/\/www.hg-cooker.com\/es\/wp-json\/wp\/v2\/product_cat?post=4520"},{"taxonomy":"product_tag","embeddable":true,"href":"https:\/\/www.hg-cooker.com\/es\/wp-json\/wp\/v2\/product_tag?post=4520"}],"curies":[{"name":"wp","href":"https:\/\/api.w.org\/{rel}","templated":true}]}}