{"id":4508,"date":"2025-08-16T08:58:36","date_gmt":"2025-08-16T08:58:36","guid":{"rendered":"https:\/\/www.hg-cooker.com\/?post_type=product&#038;p=4508"},"modified":"2025-11-13T02:22:39","modified_gmt":"2025-11-13T02:22:39","slug":"olla-de-leche-hirviendo-de-acero-inoxidable-al-por-mayor-42","status":"publish","type":"product","link":"https:\/\/www.hg-cooker.com\/es\/producto\/olla-de-leche-hirviendo-de-acero-inoxidable-al-por-mayor-42\/","title":{"rendered":"Mayorista de Ollas a Presi\u00f3n para Camping, Para Cocinar al Aire Libre, Senderismo, Pesca y M\u00e1s"},"content":{"rendered":"<div class=\"wp-block-columns is-layout-flex wp-container-core-columns-is-layout-9d6595d7 wp-block-columns-is-layout-flex\">\n<div class=\"wp-block-column is-layout-flow wp-block-column-is-layout-flow\">\n<h2 class=\"wp-block-heading\">Par\u00e1metros de la olla a presi\u00f3n para camping<\/h2>\n\n\n\n<p><strong>Nombre del producto<\/strong>: Olla a presi\u00f3n para camping<br><br><strong>Estilo<\/strong>: Pared interior de acero inoxidable \/ Pared interior antiadherente<br><br><strong>Capacidad<\/strong>: 0,8L\/1,2L\/1,6L\/2,0L<br><br><strong>Estufa adecuada<\/strong>: Cocina de Gas \/ Cocina de Inducci\u00f3n \/ Vitrocer\u00e1mica El\u00e9ctrica \/ Cocina El\u00e9ctrica.<br><\/p>\n<\/div>\n\n\n\n<div class=\"wp-block-column is-layout-flow wp-block-column-is-layout-flow\">\n<h2 class=\"wp-block-heading\">Opciones personalizadas<\/h2>\n\n\n\n<p><strong>Logotipo<\/strong>: Personalice el logotipo de su marca en la olla a presi\u00f3n para camping y en el envase.<br><br><strong>Tama\u00f1o:<\/strong> Personalice diferentes tama\u00f1os de olla a presi\u00f3n para camping seg\u00fan sus necesidades.<br><br><strong>Paquete<\/strong>: cart\u00f3n\/caja de color.<br><br><a href=\"https:\/\/www.hg-cooker.com\/es\/custom-solution\/\" data-type=\"page\" data-id=\"2793\" target=\"_blank\" rel=\"noreferrer noopener\"><strong>Explore m\u00e1s detalles sobre ollas a presi\u00f3n personalizadas<\/strong><\/a><\/p>\n<\/div>\n<\/div>\n\n\n\n<div class=\"wp-block-columns is-layout-flex wp-container-core-columns-is-layout-9d6595d7 wp-block-columns-is-layout-flex\">\n<div class=\"wp-block-column is-layout-flow wp-block-column-is-layout-flow\">\n<figure class=\"wp-block-image size-full\"><img fetchpriority=\"high\" decoding=\"async\" width=\"616\" height=\"616\" src=\"https:\/\/www.hg-cooker.com\/wp-content\/uploads\/2024\/10\/Wholesale-Camping-Pressure-Cooker-4.png\" alt=\"Mayorista Olla a presi\u00f3n para camping (4)\" class=\"wp-image-4512\" srcset=\"https:\/\/www.hg-cooker.com\/wp-content\/uploads\/2024\/10\/Wholesale-Camping-Pressure-Cooker-4.png 616w, https:\/\/www.hg-cooker.com\/wp-content\/uploads\/2024\/10\/Wholesale-Camping-Pressure-Cooker-4-150x150.png 150w, https:\/\/www.hg-cooker.com\/wp-content\/uploads\/2024\/10\/Wholesale-Camping-Pressure-Cooker-4-300x300.png 300w, https:\/\/www.hg-cooker.com\/wp-content\/uploads\/2024\/10\/Wholesale-Camping-Pressure-Cooker-4-12x12.png 12w, https:\/\/www.hg-cooker.com\/wp-content\/uploads\/2024\/10\/Wholesale-Camping-Pressure-Cooker-4-285x285.png 285w, https:\/\/www.hg-cooker.com\/wp-content\/uploads\/2024\/10\/Wholesale-Camping-Pressure-Cooker-4-270x270.png 270w, https:\/\/www.hg-cooker.com\/wp-content\/uploads\/2024\/10\/Wholesale-Camping-Pressure-Cooker-4-540x540.png 540w\" sizes=\"(max-width: 616px) 100vw, 616px\" \/><\/figure>\n<\/div>\n\n\n\n<div class=\"wp-block-column is-layout-flow wp-block-column-is-layout-flow\">\n<figure class=\"wp-block-image size-full\"><img decoding=\"async\" width=\"611\" height=\"611\" src=\"https:\/\/www.hg-cooker.com\/wp-content\/uploads\/2024\/10\/Wholesale-Camping-Pressure-Cooker-5.png\" alt=\"Mayorista Olla a presi\u00f3n para camping (5)\" class=\"wp-image-4513\" srcset=\"https:\/\/www.hg-cooker.com\/wp-content\/uploads\/2024\/10\/Wholesale-Camping-Pressure-Cooker-5.png 611w, https:\/\/www.hg-cooker.com\/wp-content\/uploads\/2024\/10\/Wholesale-Camping-Pressure-Cooker-5-150x150.png 150w, https:\/\/www.hg-cooker.com\/wp-content\/uploads\/2024\/10\/Wholesale-Camping-Pressure-Cooker-5-300x300.png 300w, https:\/\/www.hg-cooker.com\/wp-content\/uploads\/2024\/10\/Wholesale-Camping-Pressure-Cooker-5-12x12.png 12w, https:\/\/www.hg-cooker.com\/wp-content\/uploads\/2024\/10\/Wholesale-Camping-Pressure-Cooker-5-285x285.png 285w, https:\/\/www.hg-cooker.com\/wp-content\/uploads\/2024\/10\/Wholesale-Camping-Pressure-Cooker-5-270x270.png 270w, https:\/\/www.hg-cooker.com\/wp-content\/uploads\/2024\/10\/Wholesale-Camping-Pressure-Cooker-5-540x540.png 540w\" sizes=\"(max-width: 611px) 100vw, 611px\" \/><\/figure>\n<\/div>\n<\/div>","protected":false},"excerpt":{"rendered":"<p>Mayorista de ollas a presi\u00f3n para camping, satisface las necesidades culinarias de los entusiastas de las actividades al aire libre. Nuestra olla a presi\u00f3n para camping es compacta y f\u00e1cil de transportar, perfecta para acampar, ir de excursi\u00f3n y viajar. \u652f\u6301OEM y ODM, p\u00f3ngase en contacto con nosotros para obtener un presupuesto.<\/p>\n<h2>Caracter\u00edsticas y ventajas de la olla a presi\u00f3n para camping<\/h2>\n<p><strong>Ligero y port\u00e1til:<\/strong> El peso es s\u00f3lo 60% de las cocinas ordinarias, puede soportar la cocci\u00f3n a alta presi\u00f3n, soporta cocinas de gas, le\u00f1a e inducci\u00f3n, y se adapta a diferentes condiciones de acampada.<\/p>\n<p><strong>Cocina eficiente:<\/strong> La olla a presi\u00f3n para camping adopta el mejor dise\u00f1o estructural, que puede cocinar arroz en 5 minutos, y es la mejor herramienta para cocinar al aire libre.<\/p>\n<p><strong>Sistema de seguridad:<\/strong> La olla a presi\u00f3n para camping dispone de diversos dispositivos de protecci\u00f3n para la seguridad de los usuarios durante la cocci\u00f3n a alta presi\u00f3n, entre los que se incluyen eficaces v\u00e1lvulas de seguridad y dispositivos de bloqueo de gran fiabilidad.<\/p>\n<p><strong>Servicio de personalizaci\u00f3n:<\/strong> Como fabricante profesional de ollas a presi\u00f3n, ofrecemos servicios flexibles de personalizaci\u00f3n para satisfacer las diversas necesidades de los compradores B2B. Incluyendo el tama\u00f1o del producto, el dise\u00f1o de la apariencia, la configuraci\u00f3n funcional, etc.<\/p>","protected":false},"featured_media":4509,"comment_status":"closed","ping_status":"closed","template":"","meta":[],"product_brand":[],"product_cat":[54],"product_tag":[],"class_list":{"0":"post-4508","1":"product","2":"type-product","3":"status-publish","4":"has-post-thumbnail","6":"product_cat-pressure-cooker","8":"first","9":"instock","10":"shipping-taxable","11":"product-type-simple"},"_links":{"self":[{"href":"https:\/\/www.hg-cooker.com\/es\/wp-json\/wp\/v2\/product\/4508","targetHints":{"allow":["GET"]}}],"collection":[{"href":"https:\/\/www.hg-cooker.com\/es\/wp-json\/wp\/v2\/product"}],"about":[{"href":"https:\/\/www.hg-cooker.com\/es\/wp-json\/wp\/v2\/types\/product"}],"replies":[{"embeddable":true,"href":"https:\/\/www.hg-cooker.com\/es\/wp-json\/wp\/v2\/comments?post=4508"}],"wp:featuredmedia":[{"embeddable":true,"href":"https:\/\/www.hg-cooker.com\/es\/wp-json\/wp\/v2\/media\/4509"}],"wp:attachment":[{"href":"https:\/\/www.hg-cooker.com\/es\/wp-json\/wp\/v2\/media?parent=4508"}],"wp:term":[{"taxonomy":"product_brand","embeddable":true,"href":"https:\/\/www.hg-cooker.com\/es\/wp-json\/wp\/v2\/product_brand?post=4508"},{"taxonomy":"product_cat","embeddable":true,"href":"https:\/\/www.hg-cooker.com\/es\/wp-json\/wp\/v2\/product_cat?post=4508"},{"taxonomy":"product_tag","embeddable":true,"href":"https:\/\/www.hg-cooker.com\/es\/wp-json\/wp\/v2\/product_tag?post=4508"}],"curies":[{"name":"wp","href":"https:\/\/api.w.org\/{rel}","templated":true}]}}