{"id":4503,"date":"2025-08-14T08:10:22","date_gmt":"2025-08-14T08:10:22","guid":{"rendered":"https:\/\/www.hg-cooker.com\/?post_type=product&#038;p=4503"},"modified":"2025-11-13T02:25:39","modified_gmt":"2025-11-13T02:25:39","slug":"olla-de-leche-hirviendo-de-acero-inoxidable-al-por-mayor-41","status":"publish","type":"product","link":"https:\/\/www.hg-cooker.com\/es\/producto\/olla-de-leche-hirviendo-de-acero-inoxidable-al-por-mayor-41\/","title":{"rendered":"Mayorista Ollas a presi\u00f3n de acero inoxidable,Ollas a presi\u00f3n 4l\uff0c5l\uff0c6l a granel en venta"},"content":{"rendered":"<div class=\"wp-block-columns is-layout-flex wp-container-core-columns-is-layout-9d6595d7 wp-block-columns-is-layout-flex\">\n<div class=\"wp-block-column is-layout-flow wp-block-column-is-layout-flow\">\n<h2 class=\"wp-block-heading\">Par\u00e1metros de la olla a presi\u00f3n<\/h2>\n\n\n\n<p><strong>Nombre del producto<\/strong>: Olla a presi\u00f3n de acero inoxidable<\/p>\n\n\n\n<p><strong>N\u00famero de modelo<\/strong>: HGYLG30UX<br><br><strong>Capacidad<\/strong>: 4.0L\/5.0L\/6.0L\/8.0L\/10L\/12L<br><br><strong>Estufa adecuada<\/strong>: Cocina de Gas \/ Cocina de Inducci\u00f3n \/ Vitrocer\u00e1mica El\u00e9ctrica \/ Cocina El\u00e9ctrica.<br><\/p>\n<\/div>\n\n\n\n<div class=\"wp-block-column is-layout-flow wp-block-column-is-layout-flow\">\n<h2 class=\"wp-block-heading\">Opciones de olla a presi\u00f3n personalizadas<\/h2>\n\n\n\n<p><strong>Logotipo<\/strong>: Personalice el logotipo de su marca en la olla a presi\u00f3n y en el envase.<br><br><strong>Talla<\/strong>: Tama\u00f1os de olla a presi\u00f3n personalizados.<br><br><strong>Embalaje<\/strong>: cart\u00f3n\/caja de color.<br><br><a href=\"https:\/\/www.hg-cooker.com\/es\/custom-solution\/\" data-type=\"page\" data-id=\"2793\" target=\"_blank\" rel=\"noreferrer noopener\"><strong>Explore m\u00e1s detalles sobre ollas a presi\u00f3n personalizadas<\/strong><\/a><\/p>\n<\/div>\n<\/div>\n\n\n\n<div class=\"wp-block-columns is-layout-flex wp-container-core-columns-is-layout-9d6595d7 wp-block-columns-is-layout-flex\">\n<div class=\"wp-block-column is-layout-flow wp-block-column-is-layout-flow\">\n<figure class=\"wp-block-image size-full\"><img fetchpriority=\"high\" decoding=\"async\" width=\"988\" height=\"509\" src=\"https:\/\/www.hg-cooker.com\/wp-content\/uploads\/2024\/10\/stainless-steel-cookware-2.png\" alt=\"bater\u00eda de cocina de acero inoxidable (2)\" class=\"wp-image-4505\" srcset=\"https:\/\/www.hg-cooker.com\/wp-content\/uploads\/2024\/10\/stainless-steel-cookware-2.png 988w, https:\/\/www.hg-cooker.com\/wp-content\/uploads\/2024\/10\/stainless-steel-cookware-2-150x77.png 150w, https:\/\/www.hg-cooker.com\/wp-content\/uploads\/2024\/10\/stainless-steel-cookware-2-660x340.png 660w, https:\/\/www.hg-cooker.com\/wp-content\/uploads\/2024\/10\/stainless-steel-cookware-2-300x155.png 300w, https:\/\/www.hg-cooker.com\/wp-content\/uploads\/2024\/10\/stainless-steel-cookware-2-768x396.png 768w, https:\/\/www.hg-cooker.com\/wp-content\/uploads\/2024\/10\/stainless-steel-cookware-2-18x9.png 18w, https:\/\/www.hg-cooker.com\/wp-content\/uploads\/2024\/10\/stainless-steel-cookware-2-285x147.png 285w\" sizes=\"(max-width: 988px) 100vw, 988px\" \/><\/figure>\n<\/div>\n<\/div>\n\n\n\n<p><\/p>","protected":false},"excerpt":{"rendered":"<p>Venta al por mayor de ollas a presi\u00f3n de acero inoxidable de varias capacidades, incluyendo 4L, 5L y 6L, estas ollas a presi\u00f3n son duraderas, de cocci\u00f3n r\u00e1pida, energ\u00e9ticamente eficientes y vers\u00e1tiles, imprescindibles en cualquier cocina. P\u00f3ngase en contacto con nosotros para solicitar un presupuesto.<\/p>\n<h2>Caracter\u00edsticas y ventajas de la olla a presi\u00f3n de acero inoxidable<\/h2>\n<p><strong>Amplia gama de aplicaciones:<\/strong> La olla a presi\u00f3n de acero inoxidable al por mayor puede aplicarse a diferentes cocinas, como cocinas de gas, cocinas de inducci\u00f3n, cocinas el\u00e9ctricas, cocinas el\u00e9ctricas de cer\u00e1mica, etc. Los usuarios pueden elegir libremente seg\u00fan la estufa apropiada.<\/p>\n<p><strong>Cocci\u00f3n r\u00e1pida:<\/strong> El mecanismo de cocci\u00f3n a presi\u00f3n acorta significativamente el tiempo de cocci\u00f3n, conservando la nutrici\u00f3n mientras prepara las comidas r\u00e1pidamente. Ayuda a las familias ocupadas a cocinar f\u00e1cilmente deliciosas comidas en su acelerada vida.<\/p>\n<p><strong>Alta resistencia a la temperatura y a la corrosi\u00f3n:<\/strong> La olla a presi\u00f3n est\u00e1 fabricada en acero inoxidable 304 de calidad alimentaria. La excelente resistencia a la corrosi\u00f3n del acero inoxidable 304 puede soportar diferentes ingredientes, incluidos alimentos \u00e1cidos como tomates y vinagre, y puede utilizarse durante mucho tiempo.<\/p>\n<p><strong>Versatilidad:<\/strong> Estas ollas a presi\u00f3n est\u00e1n disponibles en tres tama\u00f1os: 4L, 5L y 6L, que son perfectas para preparar una gran variedad de platos, desde sopas y guisos hasta carne y cereales, y son muy adecuadas para familias peque\u00f1as y grandes.<\/p>\n<p><strong>Seis grandes sistemas de seguridad:<\/strong> Esta olla a presi\u00f3n dispone de dispositivos de seguridad como v\u00e1lvula de seguridad, v\u00e1lvula limitadora de presi\u00f3n, v\u00e1lvula de alarma, etc., para que los usuarios puedan sentirse m\u00e1s tranquilos cuando cocinen a alta presi\u00f3n.<\/p>","protected":false},"featured_media":4504,"comment_status":"closed","ping_status":"closed","template":"","meta":[],"product_brand":[],"product_cat":[54],"product_tag":[],"class_list":{"0":"post-4503","1":"product","2":"type-product","3":"status-publish","4":"has-post-thumbnail","6":"product_cat-pressure-cooker","8":"first","9":"instock","10":"shipping-taxable","11":"product-type-simple"},"_links":{"self":[{"href":"https:\/\/www.hg-cooker.com\/es\/wp-json\/wp\/v2\/product\/4503","targetHints":{"allow":["GET"]}}],"collection":[{"href":"https:\/\/www.hg-cooker.com\/es\/wp-json\/wp\/v2\/product"}],"about":[{"href":"https:\/\/www.hg-cooker.com\/es\/wp-json\/wp\/v2\/types\/product"}],"replies":[{"embeddable":true,"href":"https:\/\/www.hg-cooker.com\/es\/wp-json\/wp\/v2\/comments?post=4503"}],"wp:featuredmedia":[{"embeddable":true,"href":"https:\/\/www.hg-cooker.com\/es\/wp-json\/wp\/v2\/media\/4504"}],"wp:attachment":[{"href":"https:\/\/www.hg-cooker.com\/es\/wp-json\/wp\/v2\/media?parent=4503"}],"wp:term":[{"taxonomy":"product_brand","embeddable":true,"href":"https:\/\/www.hg-cooker.com\/es\/wp-json\/wp\/v2\/product_brand?post=4503"},{"taxonomy":"product_cat","embeddable":true,"href":"https:\/\/www.hg-cooker.com\/es\/wp-json\/wp\/v2\/product_cat?post=4503"},{"taxonomy":"product_tag","embeddable":true,"href":"https:\/\/www.hg-cooker.com\/es\/wp-json\/wp\/v2\/product_tag?post=4503"}],"curies":[{"name":"wp","href":"https:\/\/api.w.org\/{rel}","templated":true}]}}