{"id":4495,"date":"2025-08-31T07:18:42","date_gmt":"2025-08-31T07:18:42","guid":{"rendered":"https:\/\/www.hg-cooker.com\/?post_type=product&#038;p=4495"},"modified":"2025-09-13T02:26:58","modified_gmt":"2025-09-13T02:26:58","slug":"olla-de-leche-hirviendo-de-acero-inoxidable-al-por-mayor-40","status":"publish","type":"product","link":"https:\/\/www.hg-cooker.com\/es\/producto\/olla-de-leche-hirviendo-de-acero-inoxidable-al-por-mayor-40\/","title":{"rendered":"Mayorista Ollas Vaporizadoras de Acero Inoxidable Duraderas para Uso Profesional y Dom\u00e9stico"},"content":{"rendered":"<h3 class=\"wp-block-heading\">Par\u00e1metros de la olla de vapor de acero inoxidable<\/h3>\n\n\n\n<figure class=\"wp-block-table\"><table class=\"has-fixed-layout\"><tbody><tr><td>&nbsp;Nombre del producto<\/td><td>&nbsp;Utilizaci\u00f3n<\/td><td>&nbsp;Color<\/td><td>&nbsp;Talla<\/td><td>&nbsp;Aplicaci\u00f3n<\/td><td>&nbsp;Funci\u00f3n<\/td><td>&nbsp;Logotipo<\/td><td>&nbsp;MOQ<\/td><td>&nbsp;Mango<\/td><\/tr><tr><td>&nbsp;Vaporera de doble fondo 26CM<\/td><td>&nbsp;Cocina casera<\/td><td>&nbsp;Plata<\/td><td>&nbsp;67*55*72 cm<\/td><td>&nbsp;Cocina comercial<\/td><td>&nbsp;Uso de la cocina Cocinar<\/td><td>&nbsp;Personalizar logotipo<\/td><td>&nbsp;Serie 2000<\/td><td>&nbsp;Mango de acero inoxidable<\/td><\/tr><\/tbody><\/table><\/figure>\n\n\n\n<div class=\"wp-block-columns is-layout-flex wp-container-core-columns-is-layout-9d6595d7 wp-block-columns-is-layout-flex\">\n<div class=\"wp-block-column is-layout-flow wp-block-column-is-layout-flow\">\n<h3 class=\"wp-block-heading\">Opciones de ollas de vapor de acero inoxidable personalizadas<\/h3>\n\n\n\n<p><strong>Logotipo<\/strong>: Personalice el logotipo de su marca en la olla t\u00e9rmica y en el envase.<br><br><strong>Tama\u00f1o:<\/strong> Personalice diferentes tama\u00f1os de olla t\u00e9rmica seg\u00fan sus necesidades.<br><br><strong>Paquete<\/strong>: cart\u00f3n\/caja de color.<br><br><a href=\"https:\/\/www.hg-cooker.com\/es\/custom-solution\/\" data-type=\"page\" data-id=\"2793\" target=\"_blank\" rel=\"noreferrer noopener\"><strong>Explore m\u00e1s detalles de menaje a medida<\/strong><\/a>.<\/p>\n<\/div>\n\n\n\n<div class=\"wp-block-column is-layout-flow wp-block-column-is-layout-flow\">\n<figure class=\"wp-block-image size-full\"><img fetchpriority=\"high\" decoding=\"async\" width=\"750\" height=\"750\" src=\"https:\/\/www.hg-cooker.com\/wp-content\/uploads\/2024\/10\/stainless-steel-steamer-pot-5.webp\" alt=\"olla de vapor de acero inoxidable (5)\" class=\"wp-image-4501\" srcset=\"https:\/\/www.hg-cooker.com\/wp-content\/uploads\/2024\/10\/stainless-steel-steamer-pot-5.webp 750w, https:\/\/www.hg-cooker.com\/wp-content\/uploads\/2024\/10\/stainless-steel-steamer-pot-5-150x150.webp 150w, https:\/\/www.hg-cooker.com\/wp-content\/uploads\/2024\/10\/stainless-steel-steamer-pot-5-660x660.webp 660w, https:\/\/www.hg-cooker.com\/wp-content\/uploads\/2024\/10\/stainless-steel-steamer-pot-5-300x300.webp 300w, https:\/\/www.hg-cooker.com\/wp-content\/uploads\/2024\/10\/stainless-steel-steamer-pot-5-12x12.webp 12w, https:\/\/www.hg-cooker.com\/wp-content\/uploads\/2024\/10\/stainless-steel-steamer-pot-5-285x285.webp 285w, https:\/\/www.hg-cooker.com\/wp-content\/uploads\/2024\/10\/stainless-steel-steamer-pot-5-270x270.webp 270w, https:\/\/www.hg-cooker.com\/wp-content\/uploads\/2024\/10\/stainless-steel-steamer-pot-5-540x540.webp 540w\" sizes=\"(max-width: 750px) 100vw, 750px\" \/><\/figure>\n<\/div>\n<\/div>","protected":false},"excerpt":{"rendered":"<p>La vaporera de acero inoxidable al por mayor es muy adecuada para su uso en cocinas comerciales y dom\u00e9sticas. Hecho de acero inoxidable de alta calidad, el dise\u00f1o de m\u00faltiples capas puede cocer al vapor y cocinar m\u00faltiples alimentos al mismo tiempo, mejorando la eficiencia de cocci\u00f3n. Ofrecemos servicios profesionales de personalizaci\u00f3n OEM&amp;ODM, p\u00f3ngase en contacto con nosotros.<\/p>\n<h3>Caracter\u00edsticas y ventajas de la olla de vapor de acero inoxidable<\/h3>\n<p><strong>Material duradero:<\/strong> La olla de vapor es de acero inoxidable de alta calidad, resistente a la corrosi\u00f3n y la oxidaci\u00f3n, y garantiza una larga vida \u00fatil.<\/p>\n<p><strong>Dise\u00f1o multicapa:<\/strong> El dise\u00f1o apilable de 3 capas puede cocer al vapor y cocinar varios alimentos a la vez, ahorrando as\u00ed tiempo y energ\u00eda.<\/p>\n<p><strong>Calefacci\u00f3n uniforme:<\/strong> Esto garantizaba que los alimentos se calentaran uniformemente sin sobrecalentamiento local.<\/p>\n<p><strong>Mango ergon\u00f3mico:<\/strong> Esta olla de vapor de acero inoxidable cuenta con un asa robusta y resistente al calor para moverla y utilizarla con seguridad cuando se cocina a alta temperatura.<\/p>\n<p><strong>F\u00e1cil de limpiar:<\/strong> Est\u00e1 fabricado en acero inoxidable que admite el lavado a mano o en lavavajillas para facilitar su mantenimiento.<\/p>\n<p><strong>Multifuncional:<\/strong> Puede utilizarse para cocer al vapor verduras, pescado, alb\u00f3ndigas y muchos platos m\u00e1s. Perfecto para cocinas dom\u00e9sticas o comerciales.<\/p>","protected":false},"featured_media":4497,"comment_status":"closed","ping_status":"closed","template":"","meta":[],"product_brand":[],"product_cat":[52],"product_tag":[],"class_list":{"0":"post-4495","1":"product","2":"type-product","3":"status-publish","4":"has-post-thumbnail","6":"product_cat-stainless-steel-cookware","8":"first","9":"instock","10":"shipping-taxable","11":"product-type-simple"},"_links":{"self":[{"href":"https:\/\/www.hg-cooker.com\/es\/wp-json\/wp\/v2\/product\/4495","targetHints":{"allow":["GET"]}}],"collection":[{"href":"https:\/\/www.hg-cooker.com\/es\/wp-json\/wp\/v2\/product"}],"about":[{"href":"https:\/\/www.hg-cooker.com\/es\/wp-json\/wp\/v2\/types\/product"}],"replies":[{"embeddable":true,"href":"https:\/\/www.hg-cooker.com\/es\/wp-json\/wp\/v2\/comments?post=4495"}],"wp:featuredmedia":[{"embeddable":true,"href":"https:\/\/www.hg-cooker.com\/es\/wp-json\/wp\/v2\/media\/4497"}],"wp:attachment":[{"href":"https:\/\/www.hg-cooker.com\/es\/wp-json\/wp\/v2\/media?parent=4495"}],"wp:term":[{"taxonomy":"product_brand","embeddable":true,"href":"https:\/\/www.hg-cooker.com\/es\/wp-json\/wp\/v2\/product_brand?post=4495"},{"taxonomy":"product_cat","embeddable":true,"href":"https:\/\/www.hg-cooker.com\/es\/wp-json\/wp\/v2\/product_cat?post=4495"},{"taxonomy":"product_tag","embeddable":true,"href":"https:\/\/www.hg-cooker.com\/es\/wp-json\/wp\/v2\/product_tag?post=4495"}],"curies":[{"name":"wp","href":"https:\/\/api.w.org\/{rel}","templated":true}]}}