{"id":4486,"date":"2024-10-30T02:57:31","date_gmt":"2024-10-30T02:57:31","guid":{"rendered":"https:\/\/www.hg-cooker.com\/?post_type=product&#038;p=4486"},"modified":"2024-10-30T07:18:25","modified_gmt":"2024-10-30T07:18:25","slug":"olla-de-leche-hirviendo-de-acero-inoxidable-al-por-mayor-39","status":"publish","type":"product","link":"https:\/\/www.hg-cooker.com\/es\/producto\/olla-de-leche-hirviendo-de-acero-inoxidable-al-por-mayor-39\/","title":{"rendered":"Mayorista Olla T\u00e9rmica:Ahorro De Energ\u00eda Y Conservaci\u00f3n Del Calor"},"content":{"rendered":"<div class=\"wp-block-columns is-layout-flex wp-container-core-columns-is-layout-9d6595d7 wp-block-columns-is-layout-flex\">\n<div class=\"wp-block-column is-layout-flow wp-block-column-is-layout-flow\">\n<h2 class=\"wp-block-heading\">Par\u00e1metros de la olla t\u00e9rmica<\/h2>\n\n\n\n<p><strong>Nombre del producto<\/strong>: Olla T\u00e9rmica<br><br><strong>Estilo<\/strong>: Pared interior de acero inoxidable \/ Pared interior antiadherente<br><br><strong>Capacidad<\/strong>: 4,5L\/7,0L<br><br><strong>Estufa adecuada<\/strong>: Cocina de Gas \/ Cocina de Inducci\u00f3n \/ Vitrocer\u00e1mica El\u00e9ctrica \/ Cocina El\u00e9ctrica.<br><\/p>\n<\/div>\n\n\n\n<div class=\"wp-block-column is-layout-flow wp-block-column-is-layout-flow\">\n<h2 class=\"wp-block-heading\">Opciones de ollas t\u00e9rmicas personalizadas<\/h2>\n\n\n\n<p><strong>Logotipo<\/strong>: Personalice el logotipo de su marca en la olla t\u00e9rmica y en el envase.<br><br><strong>Tama\u00f1o:<\/strong> Personalice diferentes tama\u00f1os de olla t\u00e9rmica seg\u00fan sus necesidades.<br><br><strong>Paquete<\/strong>: cart\u00f3n\/caja de color.<br><br><a href=\"https:\/\/www.hg-cooker.com\/es\/custom-solution\/\" data-type=\"page\" data-id=\"2793\" target=\"_blank\" rel=\"noreferrer noopener\"><strong>Explore m\u00e1s detalles de menaje a medida<\/strong><\/a><\/p>\n<\/div>\n<\/div>\n\n\n\n<figure class=\"wp-block-image size-full\"><img fetchpriority=\"high\" decoding=\"async\" width=\"1104\" height=\"634\" src=\"https:\/\/www.hg-cooker.com\/wp-content\/uploads\/2024\/10\/Thermal-Cook-Pot-Style-Options.png\" alt=\"Opciones de estilo de olla t\u00e9rmica\" class=\"wp-image-4491\" srcset=\"https:\/\/www.hg-cooker.com\/wp-content\/uploads\/2024\/10\/Thermal-Cook-Pot-Style-Options.png 1104w, https:\/\/www.hg-cooker.com\/wp-content\/uploads\/2024\/10\/Thermal-Cook-Pot-Style-Options-150x86.png 150w, https:\/\/www.hg-cooker.com\/wp-content\/uploads\/2024\/10\/Thermal-Cook-Pot-Style-Options-660x379.png 660w, https:\/\/www.hg-cooker.com\/wp-content\/uploads\/2024\/10\/Thermal-Cook-Pot-Style-Options-300x172.png 300w, https:\/\/www.hg-cooker.com\/wp-content\/uploads\/2024\/10\/Thermal-Cook-Pot-Style-Options-768x441.png 768w, https:\/\/www.hg-cooker.com\/wp-content\/uploads\/2024\/10\/Thermal-Cook-Pot-Style-Options-18x10.png 18w, https:\/\/www.hg-cooker.com\/wp-content\/uploads\/2024\/10\/Thermal-Cook-Pot-Style-Options-285x164.png 285w\" sizes=\"(max-width: 1104px) 100vw, 1104px\" \/><\/figure>\n\n\n\n<figure class=\"wp-block-image size-full\"><img decoding=\"async\" width=\"1500\" height=\"665\" src=\"https:\/\/www.hg-cooker.com\/wp-content\/uploads\/2024\/10\/Suitable-stoves-for-Thermal-Cook-Pot.png\" alt=\"Estufas adecuadas para Thermal Cook Pot\" class=\"wp-image-4487\" srcset=\"https:\/\/www.hg-cooker.com\/wp-content\/uploads\/2024\/10\/Suitable-stoves-for-Thermal-Cook-Pot.png 1500w, https:\/\/www.hg-cooker.com\/wp-content\/uploads\/2024\/10\/Suitable-stoves-for-Thermal-Cook-Pot-150x67.png 150w, https:\/\/www.hg-cooker.com\/wp-content\/uploads\/2024\/10\/Suitable-stoves-for-Thermal-Cook-Pot-660x293.png 660w, https:\/\/www.hg-cooker.com\/wp-content\/uploads\/2024\/10\/Suitable-stoves-for-Thermal-Cook-Pot-300x133.png 300w, https:\/\/www.hg-cooker.com\/wp-content\/uploads\/2024\/10\/Suitable-stoves-for-Thermal-Cook-Pot-768x340.png 768w, https:\/\/www.hg-cooker.com\/wp-content\/uploads\/2024\/10\/Suitable-stoves-for-Thermal-Cook-Pot-18x8.png 18w, https:\/\/www.hg-cooker.com\/wp-content\/uploads\/2024\/10\/Suitable-stoves-for-Thermal-Cook-Pot-285x126.png 285w\" sizes=\"(max-width: 1500px) 100vw, 1500px\" \/><\/figure>\n\n\n\n<p><\/p>","protected":false},"excerpt":{"rendered":"<p>Olla t\u00e9rmica al por mayor, ofrecemos una variedad de estilos y capacidades de olla t\u00e9rmica para satisfacer las diferentes necesidades del mercado. Esta olla t\u00e9rmica puede mantener el calor hasta diez horas. Elija nuestra olla t\u00e9rmica para proporcionarle soluciones de cocci\u00f3n eficientes y de bajo consumo.<\/p>\n<h3>Caracter\u00edsticas y ventajas de la olla t\u00e9rmica<\/h3>\n<p><strong>Ahorro de energ\u00eda y potencia:<\/strong> No es necesario calentar continuamente, basta con calentar la olla interior durante 10 minutos, luego introducirla en la olla exterior y seguir calentando durante 40 minutos, lo que reduce enormemente el consumo de energ\u00eda.<\/p>\n<p><strong>Conservaci\u00f3n eficaz del calor:<\/strong> La olla exterior de la olla t\u00e9rmica adopta un material de aislamiento t\u00e9rmico eficiente, que puede mantener el calor durante mucho tiempo, y el tiempo de conservaci\u00f3n del calor es de hasta 10 horas, manteniendo la temperatura y el sabor de los alimentos.<\/p>\n<p><strong>F\u00e1cil manejo:<\/strong> S\u00f3lo se necesitan dos pasos, s\u00f3lo hay que ponerlo en la olla exterior directamente despu\u00e9s de calentarlo, sin complicados pasos de cocci\u00f3n, adecuado para familias ocupadas.<\/p>\n<p><strong>Aplicaci\u00f3n multifuncional:<\/strong> Adecuada para cocinar sopa, gachas, estofados y otros alimentos, la olla t\u00e9rmica puede utilizarse no s\u00f3lo en la cocina dom\u00e9stica, sino tambi\u00e9n en picnics al aire libre y acampadas.<\/p>\n<p><strong>Servicio mayorista:<\/strong> Hengguang ofrece un servicio de venta al por mayor de ollas t\u00e9rmicas para garantizar que pueda obtener productos de alta calidad al precio m\u00e1s competitivo.<\/p>","protected":false},"featured_media":4492,"comment_status":"closed","ping_status":"closed","template":"","meta":[],"product_brand":[],"product_cat":[50],"product_tag":[],"class_list":{"0":"post-4486","1":"product","2":"type-product","3":"status-publish","4":"has-post-thumbnail","6":"product_cat-vacuum-thermal-cooker","8":"first","9":"instock","10":"shipping-taxable","11":"product-type-simple"},"_links":{"self":[{"href":"https:\/\/www.hg-cooker.com\/es\/wp-json\/wp\/v2\/product\/4486","targetHints":{"allow":["GET"]}}],"collection":[{"href":"https:\/\/www.hg-cooker.com\/es\/wp-json\/wp\/v2\/product"}],"about":[{"href":"https:\/\/www.hg-cooker.com\/es\/wp-json\/wp\/v2\/types\/product"}],"replies":[{"embeddable":true,"href":"https:\/\/www.hg-cooker.com\/es\/wp-json\/wp\/v2\/comments?post=4486"}],"wp:featuredmedia":[{"embeddable":true,"href":"https:\/\/www.hg-cooker.com\/es\/wp-json\/wp\/v2\/media\/4492"}],"wp:attachment":[{"href":"https:\/\/www.hg-cooker.com\/es\/wp-json\/wp\/v2\/media?parent=4486"}],"wp:term":[{"taxonomy":"product_brand","embeddable":true,"href":"https:\/\/www.hg-cooker.com\/es\/wp-json\/wp\/v2\/product_brand?post=4486"},{"taxonomy":"product_cat","embeddable":true,"href":"https:\/\/www.hg-cooker.com\/es\/wp-json\/wp\/v2\/product_cat?post=4486"},{"taxonomy":"product_tag","embeddable":true,"href":"https:\/\/www.hg-cooker.com\/es\/wp-json\/wp\/v2\/product_tag?post=4486"}],"curies":[{"name":"wp","href":"https:\/\/api.w.org\/{rel}","templated":true}]}}