{"id":4452,"date":"2024-09-29T06:46:05","date_gmt":"2024-09-29T06:46:05","guid":{"rendered":"https:\/\/www.hg-cooker.com\/?post_type=product&#038;p=4452"},"modified":"2026-04-20T09:18:06","modified_gmt":"2026-04-20T09:18:06","slug":"olla-de-leche-hirviendo-de-acero-inoxidable-al-por-mayor-38","status":"publish","type":"product","link":"https:\/\/www.hg-cooker.com\/es\/producto\/olla-de-leche-hirviendo-de-acero-inoxidable-al-por-mayor-38\/","title":{"rendered":"Mayorista Mini Olla a Presi\u00f3n Eficiente, Soporte OEM y ODM - HG Fabricante de Ollas a Presi\u00f3n"},"content":{"rendered":"<div class=\"wp-block-columns is-layout-flex wp-container-core-columns-is-layout-9d6595d7 wp-block-columns-is-layout-flex\">\n<div class=\"wp-block-column is-layout-flow wp-block-column-is-layout-flow\">\n<h3 class=\"wp-block-heading\">Par\u00e1metros de la mini olla a presi\u00f3n<\/h3>\n\n\n\n<figure class=\"wp-block-table\"><table class=\"has-fixed-layout\"><tbody><tr><td>Nombre del producto<\/td><td>Material<\/td><td>Estilo<\/td><td>Capacidad<\/td><td>Estufa adecuada<\/td><\/tr><tr><td>Mini olla a presi\u00f3n<\/td><td>304# Acero Inoxidable (Tapa) + Acero Inoxidable Tri-Ply (Cuerpo de la Olla)<\/td><td>Acero inoxidable \/ revestimiento antiadherente<\/td><td>0,8L \/ 1,2L \/ 1,6L \/ 2,0L \/ 2,5L \/ 3,0L \/ 3,5L \/ 4,0L<\/td><td>Cocina de gas \/ llama abierta \/ inducci\u00f3n<\/td><\/tr><\/tbody><\/table><\/figure>\n\n\n\n<h3 class=\"wp-block-heading\">Opciones personalizadas de la mini olla a presi\u00f3n<\/h3>\n\n\n\n<p><strong>Logotipo<\/strong>: Personalice el logotipo de su marca en la mini olla a presi\u00f3n y en el envase.<br><br><strong>Revestimiento<\/strong>: Revestimiento antiadherente \/ Acero inoxidable <br><br><strong>Talla<\/strong>: Personalice diferentes tama\u00f1os de mini olla a presi\u00f3n seg\u00fan sus necesidades.<br><br><strong>Paquete<\/strong>: cart\u00f3n\/caja de color.<br><br><a href=\"https:\/\/www.hg-cooker.com\/es\/custom-solution\/\" data-type=\"page\" data-id=\"2793\" target=\"_blank\" rel=\"noreferrer noopener\"><strong>Obtenga m\u00e1s informaci\u00f3n sobre soluciones personalizadas para mini ollas a presi\u00f3n.<\/strong><\/a><\/p>\n<\/div>\n<\/div>\n\n\n\n<div class=\"wp-block-columns is-layout-flex wp-container-core-columns-is-layout-9d6595d7 wp-block-columns-is-layout-flex\">\n<div class=\"wp-block-column is-layout-flow wp-block-column-is-layout-flow\">\n<figure class=\"wp-block-image size-full\"><img fetchpriority=\"high\" decoding=\"async\" width=\"790\" height=\"1090\" src=\"https:\/\/www.hg-cooker.com\/wp-content\/uploads\/2024\/09\/Mini-pressure-cooker-detail.webp\" alt=\"Detalle de la mini olla a presi\u00f3n\" class=\"wp-image-4454\" srcset=\"https:\/\/www.hg-cooker.com\/wp-content\/uploads\/2024\/09\/Mini-pressure-cooker-detail.webp 790w, https:\/\/www.hg-cooker.com\/wp-content\/uploads\/2024\/09\/Mini-pressure-cooker-detail-109x150.webp 109w, https:\/\/www.hg-cooker.com\/wp-content\/uploads\/2024\/09\/Mini-pressure-cooker-detail-478x660.webp 478w, https:\/\/www.hg-cooker.com\/wp-content\/uploads\/2024\/09\/Mini-pressure-cooker-detail-217x300.webp 217w, https:\/\/www.hg-cooker.com\/wp-content\/uploads\/2024\/09\/Mini-pressure-cooker-detail-768x1060.webp 768w, https:\/\/www.hg-cooker.com\/wp-content\/uploads\/2024\/09\/Mini-pressure-cooker-detail-9x12.webp 9w, https:\/\/www.hg-cooker.com\/wp-content\/uploads\/2024\/09\/Mini-pressure-cooker-detail-285x393.webp 285w\" sizes=\"(max-width: 790px) 100vw, 790px\" \/><\/figure>\n<\/div>\n\n\n\n<div class=\"wp-block-column is-layout-flow wp-block-column-is-layout-flow\">\n<figure class=\"wp-block-image size-full\"><img decoding=\"async\" width=\"790\" height=\"1094\" src=\"https:\/\/www.hg-cooker.com\/wp-content\/uploads\/2024\/09\/Mini-pressure-cooker-detail-2.webp\" alt=\"Mini olla a presi\u00f3n detalle 2\" class=\"wp-image-4453\" srcset=\"https:\/\/www.hg-cooker.com\/wp-content\/uploads\/2024\/09\/Mini-pressure-cooker-detail-2.webp 790w, https:\/\/www.hg-cooker.com\/wp-content\/uploads\/2024\/09\/Mini-pressure-cooker-detail-2-108x150.webp 108w, https:\/\/www.hg-cooker.com\/wp-content\/uploads\/2024\/09\/Mini-pressure-cooker-detail-2-477x660.webp 477w, https:\/\/www.hg-cooker.com\/wp-content\/uploads\/2024\/09\/Mini-pressure-cooker-detail-2-217x300.webp 217w, https:\/\/www.hg-cooker.com\/wp-content\/uploads\/2024\/09\/Mini-pressure-cooker-detail-2-768x1064.webp 768w, https:\/\/www.hg-cooker.com\/wp-content\/uploads\/2024\/09\/Mini-pressure-cooker-detail-2-9x12.webp 9w, https:\/\/www.hg-cooker.com\/wp-content\/uploads\/2024\/09\/Mini-pressure-cooker-detail-2-285x395.webp 285w\" sizes=\"(max-width: 790px) 100vw, 790px\" \/><\/figure>\n<\/div>\n<\/div>","protected":false},"excerpt":{"rendered":"<p>Mini olla a presi\u00f3n al por mayor, su tama\u00f1o compacto la hace perfecta para cocinas peque\u00f1as o camping, puede hacer frente f\u00e1cilmente a diversas necesidades de cocci\u00f3n. Con super rendimiento de cocci\u00f3n, el arroz se puede cocinar en 5 minutos. Apoyamos OEM y ODM, la bienvenida a los compradores B2B en contacto con nosotros.<\/p>\n<h2>Caracter\u00edsticas y ventajas de la mini olla a presi\u00f3n<\/h2>\n<div>\n<p><strong>Dise\u00f1o compacto:<\/strong> Nuestra mini olla a presi\u00f3n tiene un dise\u00f1o reducido para cocinas, dormitorios o campings con poco espacio.<\/p>\n<p><strong>Cocina eficiente:<\/strong> Con una excelente conductividad t\u00e9rmica y tecnolog\u00eda de alta presi\u00f3n, esta mini olla a presi\u00f3n puede aumentar r\u00e1pidamente la presi\u00f3n interna y acortar significativamente el tiempo de cocci\u00f3n.<\/p>\n<p><strong>Rendimiento de seguridad:<\/strong> Esta mini olla a presi\u00f3n est\u00e1 equipada con m\u00faltiples v\u00e1lvulas de seguridad y cierres de seguridad para garantizar la seguridad durante la cocci\u00f3n a alta presi\u00f3n.<\/p>\n<p><strong>Material duradero:<\/strong> La mini olla a presi\u00f3n est\u00e1 fabricada en acero inoxidable de alta calidad con una excelente resistencia a la corrosi\u00f3n y a la oxidaci\u00f3n.<\/p>\n<p><strong>Abundantes opciones de personalizaci\u00f3n:<\/strong> Ofrecemos abundantes opciones de personalizaci\u00f3n, como la capacidad, el tama\u00f1o y el envase personalizados de la olla a presi\u00f3n, para crear su propia olla a presi\u00f3n de marca.<\/p>\n<\/div>","protected":false},"featured_media":7033,"comment_status":"closed","ping_status":"closed","template":"","meta":[],"product_brand":[],"product_cat":[49],"product_tag":[],"class_list":{"0":"post-4452","1":"product","2":"type-product","3":"status-publish","4":"has-post-thumbnail","6":"product_cat-mini-pressure-cooker","8":"first","9":"instock","10":"shipping-taxable","11":"product-type-simple"},"_links":{"self":[{"href":"https:\/\/www.hg-cooker.com\/es\/wp-json\/wp\/v2\/product\/4452","targetHints":{"allow":["GET"]}}],"collection":[{"href":"https:\/\/www.hg-cooker.com\/es\/wp-json\/wp\/v2\/product"}],"about":[{"href":"https:\/\/www.hg-cooker.com\/es\/wp-json\/wp\/v2\/types\/product"}],"replies":[{"embeddable":true,"href":"https:\/\/www.hg-cooker.com\/es\/wp-json\/wp\/v2\/comments?post=4452"}],"wp:featuredmedia":[{"embeddable":true,"href":"https:\/\/www.hg-cooker.com\/es\/wp-json\/wp\/v2\/media\/7033"}],"wp:attachment":[{"href":"https:\/\/www.hg-cooker.com\/es\/wp-json\/wp\/v2\/media?parent=4452"}],"wp:term":[{"taxonomy":"product_brand","embeddable":true,"href":"https:\/\/www.hg-cooker.com\/es\/wp-json\/wp\/v2\/product_brand?post=4452"},{"taxonomy":"product_cat","embeddable":true,"href":"https:\/\/www.hg-cooker.com\/es\/wp-json\/wp\/v2\/product_cat?post=4452"},{"taxonomy":"product_tag","embeddable":true,"href":"https:\/\/www.hg-cooker.com\/es\/wp-json\/wp\/v2\/product_tag?post=4452"}],"curies":[{"name":"wp","href":"https:\/\/api.w.org\/{rel}","templated":true}]}}