{"id":4440,"date":"2025-09-09T01:53:29","date_gmt":"2025-09-09T01:53:29","guid":{"rendered":"https:\/\/www.hg-cooker.com\/?post_type=product&#038;p=4440"},"modified":"2025-09-13T01:38:06","modified_gmt":"2025-09-13T01:38:06","slug":"olla-de-leche-hirviendo-de-acero-inoxidable-al-por-mayor-37","status":"publish","type":"product","link":"https:\/\/www.hg-cooker.com\/es\/producto\/olla-de-leche-hirviendo-de-acero-inoxidable-al-por-mayor-37\/","title":{"rendered":"Mayorista Tri-Ply Stainless Steel Cookware Set 3 Piece, Including Soup Pot, Milk Pot, Stock Pot"},"content":{"rendered":"<div class=\"wp-block-columns is-layout-flex wp-container-core-columns-is-layout-9d6595d7 wp-block-columns-is-layout-flex\">\n<div class=\"wp-block-column is-layout-flow wp-block-column-is-layout-flow\">\n<h3 class=\"wp-block-heading\">Par\u00e1metros de la bater\u00eda de cocina Tri Ply<\/h3>\n\n\n\n<figure class=\"wp-block-table\"><table class=\"has-fixed-layout\"><tbody><tr><td>Nombre del producto<\/td><td>Juego de utensilios de cocina de acero inoxidable (olla para sopa, olla para leche, olla para caldo)<\/td><\/tr><tr><td>Material<\/td><td>Acero inoxidable 304 y acero inoxidable compuesto de tres capas<\/td><\/tr><tr><td>Estufa adecuada<\/td><td>Cocina Radiante, Horno Hal\u00f3geno, Cocina de Gas, Cocina de Inducci\u00f3n<\/td><\/tr><\/tbody><\/table><\/figure>\n<\/div>\n<\/div>\n\n\n\n<h3 class=\"wp-block-heading\">Utensilios de cocina personalizados<\/h3>\n\n\n\n<figure class=\"wp-block-table\"><table class=\"has-fixed-layout\"><tbody><tr><td>Opciones personalizadas<\/td><td>Detalles<\/td><\/tr><tr><td>Logotipo<\/td><td>Personalice el logotipo de su marca en el producto y el envase.<\/td><\/tr><tr><td>Material<\/td><td>Triple acero inoxidable\/304 acero inoxidable\/316 acero inoxidable<\/td><\/tr><tr><td>Revestimiento<\/td><td>Revestimiento antiadherente\/Acero inoxidable (sin revestimiento)<\/td><\/tr><tr><td>Talla<\/td><td>Tama\u00f1os de bater\u00eda de cocina a medida<\/td><\/tr><tr><td>Embalaje<\/td><td>Cart\u00f3n, Caja de color<\/td><\/tr><\/tbody><\/table><\/figure>\n\n\n\n<div class=\"wp-block-columns is-layout-flex wp-container-core-columns-is-layout-9d6595d7 wp-block-columns-is-layout-flex\">\n<div class=\"wp-block-column is-layout-flow wp-block-column-is-layout-flow\">\n<figure class=\"wp-block-image size-full\"><img fetchpriority=\"high\" decoding=\"async\" width=\"790\" height=\"1000\" src=\"https:\/\/www.hg-cooker.com\/wp-content\/uploads\/2024\/09\/Soup-Pot-and-Stock-Pot-Dimensions.jpg\" alt=\"Dimensiones de la olla\" class=\"wp-image-4444\" srcset=\"https:\/\/www.hg-cooker.com\/wp-content\/uploads\/2024\/09\/Soup-Pot-and-Stock-Pot-Dimensions.jpg 790w, https:\/\/www.hg-cooker.com\/wp-content\/uploads\/2024\/09\/Soup-Pot-and-Stock-Pot-Dimensions-119x150.jpg 119w, https:\/\/www.hg-cooker.com\/wp-content\/uploads\/2024\/09\/Soup-Pot-and-Stock-Pot-Dimensions-521x660.jpg 521w, https:\/\/www.hg-cooker.com\/wp-content\/uploads\/2024\/09\/Soup-Pot-and-Stock-Pot-Dimensions-237x300.jpg 237w, https:\/\/www.hg-cooker.com\/wp-content\/uploads\/2024\/09\/Soup-Pot-and-Stock-Pot-Dimensions-768x972.jpg 768w, https:\/\/www.hg-cooker.com\/wp-content\/uploads\/2024\/09\/Soup-Pot-and-Stock-Pot-Dimensions-9x12.jpg 9w, https:\/\/www.hg-cooker.com\/wp-content\/uploads\/2024\/09\/Soup-Pot-and-Stock-Pot-Dimensions-285x361.jpg 285w\" sizes=\"(max-width: 790px) 100vw, 790px\" \/><\/figure>\n<\/div>\n\n\n\n<div class=\"wp-block-column is-layout-flow wp-block-column-is-layout-flow\">\n<figure class=\"wp-block-image size-full\"><img decoding=\"async\" width=\"790\" height=\"1000\" src=\"https:\/\/www.hg-cooker.com\/wp-content\/uploads\/2024\/09\/Milk-Pot-Dimensions-and-Parameters.jpg\" alt=\"Dimensiones y par\u00e1metros del tarro de leche\" class=\"wp-image-4443\" srcset=\"https:\/\/www.hg-cooker.com\/wp-content\/uploads\/2024\/09\/Milk-Pot-Dimensions-and-Parameters.jpg 790w, https:\/\/www.hg-cooker.com\/wp-content\/uploads\/2024\/09\/Milk-Pot-Dimensions-and-Parameters-119x150.jpg 119w, https:\/\/www.hg-cooker.com\/wp-content\/uploads\/2024\/09\/Milk-Pot-Dimensions-and-Parameters-521x660.jpg 521w, https:\/\/www.hg-cooker.com\/wp-content\/uploads\/2024\/09\/Milk-Pot-Dimensions-and-Parameters-237x300.jpg 237w, https:\/\/www.hg-cooker.com\/wp-content\/uploads\/2024\/09\/Milk-Pot-Dimensions-and-Parameters-768x972.jpg 768w, https:\/\/www.hg-cooker.com\/wp-content\/uploads\/2024\/09\/Milk-Pot-Dimensions-and-Parameters-9x12.jpg 9w, https:\/\/www.hg-cooker.com\/wp-content\/uploads\/2024\/09\/Milk-Pot-Dimensions-and-Parameters-285x361.jpg 285w\" sizes=\"(max-width: 790px) 100vw, 790px\" \/><\/figure>\n<\/div>\n<\/div>","protected":false},"excerpt":{"rendered":"<p>Juego de ollas de acero inoxidable de tres capas al por mayor, el juego de ollas contiene una olla para sopa, una olla para leche y una olla para caldo. El fondo de la bater\u00eda de cocina es de acero inoxidable de tres capas, que tiene un mejor efecto de calentamiento y una distribuci\u00f3n m\u00e1s uniforme del calor, adecuado para cocinas comerciales y uso dom\u00e9stico.<\/p>\n<p>Como fabricante de utensilios de cocina, ofrecemos precios al por mayor de f\u00e1brica. Bienvenido a contactar con nosotros.<\/p>\n<h2>Caracter\u00edsticas y ventajas de la bater\u00eda de cocina de acero inoxidable Tri-Ply\u00a0<\/h2>\n<div>\n<p><strong>F\u00e1cil de manejar:<\/strong> Nuestros juegos de ollas est\u00e1n equipados con asas resistentes, que son m\u00e1s seguras y c\u00f3modas de usar. Cada olla tiene una tapa de vidrio transparente, que no s\u00f3lo es conveniente para observar el proceso de cocci\u00f3n de los alimentos, sino que tambi\u00e9n bloquea eficazmente el calor y la humedad.<\/p>\n<p><strong>Respetuoso con el medio ambiente y seguro:<\/strong> Las bater\u00edas de cocina Hengguang est\u00e1n fabricadas en acero inoxidable de alta calidad. El acero inoxidable es un material no t\u00f3xico con muy buena estabilidad, no contiene PFOA y es muy duradero. Tiene una larga vida \u00fatil.<\/p>\n<p><strong>Triple fondo de acero inoxidable:<\/strong> El fondo de la olla utiliza una innovadora tecnolog\u00eda de uni\u00f3n de triple impacto, que inyecta una capa de aluminio con una excelente conductividad t\u00e9rmica entre dos capas de acero inoxidable, para que los alimentos se calienten uniformemente durante el proceso de cocci\u00f3n.<\/p>\n<p><strong>Amplia compatibilidad:<\/strong> Nuestras cocinas son aptas para todas las fuentes de calor, incluidas las cocinas de inducci\u00f3n, las cocinas de gas, las cocinas de cristal y las cocinas vitrocer\u00e1micas. Sea cual sea el equipamiento de su cocina, podr\u00e1 utilizarlo f\u00e1cilmente.<\/p>\n<p><strong>Servicio de venta al por mayor:<\/strong> Ofrecemos servicios flexibles de venta al por mayor de utensilios de cocina para satisfacer las necesidades de diferentes clientes, ya sean peque\u00f1as empresas o grandes minoristas. Nuestro equipo garantizar\u00e1 una entrega eficaz y un servicio posventa de calidad para ayudarle a obtener una ventaja competitiva en el mercado.<\/p>\n<p><strong>Soluciones a medida:<\/strong> Como fabricante profesional de utensilios de cocina, ofrecemos soluciones personalizadas integrales para los compradores B2B que lo necesiten, que abarcan el dise\u00f1o de productos, el dise\u00f1o de embalajes, etc. Le invitamos a ponerse en contacto con nosotros.<\/p>\n<\/div>","protected":false},"featured_media":4446,"comment_status":"closed","ping_status":"closed","template":"","meta":[],"product_brand":[],"product_cat":[52],"product_tag":[],"class_list":{"0":"post-4440","1":"product","2":"type-product","3":"status-publish","4":"has-post-thumbnail","6":"product_cat-stainless-steel-cookware","8":"first","9":"instock","10":"shipping-taxable","11":"product-type-simple"},"_links":{"self":[{"href":"https:\/\/www.hg-cooker.com\/es\/wp-json\/wp\/v2\/product\/4440","targetHints":{"allow":["GET"]}}],"collection":[{"href":"https:\/\/www.hg-cooker.com\/es\/wp-json\/wp\/v2\/product"}],"about":[{"href":"https:\/\/www.hg-cooker.com\/es\/wp-json\/wp\/v2\/types\/product"}],"replies":[{"embeddable":true,"href":"https:\/\/www.hg-cooker.com\/es\/wp-json\/wp\/v2\/comments?post=4440"}],"wp:featuredmedia":[{"embeddable":true,"href":"https:\/\/www.hg-cooker.com\/es\/wp-json\/wp\/v2\/media\/4446"}],"wp:attachment":[{"href":"https:\/\/www.hg-cooker.com\/es\/wp-json\/wp\/v2\/media?parent=4440"}],"wp:term":[{"taxonomy":"product_brand","embeddable":true,"href":"https:\/\/www.hg-cooker.com\/es\/wp-json\/wp\/v2\/product_brand?post=4440"},{"taxonomy":"product_cat","embeddable":true,"href":"https:\/\/www.hg-cooker.com\/es\/wp-json\/wp\/v2\/product_cat?post=4440"},{"taxonomy":"product_tag","embeddable":true,"href":"https:\/\/www.hg-cooker.com\/es\/wp-json\/wp\/v2\/product_tag?post=4440"}],"curies":[{"name":"wp","href":"https:\/\/api.w.org\/{rel}","templated":true}]}}