{"id":4432,"date":"2025-09-01T05:13:29","date_gmt":"2025-09-01T05:13:29","guid":{"rendered":"https:\/\/www.hg-cooker.com\/?post_type=product&#038;p=4432"},"modified":"2025-09-13T02:08:42","modified_gmt":"2025-09-13T02:08:42","slug":"olla-de-leche-hirviendo-de-acero-inoxidable-al-por-mayor-36","status":"publish","type":"product","link":"https:\/\/www.hg-cooker.com\/es\/producto\/olla-de-leche-hirviendo-de-acero-inoxidable-al-por-mayor-36\/","title":{"rendered":"Mayorista Bater\u00eda de Cocina Antiadherente, Incluye Wok, Sart\u00e9n y Lechera"},"content":{"rendered":"<div class=\"wp-block-columns is-layout-flex wp-container-core-columns-is-layout-9d6595d7 wp-block-columns-is-layout-flex\">\n<div class=\"wp-block-column is-layout-flow wp-block-column-is-layout-flow\">\n<h3 class=\"wp-block-heading\">Par\u00e1metros de la bater\u00eda de cocina antiadherente<\/h3>\n\n\n\n<figure class=\"wp-block-table\"><table class=\"has-fixed-layout\"><tbody><tr><td>Nombre del producto<\/td><td>Juego de ollas antiadherentes de acero inoxidable (olla sopera + olla lechera)<\/td><\/tr><tr><td>Material del producto<\/td><td>Acero inoxidable 304 y acero inoxidable compuesto de tres capas<\/td><\/tr><tr><td>Olla sopera<\/td><td>20cm \/ 22cm \/ 24cm \/ 26cm<\/td><\/tr><tr><td>Tarro de leche<\/td><td>14cm \/ 16cm \/ 18cm<\/td><\/tr><tr><td>Wok<\/td><td>32 cm<\/td><\/tr><tr><td>Estufa adecuada<\/td><td>Cocina Radiante \/ Horno Hal\u00f3geno \/ Cocina de Gas \/ Cocina de Inducci\u00f3n<\/td><\/tr><\/tbody><\/table><\/figure>\n\n\n\n<h3 class=\"wp-block-heading\">Utensilios de cocina personalizados<\/h3>\n\n\n\n<figure class=\"wp-block-table\"><table class=\"has-fixed-layout\"><tbody><tr><td>Opciones de bater\u00eda de cocina a medida<\/td><td>Detalles<\/td><\/tr><tr><td>Logotipo<\/td><td>Personalice el logotipo de su marca en utensilios de cocina y envases<\/td><\/tr><tr><td>Material<\/td><td>Acero inoxidable tricapa \/ Acero inoxidable 304 \/ Acero inoxidable 316<\/td><\/tr><tr><td>Revestimiento<\/td><td>Revestimiento f\u00edsico antiadherente de nido de abeja \/ Acero inoxidable (sin revestimiento)<\/td><\/tr><tr><td>Talla<\/td><td>Tama\u00f1os de bater\u00eda de cocina a medida<\/td><\/tr><tr><td>Paquete<\/td><td>Cart\u00f3n \/ Caja de color<\/td><\/tr><\/tbody><\/table><\/figure>\n\n\n\n<p class=\"has-medium-font-size\"><\/p>\n<\/div>\n<\/div>\n\n\n\n<div class=\"wp-block-columns is-layout-flex wp-container-core-columns-is-layout-9d6595d7 wp-block-columns-is-layout-flex\">\n<div class=\"wp-block-column is-layout-flow wp-block-column-is-layout-flow\">\n<figure class=\"wp-block-image size-full\"><img fetchpriority=\"high\" decoding=\"async\" width=\"790\" height=\"1240\" src=\"https:\/\/www.hg-cooker.com\/wp-content\/uploads\/2024\/09\/Non-stick-Cookware-Set-Details-1.png\" alt=\"Bater\u00eda de cocina antiadherente Detalles (1)\" class=\"wp-image-4589\" srcset=\"https:\/\/www.hg-cooker.com\/wp-content\/uploads\/2024\/09\/Non-stick-Cookware-Set-Details-1.png 790w, https:\/\/www.hg-cooker.com\/wp-content\/uploads\/2024\/09\/Non-stick-Cookware-Set-Details-1-96x150.png 96w, https:\/\/www.hg-cooker.com\/wp-content\/uploads\/2024\/09\/Non-stick-Cookware-Set-Details-1-420x660.png 420w, https:\/\/www.hg-cooker.com\/wp-content\/uploads\/2024\/09\/Non-stick-Cookware-Set-Details-1-191x300.png 191w, https:\/\/www.hg-cooker.com\/wp-content\/uploads\/2024\/09\/Non-stick-Cookware-Set-Details-1-768x1205.png 768w, https:\/\/www.hg-cooker.com\/wp-content\/uploads\/2024\/09\/Non-stick-Cookware-Set-Details-1-8x12.png 8w, https:\/\/www.hg-cooker.com\/wp-content\/uploads\/2024\/09\/Non-stick-Cookware-Set-Details-1-285x447.png 285w\" sizes=\"(max-width: 790px) 100vw, 790px\" \/><\/figure>\n<\/div>\n\n\n\n<div class=\"wp-block-column is-layout-flow wp-block-column-is-layout-flow\">\n<figure class=\"wp-block-image size-full\"><img decoding=\"async\" width=\"790\" height=\"1240\" src=\"https:\/\/www.hg-cooker.com\/wp-content\/uploads\/2024\/09\/Non-stick-Cookware-Set-Details-2.png\" alt=\"Bater\u00eda de cocina antiadherente Detalles (2)\" class=\"wp-image-4590\" srcset=\"https:\/\/www.hg-cooker.com\/wp-content\/uploads\/2024\/09\/Non-stick-Cookware-Set-Details-2.png 790w, https:\/\/www.hg-cooker.com\/wp-content\/uploads\/2024\/09\/Non-stick-Cookware-Set-Details-2-96x150.png 96w, https:\/\/www.hg-cooker.com\/wp-content\/uploads\/2024\/09\/Non-stick-Cookware-Set-Details-2-420x660.png 420w, https:\/\/www.hg-cooker.com\/wp-content\/uploads\/2024\/09\/Non-stick-Cookware-Set-Details-2-191x300.png 191w, https:\/\/www.hg-cooker.com\/wp-content\/uploads\/2024\/09\/Non-stick-Cookware-Set-Details-2-768x1205.png 768w, https:\/\/www.hg-cooker.com\/wp-content\/uploads\/2024\/09\/Non-stick-Cookware-Set-Details-2-8x12.png 8w, https:\/\/www.hg-cooker.com\/wp-content\/uploads\/2024\/09\/Non-stick-Cookware-Set-Details-2-285x447.png 285w\" sizes=\"(max-width: 790px) 100vw, 790px\" \/><\/figure>\n<\/div>\n<\/div>\n\n\n\n<div class=\"wp-block-columns is-layout-flex wp-container-core-columns-is-layout-9d6595d7 wp-block-columns-is-layout-flex\">\n<div class=\"wp-block-column is-layout-flow wp-block-column-is-layout-flow\"><\/div>\n\n\n\n<div class=\"wp-block-column is-layout-flow wp-block-column-is-layout-flow\"><\/div>\n<\/div>","protected":false},"excerpt":{"rendered":"<p>Juego de utensilios de cocina antiadherentes de nido de abeja de 3 piezas al por mayor, que incluye una sart\u00e9n, una cacerola de leche y un wok, para satisfacer todas las necesidades culinarias b\u00e1sicas de la familia.<\/p>\n<p>El cuerpo de la olla es de triple acero inoxidable, con una estructura robusta y garantiza una distribuci\u00f3n uniforme del calor. Es apta para todos los fogones y satisface las necesidades de cocci\u00f3n de diferentes cocinas. P\u00f3ngase en contacto con nosotros para solicitar un presupuesto.<\/p>\n<h3>Caracter\u00edsticas de la bater\u00eda de cocina antiadherente Honeycomb\u00a0<\/h3>\n<div>\n<p><strong>Especificaciones completas:<\/strong> Este juego de utensilios de cocina antiadherentes est\u00e1 disponible en distintas especificaciones, como ollas soperas de 20 cm\/22 cm\/24 cm\/26 cm, ollas lecheras de 14 cm\/16 cm\/18 cm y woks de 32 cm, para satisfacer las necesidades de distintos usuarios.<\/p>\n<p><strong>Adecuado para una gran variedad de estufas:<\/strong> La bater\u00eda de cocina est\u00e1 fabricada en acero inoxidable de tres capas, por lo que es apta para una gran variedad de cocinas, incluidas las de inducci\u00f3n, gas y vitrocer\u00e1mica, lo que mejora enormemente la flexibilidad a la hora de cocinar.<\/p>\n<p><strong>Cubierta de cristal templado:<\/strong> La bater\u00eda de cocina antiadherente est\u00e1 equipada con una tapa de vidrio templado inastillable y a prueba de explosiones, m\u00e1s adecuada para cocinas comerciales de uso frecuente.<\/p>\n<p><strong>Cocina sana:<\/strong> Con su excelente rendimiento antiadherente, puede reducir eficazmente el uso de aceite, ayudar a cocinar alimentos saludables bajos en grasa, y es adecuado para las personas que prestan atenci\u00f3n a la alimentaci\u00f3n saludable.<\/p>\n<p><strong>Servicio OEM&amp;ODM:<\/strong> El fabricante de utensilios de cocina Hengguang ofrece soporte OEM&amp;ODM para ayudar a los clientes a realizar las necesidades de personalizaci\u00f3n de utensilios de cocina de alta calidad.<\/p>\n<\/div>","protected":false},"featured_media":4593,"comment_status":"closed","ping_status":"closed","template":"","meta":[],"product_brand":[],"product_cat":[52],"product_tag":[],"class_list":{"0":"post-4432","1":"product","2":"type-product","3":"status-publish","4":"has-post-thumbnail","6":"product_cat-stainless-steel-cookware","8":"first","9":"instock","10":"shipping-taxable","11":"product-type-simple"},"_links":{"self":[{"href":"https:\/\/www.hg-cooker.com\/es\/wp-json\/wp\/v2\/product\/4432","targetHints":{"allow":["GET"]}}],"collection":[{"href":"https:\/\/www.hg-cooker.com\/es\/wp-json\/wp\/v2\/product"}],"about":[{"href":"https:\/\/www.hg-cooker.com\/es\/wp-json\/wp\/v2\/types\/product"}],"replies":[{"embeddable":true,"href":"https:\/\/www.hg-cooker.com\/es\/wp-json\/wp\/v2\/comments?post=4432"}],"wp:featuredmedia":[{"embeddable":true,"href":"https:\/\/www.hg-cooker.com\/es\/wp-json\/wp\/v2\/media\/4593"}],"wp:attachment":[{"href":"https:\/\/www.hg-cooker.com\/es\/wp-json\/wp\/v2\/media?parent=4432"}],"wp:term":[{"taxonomy":"product_brand","embeddable":true,"href":"https:\/\/www.hg-cooker.com\/es\/wp-json\/wp\/v2\/product_brand?post=4432"},{"taxonomy":"product_cat","embeddable":true,"href":"https:\/\/www.hg-cooker.com\/es\/wp-json\/wp\/v2\/product_cat?post=4432"},{"taxonomy":"product_tag","embeddable":true,"href":"https:\/\/www.hg-cooker.com\/es\/wp-json\/wp\/v2\/product_tag?post=4432"}],"curies":[{"name":"wp","href":"https:\/\/api.w.org\/{rel}","templated":true}]}}