{"id":4422,"date":"2025-05-06T08:20:23","date_gmt":"2025-05-06T08:20:23","guid":{"rendered":"https:\/\/www.hg-cooker.com\/?post_type=product&#038;p=4422"},"modified":"2025-11-13T02:31:31","modified_gmt":"2025-11-13T02:31:31","slug":"olla-de-leche-hirviendo-de-acero-inoxidable-al-por-mayor-35","status":"publish","type":"product","link":"https:\/\/www.hg-cooker.com\/es\/producto\/olla-de-leche-hirviendo-de-acero-inoxidable-al-por-mayor-35\/","title":{"rendered":"Venta al por mayor Tri Ply Stainless Steel Raw Material, Tri Ply Clad Material"},"content":{"rendered":"<div class=\"wp-block-columns is-layout-flex wp-container-core-columns-is-layout-9d6595d7 wp-block-columns-is-layout-flex\">\n<div class=\"wp-block-column is-layout-flow wp-block-column-is-layout-flow\">\n<h2 class=\"wp-block-heading\">Par\u00e1metros de la materia prima de acero inoxidable Tri Ply<\/h2>\n\n\n\n<p><strong>Nombre del producto<\/strong>Materia prima de acero inoxidable de tres capas<\/p>\n\n\n\n<p><strong>Material del producto<\/strong>Acero inoxidable 304\/316 + aluminio + acero inoxidable 430<br><br><strong>Espesor opcional del producto<\/strong>:<br>1.8mm\/2.0mm\/2.2mm\/2.5mm\/3.0mm<\/p>\n\n\n\n<p><strong>Formas del producto<\/strong>:circular \/ forma especial<\/p>\n\n\n\n<p><strong>Tama\u00f1o opcional del producto<\/strong>:<br>El tama\u00f1o circular puede ser de 250 mm a 500 mm. <br>El tama\u00f1o de forma especial puede ser de 900 mm.<\/p>\n<\/div>\n\n\n\n<div class=\"wp-block-column is-layout-flow wp-block-column-is-layout-flow\">\n<h2 class=\"wp-block-heading\">Opciones personalizables de materia prima de acero inoxidable de tres capas<\/h2>\n\n\n\n<p><strong>Patr\u00f3n<\/strong>Personalice todo tipo de dise\u00f1os en el acero inoxidable tricapa.<br><br><strong>Material<\/strong>Acero inoxidable 304\/316 + aluminio + acero inoxidable 430<br><br><strong>Talla<\/strong>:Personalice diferentes tama\u00f1os de la triple capa de acero inoxidable.<br><br><strong>Formas<\/strong>:Placas redondas \/ Cualquier forma especial<br><br><strong>MOQ<\/strong>:1000 piezas<\/p>\n\n\n\n<p><a href=\"https:\/\/www.hg-cooker.com\/es\/discos-tricapa-de-acero-inoxidable\/\" data-type=\"link\" data-id=\"https:\/\/www.hg-cooker.com\/tri-ply-stainless-steel-discs\/\" target=\"_blank\" rel=\"noreferrer noopener\"><strong>Explore m\u00e1s opciones personalizables de acero inoxidable tricapa<\/strong><\/a><\/p>\n<\/div>\n<\/div>\n\n\n\n<div class=\"wp-block-columns is-layout-flex wp-container-core-columns-is-layout-9d6595d7 wp-block-columns-is-layout-flex\">\n<div class=\"wp-block-column is-layout-flow wp-block-column-is-layout-flow\">\n<figure class=\"wp-block-image size-full\"><img fetchpriority=\"high\" decoding=\"async\" width=\"530\" height=\"530\" src=\"https:\/\/www.hg-cooker.com\/wp-content\/uploads\/2024\/09\/tri-ply-stainless-steel-raw-material-3.png\" alt=\"tricapa-acero inoxidable-material bruto (3)\" class=\"wp-image-4429\" srcset=\"https:\/\/www.hg-cooker.com\/wp-content\/uploads\/2024\/09\/tri-ply-stainless-steel-raw-material-3.png 530w, https:\/\/www.hg-cooker.com\/wp-content\/uploads\/2024\/09\/tri-ply-stainless-steel-raw-material-3-150x150.png 150w, https:\/\/www.hg-cooker.com\/wp-content\/uploads\/2024\/09\/tri-ply-stainless-steel-raw-material-3-300x300.png 300w, https:\/\/www.hg-cooker.com\/wp-content\/uploads\/2024\/09\/tri-ply-stainless-steel-raw-material-3-12x12.png 12w, https:\/\/www.hg-cooker.com\/wp-content\/uploads\/2024\/09\/tri-ply-stainless-steel-raw-material-3-285x285.png 285w, https:\/\/www.hg-cooker.com\/wp-content\/uploads\/2024\/09\/tri-ply-stainless-steel-raw-material-3-270x270.png 270w\" sizes=\"(max-width: 530px) 100vw, 530px\" \/><\/figure>\n<\/div>\n\n\n\n<div class=\"wp-block-column is-layout-flow wp-block-column-is-layout-flow\">\n<figure class=\"wp-block-image size-full\"><img decoding=\"async\" width=\"540\" height=\"540\" src=\"https:\/\/www.hg-cooker.com\/wp-content\/uploads\/2024\/09\/tri-ply-stainless-steel-raw-material-4.png\" alt=\"tricapa-acero inoxidable-material bruto (4)\" class=\"wp-image-4430\" srcset=\"https:\/\/www.hg-cooker.com\/wp-content\/uploads\/2024\/09\/tri-ply-stainless-steel-raw-material-4.png 540w, https:\/\/www.hg-cooker.com\/wp-content\/uploads\/2024\/09\/tri-ply-stainless-steel-raw-material-4-150x150.png 150w, https:\/\/www.hg-cooker.com\/wp-content\/uploads\/2024\/09\/tri-ply-stainless-steel-raw-material-4-300x300.png 300w, https:\/\/www.hg-cooker.com\/wp-content\/uploads\/2024\/09\/tri-ply-stainless-steel-raw-material-4-12x12.png 12w, https:\/\/www.hg-cooker.com\/wp-content\/uploads\/2024\/09\/tri-ply-stainless-steel-raw-material-4-285x285.png 285w, https:\/\/www.hg-cooker.com\/wp-content\/uploads\/2024\/09\/tri-ply-stainless-steel-raw-material-4-270x270.png 270w\" sizes=\"(max-width: 540px) 100vw, 540px\" \/><\/figure>\n<\/div>\n<\/div>\n\n\n\n<div class=\"wp-block-columns is-layout-flex wp-container-core-columns-is-layout-9d6595d7 wp-block-columns-is-layout-flex\">\n<div class=\"wp-block-column is-layout-flow wp-block-column-is-layout-flow\"><\/div>\n\n\n\n<div class=\"wp-block-column is-layout-flow wp-block-column-is-layout-flow\"><\/div>\n<\/div>","protected":false},"excerpt":{"rendered":"<p>Materias primas de acero inoxidable de triple capa al por mayor. La capa interior es de aluminio, intercalada entre dos capas de acero inoxidable. Este material tiene una excelente conductividad t\u00e9rmica, durabilidad y resistencia a la corrosi\u00f3n. Se utiliza ampliamente en muchos campos y es una materia prima importante para la fabricaci\u00f3n de utensilios de cocina y vajillas de alta gama. En el \u00e1mbito industrial, tambi\u00e9n desempe\u00f1a un papel importante. Por ejemplo, en la fabricaci\u00f3n de algunos equipos qu\u00edmicos con requisitos de rendimiento de material extremadamente altos, el excelente rendimiento del acero inoxidable triple proporciona una s\u00f3lida garant\u00eda para la seguridad y la estabilidad de la producci\u00f3n. Como fabricante de materias primas de acero inoxidable triple, proporcionamos materias primas de acero inoxidable triple de alta calidad y apoyamos la personalizaci\u00f3n. Le invitamos a contactar con nosotros B2B para explorar m\u00e1s oportunidades de cooperaci\u00f3n.<\/p>\n<h3>Caracter\u00edsticas y ventajas de los discos de acero inoxidable Tri Ply<\/h3>\n<p><strong>Excelente conductividad t\u00e9rmica<\/strong>: La capa de aluminio en medio de las materias primas de acero inoxidable triple hace que el calor se distribuya uniformemente y el efecto de calentamiento sea mejor. Cuando se utiliza en la fabricaci\u00f3n de utensilios de cocina, puede hacer que la cocina sea m\u00e1s eficiente y ahorrar energ\u00eda.<\/p>\n<p><strong>Excelente durabilidad<\/strong>:En t\u00e9rminos de durabilidad, nuestro acero inoxidable triple se comporta extremadamente bien. Puede soportar el uso de alta intensidad y la prueba de diversos ambientes hostiles, y no es f\u00e1cil de deformar, desgastar o da\u00f1ar. Tras un uso prolongado, puede mantener un buen aspecto y rendimiento, proporcion\u00e1ndole un valor duradero.<\/p>\n<p><strong>Amplia gama de aplicaciones<\/strong>Materias primas de acero inoxidable triple : las materias primas de acero inoxidable triple se utilizan ampliamente en la fabricaci\u00f3n de utensilios de cocina, la fabricaci\u00f3n industrial y la fabricaci\u00f3n de dispositivos m\u00e9dicos. Es un material excelente.<\/p>\n<p><strong>Tama\u00f1o exacto<\/strong>: Nuestro proceso de fabricaci\u00f3n puede controlar con precisi\u00f3n el tama\u00f1o y el grosor del disco, garantizando que cada producto cumpla las normas en t\u00e9rminos de peso, grosor y planitud.<\/p>\n<p><strong>Soluciones a medida<\/strong>: Como fabricante de materias primas de acero inoxidable triples, ofrecemos soporte personalizado para los clientes, los patrones, formas, tama\u00f1os y espesores se pueden personalizar.<\/p>\n<div><a href=\"https:\/\/www.hg-cooker.com\/es\/producto\/olla-de-leche-hirviendo-de-acero-inoxidable-al-por-mayor-14\/\" target=\"_blank\" rel=\"noopener\"><strong>M\u00e1s informaci\u00f3n sobre el material de acero inoxidable tricapa.<\/strong><\/a><\/div>","protected":false},"featured_media":4425,"comment_status":"closed","ping_status":"closed","template":"","meta":[],"product_brand":[],"product_cat":[53],"product_tag":[],"class_list":{"0":"post-4422","1":"product","2":"type-product","3":"status-publish","4":"has-post-thumbnail","6":"product_cat-tri-ply-stainless-steel-discs","8":"first","9":"instock","10":"shipping-taxable","11":"product-type-simple"},"_links":{"self":[{"href":"https:\/\/www.hg-cooker.com\/es\/wp-json\/wp\/v2\/product\/4422","targetHints":{"allow":["GET"]}}],"collection":[{"href":"https:\/\/www.hg-cooker.com\/es\/wp-json\/wp\/v2\/product"}],"about":[{"href":"https:\/\/www.hg-cooker.com\/es\/wp-json\/wp\/v2\/types\/product"}],"replies":[{"embeddable":true,"href":"https:\/\/www.hg-cooker.com\/es\/wp-json\/wp\/v2\/comments?post=4422"}],"wp:featuredmedia":[{"embeddable":true,"href":"https:\/\/www.hg-cooker.com\/es\/wp-json\/wp\/v2\/media\/4425"}],"wp:attachment":[{"href":"https:\/\/www.hg-cooker.com\/es\/wp-json\/wp\/v2\/media?parent=4422"}],"wp:term":[{"taxonomy":"product_brand","embeddable":true,"href":"https:\/\/www.hg-cooker.com\/es\/wp-json\/wp\/v2\/product_brand?post=4422"},{"taxonomy":"product_cat","embeddable":true,"href":"https:\/\/www.hg-cooker.com\/es\/wp-json\/wp\/v2\/product_cat?post=4422"},{"taxonomy":"product_tag","embeddable":true,"href":"https:\/\/www.hg-cooker.com\/es\/wp-json\/wp\/v2\/product_tag?post=4422"}],"curies":[{"name":"wp","href":"https:\/\/api.w.org\/{rel}","templated":true}]}}