{"id":4416,"date":"2025-09-11T07:26:22","date_gmt":"2025-09-11T07:26:22","guid":{"rendered":"https:\/\/www.hg-cooker.com\/?post_type=product&#038;p=4416"},"modified":"2026-04-10T09:54:36","modified_gmt":"2026-04-10T09:54:36","slug":"olla-de-leche-hirviendo-de-acero-inoxidable-al-por-mayor-34","status":"publish","type":"product","link":"https:\/\/www.hg-cooker.com\/es\/producto\/olla-de-leche-hirviendo-de-acero-inoxidable-al-por-mayor-34\/","title":{"rendered":"Mayorista Mini Olla a Presi\u00f3n Para Preparar Comidas R\u00e1pidamente, Perfecta Para Cocinar En Interiores Y Exteriores."},"content":{"rendered":"<div class=\"wp-block-columns is-layout-flex wp-container-core-columns-is-layout-9d6595d7 wp-block-columns-is-layout-flex\">\n<div class=\"wp-block-column is-layout-flow wp-block-column-is-layout-flow\">\n<h2 class=\"wp-block-heading\">Par\u00e1metros de la mini olla a presi\u00f3n<\/h2>\n\n\n\n<p><strong>Nombre del producto<\/strong>: Mini olla a presi\u00f3n de acero inoxidable<br><br><strong>Material del producto<\/strong>: Acero inoxidable 304#S (tapa) + acero inoxidable tricapa (cuerpo de la olla) <br><br><strong>Estilo<\/strong>: Pared interior de acero inoxidable \/ Pared interior antiadherente<br><br><strong>Capacidad<\/strong>: 0.8L\/1.2L\/1.6L\/2.0L\/2.5L\/3.0L\/3.5L\/4.0L<br><br><strong>Estufa adecuada<\/strong>: La mini olla a presi\u00f3n admite cocina de gas\/llama abierta\/cocina de inducci\u00f3n.<br><\/p>\n<\/div>\n\n\n\n<div class=\"wp-block-column is-layout-flow wp-block-column-is-layout-flow\">\n<h2 class=\"wp-block-heading\">Opciones personalizadas de la mini olla a presi\u00f3n<\/h2>\n\n\n\n<p><strong>Logotipo<\/strong>: Personalice el logotipo de su marca en la mini olla a presi\u00f3n y en el envase.<br><br><strong>Revestimiento<\/strong>: Revestimiento antiadherente \/ Acero inoxidable <br><br><strong>Talla<\/strong>: Personalice diferentes tama\u00f1os de mini olla a presi\u00f3n seg\u00fan sus necesidades.<br><br><strong>Paquete<\/strong>: cart\u00f3n\/caja de color.<br><br><a href=\"https:\/\/www.hg-cooker.com\/es\/custom-solution\/\" data-type=\"page\" data-id=\"2793\" target=\"_blank\" rel=\"noreferrer noopener\"><strong>Explore m\u00e1s detalles del mini purecooker personalizado<\/strong><\/a><\/p>\n<\/div>\n<\/div>\n\n\n\n<div class=\"wp-block-columns is-layout-flex wp-container-core-columns-is-layout-9d6595d7 wp-block-columns-is-layout-flex\">\n<div class=\"wp-block-column is-layout-flow wp-block-column-is-layout-flow\">\n<figure class=\"wp-block-image size-full\"><img fetchpriority=\"high\" decoding=\"async\" width=\"790\" height=\"1007\" src=\"https:\/\/www.hg-cooker.com\/wp-content\/uploads\/2024\/07\/large-capacity-mini-pressure-cooker-detail4.webp\" alt=\"mini olla a presi\u00f3n de gran capacidad detalle\" class=\"wp-image-4005\" srcset=\"https:\/\/www.hg-cooker.com\/wp-content\/uploads\/2024\/07\/large-capacity-mini-pressure-cooker-detail4.webp 790w, https:\/\/www.hg-cooker.com\/wp-content\/uploads\/2024\/07\/large-capacity-mini-pressure-cooker-detail4-118x150.webp 118w, https:\/\/www.hg-cooker.com\/wp-content\/uploads\/2024\/07\/large-capacity-mini-pressure-cooker-detail4-518x660.webp 518w, https:\/\/www.hg-cooker.com\/wp-content\/uploads\/2024\/07\/large-capacity-mini-pressure-cooker-detail4-235x300.webp 235w, https:\/\/www.hg-cooker.com\/wp-content\/uploads\/2024\/07\/large-capacity-mini-pressure-cooker-detail4-768x979.webp 768w, https:\/\/www.hg-cooker.com\/wp-content\/uploads\/2024\/07\/large-capacity-mini-pressure-cooker-detail4-9x12.webp 9w, https:\/\/www.hg-cooker.com\/wp-content\/uploads\/2024\/07\/large-capacity-mini-pressure-cooker-detail4-285x363.webp 285w\" sizes=\"(max-width: 790px) 100vw, 790px\" \/><\/figure>\n<\/div>\n\n\n\n<div class=\"wp-block-column is-layout-flow wp-block-column-is-layout-flow\">\n<figure class=\"wp-block-image size-full\"><img decoding=\"async\" width=\"789\" height=\"1000\" src=\"https:\/\/www.hg-cooker.com\/wp-content\/uploads\/2024\/09\/Mini-pressure-cooker-parameter-0.81.2L1.6L2.0L.png\" alt=\"Par\u00e1metros de la mini olla a presi\u00f3n 0,8,1,2L1,6L,2,0L\" class=\"wp-image-4417\" srcset=\"https:\/\/www.hg-cooker.com\/wp-content\/uploads\/2024\/09\/Mini-pressure-cooker-parameter-0.81.2L1.6L2.0L.png 789w, https:\/\/www.hg-cooker.com\/wp-content\/uploads\/2024\/09\/Mini-pressure-cooker-parameter-0.81.2L1.6L2.0L-118x150.png 118w, https:\/\/www.hg-cooker.com\/wp-content\/uploads\/2024\/09\/Mini-pressure-cooker-parameter-0.81.2L1.6L2.0L-521x660.png 521w, https:\/\/www.hg-cooker.com\/wp-content\/uploads\/2024\/09\/Mini-pressure-cooker-parameter-0.81.2L1.6L2.0L-237x300.png 237w, https:\/\/www.hg-cooker.com\/wp-content\/uploads\/2024\/09\/Mini-pressure-cooker-parameter-0.81.2L1.6L2.0L-768x973.png 768w, https:\/\/www.hg-cooker.com\/wp-content\/uploads\/2024\/09\/Mini-pressure-cooker-parameter-0.81.2L1.6L2.0L-9x12.png 9w, https:\/\/www.hg-cooker.com\/wp-content\/uploads\/2024\/09\/Mini-pressure-cooker-parameter-0.81.2L1.6L2.0L-285x361.png 285w\" sizes=\"(max-width: 789px) 100vw, 789px\" \/><\/figure>\n<\/div>\n<\/div>","protected":false},"excerpt":{"rendered":"<p>Venta al por mayor de mini olla a presi\u00f3n. Este mini olla a presi\u00f3n puede lograr una cocci\u00f3n r\u00e1pida, cocinar el arroz en s\u00f3lo 5 minutos, ahorrando tiempo, equipado con un sistema de control de presi\u00f3n avanzada, lo que le permite hacer f\u00e1cilmente deliciosos platos. Bienvenido distribuidores, mayoristas, compradores B2B en contacto con nosotros para comprar.<\/p>\n<h2>Caracter\u00edsticas y ventajas de la mini olla a presi\u00f3n<\/h2>\n<div>\n<p><strong>Ahorro de espacio:<\/strong> El modelo m\u00e1s peque\u00f1o de la mini olla a presi\u00f3n es de 0,8L, adecuado para espacios limitados. Especialmente en cocinas peque\u00f1as o viajes al aire libre, camping y otras escenas.<\/p>\n<p><strong>Sin recubrimiento y con recubrimiento:<\/strong> Ofrecemos dos tipos de mini ollas a presi\u00f3n: sin revestimiento y con revestimiento. La mini olla a presi\u00f3n revestida adopta una pared interior nanorrevestida de cer\u00e1mica de calidad alimentaria, tiene un excelente rendimiento antiadherente y es muy segura.<\/p>\n<p><strong>Capacidades m\u00faltiples:<\/strong> Ofrecemos 7 capacidades de mini ollas a presi\u00f3n, con capacidades de 0,8L, 1,2L, 1,6L, 2,0L, 2,5L, 3,5L y 4,0L para satisfacer las necesidades de diferentes personas y familias. La olla a presi\u00f3n de 4,0L puede satisfacer las necesidades alimentarias de 7-8 personas. Las mini ollas a presi\u00f3n de 0,8L y 1,2L son m\u00e1s adecuadas para solteros y familias peque\u00f1as.<\/p>\n<p><strong>Cocci\u00f3n r\u00e1pida:<\/strong> La mini olla a presi\u00f3n adopta la tecnolog\u00eda de alta presi\u00f3n, que puede acortar en gran medida el tiempo de cocci\u00f3n de los alimentos durante el proceso de cocci\u00f3n. Con la mini olla a presi\u00f3n, s\u00f3lo se tarda 5 minutos en cocinar el arroz.<\/p>\n<p><strong>Servicio mayorista:<\/strong> Suministramos mini ollas a presi\u00f3n al por mayor y ofrecemos servicios profesionales de OEM y ODM. Desde la personalizaci\u00f3n, la producci\u00f3n hasta el transporte, la f\u00e1brica de ollas a presi\u00f3n de Hengguang le ofrece un apoyo completo.<\/p>\n<\/div>","protected":false},"featured_media":7025,"comment_status":"closed","ping_status":"closed","template":"","meta":[],"product_brand":[],"product_cat":[49],"product_tag":[],"class_list":{"0":"post-4416","1":"product","2":"type-product","3":"status-publish","4":"has-post-thumbnail","6":"product_cat-mini-pressure-cooker","8":"first","9":"instock","10":"shipping-taxable","11":"product-type-simple"},"_links":{"self":[{"href":"https:\/\/www.hg-cooker.com\/es\/wp-json\/wp\/v2\/product\/4416","targetHints":{"allow":["GET"]}}],"collection":[{"href":"https:\/\/www.hg-cooker.com\/es\/wp-json\/wp\/v2\/product"}],"about":[{"href":"https:\/\/www.hg-cooker.com\/es\/wp-json\/wp\/v2\/types\/product"}],"replies":[{"embeddable":true,"href":"https:\/\/www.hg-cooker.com\/es\/wp-json\/wp\/v2\/comments?post=4416"}],"wp:featuredmedia":[{"embeddable":true,"href":"https:\/\/www.hg-cooker.com\/es\/wp-json\/wp\/v2\/media\/7025"}],"wp:attachment":[{"href":"https:\/\/www.hg-cooker.com\/es\/wp-json\/wp\/v2\/media?parent=4416"}],"wp:term":[{"taxonomy":"product_brand","embeddable":true,"href":"https:\/\/www.hg-cooker.com\/es\/wp-json\/wp\/v2\/product_brand?post=4416"},{"taxonomy":"product_cat","embeddable":true,"href":"https:\/\/www.hg-cooker.com\/es\/wp-json\/wp\/v2\/product_cat?post=4416"},{"taxonomy":"product_tag","embeddable":true,"href":"https:\/\/www.hg-cooker.com\/es\/wp-json\/wp\/v2\/product_tag?post=4416"}],"curies":[{"name":"wp","href":"https:\/\/api.w.org\/{rel}","templated":true}]}}