{"id":4353,"date":"2024-08-30T09:31:40","date_gmt":"2024-08-30T09:31:40","guid":{"rendered":"https:\/\/www.hg-cooker.com\/?post_type=product&#038;p=4353"},"modified":"2024-08-30T10:16:00","modified_gmt":"2024-08-30T10:16:00","slug":"olla-de-leche-hirviendo-de-acero-inoxidable-al-por-mayor-33","status":"publish","type":"product","link":"https:\/\/www.hg-cooker.com\/es\/producto\/olla-de-leche-hirviendo-de-acero-inoxidable-al-por-mayor-33\/","title":{"rendered":"Caja Bento de Acero Inoxidable al por Mayor Precio de F\u00e1brica Ideal para Colegios, Distribuidores y Mayoristas"},"content":{"rendered":"<div class=\"wp-block-columns is-layout-flex wp-container-core-columns-is-layout-9d6595d7 wp-block-columns-is-layout-flex\">\n<div class=\"wp-block-column is-layout-flow wp-block-column-is-layout-flow\">\n<h3 class=\"wp-block-heading\">Par\u00e1metros de las cajas Bento de acero inoxidable<\/h3>\n\n\n\n<figure class=\"wp-block-table\"><table class=\"has-fixed-layout\"><tbody><tr><td>Lugar de origen<\/td><td>Marca<\/td><td>Tipo<\/td><td>Nombre del producto<\/td><td>Embalaje<\/td><td>Grado<\/td><td>Color<\/td><td>Forma<\/td><td>Amable<\/td><td>Talla<\/td><td>Descripci\u00f3n<\/td><td>Custodia<\/td><td>Detalles del embalaje<\/td><\/tr><tr><td>China<\/td><td>Hengguang<\/td><td>Fiambrera<\/td><td>Fiambrera herm\u00e9tica<\/td><td>Caja de color<\/td><td>Grado alimentario<\/td><td>Plata<\/td><td>Rect\u00e1ngulo<\/td><td>2 componentes,3 componentes<\/td><td>peque\u00f1o,mediano,grande<\/td><td>Respetuoso con el medio ambiente<\/td><td>Disponible<\/td><td>bolsa de pel\u00edcula de pl\u00e1stico por pieza, luego embalado en una caja de color y m\u00e1s cantidades para la exportaci\u00f3n de cart\u00f3n.<\/td><\/tr><\/tbody><\/table><\/figure>\n<\/div>\n<\/div>\n\n\n\n<div class=\"wp-block-columns is-layout-flex wp-container-core-columns-is-layout-9d6595d7 wp-block-columns-is-layout-flex\">\n<div class=\"wp-block-column is-layout-flow wp-block-column-is-layout-flow\">\n<h3 class=\"wp-block-heading\">Caja bento personalizada<\/h3>\n\n\n\n<p><strong>Logotipo<\/strong>: Personalice el logotipo de su marca en la caja bento y el paquete.<br><br><strong>Talla<\/strong>: Podemos personalizar la caja bento en diferentes tama\u00f1os de acuerdo a su necesidad.<br><br><strong>Paquete<\/strong>: cart\u00f3n\/caja de color.<br><br><a href=\"https:\/\/www.hg-cooker.com\/es\/custom-solution\/\" data-type=\"page\" data-id=\"2793\" target=\"_blank\" rel=\"noreferrer noopener\"><strong>Explore m\u00e1s detalles personalizados OEM&amp;ODM<\/strong><\/a><\/p>\n<\/div>\n<\/div>\n\n\n\n<div class=\"wp-block-columns is-layout-flex wp-container-core-columns-is-layout-9d6595d7 wp-block-columns-is-layout-flex\">\n<div class=\"wp-block-column is-layout-flow wp-block-column-is-layout-flow\">\n<figure class=\"wp-block-image size-full\"><img fetchpriority=\"high\" decoding=\"async\" width=\"750\" height=\"452\" src=\"https:\/\/www.hg-cooker.com\/wp-content\/uploads\/2024\/08\/pink-bento-box-wholesale-2.jpg\" alt=\"caja bento rosa al por mayor (2)\" class=\"wp-image-4355\" srcset=\"https:\/\/www.hg-cooker.com\/wp-content\/uploads\/2024\/08\/pink-bento-box-wholesale-2.jpg 750w, https:\/\/www.hg-cooker.com\/wp-content\/uploads\/2024\/08\/pink-bento-box-wholesale-2-150x90.jpg 150w, https:\/\/www.hg-cooker.com\/wp-content\/uploads\/2024\/08\/pink-bento-box-wholesale-2-660x398.jpg 660w, https:\/\/www.hg-cooker.com\/wp-content\/uploads\/2024\/08\/pink-bento-box-wholesale-2-300x181.jpg 300w, https:\/\/www.hg-cooker.com\/wp-content\/uploads\/2024\/08\/pink-bento-box-wholesale-2-18x12.jpg 18w, https:\/\/www.hg-cooker.com\/wp-content\/uploads\/2024\/08\/pink-bento-box-wholesale-2-285x172.jpg 285w\" sizes=\"(max-width: 750px) 100vw, 750px\" \/><\/figure>\n<\/div>\n\n\n\n<div class=\"wp-block-column is-layout-flow wp-block-column-is-layout-flow\">\n<figure class=\"wp-block-image size-full\"><img decoding=\"async\" width=\"750\" height=\"452\" src=\"https:\/\/www.hg-cooker.com\/wp-content\/uploads\/2024\/08\/green-bento-box-wholesale-1.jpg\" alt=\"caja bento verde al por mayor (1)\" class=\"wp-image-4354\" srcset=\"https:\/\/www.hg-cooker.com\/wp-content\/uploads\/2024\/08\/green-bento-box-wholesale-1.jpg 750w, https:\/\/www.hg-cooker.com\/wp-content\/uploads\/2024\/08\/green-bento-box-wholesale-1-150x90.jpg 150w, https:\/\/www.hg-cooker.com\/wp-content\/uploads\/2024\/08\/green-bento-box-wholesale-1-660x398.jpg 660w, https:\/\/www.hg-cooker.com\/wp-content\/uploads\/2024\/08\/green-bento-box-wholesale-1-300x181.jpg 300w, https:\/\/www.hg-cooker.com\/wp-content\/uploads\/2024\/08\/green-bento-box-wholesale-1-18x12.jpg 18w, https:\/\/www.hg-cooker.com\/wp-content\/uploads\/2024\/08\/green-bento-box-wholesale-1-285x172.jpg 285w\" sizes=\"(max-width: 750px) 100vw, 750px\" \/><\/figure>\n<\/div>\n<\/div>","protected":false},"excerpt":{"rendered":"<p>Fiambrera al por mayor, nuestra fiambrera de acero inoxidable est\u00e1 disponible a precio de f\u00e1brica al por mayor, adecuada para minoristas, mayoristas, escuelas que necesitan comprar en grandes cantidades. Esta fiambrera est\u00e1 hecha de acero inoxidable de alta calidad, y el dise\u00f1o multicapa puede separar eficazmente los diferentes alimentos, adecuado para una dieta equilibrada y un control razonable de las porciones. Ofrecemos servicios de personalizaci\u00f3n OEM&amp;ODM para satisfacer necesidades espec\u00edficas y requisitos de marca.<\/p>\n<h2>Caracter\u00edsticas de la caja Bento de acero inoxidable<\/p>\n<\/h2>\n<p><strong>Material de acero inoxidable de alta calidad<\/strong>: Nuestra fiambrera est\u00e1 hecha de acero inoxidable 304 de alta calidad, que puede soportar f\u00e1cilmente los desaf\u00edos \u00e1cidos y alcalinos, mantenerse alejado de los problemas de la oxidaci\u00f3n y la decoloraci\u00f3n, y asegurarse de que se mantiene en buenas condiciones durante el uso a largo plazo.<\/p>\n<p><strong>Dise\u00f1o en capas<\/strong>: El dise\u00f1o en capas permite almacenar diferentes tipos de alimentos de forma independiente, adapt\u00e1ndose con flexibilidad a una gran variedad de comidas, simplificando la gesti\u00f3n de los alimentos y haciendo que cada comida est\u00e9 en orden.<\/p>\n<p><strong>Estructura duradera<\/strong>: Esta fiambrera est\u00e1 dise\u00f1ada para ser resistente y duradera, utilizando acero inoxidable de alta resistencia, que puede soportar la presi\u00f3n y el impacto del uso diario, y es un producto de alta calidad que puede resistir la prueba.<\/p>\n<p><strong>Tapa herm\u00e9tica sellada<\/strong>: La fiambrera est\u00e1 equipada con una buena tapa de sellado, que puede evitar eficazmente la fuga de l\u00edquidos. Garantiza la seguridad de los alimentos durante el transporte y asegura que su comida permanezca limpia y ordenada.<\/p>\n<p><strong>Rendimiento del aislamiento<\/strong>: La fiambrera de acero inoxidable tiene un buen rendimiento de aislamiento. No s\u00f3lo es adecuada para almacenar alimentos calientes, sino que tambi\u00e9n puede soportar bajas temperaturas, por lo que es adecuada para almacenar alimentos refrigerados.<\/p>\n<p><strong>Materiales respetuosos con el medio ambiente<\/strong>: En comparaci\u00f3n con los productos de pl\u00e1stico desechables, las fiambreras de acero inoxidable pueden reciclarse, lo que proporciona un estilo de vida sostenible y una opci\u00f3n ideal para la protecci\u00f3n ecol\u00f3gica del medio ambiente.<\/p>\n<p><strong>Amplia aplicaci\u00f3n<\/strong>: Esta fiambrera es muy adecuada para comidas escolares, almuerzos de trabajo, reuniones familiares y otras ocasiones gracias a su excelente rendimiento y dise\u00f1o.<\/p>","protected":false},"featured_media":4354,"comment_status":"closed","ping_status":"closed","template":"","meta":[],"product_brand":[],"product_cat":[51],"product_tag":[],"class_list":{"0":"post-4353","1":"product","2":"type-product","3":"status-publish","4":"has-post-thumbnail","6":"product_cat-food-storage-container","8":"first","9":"instock","10":"shipping-taxable","11":"product-type-simple"},"_links":{"self":[{"href":"https:\/\/www.hg-cooker.com\/es\/wp-json\/wp\/v2\/product\/4353","targetHints":{"allow":["GET"]}}],"collection":[{"href":"https:\/\/www.hg-cooker.com\/es\/wp-json\/wp\/v2\/product"}],"about":[{"href":"https:\/\/www.hg-cooker.com\/es\/wp-json\/wp\/v2\/types\/product"}],"replies":[{"embeddable":true,"href":"https:\/\/www.hg-cooker.com\/es\/wp-json\/wp\/v2\/comments?post=4353"}],"wp:featuredmedia":[{"embeddable":true,"href":"https:\/\/www.hg-cooker.com\/es\/wp-json\/wp\/v2\/media\/4354"}],"wp:attachment":[{"href":"https:\/\/www.hg-cooker.com\/es\/wp-json\/wp\/v2\/media?parent=4353"}],"wp:term":[{"taxonomy":"product_brand","embeddable":true,"href":"https:\/\/www.hg-cooker.com\/es\/wp-json\/wp\/v2\/product_brand?post=4353"},{"taxonomy":"product_cat","embeddable":true,"href":"https:\/\/www.hg-cooker.com\/es\/wp-json\/wp\/v2\/product_cat?post=4353"},{"taxonomy":"product_tag","embeddable":true,"href":"https:\/\/www.hg-cooker.com\/es\/wp-json\/wp\/v2\/product_tag?post=4353"}],"curies":[{"name":"wp","href":"https:\/\/api.w.org\/{rel}","templated":true}]}}