{"id":4345,"date":"2024-09-01T08:31:08","date_gmt":"2024-09-01T08:31:08","guid":{"rendered":"https:\/\/www.hg-cooker.com\/?post_type=product&#038;p=4345"},"modified":"2025-11-13T06:02:13","modified_gmt":"2025-11-13T06:02:13","slug":"olla-de-leche-hirviendo-de-acero-inoxidable-al-por-mayor-32","status":"publish","type":"product","link":"https:\/\/www.hg-cooker.com\/es\/producto\/olla-de-leche-hirviendo-de-acero-inoxidable-al-por-mayor-32\/","title":{"rendered":"Fiambreras al por mayor de acero inoxidable resistente"},"content":{"rendered":"<div class=\"wp-block-columns is-layout-flex wp-container-core-columns-is-layout-9d6595d7 wp-block-columns-is-layout-flex\">\n<div class=\"wp-block-column is-layout-flow wp-block-column-is-layout-flow\">\n<h3 class=\"wp-block-heading\">Par\u00e1metros de las fiambreras de acero inoxidable<\/h3>\n\n\n\n<figure class=\"wp-block-table\"><table class=\"has-fixed-layout\"><tbody><tr><td>Lugar de origen<\/td><td>Marca<\/td><td>Tipo<\/td><td>Nombre del producto<\/td><td>Embalaje<\/td><td>Grado<\/td><td>Color<\/td><td>Forma<\/td><td>Amable<\/td><td>Talla<\/td><td>Descripci\u00f3n<\/td><td>Custodia<\/td><td>Detalles del embalaje<\/td><\/tr><tr><td>China<\/td><td>Hengguang<\/td><td>Fiambrera<\/td><td>Fiambrera herm\u00e9tica<\/td><td>Caja de color<\/td><td>Grado alimentario<\/td><td>Plata<\/td><td>Rect\u00e1ngulo<\/td><td>2 componentes,3 componentes<\/td><td>peque\u00f1o,mediano,grande<\/td><td>Respetuoso con el medio ambiente<\/td><td>Disponible<\/td><td>bolsa de pel\u00edcula de pl\u00e1stico por pieza, luego embalado en una caja de color y m\u00e1s cantidades para la exportaci\u00f3n de cart\u00f3n.<\/td><\/tr><\/tbody><\/table><\/figure>\n<\/div>\n<\/div>\n\n\n\n<div class=\"wp-block-columns is-layout-flex wp-container-core-columns-is-layout-9d6595d7 wp-block-columns-is-layout-flex\">\n<div class=\"wp-block-column is-layout-flow wp-block-column-is-layout-flow\">\n<h3 class=\"wp-block-heading\">Fiambrera personalizada<\/h3>\n\n\n\n<p><strong>Logotipo<\/strong>: Personalice el logotipo de su marca en la fiambrera y el envase.<br><br><strong>Talla<\/strong>: Podemos personalizar la fiambrera en diferentes tama\u00f1os seg\u00fan sus necesidades.<br><br><strong>Paquete<\/strong>: cart\u00f3n\/caja de color.<br><br><a href=\"https:\/\/www.hg-cooker.com\/es\/custom-solution\/\" data-type=\"page\" data-id=\"2793\" target=\"_blank\" rel=\"noreferrer noopener\"><strong>Explore m\u00e1s detalles personalizados OEM&amp;ODM<\/strong><\/a><\/p>\n<\/div>\n<\/div>\n\n\n\n<div class=\"wp-block-columns is-layout-flex wp-container-core-columns-is-layout-9d6595d7 wp-block-columns-is-layout-flex\">\n<div class=\"wp-block-column is-layout-flow wp-block-column-is-layout-flow\">\n<figure class=\"wp-block-image size-full\"><img fetchpriority=\"high\" decoding=\"async\" width=\"790\" height=\"1113\" src=\"https:\/\/www.hg-cooker.com\/wp-content\/uploads\/2024\/08\/lunch-boxes-parameter.jpg\" alt=\"par\u00e1metros de las fiambreras\" class=\"wp-image-4347\" srcset=\"https:\/\/www.hg-cooker.com\/wp-content\/uploads\/2024\/08\/lunch-boxes-parameter.jpg 790w, https:\/\/www.hg-cooker.com\/wp-content\/uploads\/2024\/08\/lunch-boxes-parameter-106x150.jpg 106w, https:\/\/www.hg-cooker.com\/wp-content\/uploads\/2024\/08\/lunch-boxes-parameter-468x660.jpg 468w, https:\/\/www.hg-cooker.com\/wp-content\/uploads\/2024\/08\/lunch-boxes-parameter-213x300.jpg 213w, https:\/\/www.hg-cooker.com\/wp-content\/uploads\/2024\/08\/lunch-boxes-parameter-768x1082.jpg 768w, https:\/\/www.hg-cooker.com\/wp-content\/uploads\/2024\/08\/lunch-boxes-parameter-9x12.jpg 9w, https:\/\/www.hg-cooker.com\/wp-content\/uploads\/2024\/08\/lunch-boxes-parameter-285x402.jpg 285w\" sizes=\"(max-width: 790px) 100vw, 790px\" \/><\/figure>\n<\/div>\n\n\n\n<div class=\"wp-block-column is-layout-flow wp-block-column-is-layout-flow\">\n<figure class=\"wp-block-image size-full\"><img decoding=\"async\" width=\"790\" height=\"1113\" src=\"https:\/\/www.hg-cooker.com\/wp-content\/uploads\/2024\/08\/lunch-boxes-design.jpg\" alt=\"dise\u00f1o de fiambreras\" class=\"wp-image-4346\" srcset=\"https:\/\/www.hg-cooker.com\/wp-content\/uploads\/2024\/08\/lunch-boxes-design.jpg 790w, https:\/\/www.hg-cooker.com\/wp-content\/uploads\/2024\/08\/lunch-boxes-design-106x150.jpg 106w, https:\/\/www.hg-cooker.com\/wp-content\/uploads\/2024\/08\/lunch-boxes-design-468x660.jpg 468w, https:\/\/www.hg-cooker.com\/wp-content\/uploads\/2024\/08\/lunch-boxes-design-213x300.jpg 213w, https:\/\/www.hg-cooker.com\/wp-content\/uploads\/2024\/08\/lunch-boxes-design-768x1082.jpg 768w, https:\/\/www.hg-cooker.com\/wp-content\/uploads\/2024\/08\/lunch-boxes-design-9x12.jpg 9w, https:\/\/www.hg-cooker.com\/wp-content\/uploads\/2024\/08\/lunch-boxes-design-285x402.jpg 285w\" sizes=\"(max-width: 790px) 100vw, 790px\" \/><\/figure>\n<\/div>\n<\/div>","protected":false},"excerpt":{"rendered":"<p>Fiambreras de alta calidad al por mayor,Nuestras fiambreras al por mayor est\u00e1n fabricadas en acero inoxidable 304 de alta calidad, que es duradero y cumple las normas de calidad alimentaria, lo que le permite disfrutar de alimentos sanos y seguros en cualquier momento y lugar. El dise\u00f1o del asa es optimizado, ergon\u00f3mico y f\u00e1cil de llevar. El suave borde curvado no tiene rebabas, proporcionando a los usuarios una c\u00f3moda experiencia de uso. Como fabricante de fiambreras de acero inoxidable, ofrecemos servicios de OEM y ODM, p\u00f3ngase en contacto con nosotros ahora para obtener fiambreras al por mayor a precios de f\u00e1brica.<\/p>\n<h2>Caracter\u00edsticas de la fiambrera de acero inoxidable<\/p>\n<\/h2>\n<p><strong>Acero inoxidable 304 de calidad alimentaria<\/strong>: Fabricada en acero inoxidable 304 de alta calidad para uso alimentario, su excelente resistencia a la corrosi\u00f3n puede resistir la erosi\u00f3n de \u00e1cidos y \u00e1lcalis en el uso diario, y su gran durabilidad hace que esta fiambrera de acero inoxidable no se deforme ni se desgaste tras un uso prolongado.<\/p>\n<p><strong>Junta estanca<\/strong>: Equipado con un eficaz sello a prueba de fugas, el dise\u00f1o es exquisito para evitar fugas de sopa y l\u00edquidos, evitar la contaminaci\u00f3n de otros art\u00edculos y evitar los problemas y la limpieza causados por las fugas.<\/p>\n<p><strong>Fuerte cierre de seguridad<\/strong>: Equipado con un robusto cierre de seguridad, puede bloquear eficazmente la fiambrera para evitar fugas accidentales de alimentos durante el movimiento.<\/p>\n<p><strong>C\u00f3modo dise\u00f1o del asa<\/strong>: El dise\u00f1o del asa de la fiambrera es ergon\u00f3mico, lo que proporciona un agarre c\u00f3modo y una c\u00f3moda experiencia de transporte, adecuada para llevar al trabajo, a la escuela y de viaje.<\/p>\n<p><strong>Duradero y f\u00e1cil de limpiar<\/strong>: El material de acero inoxidable no s\u00f3lo tiene una excelente durabilidad, sino que tambi\u00e9n es f\u00e1cil de limpiar y mantener. Despu\u00e9s de un uso frecuente, no es f\u00e1cil tener olor o decoloraci\u00f3n, asegurando que la lonchera siempre permanece higi\u00e9nico y hermoso.<\/p>\n<p><strong>Dise\u00f1o moderno<\/strong>: El dise\u00f1o de la fiambrera es sencillo y elegante, por lo que puede combinarse perfectamente con distintos estilos de cocina y vajilla.<\/p>\n<p><strong>M\u00faltiples opciones de tama\u00f1o<\/strong>: Ofrecemos una gran variedad de tama\u00f1os de fiambrera para satisfacer las distintas necesidades, tanto si se trata de una comida individual como de una cena familiar, podr\u00e1 encontrar el estilo adecuado. Los diferentes tama\u00f1os tienen compartimentos dobles o triples, lo que permite a los usuarios llevar una variedad de comidas diferentes seg\u00fan sea necesario.<\/p>\n<p>&nbsp;<\/p>","protected":false},"featured_media":4352,"comment_status":"closed","ping_status":"closed","template":"","meta":[],"product_brand":[],"product_cat":[51],"product_tag":[],"class_list":{"0":"post-4345","1":"product","2":"type-product","3":"status-publish","4":"has-post-thumbnail","6":"product_cat-food-storage-container","8":"first","9":"instock","10":"shipping-taxable","11":"product-type-simple"},"_links":{"self":[{"href":"https:\/\/www.hg-cooker.com\/es\/wp-json\/wp\/v2\/product\/4345","targetHints":{"allow":["GET"]}}],"collection":[{"href":"https:\/\/www.hg-cooker.com\/es\/wp-json\/wp\/v2\/product"}],"about":[{"href":"https:\/\/www.hg-cooker.com\/es\/wp-json\/wp\/v2\/types\/product"}],"replies":[{"embeddable":true,"href":"https:\/\/www.hg-cooker.com\/es\/wp-json\/wp\/v2\/comments?post=4345"}],"wp:featuredmedia":[{"embeddable":true,"href":"https:\/\/www.hg-cooker.com\/es\/wp-json\/wp\/v2\/media\/4352"}],"wp:attachment":[{"href":"https:\/\/www.hg-cooker.com\/es\/wp-json\/wp\/v2\/media?parent=4345"}],"wp:term":[{"taxonomy":"product_brand","embeddable":true,"href":"https:\/\/www.hg-cooker.com\/es\/wp-json\/wp\/v2\/product_brand?post=4345"},{"taxonomy":"product_cat","embeddable":true,"href":"https:\/\/www.hg-cooker.com\/es\/wp-json\/wp\/v2\/product_cat?post=4345"},{"taxonomy":"product_tag","embeddable":true,"href":"https:\/\/www.hg-cooker.com\/es\/wp-json\/wp\/v2\/product_tag?post=4345"}],"curies":[{"name":"wp","href":"https:\/\/api.w.org\/{rel}","templated":true}]}}