{"id":4339,"date":"2024-08-30T07:38:23","date_gmt":"2024-08-30T07:38:23","guid":{"rendered":"https:\/\/www.hg-cooker.com\/?post_type=product&#038;p=4339"},"modified":"2024-08-30T15:01:23","modified_gmt":"2024-08-30T15:01:23","slug":"olla-de-leche-hirviendo-de-acero-inoxidable-al-por-mayor-31","status":"publish","type":"product","link":"https:\/\/www.hg-cooker.com\/es\/producto\/olla-de-leche-hirviendo-de-acero-inoxidable-al-por-mayor-31\/","title":{"rendered":"Mayorista de utensilios de cocina de hierro fundido - Fiable para cocineros caseros y cocinas profesionales"},"content":{"rendered":"<div class=\"wp-block-columns is-layout-flex wp-container-core-columns-is-layout-9d6595d7 wp-block-columns-is-layout-flex\">\n<div class=\"wp-block-column is-layout-flow wp-block-column-is-layout-flow\">\n<h3 class=\"wp-block-heading\">Par\u00e1metros de los utensilios de cocina de hierro fundido<\/h3>\n\n\n\n<figure class=\"wp-block-table\"><table class=\"has-fixed-layout\"><tbody><tr><td>Lugar de origen<\/td><td>Tipo<\/td><td>Tapa<\/td><td>Revestimiento<\/td><td>Forma<\/td><td>Capacidad<\/td><td>color<\/td><td>Mango<\/td><td>tapa de la olla<\/td><td>MOQ<\/td><\/tr><tr><td>Guangdong, China<\/td><td>Cazuelas<\/td><td>Con tapa<\/td><td>cer\u00e1mica<\/td><td>Oval<\/td><td>3L\/4L\/5L<\/td><td>rojo, verde, negro, azul, naranja, amarillo, rosa, verde militar<\/td><td>dos orejas<\/td><td>con tapa<\/td><td>6<\/td><\/tr><\/tbody><\/table><\/figure>\n<\/div>\n<\/div>\n\n\n\n<div class=\"wp-block-columns is-layout-flex wp-container-core-columns-is-layout-9d6595d7 wp-block-columns-is-layout-flex\">\n<div class=\"wp-block-column is-layout-flow wp-block-column-is-layout-flow\">\n<h3 class=\"wp-block-heading\">Utensilios de cocina de hierro fundido a medida <\/h3>\n\n\n\n<p><strong>Logotipo<\/strong>: Personalice el logotipo de su marca en los utensilios de cocina de hierro fundido y en el envase.<br><br><strong>Talla<\/strong>: Podemos personalizar utensilios de cocina de hierro fundido en diferentes tama\u00f1os de acuerdo a su necesidad.<br><br><strong>Paquete<\/strong>: cart\u00f3n\/caja de color.<br><br><a href=\"https:\/\/www.hg-cooker.com\/es\/custom-solution\/\" data-type=\"page\" data-id=\"2793\" target=\"_blank\" rel=\"noreferrer noopener\"><strong>Explore m\u00e1s detalles personalizados OEM&amp;ODM<\/strong><\/a><\/p>\n<\/div>\n<\/div>\n\n\n\n<div class=\"wp-block-columns is-layout-flex wp-container-core-columns-is-layout-9d6595d7 wp-block-columns-is-layout-flex\">\n<div class=\"wp-block-column is-layout-flow wp-block-column-is-layout-flow\">\n<figure class=\"wp-block-image size-full\"><img fetchpriority=\"high\" decoding=\"async\" width=\"750\" height=\"750\" src=\"https:\/\/www.hg-cooker.com\/wp-content\/uploads\/2024\/08\/wholesale-cast-iron-kitchen-cookware-4.jpg\" alt=\"venta al por mayor utensilios de cocina de hierro fundido (4)\" class=\"wp-image-4343\" srcset=\"https:\/\/www.hg-cooker.com\/wp-content\/uploads\/2024\/08\/wholesale-cast-iron-kitchen-cookware-4.jpg 750w, https:\/\/www.hg-cooker.com\/wp-content\/uploads\/2024\/08\/wholesale-cast-iron-kitchen-cookware-4-150x150.jpg 150w, https:\/\/www.hg-cooker.com\/wp-content\/uploads\/2024\/08\/wholesale-cast-iron-kitchen-cookware-4-660x660.jpg 660w, https:\/\/www.hg-cooker.com\/wp-content\/uploads\/2024\/08\/wholesale-cast-iron-kitchen-cookware-4-300x300.jpg 300w, https:\/\/www.hg-cooker.com\/wp-content\/uploads\/2024\/08\/wholesale-cast-iron-kitchen-cookware-4-12x12.jpg 12w, https:\/\/www.hg-cooker.com\/wp-content\/uploads\/2024\/08\/wholesale-cast-iron-kitchen-cookware-4-285x285.jpg 285w, https:\/\/www.hg-cooker.com\/wp-content\/uploads\/2024\/08\/wholesale-cast-iron-kitchen-cookware-4-270x270.jpg 270w, https:\/\/www.hg-cooker.com\/wp-content\/uploads\/2024\/08\/wholesale-cast-iron-kitchen-cookware-4-540x540.jpg 540w\" sizes=\"(max-width: 750px) 100vw, 750px\" \/><\/figure>\n<\/div>\n\n\n\n<div class=\"wp-block-column is-layout-flow wp-block-column-is-layout-flow\">\n<figure class=\"wp-block-image size-full\"><img decoding=\"async\" width=\"750\" height=\"750\" src=\"https:\/\/www.hg-cooker.com\/wp-content\/uploads\/2024\/08\/wholesale-cast-iron-kitchen-cookware-5.jpg\" alt=\"venta al por mayor de utensilios de cocina de hierro fundido (5)\" class=\"wp-image-4344\" srcset=\"https:\/\/www.hg-cooker.com\/wp-content\/uploads\/2024\/08\/wholesale-cast-iron-kitchen-cookware-5.jpg 750w, https:\/\/www.hg-cooker.com\/wp-content\/uploads\/2024\/08\/wholesale-cast-iron-kitchen-cookware-5-150x150.jpg 150w, https:\/\/www.hg-cooker.com\/wp-content\/uploads\/2024\/08\/wholesale-cast-iron-kitchen-cookware-5-660x660.jpg 660w, https:\/\/www.hg-cooker.com\/wp-content\/uploads\/2024\/08\/wholesale-cast-iron-kitchen-cookware-5-300x300.jpg 300w, https:\/\/www.hg-cooker.com\/wp-content\/uploads\/2024\/08\/wholesale-cast-iron-kitchen-cookware-5-12x12.jpg 12w, https:\/\/www.hg-cooker.com\/wp-content\/uploads\/2024\/08\/wholesale-cast-iron-kitchen-cookware-5-285x285.jpg 285w, https:\/\/www.hg-cooker.com\/wp-content\/uploads\/2024\/08\/wholesale-cast-iron-kitchen-cookware-5-270x270.jpg 270w, https:\/\/www.hg-cooker.com\/wp-content\/uploads\/2024\/08\/wholesale-cast-iron-kitchen-cookware-5-540x540.jpg 540w\" sizes=\"(max-width: 750px) 100vw, 750px\" \/><\/figure>\n<\/div>\n<\/div>","protected":false},"excerpt":{"rendered":"<p>Bater\u00eda de cocina de hierro fundido al por mayor, nuestra bater\u00eda de cocina de hierro fundido tiene una variedad de colores para elegir, hecha de hierro fundido de alta calidad, proporciona un calentamiento uniforme y retenci\u00f3n de calor, por lo que la comida cocinada mantiene su delicioso sabor. Este utensilio de cocina de hierro fundido es esmaltado para mejorar la durabilidad y resistencia a la corrosi\u00f3n de los utensilios de cocina, por lo que es competente para diversas tareas de cocina. Su aspecto colorido a\u00f1ade un toque moderno y vibrante a la cocina.<\/p>\n<h2>Caracter\u00edsticas de los utensilios de cocina de hierro fundido<\/h2>\n<p><strong>Calentamiento uniforme<\/strong>: El hierro fundido tiene excelentes propiedades de retenci\u00f3n del calor y calentamiento uniforme, lo que garantiza que los alimentos se calienten uniformemente durante la cocci\u00f3n, evitando el problema de los puntos calientes de las ollas tradicionales.<\/p>\n<p><strong>Eficaz retenci\u00f3n del calor<\/strong>: Los utensilios de cocina de hierro fundido pueden retener el calor durante mucho tiempo, son adecuados para cocinar a fuego lento, sopas y guisos, y pueden retener eficazmente el calor y el sabor de los alimentos.<br \/>Gran durabilidad: Las ollas de hierro fundido de alta calidad son resistentes y duraderas, y pueden soportar diversos retos en la cocina diaria, adem\u00e1s de mantener un buen rendimiento incluso despu\u00e9s de a\u00f1os de uso.<\/p>\n<p><strong>Tratamiento del esmalte<\/strong>: La bater\u00eda de cocina de hierro fundido esmaltado tiene una superficie lisa y una excelente resistencia a la corrosi\u00f3n, y no se corroe f\u00e1cilmente con alimentos \u00e1cidos o alcalinos.<\/p>\n<p><strong>Varios colores<\/strong>: Los utensilios de cocina de hierro fundido que ofrecemos est\u00e1n disponibles en una gran variedad de colores. El aspecto colorido de estos utensilios de cocina puede a\u00f1adir belleza y vitalidad a su cocina, al tiempo que hace que cocinar sea m\u00e1s divertido y personalizado.<\/p>\n<p><strong>Servicio integral de venta al por mayor de utensilios de cocina<\/strong>: Desde la selecci\u00f3n de productos y las necesidades de personalizaci\u00f3n hasta la entrega y el servicio posventa, le ofrecemos soluciones eficaces. Simplifique el proceso de adquisici\u00f3n y aseg\u00farese de que sus necesidades mayoristas se satisfacen r\u00e1pidamente.<\/p>\n<p><\/p>","protected":false},"featured_media":4340,"comment_status":"closed","ping_status":"closed","template":"","meta":[],"product_brand":[],"product_cat":[63],"product_tag":[],"class_list":{"0":"post-4339","1":"product","2":"type-product","3":"status-publish","4":"has-post-thumbnail","6":"product_cat-iron-cast-cookware","8":"first","9":"instock","10":"shipping-taxable","11":"product-type-simple"},"_links":{"self":[{"href":"https:\/\/www.hg-cooker.com\/es\/wp-json\/wp\/v2\/product\/4339","targetHints":{"allow":["GET"]}}],"collection":[{"href":"https:\/\/www.hg-cooker.com\/es\/wp-json\/wp\/v2\/product"}],"about":[{"href":"https:\/\/www.hg-cooker.com\/es\/wp-json\/wp\/v2\/types\/product"}],"replies":[{"embeddable":true,"href":"https:\/\/www.hg-cooker.com\/es\/wp-json\/wp\/v2\/comments?post=4339"}],"wp:featuredmedia":[{"embeddable":true,"href":"https:\/\/www.hg-cooker.com\/es\/wp-json\/wp\/v2\/media\/4340"}],"wp:attachment":[{"href":"https:\/\/www.hg-cooker.com\/es\/wp-json\/wp\/v2\/media?parent=4339"}],"wp:term":[{"taxonomy":"product_brand","embeddable":true,"href":"https:\/\/www.hg-cooker.com\/es\/wp-json\/wp\/v2\/product_brand?post=4339"},{"taxonomy":"product_cat","embeddable":true,"href":"https:\/\/www.hg-cooker.com\/es\/wp-json\/wp\/v2\/product_cat?post=4339"},{"taxonomy":"product_tag","embeddable":true,"href":"https:\/\/www.hg-cooker.com\/es\/wp-json\/wp\/v2\/product_tag?post=4339"}],"curies":[{"name":"wp","href":"https:\/\/api.w.org\/{rel}","templated":true}]}}