{"id":4332,"date":"2024-08-29T02:14:08","date_gmt":"2024-08-29T02:14:08","guid":{"rendered":"https:\/\/www.hg-cooker.com\/?post_type=product&#038;p=4332"},"modified":"2024-08-30T07:15:33","modified_gmt":"2024-08-30T07:15:33","slug":"olla-de-leche-hirviendo-de-acero-inoxidable-al-por-mayor-30","status":"publish","type":"product","link":"https:\/\/www.hg-cooker.com\/es\/producto\/olla-de-leche-hirviendo-de-acero-inoxidable-al-por-mayor-30\/","title":{"rendered":"Mayorista de Chafing Dishes para Buffet, Catering, Hoteles y Restaurantes"},"content":{"rendered":"<div class=\"wp-block-columns is-layout-flex wp-container-core-columns-is-layout-9d6595d7 wp-block-columns-is-layout-flex\">\n<div class=\"wp-block-column is-layout-flow wp-block-column-is-layout-flow\">\n<h3 class=\"wp-block-heading\">Par\u00e1metros de los calientaplatos Wholsale<\/h3>\n\n\n\n<figure class=\"wp-block-table\"><table class=\"has-fixed-layout\"><tbody><tr><td>Nombre del art\u00edculo<\/td><td>Material<\/td><td>Embalaje<\/td><td>Tama\u00f1o de la caja<\/td><td>Capacidad<\/td><td>Peso bruto<\/td><td>Plazo de entrega<\/td><td>puerto de carga<\/td><\/tr><tr><td>Estufa de alcohol buffet de acero inoxidable<\/td><td>Acero inoxidable 410 magn\u00e9tico con pulido<\/td><td>Caja de color<\/td><td>68*53*30cm<\/td><td>11L<\/td><td>5KG<\/td><td>30 d\u00edas despu\u00e9s de recibir el dep\u00f3sito<\/td><td>Shenzhen o Shantou<\/td><\/tr><\/tbody><\/table><\/figure>\n<\/div>\n<\/div>\n\n\n\n<div class=\"wp-block-columns is-layout-flex wp-container-core-columns-is-layout-9d6595d7 wp-block-columns-is-layout-flex\">\n<div class=\"wp-block-column is-layout-flow wp-block-column-is-layout-flow\">\n<h3 class=\"wp-block-heading\">Opciones de sartenes personalizadas<\/h3>\n\n\n\n<p><strong>Logotipo<\/strong>: Personalice el logotipo de su marca en el plato y el envase.<br><br><strong>Talla<\/strong>: Podemos personalizar chafing dish en diferentes tama\u00f1os de acuerdo a su necesidad.<br><br><strong>Paquete<\/strong>: cart\u00f3n\/caja de color.<br><br><a href=\"https:\/\/www.hg-cooker.com\/es\/custom-solution\/\" data-type=\"page\" data-id=\"2793\" target=\"_blank\" rel=\"noreferrer noopener\"><strong>Explore m\u00e1s detalles personalizados OEM&amp;ODM<\/strong><\/a><\/p>\n<\/div>\n<\/div>\n\n\n\n<div class=\"wp-block-columns is-layout-flex wp-container-core-columns-is-layout-9d6595d7 wp-block-columns-is-layout-flex\">\n<div class=\"wp-block-column is-layout-flow wp-block-column-is-layout-flow\">\n<figure class=\"wp-block-image size-full\"><img fetchpriority=\"high\" decoding=\"async\" width=\"750\" height=\"750\" src=\"https:\/\/www.hg-cooker.com\/wp-content\/uploads\/2024\/08\/Single-compartment-chafing-dish.jpg\" alt=\"Chafing dish de un compartimento\" class=\"wp-image-4334\" srcset=\"https:\/\/www.hg-cooker.com\/wp-content\/uploads\/2024\/08\/Single-compartment-chafing-dish.jpg 750w, https:\/\/www.hg-cooker.com\/wp-content\/uploads\/2024\/08\/Single-compartment-chafing-dish-150x150.jpg 150w, https:\/\/www.hg-cooker.com\/wp-content\/uploads\/2024\/08\/Single-compartment-chafing-dish-660x660.jpg 660w, https:\/\/www.hg-cooker.com\/wp-content\/uploads\/2024\/08\/Single-compartment-chafing-dish-300x300.jpg 300w, https:\/\/www.hg-cooker.com\/wp-content\/uploads\/2024\/08\/Single-compartment-chafing-dish-12x12.jpg 12w, https:\/\/www.hg-cooker.com\/wp-content\/uploads\/2024\/08\/Single-compartment-chafing-dish-285x285.jpg 285w, https:\/\/www.hg-cooker.com\/wp-content\/uploads\/2024\/08\/Single-compartment-chafing-dish-270x270.jpg 270w, https:\/\/www.hg-cooker.com\/wp-content\/uploads\/2024\/08\/Single-compartment-chafing-dish-540x540.jpg 540w\" sizes=\"(max-width: 750px) 100vw, 750px\" \/><\/figure>\n<\/div>\n\n\n\n<div class=\"wp-block-column is-layout-flow wp-block-column-is-layout-flow\">\n<figure class=\"wp-block-image size-full\"><img decoding=\"async\" width=\"750\" height=\"750\" src=\"https:\/\/www.hg-cooker.com\/wp-content\/uploads\/2024\/08\/Double-compartment-chafing-dish.jpg\" alt=\"Chafing dish de doble compartimento\" class=\"wp-image-4333\" srcset=\"https:\/\/www.hg-cooker.com\/wp-content\/uploads\/2024\/08\/Double-compartment-chafing-dish.jpg 750w, https:\/\/www.hg-cooker.com\/wp-content\/uploads\/2024\/08\/Double-compartment-chafing-dish-150x150.jpg 150w, https:\/\/www.hg-cooker.com\/wp-content\/uploads\/2024\/08\/Double-compartment-chafing-dish-660x660.jpg 660w, https:\/\/www.hg-cooker.com\/wp-content\/uploads\/2024\/08\/Double-compartment-chafing-dish-300x300.jpg 300w, https:\/\/www.hg-cooker.com\/wp-content\/uploads\/2024\/08\/Double-compartment-chafing-dish-12x12.jpg 12w, https:\/\/www.hg-cooker.com\/wp-content\/uploads\/2024\/08\/Double-compartment-chafing-dish-285x285.jpg 285w, https:\/\/www.hg-cooker.com\/wp-content\/uploads\/2024\/08\/Double-compartment-chafing-dish-270x270.jpg 270w, https:\/\/www.hg-cooker.com\/wp-content\/uploads\/2024\/08\/Double-compartment-chafing-dish-540x540.jpg 540w\" sizes=\"(max-width: 750px) 100vw, 750px\" \/><\/figure>\n<\/div>\n<\/div>","protected":false},"excerpt":{"rendered":"<p>Nuestros calientaplatos al por mayor de alta calidad est\u00e1n dise\u00f1ados para satisfacer las rigurosas exigencias de buf\u00e9s, caterings, hoteles y restaurantes. Cada calientaplatos est\u00e1 equipado con un soporte resistente, una tapa f\u00e1cil de manejar y un dep\u00f3sito de combustible para garantizar que los alimentos se mantengan a la temperatura adecuada durante mucho tiempo, lo que lo convierte en una soluci\u00f3n pr\u00e1ctica y elegante para servir platos calientes. Tanto si se trata de un banquete formal como de un uso cotidiano, ofrecemos calientaplatos al por mayor a precios de f\u00e1brica, p\u00f3ngase en contacto con nosotros.<\/p>\n<h2>Caracter\u00edsticas del Chafing Dish<\/h2>\n<p><strong>Buen efecto aislante<\/strong>: La estufa de buffet est\u00e1 equipada con un dep\u00f3sito de combustible, que puede mantener la temperatura de los alimentos durante mucho tiempo, garantizando que los clientes puedan disfrutar de comida caliente durante toda la comida.<\/p>\n<p><strong>Gran durabilidad<\/strong>: Fabricado en acero inoxidable de alta calidad, tiene una excelente resistencia a la corrosi\u00f3n y al desgaste, puede soportar el uso frecuente y prolongar su vida \u00fatil.<\/p>\n<p><strong>F\u00e1cil de manejar<\/strong>: La cocina buffet tiene un dise\u00f1o sencillo, con una tapa f\u00e1cil de manejar y una rejilla estable, lo que resulta c\u00f3modo para que el personal de servicio la ordene y organice r\u00e1pidamente.<\/p>\n<p><strong>F\u00e1cil de limpiar<\/strong>: El material de acero inoxidable es liso y no es f\u00e1cil que deje restos de comida. Es muy c\u00f3modo de limpiar, ahorrando tiempo y energ\u00eda para su posterior mantenimiento.<\/p>\n<p><strong>Aspecto profesional<\/strong>: El dise\u00f1o sencillo y elegante realza la belleza general de la mesa, adecuada para diversas ocasiones de cenas formales e informales, dejando una profunda impresi\u00f3n en los clientes.<\/p>\n<p><strong>Protecci\u00f3n del medio ambiente y ahorro de energ\u00eda<\/strong>: El uso de combustible respetuoso con el medio ambiente puede ahorrar energ\u00eda de forma eficaz, reducir las emisiones de carbono y cumplir los requisitos modernos de protecci\u00f3n medioambiental.<\/p>","protected":false},"featured_media":4335,"comment_status":"closed","ping_status":"closed","template":"","meta":[],"product_brand":[],"product_cat":[62],"product_tag":[],"class_list":{"0":"post-4332","1":"product","2":"type-product","3":"status-publish","4":"has-post-thumbnail","6":"product_cat-wholesale-chafing-dishes","8":"first","9":"instock","10":"shipping-taxable","11":"product-type-simple"},"_links":{"self":[{"href":"https:\/\/www.hg-cooker.com\/es\/wp-json\/wp\/v2\/product\/4332","targetHints":{"allow":["GET"]}}],"collection":[{"href":"https:\/\/www.hg-cooker.com\/es\/wp-json\/wp\/v2\/product"}],"about":[{"href":"https:\/\/www.hg-cooker.com\/es\/wp-json\/wp\/v2\/types\/product"}],"replies":[{"embeddable":true,"href":"https:\/\/www.hg-cooker.com\/es\/wp-json\/wp\/v2\/comments?post=4332"}],"wp:featuredmedia":[{"embeddable":true,"href":"https:\/\/www.hg-cooker.com\/es\/wp-json\/wp\/v2\/media\/4335"}],"wp:attachment":[{"href":"https:\/\/www.hg-cooker.com\/es\/wp-json\/wp\/v2\/media?parent=4332"}],"wp:term":[{"taxonomy":"product_brand","embeddable":true,"href":"https:\/\/www.hg-cooker.com\/es\/wp-json\/wp\/v2\/product_brand?post=4332"},{"taxonomy":"product_cat","embeddable":true,"href":"https:\/\/www.hg-cooker.com\/es\/wp-json\/wp\/v2\/product_cat?post=4332"},{"taxonomy":"product_tag","embeddable":true,"href":"https:\/\/www.hg-cooker.com\/es\/wp-json\/wp\/v2\/product_tag?post=4332"}],"curies":[{"name":"wp","href":"https:\/\/api.w.org\/{rel}","templated":true}]}}