{"id":4323,"date":"2024-08-29T01:05:21","date_gmt":"2024-08-29T01:05:21","guid":{"rendered":"https:\/\/www.hg-cooker.com\/?post_type=product&#038;p=4323"},"modified":"2024-08-30T07:16:07","modified_gmt":"2024-08-30T07:16:07","slug":"olla-de-leche-hirviendo-de-acero-inoxidable-al-por-mayor-29","status":"publish","type":"product","link":"https:\/\/www.hg-cooker.com\/es\/producto\/olla-de-leche-hirviendo-de-acero-inoxidable-al-por-mayor-29\/","title":{"rendered":"Plato de acero inoxidable al por mayor para uso hotelero y comercial"},"content":{"rendered":"<div class=\"wp-block-columns is-layout-flex wp-container-core-columns-is-layout-9d6595d7 wp-block-columns-is-layout-flex\">\n<div class=\"wp-block-column is-layout-flow wp-block-column-is-layout-flow\">\n<h3 class=\"wp-block-heading\">Par\u00e1metros del calientaplatos<\/h3>\n\n\n\n<figure class=\"wp-block-table\"><table class=\"has-fixed-layout\"><tbody><tr><td>Lugar de origen<\/td><td>Horno de comida r\u00e1pida<\/td><td>Material<\/td><td>embalaje<\/td><td>color<\/td><td>color<\/td><td>Aplicaci\u00f3n<\/td><td>Utilizaci\u00f3n<\/td><td>Superficie<\/td><td>MOQ<\/td><td>Capacidad<\/td><td>Tama\u00f1o de envase individual:<\/td><td>Peso bruto \u00fanico:<\/td><\/tr><tr><td>Guangdong, China<\/td><td>El horno de calefacci\u00f3n<\/td><td>Acero inoxidable 410<\/td><td>caja de color<\/td><td>plata<\/td><td>plata<\/td><td>Equipamiento alimentario para buffets de hotel<\/td><td>Aislamiento de agua caliente o calefacci\u00f3n por estufa de alcohol<\/td><td>Polimerizaci\u00f3n por electr\u00f3lisis<\/td><td>4 piezas<\/td><td>11L<\/td><td>30X30X30 cm<\/td><td>5 kg<\/td><\/tr><\/tbody><\/table><\/figure>\n<\/div>\n<\/div>\n\n\n\n<div class=\"wp-block-columns is-layout-flex wp-container-core-columns-is-layout-9d6595d7 wp-block-columns-is-layout-flex\">\n<div class=\"wp-block-column is-layout-flow wp-block-column-is-layout-flow\">\n<h3 class=\"wp-block-heading\">Opciones de sartenes personalizadas<\/h3>\n\n\n\n<p><strong>Logotipo<\/strong>: Personalice el logotipo de su marca en el plato y el envase.<br><br><strong>Talla<\/strong>: Podemos personalizar chafing dish en diferentes tama\u00f1os de acuerdo a su necesidad.<br><br><strong>Paquete<\/strong>: cart\u00f3n\/caja de color.<br><br><a href=\"https:\/\/www.hg-cooker.com\/es\/custom-solution\/\" data-type=\"page\" data-id=\"2793\" target=\"_blank\" rel=\"noreferrer noopener\"><strong>Explore m\u00e1s detalles personalizados OEM&amp;ODM<\/strong><\/a><\/p>\n<\/div>\n<\/div>\n\n\n\n<div class=\"wp-block-columns is-layout-flex wp-container-core-columns-is-layout-9d6595d7 wp-block-columns-is-layout-flex\">\n<div class=\"wp-block-column is-layout-flow wp-block-column-is-layout-flow\">\n<figure class=\"wp-block-image size-full\"><img fetchpriority=\"high\" decoding=\"async\" width=\"790\" height=\"1115\" src=\"https:\/\/www.hg-cooker.com\/wp-content\/uploads\/2024\/08\/chafing-dish-size-1.jpg\" alt=\"tama\u00f1o del calientaplatos (1)\" class=\"wp-image-4324\" srcset=\"https:\/\/www.hg-cooker.com\/wp-content\/uploads\/2024\/08\/chafing-dish-size-1.jpg 790w, https:\/\/www.hg-cooker.com\/wp-content\/uploads\/2024\/08\/chafing-dish-size-1-106x150.jpg 106w, https:\/\/www.hg-cooker.com\/wp-content\/uploads\/2024\/08\/chafing-dish-size-1-468x660.jpg 468w, https:\/\/www.hg-cooker.com\/wp-content\/uploads\/2024\/08\/chafing-dish-size-1-213x300.jpg 213w, https:\/\/www.hg-cooker.com\/wp-content\/uploads\/2024\/08\/chafing-dish-size-1-768x1084.jpg 768w, https:\/\/www.hg-cooker.com\/wp-content\/uploads\/2024\/08\/chafing-dish-size-1-9x12.jpg 9w, https:\/\/www.hg-cooker.com\/wp-content\/uploads\/2024\/08\/chafing-dish-size-1-285x402.jpg 285w\" sizes=\"(max-width: 790px) 100vw, 790px\" \/><\/figure>\n<\/div>\n\n\n\n<div class=\"wp-block-column is-layout-flow wp-block-column-is-layout-flow\">\n<figure class=\"wp-block-image size-full\"><img decoding=\"async\" width=\"790\" height=\"1115\" src=\"https:\/\/www.hg-cooker.com\/wp-content\/uploads\/2024\/08\/chafing-dish-size-2.jpg\" alt=\"tama\u00f1o del calientaplatos (2)\" class=\"wp-image-4325\" srcset=\"https:\/\/www.hg-cooker.com\/wp-content\/uploads\/2024\/08\/chafing-dish-size-2.jpg 790w, https:\/\/www.hg-cooker.com\/wp-content\/uploads\/2024\/08\/chafing-dish-size-2-106x150.jpg 106w, https:\/\/www.hg-cooker.com\/wp-content\/uploads\/2024\/08\/chafing-dish-size-2-468x660.jpg 468w, https:\/\/www.hg-cooker.com\/wp-content\/uploads\/2024\/08\/chafing-dish-size-2-213x300.jpg 213w, https:\/\/www.hg-cooker.com\/wp-content\/uploads\/2024\/08\/chafing-dish-size-2-768x1084.jpg 768w, https:\/\/www.hg-cooker.com\/wp-content\/uploads\/2024\/08\/chafing-dish-size-2-9x12.jpg 9w, https:\/\/www.hg-cooker.com\/wp-content\/uploads\/2024\/08\/chafing-dish-size-2-285x402.jpg 285w\" sizes=\"(max-width: 790px) 100vw, 790px\" \/><\/figure>\n<\/div>\n<\/div>","protected":false},"excerpt":{"rendered":"<p>Chafing dish al por mayor, dise\u00f1ado para uso hotelero y comercial, hecho de acero inoxidable de grado alimenticio de alta calidad, con una excelente durabilidad y resistencia a la corrosi\u00f3n, la superficie pulida espejo a\u00f1ade un toque de elegancia a los banquetes de gama alta y los servicios diarios de restaurante, el soporte es plegable, por lo que es m\u00e1s c\u00f3modo de usar y almacenar. Ofrecemos una baja cantidad m\u00ednima de pedido de 4 piezas, recepci\u00f3n para entrarnos en contacto con para los platos de frotamiento al por mayor.<\/p>\n<h2>Caracter\u00edsticas del Chafing Dish\u00a0<\/h2>\n<p><strong>Incre\u00edble resistencia<\/strong>: Con su extraordinaria durabilidad y sus fuertes propiedades anticorrosi\u00f3n, est\u00e1 fabricada en acero inoxidable de alta calidad y puede soportar un uso frecuente, as\u00ed como el lavado, lo que la hace perfectamente adecuada para el sector de la restauraci\u00f3n.<\/p>\n<p><strong>Excelente aislamiento t\u00e9rmico<\/strong>: Cuando se calienta con alcohol, este tipo de material puede proporcionar una temperatura estable a largo plazo para los alimentos que contiene, garantizando as\u00ed a los clientes el m\u00e1ximo placer al comer.<\/p>\n<p><strong>Aspecto de gama alta<\/strong>: La superficie del calientaplatos de acero inoxidable est\u00e1 pulida a espejo, con un aspecto brillante y bello, muy adecuado para banquetes formales o restaurantes de alto nivel.<\/p>\n<p><strong>F\u00e1cil de limpiar<\/strong>: El acero inoxidable tiene una superficie lisa, por lo que es muy f\u00e1cil de limpiar despu\u00e9s de su uso. Incluso despu\u00e9s de un ajetreado servicio de catering, el trabajo de limpieza puede completarse r\u00e1pidamente, ahorr\u00e1ndole tiempo.<\/p>\n<p><strong>Seguro y fiable<\/strong>: El calientaplatos de acero inoxidable est\u00e1 equipado con un soporte estable y un dise\u00f1o antideslizante, por lo que no se volcar\u00e1 ni resbalar\u00e1 durante su uso.<\/p>","protected":false},"featured_media":4330,"comment_status":"closed","ping_status":"closed","template":"","meta":[],"product_brand":[],"product_cat":[62],"product_tag":[],"class_list":{"0":"post-4323","1":"product","2":"type-product","3":"status-publish","4":"has-post-thumbnail","6":"product_cat-wholesale-chafing-dishes","8":"first","9":"instock","10":"shipping-taxable","11":"product-type-simple"},"_links":{"self":[{"href":"https:\/\/www.hg-cooker.com\/es\/wp-json\/wp\/v2\/product\/4323","targetHints":{"allow":["GET"]}}],"collection":[{"href":"https:\/\/www.hg-cooker.com\/es\/wp-json\/wp\/v2\/product"}],"about":[{"href":"https:\/\/www.hg-cooker.com\/es\/wp-json\/wp\/v2\/types\/product"}],"replies":[{"embeddable":true,"href":"https:\/\/www.hg-cooker.com\/es\/wp-json\/wp\/v2\/comments?post=4323"}],"wp:featuredmedia":[{"embeddable":true,"href":"https:\/\/www.hg-cooker.com\/es\/wp-json\/wp\/v2\/media\/4330"}],"wp:attachment":[{"href":"https:\/\/www.hg-cooker.com\/es\/wp-json\/wp\/v2\/media?parent=4323"}],"wp:term":[{"taxonomy":"product_brand","embeddable":true,"href":"https:\/\/www.hg-cooker.com\/es\/wp-json\/wp\/v2\/product_brand?post=4323"},{"taxonomy":"product_cat","embeddable":true,"href":"https:\/\/www.hg-cooker.com\/es\/wp-json\/wp\/v2\/product_cat?post=4323"},{"taxonomy":"product_tag","embeddable":true,"href":"https:\/\/www.hg-cooker.com\/es\/wp-json\/wp\/v2\/product_tag?post=4323"}],"curies":[{"name":"wp","href":"https:\/\/api.w.org\/{rel}","templated":true}]}}