{"id":4315,"date":"2024-08-28T09:56:27","date_gmt":"2024-08-28T09:56:27","guid":{"rendered":"https:\/\/www.hg-cooker.com\/?post_type=product&#038;p=4315"},"modified":"2024-08-28T15:28:31","modified_gmt":"2024-08-28T15:28:31","slug":"olla-de-leche-hirviendo-de-acero-inoxidable-al-por-mayor-28","status":"publish","type":"product","link":"https:\/\/www.hg-cooker.com\/es\/producto\/olla-de-leche-hirviendo-de-acero-inoxidable-al-por-mayor-28\/","title":{"rendered":"Mayorista Parrillas Para Uso Domestico Y Comercial"},"content":{"rendered":"<div class=\"wp-block-columns is-layout-flex wp-container-core-columns-is-layout-9d6595d7 wp-block-columns-is-layout-flex\">\n<div class=\"wp-block-column is-layout-flow wp-block-column-is-layout-flow\">\n<h3 class=\"wp-block-heading\">Par\u00e1metros de las parrillas al por mayor<\/h3>\n\n\n\n<figure class=\"wp-block-table\"><table class=\"has-fixed-layout\"><tbody><tr><td>Lugar de origen<\/td><td>Material<\/td><td>Combustible<\/td><td>Nombre del producto<\/td><td>Funci\u00f3n<\/td><td>MOQ<\/td><td>Embalaje<\/td><td>Utilizaci\u00f3n<\/td><td>Forma<\/td><td>Tipo<\/td><td>talla<\/td><td>Detalles del embalaje<\/td><td>Tama\u00f1o de envase individual:<\/td><td>Peso bruto \u00fanico:<\/td><\/tr><tr><td>Guangdong, China<\/td><td>Acero inoxidable<\/td><td>Barbacoa de alcohol<\/td><td>mini barbacoa<\/td><td>Barbacoa sin humo para interior y exterior<\/td><td>4 piezas<\/td><td>caja blanca<\/td><td>Cocina\\NHornear\\NBQB\\NFumar<\/td><td>Forma redonda<\/td><td>Calefacci\u00f3n por estufas de alcohol<\/td><td>di\u00e1metro 19,5 cm<\/td><td>bolsa de pel\u00edcula de pl\u00e1stico por pieza, luego embalado en una caja de color y m\u00e1s cantidades para la exportaci\u00f3n de cart\u00f3n.<\/td><td>12X12X28 cm<\/td><td>0,800 kg<\/td><\/tr><\/tbody><\/table><\/figure>\n<\/div>\n<\/div>\n\n\n\n<div class=\"wp-block-columns is-layout-flex wp-container-core-columns-is-layout-9d6595d7 wp-block-columns-is-layout-flex\">\n<div class=\"wp-block-column is-layout-flow wp-block-column-is-layout-flow\">\n<h3 class=\"wp-block-heading\">Opciones de parrilla personalizadas<\/h3>\n\n\n\n<p><strong>Logotipo<\/strong>: Personalice el logotipo de su marca en la parrilla y el envase.<br><br><strong>Talla<\/strong>: Podemos personalizar la parrilla en diferentes tama\u00f1os de acuerdo a su necesidad.<br><br><strong>Paquete<\/strong>: cart\u00f3n\/caja de color.<br><br><a href=\"https:\/\/www.hg-cooker.com\/es\/custom-solution\/\" data-type=\"page\" data-id=\"2793\" target=\"_blank\" rel=\"noreferrer noopener\"><strong>Explore m\u00e1s detalles personalizados OEM&amp;ODM<\/strong><\/a><\/p>\n<\/div>\n<\/div>\n\n\n\n<div class=\"wp-block-columns is-layout-flex wp-container-core-columns-is-layout-9d6595d7 wp-block-columns-is-layout-flex\">\n<div class=\"wp-block-column is-layout-flow wp-block-column-is-layout-flow\">\n<figure class=\"wp-block-image size-full\"><img fetchpriority=\"high\" decoding=\"async\" width=\"760\" height=\"875\" src=\"https:\/\/www.hg-cooker.com\/wp-content\/uploads\/2024\/08\/advantage-of-BBQ-grill-1.jpg\" alt=\"ventaja de la barbacoa (1)\" class=\"wp-image-4321\" srcset=\"https:\/\/www.hg-cooker.com\/wp-content\/uploads\/2024\/08\/advantage-of-BBQ-grill-1.jpg 760w, https:\/\/www.hg-cooker.com\/wp-content\/uploads\/2024\/08\/advantage-of-BBQ-grill-1-130x150.jpg 130w, https:\/\/www.hg-cooker.com\/wp-content\/uploads\/2024\/08\/advantage-of-BBQ-grill-1-573x660.jpg 573w, https:\/\/www.hg-cooker.com\/wp-content\/uploads\/2024\/08\/advantage-of-BBQ-grill-1-261x300.jpg 261w, https:\/\/www.hg-cooker.com\/wp-content\/uploads\/2024\/08\/advantage-of-BBQ-grill-1-10x12.jpg 10w, https:\/\/www.hg-cooker.com\/wp-content\/uploads\/2024\/08\/advantage-of-BBQ-grill-1-285x328.jpg 285w\" sizes=\"(max-width: 760px) 100vw, 760px\" \/><\/figure>\n<\/div>\n\n\n\n<div class=\"wp-block-column is-layout-flow wp-block-column-is-layout-flow\">\n<figure class=\"wp-block-image size-full\"><img decoding=\"async\" width=\"760\" height=\"875\" src=\"https:\/\/www.hg-cooker.com\/wp-content\/uploads\/2024\/08\/advantage-of-BBQ-grill-2.jpg\" alt=\"ventaja de la parrilla BBQ (2)\" class=\"wp-image-4322\" srcset=\"https:\/\/www.hg-cooker.com\/wp-content\/uploads\/2024\/08\/advantage-of-BBQ-grill-2.jpg 760w, https:\/\/www.hg-cooker.com\/wp-content\/uploads\/2024\/08\/advantage-of-BBQ-grill-2-130x150.jpg 130w, https:\/\/www.hg-cooker.com\/wp-content\/uploads\/2024\/08\/advantage-of-BBQ-grill-2-573x660.jpg 573w, https:\/\/www.hg-cooker.com\/wp-content\/uploads\/2024\/08\/advantage-of-BBQ-grill-2-261x300.jpg 261w, https:\/\/www.hg-cooker.com\/wp-content\/uploads\/2024\/08\/advantage-of-BBQ-grill-2-10x12.jpg 10w, https:\/\/www.hg-cooker.com\/wp-content\/uploads\/2024\/08\/advantage-of-BBQ-grill-2-285x328.jpg 285w\" sizes=\"(max-width: 760px) 100vw, 760px\" \/><\/figure>\n<\/div>\n<\/div>","protected":false},"excerpt":{"rendered":"<p>Parrillas de barbacoa de acero inoxidable al por mayor de alta calidad.Esta parrilla es un complemento divertido para las reuniones familiares y tambi\u00e9n se puede utilizar como un dispositivo de cocina profesional para eventos comerciales. Es carb\u00f3n de le\u00f1a, apto para uso al aire libre, y tiene un ventilador alimentado por bater\u00eda que puede controlar con precisi\u00f3n el tama\u00f1o de la llama. Suministramos parrillas al por mayor de alta calidad con cantidades m\u00ednimas de pedido reducidas, lo que le da flexibilidad para satisfacer necesidades de distintos tama\u00f1os.<\/p>\n<h2>Caracter\u00edsticas de la barbacoa<\/h2>\n<p><strong>Dise\u00f1o polivalente<\/strong>: Este grill satisface tanto las necesidades dom\u00e9sticas como las comerciales, es adecuado para reuniones familiares, fiestas al aire libre, restaurantes y servicios de catering. Tanto si se trata de una cena familiar a peque\u00f1a escala como de un evento comercial a gran escala, este grill puede hacerle frente f\u00e1cilmente.<\/p>\n<p><strong>Calefacci\u00f3n eficiente<\/strong>: Equipado con un ventilador el\u00e9ctrico, puede acelerar eficazmente la combusti\u00f3n del fuego de carb\u00f3n y garantizar una disipaci\u00f3n uniforme del calor, de modo que los alimentos se pueden asar r\u00e1pida y uniformemente, presentando un sabor y color perfectos.<\/p>\n<p><strong>Material duradero<\/strong>: Fabricado con materiales de acero inoxidable de alta calidad resistentes a altas temperaturas y a la oxidaci\u00f3n, garantiza un uso prolongado en diversos entornos y es f\u00e1cil de limpiar y mantener.<\/p>\n<p><strong>Portabilidad<\/strong>: El dise\u00f1o es ligero, el peso total es ligero, y hay asas en ambos extremos para levantar f\u00e1cilmente. Es adecuado para llevar a cabo y tambi\u00e9n es adecuado para ocasiones comerciales que requieren movimiento frecuente.<\/p>\n<p><strong>Funcionamiento sencillo<\/strong>: A\u00f1adir el carb\u00f3n y encender el combustible es muy f\u00e1cil. Incluso los principiantes pueden empezar r\u00e1pidamente y asar f\u00e1cilmente deliciosos platos.<\/p>\n<p><strong>Pedido m\u00ednimo reducido<\/strong>: Apoyamos bajas cantidades m\u00ednimas de pedido, y usted puede conseguir un plan de adquisici\u00f3n adecuado aqu\u00ed en henghuang.<\/p>\n<p><strong>Modo de empleo:<\/strong><br \/>1.Carga 4 pilas aa1,5v (tambi\u00e9n alimentadas por puerto usB). <br \/>2.Coloque el bloque de combusti\u00f3n en la c\u00e1mara de carb\u00f3n y enci\u00e9ndalo. <br \/>3.A\u00f1ade el carb\u00f3n, enciende el ventilador Max y deja que se queme. <br \/>4.Coloque la parrilla y la tapa, cierre el candado y hornee en 10 minutos.<\/p>","protected":false},"featured_media":4317,"comment_status":"closed","ping_status":"closed","template":"","meta":[],"product_brand":[],"product_cat":[61],"product_tag":[],"class_list":{"0":"post-4315","1":"product","2":"type-product","3":"status-publish","4":"has-post-thumbnail","6":"product_cat-wholesale-grills","8":"first","9":"instock","10":"shipping-taxable","11":"product-type-simple"},"_links":{"self":[{"href":"https:\/\/www.hg-cooker.com\/es\/wp-json\/wp\/v2\/product\/4315","targetHints":{"allow":["GET"]}}],"collection":[{"href":"https:\/\/www.hg-cooker.com\/es\/wp-json\/wp\/v2\/product"}],"about":[{"href":"https:\/\/www.hg-cooker.com\/es\/wp-json\/wp\/v2\/types\/product"}],"replies":[{"embeddable":true,"href":"https:\/\/www.hg-cooker.com\/es\/wp-json\/wp\/v2\/comments?post=4315"}],"wp:featuredmedia":[{"embeddable":true,"href":"https:\/\/www.hg-cooker.com\/es\/wp-json\/wp\/v2\/media\/4317"}],"wp:attachment":[{"href":"https:\/\/www.hg-cooker.com\/es\/wp-json\/wp\/v2\/media?parent=4315"}],"wp:term":[{"taxonomy":"product_brand","embeddable":true,"href":"https:\/\/www.hg-cooker.com\/es\/wp-json\/wp\/v2\/product_brand?post=4315"},{"taxonomy":"product_cat","embeddable":true,"href":"https:\/\/www.hg-cooker.com\/es\/wp-json\/wp\/v2\/product_cat?post=4315"},{"taxonomy":"product_tag","embeddable":true,"href":"https:\/\/www.hg-cooker.com\/es\/wp-json\/wp\/v2\/product_tag?post=4315"}],"curies":[{"name":"wp","href":"https:\/\/api.w.org\/{rel}","templated":true}]}}