{"id":4304,"date":"2024-08-28T06:00:56","date_gmt":"2024-08-28T06:00:56","guid":{"rendered":"https:\/\/www.hg-cooker.com\/?post_type=product&#038;p=4304"},"modified":"2024-08-28T09:17:40","modified_gmt":"2024-08-28T09:17:40","slug":"olla-de-leche-hirviendo-de-acero-inoxidable-al-por-mayor-27","status":"publish","type":"product","link":"https:\/\/www.hg-cooker.com\/es\/producto\/olla-de-leche-hirviendo-de-acero-inoxidable-al-por-mayor-27\/","title":{"rendered":"Mayorista Parrilla de carb\u00f3n personalizada con ventilador Ajuste del fuego de carb\u00f3n"},"content":{"rendered":"<div class=\"wp-block-columns is-layout-flex wp-container-core-columns-is-layout-9d6595d7 wp-block-columns-is-layout-flex\">\n<div class=\"wp-block-column is-layout-flow wp-block-column-is-layout-flow\">\n<h3 class=\"wp-block-heading\">Par\u00e1metros de la parrilla de carb\u00f3n personalizable<\/h3>\n\n\n\n<figure class=\"wp-block-table\"><table class=\"has-fixed-layout\"><tbody><tr><td>Lugar de origen<\/td><td>Tipo de parrilla<\/td><td>N\u00famero de modelo<\/td><td>Utilizaci\u00f3n<\/td><td>Funci\u00f3n<\/td><td>Ventaja<\/td><td>Grado<\/td><td>Tipo de metal<\/td><td>Caracter\u00edstica<\/td><td>Dispositivo de seguridad<\/td><td>Color<\/td><td>Bater\u00eda<\/td><td>Adecuado para(entorno)<\/td><\/tr><tr><td>Guangdong, China<\/td><td>Parrillas de carb\u00f3n<\/td><td>HG-SKL<\/td><td>en interiores, especialmente \u00fatil en exteriores<\/td><td>Comida al horno<\/td><td>Funcionamiento port\u00e1til y c\u00f3modo<\/td><td>Seguro en contacto con alimentos<\/td><td>acero inoxidable<\/td><td>F\u00e1cil de montar, f\u00e1cil de limpiar, encendido electr\u00f3nico por impulsos<\/td><td>Dispositivo de protecci\u00f3n contra alta presi\u00f3n<\/td><td>Pintura de color naranja o personalizada si la cantidad es grande<\/td><td>4*AA 1,5V<\/td><td>Fiesta barbacoa al aire libre<\/td><\/tr><\/tbody><\/table><\/figure>\n<\/div>\n<\/div>\n\n\n\n<div class=\"wp-block-columns is-layout-flex wp-container-core-columns-is-layout-9d6595d7 wp-block-columns-is-layout-flex\">\n<div class=\"wp-block-column is-layout-flow wp-block-column-is-layout-flow\">\n<h3 class=\"wp-block-heading\">Opciones de parrilla de carb\u00f3n personalizadas<\/h3>\n\n\n\n<p><strong>Logotipo<\/strong>: Personalice el logotipo de su marca en la parrilla de carb\u00f3n y en el paquete.<br><br><strong>Talla<\/strong>: Podemos personalizar la parrilla de carb\u00f3n en diferentes tama\u00f1os de acuerdo a su necesidad.<br><br><strong>Paquete<\/strong>: cart\u00f3n\/caja de color.<br><br><a href=\"https:\/\/www.hg-cooker.com\/es\/custom-solution\/\" data-type=\"page\" data-id=\"2793\" target=\"_blank\" rel=\"noreferrer noopener\"><strong>Explore m\u00e1s detalles personalizados OEM&amp;ODM<\/strong><\/a><\/p>\n<\/div>\n<\/div>\n\n\n\n<div class=\"wp-block-columns is-layout-flex wp-container-core-columns-is-layout-9d6595d7 wp-block-columns-is-layout-flex\">\n<div class=\"wp-block-column is-layout-flow wp-block-column-is-layout-flow\">\n<figure class=\"wp-block-image size-full\"><img fetchpriority=\"high\" decoding=\"async\" width=\"760\" height=\"875\" src=\"https:\/\/www.hg-cooker.com\/wp-content\/uploads\/2024\/08\/advantage-of-custom-charcoal-grill-1.jpg\" alt=\"ventajas de la parrilla de carb\u00f3n personalizada (1)\" class=\"wp-image-4310\" srcset=\"https:\/\/www.hg-cooker.com\/wp-content\/uploads\/2024\/08\/advantage-of-custom-charcoal-grill-1.jpg 760w, https:\/\/www.hg-cooker.com\/wp-content\/uploads\/2024\/08\/advantage-of-custom-charcoal-grill-1-130x150.jpg 130w, https:\/\/www.hg-cooker.com\/wp-content\/uploads\/2024\/08\/advantage-of-custom-charcoal-grill-1-573x660.jpg 573w, https:\/\/www.hg-cooker.com\/wp-content\/uploads\/2024\/08\/advantage-of-custom-charcoal-grill-1-261x300.jpg 261w, https:\/\/www.hg-cooker.com\/wp-content\/uploads\/2024\/08\/advantage-of-custom-charcoal-grill-1-10x12.jpg 10w, https:\/\/www.hg-cooker.com\/wp-content\/uploads\/2024\/08\/advantage-of-custom-charcoal-grill-1-285x328.jpg 285w\" sizes=\"(max-width: 760px) 100vw, 760px\" \/><\/figure>\n<\/div>\n\n\n\n<div class=\"wp-block-column is-layout-flow wp-block-column-is-layout-flow\">\n<figure class=\"wp-block-image size-full\"><img decoding=\"async\" width=\"760\" height=\"875\" src=\"https:\/\/www.hg-cooker.com\/wp-content\/uploads\/2024\/08\/advantage-of-custom-charcoal-grill-2.jpg\" alt=\"ventaja de la parrilla de carb\u00f3n personalizada (2)\" class=\"wp-image-4311\" srcset=\"https:\/\/www.hg-cooker.com\/wp-content\/uploads\/2024\/08\/advantage-of-custom-charcoal-grill-2.jpg 760w, https:\/\/www.hg-cooker.com\/wp-content\/uploads\/2024\/08\/advantage-of-custom-charcoal-grill-2-130x150.jpg 130w, https:\/\/www.hg-cooker.com\/wp-content\/uploads\/2024\/08\/advantage-of-custom-charcoal-grill-2-573x660.jpg 573w, https:\/\/www.hg-cooker.com\/wp-content\/uploads\/2024\/08\/advantage-of-custom-charcoal-grill-2-261x300.jpg 261w, https:\/\/www.hg-cooker.com\/wp-content\/uploads\/2024\/08\/advantage-of-custom-charcoal-grill-2-10x12.jpg 10w, https:\/\/www.hg-cooker.com\/wp-content\/uploads\/2024\/08\/advantage-of-custom-charcoal-grill-2-285x328.jpg 285w\" sizes=\"(max-width: 760px) 100vw, 760px\" \/><\/figure>\n<\/div>\n<\/div>","protected":false},"excerpt":{"rendered":"<p>Parrilla de carb\u00f3n personalizable al por mayor, tama\u00f1os y configuraciones personalizables. Esta parrilla con un ventilador accionado el\u00e9ctricamente puede lograr el control del tama\u00f1o del fuego de carb\u00f3n. Proporciona una soluci\u00f3n ideal para los entusiastas de la barbacoa que tienen requisitos estrictos para los detalles de la barbacoa y el control del fuego. Es adecuada para patios dom\u00e9sticos y tiendas de barbacoas. Su flexibilidad y capacidad de ajuste lo hacen adecuado para diversos entornos de cocina. P\u00f3ngase en contacto con nosotros para obtener soluciones al por mayor y personalizadas.<\/p>\n<h3>Caracter\u00edsticas de la parrilla de carb\u00f3n<\/h3>\n<p><strong>El ventilador ajusta la potencia de fuego<\/strong>: El sistema de ventilador incorporado puede ajustar con precisi\u00f3n la potencia de fuego del carb\u00f3n, lo que le permite controlar f\u00e1cilmente la temperatura de asado, garantizar que los alimentos se cocinen uniformemente y lograr el efecto de asado ideal.<\/p>\n<p><strong>Alimentaci\u00f3n del ventilador<\/strong>: Dos tipos de alimentaci\u00f3n El cargador y la bater\u00eda n\u00ba 5 pueden utilizarse para la alimentaci\u00f3n.<\/p>\n<p><strong>Opciones de personalizaci\u00f3n<\/strong>: Se ofrecen diversas opciones de personalizaci\u00f3n seg\u00fan las necesidades del cliente. La personalizaci\u00f3n ligera puede a\u00f1adir logotipos a los estilos existentes, y la personalizaci\u00f3n profunda incluye el tama\u00f1o, el material y el dise\u00f1o de apariencia para satisfacer diferentes necesidades de cocina y requisitos de escena.<\/p>\n<p><strong>Material duradero<\/strong>: Fabricado en acero inoxidable de alta calidad resistente a altas temperaturas, garantiza que la parrilla de la barbacoa pueda mantener un excelente rendimiento durante el uso a largo plazo y tenga una larga vida \u00fatil.<\/p>\n<p><strong>F\u00e1cil de limpiar<\/strong>: Las piezas desmontables y el dise\u00f1o sencillo facilitan el proceso de limpieza, garantizando que la parrilla de la barbacoa est\u00e9 siempre limpia y ordenada, lo que resulta muy adecuado para lugares comerciales como restaurantes.<\/p>\n<p><strong>Funcionamiento c\u00f3modo<\/strong>: El dise\u00f1o es f\u00e1cil de usar y de manejar. Incluso los novatos en barbacoas pueden empezar a usarla f\u00e1cilmente y controlar todo el proceso de la barbacoa.<\/p>\n<p><strong>F\u00e1cil de transportar<\/strong>: Su peque\u00f1o tama\u00f1o puede guardarse f\u00e1cilmente en una mochila, por lo que es una opci\u00f3n ideal para picnics y acampadas.<\/p>\n<p><strong>Dise\u00f1o de seguridad<\/strong>: El ventilador se combina con el orificio de aire alrededor del horno para ayudar a quemar el carb\u00f3n mientras emite el calor de la base, que no est\u00e1 caliente al tacto. <\/p>\n<p><strong>Modo de empleo:<\/strong><br \/>1.Carga 4 pilas aa1,5v (tambi\u00e9n alimentadas por puerto usB). <br \/>2.Coloque el bloque de combusti\u00f3n en la c\u00e1mara de carb\u00f3n y enci\u00e9ndalo. <br \/>3.A\u00f1ade el carb\u00f3n, enciende el ventilador Max y deja que se queme. <br \/>4.Coloque la parrilla y la tapa, cierre el candado y hornee en 10 minutos.<\/p>","protected":false},"featured_media":4312,"comment_status":"closed","ping_status":"closed","template":"","meta":[],"product_brand":[],"product_cat":[61],"product_tag":[],"class_list":{"0":"post-4304","1":"product","2":"type-product","3":"status-publish","4":"has-post-thumbnail","6":"product_cat-wholesale-grills","8":"first","9":"instock","10":"shipping-taxable","11":"product-type-simple"},"_links":{"self":[{"href":"https:\/\/www.hg-cooker.com\/es\/wp-json\/wp\/v2\/product\/4304","targetHints":{"allow":["GET"]}}],"collection":[{"href":"https:\/\/www.hg-cooker.com\/es\/wp-json\/wp\/v2\/product"}],"about":[{"href":"https:\/\/www.hg-cooker.com\/es\/wp-json\/wp\/v2\/types\/product"}],"replies":[{"embeddable":true,"href":"https:\/\/www.hg-cooker.com\/es\/wp-json\/wp\/v2\/comments?post=4304"}],"wp:featuredmedia":[{"embeddable":true,"href":"https:\/\/www.hg-cooker.com\/es\/wp-json\/wp\/v2\/media\/4312"}],"wp:attachment":[{"href":"https:\/\/www.hg-cooker.com\/es\/wp-json\/wp\/v2\/media?parent=4304"}],"wp:term":[{"taxonomy":"product_brand","embeddable":true,"href":"https:\/\/www.hg-cooker.com\/es\/wp-json\/wp\/v2\/product_brand?post=4304"},{"taxonomy":"product_cat","embeddable":true,"href":"https:\/\/www.hg-cooker.com\/es\/wp-json\/wp\/v2\/product_cat?post=4304"},{"taxonomy":"product_tag","embeddable":true,"href":"https:\/\/www.hg-cooker.com\/es\/wp-json\/wp\/v2\/product_tag?post=4304"}],"curies":[{"name":"wp","href":"https:\/\/api.w.org\/{rel}","templated":true}]}}