{"id":4303,"date":"2024-08-28T04:46:11","date_gmt":"2024-08-28T04:46:11","guid":{"rendered":"https:\/\/www.hg-cooker.com\/?post_type=product&#038;p=4303"},"modified":"2024-08-28T06:49:41","modified_gmt":"2024-08-28T06:49:41","slug":"olla-de-leche-hirviendo-de-acero-inoxidable-al-por-mayor-26","status":"publish","type":"product","link":"https:\/\/www.hg-cooker.com\/es\/producto\/olla-de-leche-hirviendo-de-acero-inoxidable-al-por-mayor-26\/","title":{"rendered":"Parrillas personalizadas al por mayor: perfectas para restaurantes y acampadas al aire libre"},"content":{"rendered":"<div class=\"wp-block-columns is-layout-flex wp-container-core-columns-is-layout-9d6595d7 wp-block-columns-is-layout-flex\">\n<div class=\"wp-block-column is-layout-flow wp-block-column-is-layout-flow\">\n<h3 class=\"wp-block-heading\">Par\u00e1metros de la parrilla<\/h3>\n\n\n\n<figure class=\"wp-block-table\"><table class=\"has-fixed-layout\"><tbody><tr><td>Lugar de origen<\/td><td>Tipo<\/td><td>Material<\/td><td>Caracter\u00edstica<\/td><td>Combustible<\/td><td>Utilizaci\u00f3n<\/td><td>Dispositivo de seguridad<\/td><td>MOQ<\/td><td>Color<\/td><td>Detalles del embalaje<\/td><\/tr><tr><td>Guangdong, China<\/td><td>Parrilla, mini barbacoa<\/td><td>acero inoxidable<\/td><td>Se limpia f\u00e1cilmente<\/td><td>Carb\u00f3n vegetal<\/td><td>Barbacoa de carb\u00f3n para exteriores<\/td><td>Dispositivo de seguridad contra llamas, Dispositivo de protecci\u00f3n contra alta presi\u00f3n<\/td><td>12 piezas<\/td><td>Acero inoxidable Original Silver+black<\/td><td>bolsa de pel\u00edcula de pl\u00e1stico por pieza, luego embalado en una caja de color y m\u00e1s cantidades para la exportaci\u00f3n de cart\u00f3n.<\/td><\/tr><\/tbody><\/table><\/figure>\n<\/div>\n<\/div>\n\n\n\n<div class=\"wp-block-columns is-layout-flex wp-container-core-columns-is-layout-9d6595d7 wp-block-columns-is-layout-flex\">\n<div class=\"wp-block-column is-layout-flow wp-block-column-is-layout-flow\">\n<h3 class=\"wp-block-heading\">Opciones de parrilla personalizadas<\/h3>\n\n\n\n<p><strong>Logotipo<\/strong>: Personalice el logotipo de su marca en la parrilla y el envase.<br><br><strong>Talla<\/strong>: Podemos personalizar la parrilla en diferentes tama\u00f1os de acuerdo a su necesidad.<br><br><strong>Paquete<\/strong>: cart\u00f3n\/caja de color.<br><br><a href=\"https:\/\/www.hg-cooker.com\/es\/custom-solution\/\" data-type=\"page\" data-id=\"2793\" target=\"_blank\" rel=\"noreferrer noopener\"><strong>Explore m\u00e1s detalles personalizados OEM&amp;ODM<\/strong><\/a><\/p>\n<\/div>\n<\/div>\n\n\n\n<div class=\"wp-block-columns is-layout-flex wp-container-core-columns-is-layout-9d6595d7 wp-block-columns-is-layout-flex\">\n<div class=\"wp-block-column is-layout-flow wp-block-column-is-layout-flow\">\n<figure class=\"wp-block-image size-full\"><img fetchpriority=\"high\" decoding=\"async\" width=\"790\" height=\"1090\" src=\"https:\/\/www.hg-cooker.com\/wp-content\/uploads\/2024\/08\/custom-grill-4.jpg\" alt=\"parrilla personalizada (4)\" class=\"wp-image-4308\" srcset=\"https:\/\/www.hg-cooker.com\/wp-content\/uploads\/2024\/08\/custom-grill-4.jpg 790w, https:\/\/www.hg-cooker.com\/wp-content\/uploads\/2024\/08\/custom-grill-4-109x150.jpg 109w, https:\/\/www.hg-cooker.com\/wp-content\/uploads\/2024\/08\/custom-grill-4-478x660.jpg 478w, https:\/\/www.hg-cooker.com\/wp-content\/uploads\/2024\/08\/custom-grill-4-217x300.jpg 217w, https:\/\/www.hg-cooker.com\/wp-content\/uploads\/2024\/08\/custom-grill-4-768x1060.jpg 768w, https:\/\/www.hg-cooker.com\/wp-content\/uploads\/2024\/08\/custom-grill-4-9x12.jpg 9w, https:\/\/www.hg-cooker.com\/wp-content\/uploads\/2024\/08\/custom-grill-4-285x393.jpg 285w\" sizes=\"(max-width: 790px) 100vw, 790px\" \/><\/figure>\n<\/div>\n\n\n\n<div class=\"wp-block-column is-layout-flow wp-block-column-is-layout-flow\">\n<figure class=\"wp-block-image size-full\"><img decoding=\"async\" width=\"790\" height=\"1090\" src=\"https:\/\/www.hg-cooker.com\/wp-content\/uploads\/2024\/08\/custom-grill-5.jpg\" alt=\"parrilla personalizada (5)\" class=\"wp-image-4309\" srcset=\"https:\/\/www.hg-cooker.com\/wp-content\/uploads\/2024\/08\/custom-grill-5.jpg 790w, https:\/\/www.hg-cooker.com\/wp-content\/uploads\/2024\/08\/custom-grill-5-109x150.jpg 109w, https:\/\/www.hg-cooker.com\/wp-content\/uploads\/2024\/08\/custom-grill-5-478x660.jpg 478w, https:\/\/www.hg-cooker.com\/wp-content\/uploads\/2024\/08\/custom-grill-5-217x300.jpg 217w, https:\/\/www.hg-cooker.com\/wp-content\/uploads\/2024\/08\/custom-grill-5-768x1060.jpg 768w, https:\/\/www.hg-cooker.com\/wp-content\/uploads\/2024\/08\/custom-grill-5-9x12.jpg 9w, https:\/\/www.hg-cooker.com\/wp-content\/uploads\/2024\/08\/custom-grill-5-285x393.jpg 285w\" sizes=\"(max-width: 790px) 100vw, 790px\" \/><\/figure>\n<\/div>\n<\/div>","protected":false},"excerpt":{"rendered":"<p>Parrillas personalizables al por mayor, esta parrilla est\u00e1 dise\u00f1ada para reducir las emisiones de humo, asegurando que usted puede disfrutar de la diversi\u00f3n de asar a la parrilla, manteniendo el medio ambiente limpio, por lo que es adecuado para tiendas de barbacoa y restaurantes. Proporcionamos servicios de parrilla de barbacoa al por mayor y soluciones de parrilla de barbacoa personalizadas profesionales, el tama\u00f1o y la configuraci\u00f3n se pueden personalizar, bienvenido a contactarnos.<\/p>\n<h3>Caracter\u00edsticas de la parrilla personalizable<\/h3>\n<p><strong>Opciones de personalizaci\u00f3n<\/strong>: Existe una gran variedad de opciones de personalizaci\u00f3n, y los tama\u00f1os y configuraciones se pueden adaptar para satisfacer diferentes necesidades y escenarios de cocci\u00f3n, garantizando que cada experiencia de barbacoa satisfaga sus expectativas.<\/p>\n<p><strong>Calefacci\u00f3n eficiente<\/strong>: El sistema de calentamiento uniforme garantiza que los alimentos se cocinen r\u00e1pida y uniformemente, conservando el sabor original.<\/p>\n<p><strong>Materiales duraderos<\/strong>: Se han seleccionado materiales de acero inoxidable de alta calidad resistentes a las altas temperaturas y a la corrosi\u00f3n para garantizar la estabilidad y durabilidad a largo plazo de la barbacoa.<\/p>\n<p><strong>F\u00e1cil de limpiar<\/strong>: Su dise\u00f1o sencillo y su f\u00e1cil desmontaje facilitan su limpieza y mantenimiento, lo que ahorrar\u00e1 tiempo y energ\u00eda, y es muy adecuado para su uso en barbacoas y restaurantes.<\/p>\n<p><strong>Aplicaci\u00f3n multiescenario<\/strong>: Ya se trate de una cocina de un restaurante, una fiesta o una actividad de camping, esta parrilla de barbacoa puede proporcionar comodidad y rica diversi\u00f3n de cocinar.<\/p>\n<p><strong>Funcionamiento c\u00f3modo<\/strong>: El dise\u00f1o de f\u00e1cil manejo hace que sea f\u00e1cil de controlar tanto para los novatos de la barbacoa como para los chefs experimentados.<\/p>\n<p><strong>Mango resistente a altas temperaturas<\/strong>: El dise\u00f1o del mango utiliza materiales resistentes a altas temperaturas para garantizar una experiencia de uso segura y c\u00f3moda y evitar quemaduras por alta temperatura.<\/p>","protected":false},"featured_media":4305,"comment_status":"closed","ping_status":"closed","template":"","meta":[],"product_brand":[],"product_cat":[61],"product_tag":[],"class_list":{"0":"post-4303","1":"product","2":"type-product","3":"status-publish","4":"has-post-thumbnail","6":"product_cat-wholesale-grills","8":"first","9":"instock","10":"shipping-taxable","11":"product-type-simple"},"_links":{"self":[{"href":"https:\/\/www.hg-cooker.com\/es\/wp-json\/wp\/v2\/product\/4303","targetHints":{"allow":["GET"]}}],"collection":[{"href":"https:\/\/www.hg-cooker.com\/es\/wp-json\/wp\/v2\/product"}],"about":[{"href":"https:\/\/www.hg-cooker.com\/es\/wp-json\/wp\/v2\/types\/product"}],"replies":[{"embeddable":true,"href":"https:\/\/www.hg-cooker.com\/es\/wp-json\/wp\/v2\/comments?post=4303"}],"wp:featuredmedia":[{"embeddable":true,"href":"https:\/\/www.hg-cooker.com\/es\/wp-json\/wp\/v2\/media\/4305"}],"wp:attachment":[{"href":"https:\/\/www.hg-cooker.com\/es\/wp-json\/wp\/v2\/media?parent=4303"}],"wp:term":[{"taxonomy":"product_brand","embeddable":true,"href":"https:\/\/www.hg-cooker.com\/es\/wp-json\/wp\/v2\/product_brand?post=4303"},{"taxonomy":"product_cat","embeddable":true,"href":"https:\/\/www.hg-cooker.com\/es\/wp-json\/wp\/v2\/product_cat?post=4303"},{"taxonomy":"product_tag","embeddable":true,"href":"https:\/\/www.hg-cooker.com\/es\/wp-json\/wp\/v2\/product_tag?post=4303"}],"curies":[{"name":"wp","href":"https:\/\/api.w.org\/{rel}","templated":true}]}}