{"id":4297,"date":"2024-08-28T02:46:59","date_gmt":"2024-08-28T02:46:59","guid":{"rendered":"https:\/\/www.hg-cooker.com\/?post_type=product&#038;p=4297"},"modified":"2024-11-30T03:46:42","modified_gmt":"2024-11-30T03:46:42","slug":"olla-de-leche-hirviendo-de-acero-inoxidable-al-por-mayor-25","status":"publish","type":"product","link":"https:\/\/www.hg-cooker.com\/es\/producto\/olla-de-leche-hirviendo-de-acero-inoxidable-al-por-mayor-25\/","title":{"rendered":"Parrillas al por mayor asequibles y fiables para todas sus necesidades de barbacoa"},"content":{"rendered":"<div class=\"wp-block-columns is-layout-flex wp-container-core-columns-is-layout-9d6595d7 wp-block-columns-is-layout-flex\">\n<div class=\"wp-block-column is-layout-flow wp-block-column-is-layout-flow\">\n<h3 class=\"wp-block-heading\">Par\u00e1metros de las parrillas al por mayor<\/h3>\n\n\n\n<figure class=\"wp-block-table\"><table class=\"has-fixed-layout\"><tbody><tr><td>Lugar de origen<\/td><td>Nombre del producto<\/td><td>Material<\/td><td>Utilizaci\u00f3n<\/td><td>Color<\/td><td>Talla<\/td><td>Funci\u00f3n<\/td><td>Peso<\/td><td>Unidades de venta<\/td><td>Tama\u00f1o de envase individual:<\/td><td>Peso bruto \u00fanico:<\/td><\/tr><tr><td>Guangdong, China<\/td><td>Barbacoa<\/td><td>Acero inoxidable<\/td><td>Cocina casera y de restaurante<\/td><td>plata<\/td><td>35 cm<\/td><td>Barbacoa sin humo para interior y exterior<\/td><td>2,13 kg<\/td><td>Art\u00edculo individual<\/td><td>76X70X56 cm<\/td><td>2.130 kg<\/td><\/tr><\/tbody><\/table><\/figure>\n<\/div>\n<\/div>\n\n\n\n<div class=\"wp-block-columns is-layout-flex wp-container-core-columns-is-layout-9d6595d7 wp-block-columns-is-layout-flex\">\n<div class=\"wp-block-column is-layout-flow wp-block-column-is-layout-flow\">\n<h3 class=\"wp-block-heading\">Opciones de parrilla personalizadas<\/h3>\n\n\n\n<p><strong>Logotipo<\/strong>: Personalice el logotipo de su marca en la parrilla y el envase.<br><br><strong>Talla<\/strong>: Podemos personalizar la parrilla en diferentes tama\u00f1os de acuerdo a su necesidad.<br><br><strong>Paquete<\/strong>: cart\u00f3n\/caja de color.<br><br><a href=\"https:\/\/www.hg-cooker.com\/es\/custom-solution\/\" data-type=\"page\" data-id=\"2793\" target=\"_blank\" rel=\"noreferrer noopener\"><strong>Explore m\u00e1s detalles personalizados OEM&amp;ODM<\/strong><\/a><\/p>\n<\/div>\n<\/div>\n\n\n\n<div class=\"wp-block-columns is-layout-flex wp-container-core-columns-is-layout-9d6595d7 wp-block-columns-is-layout-flex\">\n<div class=\"wp-block-column is-layout-flow wp-block-column-is-layout-flow\">\n<figure class=\"wp-block-image size-full\"><img fetchpriority=\"high\" decoding=\"async\" width=\"790\" height=\"1191\" src=\"https:\/\/www.hg-cooker.com\/wp-content\/uploads\/2024\/08\/BBQ-grill-detail-1.jpg\" alt=\"Detalle de la barbacoa (1)\" class=\"wp-image-4301\" srcset=\"https:\/\/www.hg-cooker.com\/wp-content\/uploads\/2024\/08\/BBQ-grill-detail-1.jpg 790w, https:\/\/www.hg-cooker.com\/wp-content\/uploads\/2024\/08\/BBQ-grill-detail-1-99x150.jpg 99w, https:\/\/www.hg-cooker.com\/wp-content\/uploads\/2024\/08\/BBQ-grill-detail-1-438x660.jpg 438w, https:\/\/www.hg-cooker.com\/wp-content\/uploads\/2024\/08\/BBQ-grill-detail-1-199x300.jpg 199w, https:\/\/www.hg-cooker.com\/wp-content\/uploads\/2024\/08\/BBQ-grill-detail-1-768x1158.jpg 768w, https:\/\/www.hg-cooker.com\/wp-content\/uploads\/2024\/08\/BBQ-grill-detail-1-8x12.jpg 8w, https:\/\/www.hg-cooker.com\/wp-content\/uploads\/2024\/08\/BBQ-grill-detail-1-285x430.jpg 285w\" sizes=\"(max-width: 790px) 100vw, 790px\" \/><\/figure>\n<\/div>\n\n\n\n<div class=\"wp-block-column is-layout-flow wp-block-column-is-layout-flow\">\n<figure class=\"wp-block-image size-full\"><img decoding=\"async\" width=\"790\" height=\"1191\" src=\"https:\/\/www.hg-cooker.com\/wp-content\/uploads\/2024\/08\/BBQ-grill-detail-2.jpg\" alt=\"Detalle de la barbacoa (2)\" class=\"wp-image-4302\" srcset=\"https:\/\/www.hg-cooker.com\/wp-content\/uploads\/2024\/08\/BBQ-grill-detail-2.jpg 790w, https:\/\/www.hg-cooker.com\/wp-content\/uploads\/2024\/08\/BBQ-grill-detail-2-99x150.jpg 99w, https:\/\/www.hg-cooker.com\/wp-content\/uploads\/2024\/08\/BBQ-grill-detail-2-438x660.jpg 438w, https:\/\/www.hg-cooker.com\/wp-content\/uploads\/2024\/08\/BBQ-grill-detail-2-199x300.jpg 199w, https:\/\/www.hg-cooker.com\/wp-content\/uploads\/2024\/08\/BBQ-grill-detail-2-768x1158.jpg 768w, https:\/\/www.hg-cooker.com\/wp-content\/uploads\/2024\/08\/BBQ-grill-detail-2-8x12.jpg 8w, https:\/\/www.hg-cooker.com\/wp-content\/uploads\/2024\/08\/BBQ-grill-detail-2-285x430.jpg 285w\" sizes=\"(max-width: 790px) 100vw, 790px\" \/><\/figure>\n<\/div>\n<\/div>","protected":false},"excerpt":{"rendered":"<p>Parrillas al por mayor de alta calidad. Esta parrilla est\u00e1 fabricada con material de acero inoxidable resistente a altas temperaturas y robusto para ofrecerle la mejor experiencia de asado al carb\u00f3n. La parrilla est\u00e1 equipada con una base s\u00f3lida para garantizar la seguridad y la estabilidad. Y esta parrilla es f\u00e1cil de manejar y transportar, por lo que es perfecta para barbacoas en el patio, acampadas y peque\u00f1as reuniones.<\/p>\n<h3>Caracter\u00edsticas de la caja Bento al por mayor<\/h3>\n<p><strong>Acero inoxidable de alta calidad<\/strong>: Fabricado en acero inoxidable resistente a altas temperaturas y robusto, este grill tiene una larga vida \u00fatil.<\/p>\n<p><strong>F\u00e1cil de transportar<\/strong>: La parrilla es compacta y f\u00e1cil de transportar y guardar, adecuada para colocarla en el coche, y es ideal para acampar y realizar actividades al aire libre.<\/p>\n<p><strong>Estabilidad y seguridad<\/strong>: La parrilla est\u00e1 equipada con una base s\u00f3lida para garantizar la seguridad y la estabilidad en diversas superficies.<\/p>\n<p><strong>Control preciso de la temperatura<\/strong>: Equipado con rejillas de ventilaci\u00f3n ajustables, puede controlar con precisi\u00f3n la temperatura de cocci\u00f3n para garantizar que los alimentos se asen siempre al punto ideal.<\/p>\n<p><strong>F\u00e1cil de manejar<\/strong>: Adecuado tanto para los principiantes de la barbacoa como para los maestros de la parrilla experimentados, proporciona un excelente rendimiento de cocci\u00f3n y da a los alimentos un sabor ahumado \u00fanico.<\/p>\n<p><strong>Vers\u00e1til<\/strong>: Esta parrilla es adecuada para una variedad de necesidades culinarias, y puede manejar una variedad de ingredientes, desde asar hamburguesas hasta kebabs. No s\u00f3lo es adecuado para los principiantes barbacoa, pero tambi\u00e9n cumple con los requisitos de los maestros de la parrilla con experiencia para un calor perfecto.<\/p>","protected":false},"featured_media":4298,"comment_status":"closed","ping_status":"closed","template":"","meta":[],"product_brand":[],"product_cat":[61],"product_tag":[],"class_list":{"0":"post-4297","1":"product","2":"type-product","3":"status-publish","4":"has-post-thumbnail","6":"product_cat-wholesale-grills","8":"first","9":"instock","10":"shipping-taxable","11":"product-type-simple"},"_links":{"self":[{"href":"https:\/\/www.hg-cooker.com\/es\/wp-json\/wp\/v2\/product\/4297","targetHints":{"allow":["GET"]}}],"collection":[{"href":"https:\/\/www.hg-cooker.com\/es\/wp-json\/wp\/v2\/product"}],"about":[{"href":"https:\/\/www.hg-cooker.com\/es\/wp-json\/wp\/v2\/types\/product"}],"replies":[{"embeddable":true,"href":"https:\/\/www.hg-cooker.com\/es\/wp-json\/wp\/v2\/comments?post=4297"}],"wp:featuredmedia":[{"embeddable":true,"href":"https:\/\/www.hg-cooker.com\/es\/wp-json\/wp\/v2\/media\/4298"}],"wp:attachment":[{"href":"https:\/\/www.hg-cooker.com\/es\/wp-json\/wp\/v2\/media?parent=4297"}],"wp:term":[{"taxonomy":"product_brand","embeddable":true,"href":"https:\/\/www.hg-cooker.com\/es\/wp-json\/wp\/v2\/product_brand?post=4297"},{"taxonomy":"product_cat","embeddable":true,"href":"https:\/\/www.hg-cooker.com\/es\/wp-json\/wp\/v2\/product_cat?post=4297"},{"taxonomy":"product_tag","embeddable":true,"href":"https:\/\/www.hg-cooker.com\/es\/wp-json\/wp\/v2\/product_tag?post=4297"}],"curies":[{"name":"wp","href":"https:\/\/api.w.org\/{rel}","templated":true}]}}