{"id":4276,"date":"2024-08-19T08:47:28","date_gmt":"2024-08-19T08:47:28","guid":{"rendered":"https:\/\/www.hg-cooker.com\/?post_type=product&#038;p=4276"},"modified":"2024-08-19T09:29:06","modified_gmt":"2024-08-19T09:29:06","slug":"olla-de-leche-hirviendo-de-acero-inoxidable-al-por-mayor-24","status":"publish","type":"product","link":"https:\/\/www.hg-cooker.com\/es\/producto\/olla-de-leche-hirviendo-de-acero-inoxidable-al-por-mayor-24\/","title":{"rendered":"Venta al por mayor de cajas Bento de varias capas, Cajas Bento a granel"},"content":{"rendered":"<div class=\"wp-block-columns is-layout-flex wp-container-core-columns-is-layout-9d6595d7 wp-block-columns-is-layout-flex\">\n<div class=\"wp-block-column is-layout-flow wp-block-column-is-layout-flow\">\n<h3 class=\"wp-block-heading\">Par\u00e1metros de la caja Bento al por mayor<\/h3>\n\n\n\n<figure class=\"wp-block-table\"><table class=\"has-fixed-layout\"><tbody><tr><td>Lugar de origen<\/td><td>Marca<\/td><td>N\u00famero de modelo<\/td><td>Ventaja<\/td><td>Tapa<\/td><td>Capacidad<\/td><td>Tipo<\/td><td>Nombre del producto<\/td><td>Color<\/td><td>Funci\u00f3n<\/td><td>Capa<\/td><td>Contenedor de alimentos<\/td><\/tr><tr><td>Guangdong, China<\/td><td>Heng-Guang<\/td><td>HG-RL1\/2\/3<\/td><td>Respetuoso con el medio ambiente<\/td><td>Tapa de pl\u00e1stico<\/td><td>0.7\/1.4\/2.1\/2.4L<\/td><td>Cajas y cubos de almacenamiento, Cajas y cubos de almacenamiento<\/td><td>caja bento redonda de acero inoxidable con tapa de pl\u00e1stico<\/td><td>Verde, azul claro, naranja<\/td><td>Mantener la comida caliente<\/td><td>1-3 capas<\/td><td>Conservaci\u00f3n de la frescura<\/td><\/tr><\/tbody><\/table><\/figure>\n\n\n\n<div class=\"wp-block-group\"><div class=\"wp-block-group__inner-container is-layout-constrained wp-block-group-is-layout-constrained\">\n<div class=\"wp-block-columns is-layout-flex wp-container-core-columns-is-layout-9d6595d7 wp-block-columns-is-layout-flex\">\n<div class=\"wp-block-column is-layout-flow wp-block-column-is-layout-flow\" style=\"flex-basis:100%\">\n<h3 class=\"wp-block-heading\">Embalaje y entrega<\/h3>\n\n\n\n<figure class=\"wp-block-table\"><table class=\"has-fixed-layout\"><tbody><tr><td>Detalles del embalaje<\/td><td>Puerto<\/td><td>Unidades de venta:<\/td><td>Tama\u00f1o de envase individual:<\/td><td>Peso bruto \u00fanico:<\/td><\/tr><tr><td>Bolsa de pel\u00edcula de pl\u00e1stico por pieza, luego embalado en una caja de color y m\u00e1s cantidades para la exportaci\u00f3n de cart\u00f3n;<\/td><td>Shantou<\/td><td>Art\u00edculo individual<\/td><td>12X6X5cm<\/td><td>2.000 kg<\/td><\/tr><\/tbody><\/table><\/figure>\n<\/div>\n<\/div>\n<\/div><\/div>\n<\/div>\n<\/div>\n\n\n\n<div class=\"wp-block-columns is-layout-flex wp-container-core-columns-is-layout-9d6595d7 wp-block-columns-is-layout-flex\">\n<div class=\"wp-block-column is-layout-flow wp-block-column-is-layout-flow\">\n<h3 class=\"wp-block-heading\">Opciones de cajas Bento personalizadas OEM&amp;ODM<\/h3>\n\n\n\n<p><strong>Logotipo<\/strong>: Personalice el logotipo de su marca en la caja bento y el paquete.<br><br><strong>Talla<\/strong>: Ofrecemos la posibilidad de personalizar cajas bento de distintos tama\u00f1os.<br><br><strong>Paquete<\/strong>: cart\u00f3n\/caja de color.<br><br><a href=\"https:\/\/www.hg-cooker.com\/es\/custom-solution\/\" data-type=\"page\" data-id=\"2793\" target=\"_blank\" rel=\"noreferrer noopener\"><strong>Explore m\u00e1s detalles personalizados OEM&amp;ODM<\/strong><\/a><\/p>\n<\/div>\n<\/div>\n\n\n\n<div class=\"wp-block-columns is-layout-flex wp-container-core-columns-is-layout-9d6595d7 wp-block-columns-is-layout-flex\">\n<div class=\"wp-block-column is-layout-flow wp-block-column-is-layout-flow\">\n<figure class=\"wp-block-image size-full\"><img fetchpriority=\"high\" decoding=\"async\" width=\"800\" height=\"800\" src=\"https:\/\/www.hg-cooker.com\/wp-content\/uploads\/2024\/08\/wholesale-bento-box-blue.webp\" alt=\"mayorista caja bento azul\" class=\"wp-image-4277\" srcset=\"https:\/\/www.hg-cooker.com\/wp-content\/uploads\/2024\/08\/wholesale-bento-box-blue.webp 800w, https:\/\/www.hg-cooker.com\/wp-content\/uploads\/2024\/08\/wholesale-bento-box-blue-150x150.webp 150w, https:\/\/www.hg-cooker.com\/wp-content\/uploads\/2024\/08\/wholesale-bento-box-blue-660x660.webp 660w, https:\/\/www.hg-cooker.com\/wp-content\/uploads\/2024\/08\/wholesale-bento-box-blue-300x300.webp 300w, https:\/\/www.hg-cooker.com\/wp-content\/uploads\/2024\/08\/wholesale-bento-box-blue-768x768.webp 768w, https:\/\/www.hg-cooker.com\/wp-content\/uploads\/2024\/08\/wholesale-bento-box-blue-12x12.webp 12w, https:\/\/www.hg-cooker.com\/wp-content\/uploads\/2024\/08\/wholesale-bento-box-blue-285x285.webp 285w, https:\/\/www.hg-cooker.com\/wp-content\/uploads\/2024\/08\/wholesale-bento-box-blue-270x270.webp 270w, https:\/\/www.hg-cooker.com\/wp-content\/uploads\/2024\/08\/wholesale-bento-box-blue-540x540.webp 540w\" sizes=\"(max-width: 800px) 100vw, 800px\" \/><\/figure>\n<\/div>\n\n\n\n<div class=\"wp-block-column is-layout-flow wp-block-column-is-layout-flow\">\n<figure class=\"wp-block-image size-full\"><img decoding=\"async\" width=\"800\" height=\"800\" src=\"https:\/\/www.hg-cooker.com\/wp-content\/uploads\/2024\/08\/wholesale-bento-box-pink.webp\" alt=\"mayorista caja bento rosa\" class=\"wp-image-4278\" srcset=\"https:\/\/www.hg-cooker.com\/wp-content\/uploads\/2024\/08\/wholesale-bento-box-pink.webp 800w, https:\/\/www.hg-cooker.com\/wp-content\/uploads\/2024\/08\/wholesale-bento-box-pink-150x150.webp 150w, https:\/\/www.hg-cooker.com\/wp-content\/uploads\/2024\/08\/wholesale-bento-box-pink-660x660.webp 660w, https:\/\/www.hg-cooker.com\/wp-content\/uploads\/2024\/08\/wholesale-bento-box-pink-300x300.webp 300w, https:\/\/www.hg-cooker.com\/wp-content\/uploads\/2024\/08\/wholesale-bento-box-pink-768x768.webp 768w, https:\/\/www.hg-cooker.com\/wp-content\/uploads\/2024\/08\/wholesale-bento-box-pink-12x12.webp 12w, https:\/\/www.hg-cooker.com\/wp-content\/uploads\/2024\/08\/wholesale-bento-box-pink-285x285.webp 285w, https:\/\/www.hg-cooker.com\/wp-content\/uploads\/2024\/08\/wholesale-bento-box-pink-270x270.webp 270w, https:\/\/www.hg-cooker.com\/wp-content\/uploads\/2024\/08\/wholesale-bento-box-pink-540x540.webp 540w\" sizes=\"(max-width: 800px) 100vw, 800px\" \/><\/figure>\n<\/div>\n<\/div>","protected":false},"excerpt":{"rendered":"<p>Ofrecemos soluciones al por mayor de cajas bento multicapa de alta calidad para empresas, escuelas, empresas de catering y minoristas. Esta caja bento de acero inoxidable tiene un dise\u00f1o \u00fanico y es adecuada para diversas ocasiones y necesidades culinarias. Las cajas bento de acero inoxidable tienen una larga vida \u00fatil y pueden reutilizarse, lo que ayuda a reducir la producci\u00f3n de productos de pl\u00e1stico. Le ofrecemos cajas bento al por mayor a precios de f\u00e1brica, p\u00f3ngase en contacto con nosotros.<\/p>\n<h3>Caracter\u00edsticas de la caja Bento al por mayor<\/h3>\n<p>1.<strong>Dise\u00f1o multicapa<\/strong>: La estructura multicapa puede contener una gran variedad de alimentos al mismo tiempo, ayud\u00e1ndole a separar eficazmente los platos principales, las guarniciones, los acompa\u00f1amientos y las frutas, y a mantener los alimentos frescos y sabrosos.<\/p>\n<p>2.<strong>Materiales de alta calidad<\/strong>: Nuestras cajas bento al por mayor est\u00e1n hechas de pl\u00e1stico de calidad alimentaria o acero inoxidable, sin BPA, y son seguras y saludables para almacenar alimentos.<\/p>\n<p><strong>3.Elecci\u00f3n respetuosa con el medio ambiente<\/strong>: Las cajas bento de acero inoxidable tienen una larga vida \u00fatil y pueden reutilizarse, lo que reduce el uso de vajillas desechables y contribuye a reducir la contaminaci\u00f3n ambiental y el despilfarro de recursos.<\/p>\n<p>4.<strong>Colores vistosos<\/strong>: Ofrecemos 3 colores, verde, azul y rosa, para satisfacer las necesidades de diferentes usuarios.<\/p>\n<p>5.<strong>F\u00e1cil de limpiar<\/strong>: La superficie lisa y el dise\u00f1o desmontable hacen que la limpieza sea f\u00e1cil y c\u00f3moda, y se puede limpiar en el lavavajillas, ahorrando tiempo y energ\u00eda.<\/p>\n<p>6.<strong>Servicio personalizado<\/strong>: Ofrecemos soluciones personalizadas OEM&amp;ODM, incluyendo el tama\u00f1o, el color, el dise\u00f1o de la tapa y el logotipo de la marca para satisfacer sus necesidades personalizadas. Podemos producir seg\u00fan sus requisitos para ayudarle a destacar en el mercado.<\/p>","protected":false},"featured_media":4279,"comment_status":"closed","ping_status":"closed","template":"","meta":[],"product_brand":[],"product_cat":[51],"product_tag":[],"class_list":{"0":"post-4276","1":"product","2":"type-product","3":"status-publish","4":"has-post-thumbnail","6":"product_cat-food-storage-container","8":"first","9":"instock","10":"shipping-taxable","11":"product-type-simple"},"_links":{"self":[{"href":"https:\/\/www.hg-cooker.com\/es\/wp-json\/wp\/v2\/product\/4276","targetHints":{"allow":["GET"]}}],"collection":[{"href":"https:\/\/www.hg-cooker.com\/es\/wp-json\/wp\/v2\/product"}],"about":[{"href":"https:\/\/www.hg-cooker.com\/es\/wp-json\/wp\/v2\/types\/product"}],"replies":[{"embeddable":true,"href":"https:\/\/www.hg-cooker.com\/es\/wp-json\/wp\/v2\/comments?post=4276"}],"wp:featuredmedia":[{"embeddable":true,"href":"https:\/\/www.hg-cooker.com\/es\/wp-json\/wp\/v2\/media\/4279"}],"wp:attachment":[{"href":"https:\/\/www.hg-cooker.com\/es\/wp-json\/wp\/v2\/media?parent=4276"}],"wp:term":[{"taxonomy":"product_brand","embeddable":true,"href":"https:\/\/www.hg-cooker.com\/es\/wp-json\/wp\/v2\/product_brand?post=4276"},{"taxonomy":"product_cat","embeddable":true,"href":"https:\/\/www.hg-cooker.com\/es\/wp-json\/wp\/v2\/product_cat?post=4276"},{"taxonomy":"product_tag","embeddable":true,"href":"https:\/\/www.hg-cooker.com\/es\/wp-json\/wp\/v2\/product_tag?post=4276"}],"curies":[{"name":"wp","href":"https:\/\/api.w.org\/{rel}","templated":true}]}}