{"id":4270,"date":"2024-08-30T09:18:36","date_gmt":"2024-08-30T09:18:36","guid":{"rendered":"https:\/\/www.hg-cooker.com\/?post_type=product&#038;p=4270"},"modified":"2025-11-13T02:07:14","modified_gmt":"2025-11-13T02:07:14","slug":"olla-de-leche-hirviendo-de-acero-inoxidable-al-por-mayor-23","status":"publish","type":"product","link":"https:\/\/www.hg-cooker.com\/es\/producto\/olla-de-leche-hirviendo-de-acero-inoxidable-al-por-mayor-23\/","title":{"rendered":"Mayorista Fiambreras de Acero Inoxidable Fiambreras a Granel en Venta"},"content":{"rendered":"<div class=\"wp-block-columns is-layout-flex wp-container-core-columns-is-layout-9d6595d7 wp-block-columns-is-layout-flex\">\n<div class=\"wp-block-column is-layout-flow wp-block-column-is-layout-flow\">\n<h3 class=\"wp-block-heading\">Par\u00e1metros de las fiambreras al por mayor<\/h3>\n\n\n\n<div class=\"wp-block-group\"><div class=\"wp-block-group__inner-container is-layout-constrained wp-block-group-is-layout-constrained\">\n<div class=\"wp-block-columns is-layout-flex wp-container-core-columns-is-layout-9d6595d7 wp-block-columns-is-layout-flex\">\n<div class=\"wp-block-column is-layout-flow wp-block-column-is-layout-flow\" style=\"flex-basis:100%\">\n<figure class=\"wp-block-table\"><table class=\"has-fixed-layout\"><tbody><tr><td>Lugar de origen<\/td><td>Marca<\/td><td>N\u00famero de modelo<\/td><td>Nombre del producto<\/td><td>Calidad del material<\/td><td>capa<\/td><td>Embalaje<\/td><td>Utilizaci\u00f3n<\/td><td>MOQ<\/td><td>Material<\/td><td>Logotipo<\/td><\/tr><tr><td>Guangdong, China<\/td><td>HENG-GUANG<\/td><td>HG-BDH<\/td><td>Nueva fiambrera ecol\u00f3gica de acero inoxidable HG<\/td><td>acero inoxidable 201<\/td><td>1 capa<\/td><td>caja de color<\/td><td>Comida caliente<\/td><td>3000 unidades<\/td><td>Metal<\/td><td>Logotipo personalizado<\/td><\/tr><\/tbody><\/table><\/figure>\n\n\n\n<h3 class=\"wp-block-heading\">Embalaje y entrega<\/h3>\n\n\n\n<figure class=\"wp-block-table\"><table class=\"has-fixed-layout\"><tbody><tr><td>Detalles del embalaje<\/td><td>Puerto<\/td><td>Unidades de venta:<\/td><td>Tama\u00f1o de envase individual:<\/td><td>Peso bruto \u00fanico:<\/td><\/tr><tr><td>Bolsa de pel\u00edcula de pl\u00e1stico por pieza, luego embalado en una caja de color y m\u00e1s cantidades para la exportaci\u00f3n de cart\u00f3n;<\/td><td>Shantou<\/td><td>Art\u00edculo individual<\/td><td>25X25X25 cm<\/td><td>2.000 kg<\/td><\/tr><\/tbody><\/table><\/figure>\n<\/div>\n<\/div>\n<\/div><\/div>\n<\/div>\n<\/div>\n\n\n\n<div class=\"wp-block-columns is-layout-flex wp-container-core-columns-is-layout-9d6595d7 wp-block-columns-is-layout-flex\">\n<div class=\"wp-block-column is-layout-flow wp-block-column-is-layout-flow\">\n<h3 class=\"wp-block-heading\">Opciones de envases alimentarios personalizados OEM&amp;ODM<\/h3>\n\n\n\n<p><strong>Logotipo<\/strong>: Personalice el logotipo de su marca en la fiambrera y el envase.<br><br><strong>Talla<\/strong>: Ofrecemos la posibilidad de personalizar fiambreras de distintos tama\u00f1os.<br><br><strong>Paquete<\/strong>: cart\u00f3n\/caja de color.<br><br><a href=\"https:\/\/www.hg-cooker.com\/es\/custom-solution\/\" data-type=\"page\" data-id=\"2793\" target=\"_blank\" rel=\"noreferrer noopener\"><strong>Explore m\u00e1s detalles personalizados OEM&amp;ODM<\/strong><\/a><\/p>\n<\/div>\n<\/div>\n\n\n\n<div class=\"wp-block-columns is-layout-flex wp-container-core-columns-is-layout-9d6595d7 wp-block-columns-is-layout-flex\">\n<div class=\"wp-block-column is-layout-flow wp-block-column-is-layout-flow\">\n<figure class=\"wp-block-image size-full\"><img fetchpriority=\"high\" decoding=\"async\" width=\"750\" height=\"750\" src=\"https:\/\/www.hg-cooker.com\/wp-content\/uploads\/2024\/08\/wholesale-pink-stainless-steel-lunch-boxes.webp\" alt=\"venta al por mayor fiambreras de acero inoxidable de color rosa\" class=\"wp-image-4273\" srcset=\"https:\/\/www.hg-cooker.com\/wp-content\/uploads\/2024\/08\/wholesale-pink-stainless-steel-lunch-boxes.webp 750w, https:\/\/www.hg-cooker.com\/wp-content\/uploads\/2024\/08\/wholesale-pink-stainless-steel-lunch-boxes-150x150.webp 150w, https:\/\/www.hg-cooker.com\/wp-content\/uploads\/2024\/08\/wholesale-pink-stainless-steel-lunch-boxes-660x660.webp 660w, https:\/\/www.hg-cooker.com\/wp-content\/uploads\/2024\/08\/wholesale-pink-stainless-steel-lunch-boxes-300x300.webp 300w, https:\/\/www.hg-cooker.com\/wp-content\/uploads\/2024\/08\/wholesale-pink-stainless-steel-lunch-boxes-12x12.webp 12w, https:\/\/www.hg-cooker.com\/wp-content\/uploads\/2024\/08\/wholesale-pink-stainless-steel-lunch-boxes-285x285.webp 285w, https:\/\/www.hg-cooker.com\/wp-content\/uploads\/2024\/08\/wholesale-pink-stainless-steel-lunch-boxes-270x270.webp 270w, https:\/\/www.hg-cooker.com\/wp-content\/uploads\/2024\/08\/wholesale-pink-stainless-steel-lunch-boxes-540x540.webp 540w\" sizes=\"(max-width: 750px) 100vw, 750px\" \/><\/figure>\n<\/div>\n\n\n\n<div class=\"wp-block-column is-layout-flow wp-block-column-is-layout-flow\">\n<figure class=\"wp-block-image size-full\"><img decoding=\"async\" width=\"750\" height=\"750\" src=\"https:\/\/www.hg-cooker.com\/wp-content\/uploads\/2024\/08\/wholesale-green-stainless-steel-lunch-boxes.webp\" alt=\"venta al por mayor fiambreras de acero inoxidable verde\" class=\"wp-image-4272\" srcset=\"https:\/\/www.hg-cooker.com\/wp-content\/uploads\/2024\/08\/wholesale-green-stainless-steel-lunch-boxes.webp 750w, https:\/\/www.hg-cooker.com\/wp-content\/uploads\/2024\/08\/wholesale-green-stainless-steel-lunch-boxes-150x150.webp 150w, https:\/\/www.hg-cooker.com\/wp-content\/uploads\/2024\/08\/wholesale-green-stainless-steel-lunch-boxes-660x660.webp 660w, https:\/\/www.hg-cooker.com\/wp-content\/uploads\/2024\/08\/wholesale-green-stainless-steel-lunch-boxes-300x300.webp 300w, https:\/\/www.hg-cooker.com\/wp-content\/uploads\/2024\/08\/wholesale-green-stainless-steel-lunch-boxes-12x12.webp 12w, https:\/\/www.hg-cooker.com\/wp-content\/uploads\/2024\/08\/wholesale-green-stainless-steel-lunch-boxes-285x285.webp 285w, https:\/\/www.hg-cooker.com\/wp-content\/uploads\/2024\/08\/wholesale-green-stainless-steel-lunch-boxes-270x270.webp 270w, https:\/\/www.hg-cooker.com\/wp-content\/uploads\/2024\/08\/wholesale-green-stainless-steel-lunch-boxes-540x540.webp 540w\" sizes=\"(max-width: 750px) 100vw, 750px\" \/><\/figure>\n<\/div>\n<\/div>","protected":false},"excerpt":{"rendered":"<p>Ofrecemos fiambreras de acero inoxidable al por mayor de alta calidad dise\u00f1adas para empresas, escuelas, empresas de catering y minoristas. Estas fiambreras son resistentes y duraderas, fabricadas con material de acero inoxidable de alta calidad, est\u00e1n hechas para durar y son perfectas para el uso diario y el lavado frecuente. P\u00f3ngase en contacto con nosotros para obtener fiambreras al por mayor a precios de f\u00e1brica.<\/p>\n<h3>Caracter\u00edsticas de las fiambreras al por mayor<\/h3>\n<p><strong>1.Materiales de alta calidad<\/strong>: Fabricado en acero inoxidable de calidad alimentaria, sin BPA para garantizar la seguridad alimentaria.<\/p>\n<p><strong>2.Rendimiento de aislamiento superior<\/strong>: Esta fiambrera al por mayor tiene un excelente efecto aislante, por lo que podr\u00e1 disfrutar de deliciosas comidas en cualquier momento.<\/p>\n<p><strong>3.Dise\u00f1o a prueba de fugas<\/strong>: Equipado con una tapa sellada para evitar derrames de l\u00edquidos, es adecuado para transportar sopas y platos ricos en salsas, lo que facilita su transporte.<\/p>\n<p><strong>4.Ligero y port\u00e1til<\/strong>: Estas fiambreras son ligeras y port\u00e1tiles, y se pueden llevar f\u00e1cilmente al trabajo, al colegio o a actividades al aire libre.<\/p>\n<p><strong>5.Aspecto elegante<\/strong>: Esta fiambrera de acero inoxidable tiene un dise\u00f1o sencillo y moderno, adecuado para diversas ocasiones, y cuenta con una variedad de opciones de color para satisfacer las necesidades de diferentes usuarios.<\/p>\n<p><strong>6.Soluci\u00f3n a medida<\/strong>:Podemos personalizar la fiambrera de acero inoxidable seg\u00fan sus necesidades, ya sea el tama\u00f1o, la forma, el color o el dise\u00f1o de la tapa, podemos ajustarla seg\u00fan sus requisitos.<\/p>","protected":false},"featured_media":4274,"comment_status":"closed","ping_status":"closed","template":"","meta":[],"product_brand":[],"product_cat":[51],"product_tag":[],"class_list":{"0":"post-4270","1":"product","2":"type-product","3":"status-publish","4":"has-post-thumbnail","6":"product_cat-food-storage-container","8":"first","9":"instock","10":"shipping-taxable","11":"product-type-simple"},"_links":{"self":[{"href":"https:\/\/www.hg-cooker.com\/es\/wp-json\/wp\/v2\/product\/4270","targetHints":{"allow":["GET"]}}],"collection":[{"href":"https:\/\/www.hg-cooker.com\/es\/wp-json\/wp\/v2\/product"}],"about":[{"href":"https:\/\/www.hg-cooker.com\/es\/wp-json\/wp\/v2\/types\/product"}],"replies":[{"embeddable":true,"href":"https:\/\/www.hg-cooker.com\/es\/wp-json\/wp\/v2\/comments?post=4270"}],"wp:featuredmedia":[{"embeddable":true,"href":"https:\/\/www.hg-cooker.com\/es\/wp-json\/wp\/v2\/media\/4274"}],"wp:attachment":[{"href":"https:\/\/www.hg-cooker.com\/es\/wp-json\/wp\/v2\/media?parent=4270"}],"wp:term":[{"taxonomy":"product_brand","embeddable":true,"href":"https:\/\/www.hg-cooker.com\/es\/wp-json\/wp\/v2\/product_brand?post=4270"},{"taxonomy":"product_cat","embeddable":true,"href":"https:\/\/www.hg-cooker.com\/es\/wp-json\/wp\/v2\/product_cat?post=4270"},{"taxonomy":"product_tag","embeddable":true,"href":"https:\/\/www.hg-cooker.com\/es\/wp-json\/wp\/v2\/product_tag?post=4270"}],"curies":[{"name":"wp","href":"https:\/\/api.w.org\/{rel}","templated":true}]}}