{"id":4264,"date":"2024-11-05T07:29:30","date_gmt":"2024-11-05T07:29:30","guid":{"rendered":"https:\/\/www.hg-cooker.com\/?post_type=product&#038;p=4264"},"modified":"2025-11-13T01:58:26","modified_gmt":"2025-11-13T01:58:26","slug":"olla-de-leche-hirviendo-de-acero-inoxidable-al-por-mayor-22","status":"publish","type":"product","link":"https:\/\/www.hg-cooker.com\/es\/producto\/olla-de-leche-hirviendo-de-acero-inoxidable-al-por-mayor-22\/","title":{"rendered":"Venta al por mayor de recipientes de acero inoxidable para alimentos Recipientes para alimentos a granel para la venta"},"content":{"rendered":"<div class=\"wp-block-columns is-layout-flex wp-container-core-columns-is-layout-9d6595d7 wp-block-columns-is-layout-flex\">\n<div class=\"wp-block-column is-layout-flow wp-block-column-is-layout-flow\">\n<h3 class=\"wp-block-heading\">Par\u00e1metros de los recipientes de acero inoxidable para alimentos<\/h3>\n\n\n\n<div class=\"wp-block-group\"><div class=\"wp-block-group__inner-container is-layout-constrained wp-block-group-is-layout-constrained\">\n<div class=\"wp-block-columns is-layout-flex wp-container-core-columns-is-layout-9d6595d7 wp-block-columns-is-layout-flex\">\n<div class=\"wp-block-column is-layout-flow wp-block-column-is-layout-flow\" style=\"flex-basis:100%\">\n<figure class=\"wp-block-table\"><table class=\"has-fixed-layout\"><tbody><tr><td>Lugar de origen<\/td><td>Ocasi\u00f3n<\/td><td>N\u00famero de modelo<\/td><td>Material<\/td><td>Espacio aplicable<\/td><td>Embalaje<\/td><td>T\u00e9cnicas<\/td><td>Forma<\/td><td>Especificaci\u00f3n<\/td><td>Contenedor de alimentos<\/td><td>Nombre del art\u00edculo<\/td><td>Material<\/td><td>Color<\/td><\/tr><tr><td>Guangdong, China<\/td><td>Viajar<\/td><td>HG-BXH<\/td><td>Metal<\/td><td>Cocina<\/td><td>&gt;10<\/td><td>polaco<\/td><td>cuadrado, rect\u00e1ngulo<\/td><td>500ml,1150ml,600ml,1200ml<\/td><td>seguro,salud<\/td><td>acero inoxidable Recipiente para alimentos<\/td><td>Acero inoxidable 304<\/td><td>Plata<\/td><\/tr><\/tbody><\/table><\/figure>\n<\/div>\n<\/div>\n<\/div><\/div>\n<\/div>\n<\/div>\n\n\n\n<div class=\"wp-block-columns is-layout-flex wp-container-core-columns-is-layout-9d6595d7 wp-block-columns-is-layout-flex\">\n<div class=\"wp-block-column is-layout-flow wp-block-column-is-layout-flow\">\n<h3 class=\"wp-block-heading\">Opciones de envases alimentarios personalizados OEM&amp;ODM<\/h3>\n\n\n\n<p><strong>Logotipo<\/strong>: Personalice el logotipo de su marca en los envases y embalajes de alimentos.<br><br><strong>Talla<\/strong>: Ofrecemos la opci\u00f3n de personalizar los contenedores de alimentos en diferentes tama\u00f1os.<br><br><strong>Paquete<\/strong>: cart\u00f3n\/caja de color.<br><br><a href=\"https:\/\/www.hg-cooker.com\/es\/custom-solution\/\" data-type=\"page\" data-id=\"2793\" target=\"_blank\" rel=\"noreferrer noopener\"><strong>Explore m\u00e1s detalles personalizados OEM&amp;ODM<\/strong><\/a><\/p>\n<\/div>\n<\/div>\n\n\n\n<div class=\"wp-block-columns is-layout-flex wp-container-core-columns-is-layout-9d6595d7 wp-block-columns-is-layout-flex\">\n<div class=\"wp-block-column is-layout-flow wp-block-column-is-layout-flow\">\n<figure class=\"wp-block-image size-full\"><img fetchpriority=\"high\" decoding=\"async\" width=\"790\" height=\"990\" src=\"https:\/\/www.hg-cooker.com\/wp-content\/uploads\/2024\/08\/wholesale-food-container-detail-2.webp\" alt=\"mayorista de envases para alimentos detalle (2)\" class=\"wp-image-4265\" srcset=\"https:\/\/www.hg-cooker.com\/wp-content\/uploads\/2024\/08\/wholesale-food-container-detail-2.webp 790w, https:\/\/www.hg-cooker.com\/wp-content\/uploads\/2024\/08\/wholesale-food-container-detail-2-120x150.webp 120w, https:\/\/www.hg-cooker.com\/wp-content\/uploads\/2024\/08\/wholesale-food-container-detail-2-527x660.webp 527w, https:\/\/www.hg-cooker.com\/wp-content\/uploads\/2024\/08\/wholesale-food-container-detail-2-239x300.webp 239w, https:\/\/www.hg-cooker.com\/wp-content\/uploads\/2024\/08\/wholesale-food-container-detail-2-768x962.webp 768w, https:\/\/www.hg-cooker.com\/wp-content\/uploads\/2024\/08\/wholesale-food-container-detail-2-10x12.webp 10w, https:\/\/www.hg-cooker.com\/wp-content\/uploads\/2024\/08\/wholesale-food-container-detail-2-285x357.webp 285w\" sizes=\"(max-width: 790px) 100vw, 790px\" \/><\/figure>\n<\/div>\n\n\n\n<div class=\"wp-block-column is-layout-flow wp-block-column-is-layout-flow\">\n<figure class=\"wp-block-image size-full\"><img decoding=\"async\" width=\"790\" height=\"1038\" src=\"https:\/\/www.hg-cooker.com\/wp-content\/uploads\/2024\/08\/wholesale-food-container-detail-3.webp\" alt=\"mayorista de envases para alimentos detalle (3)\" class=\"wp-image-4266\" srcset=\"https:\/\/www.hg-cooker.com\/wp-content\/uploads\/2024\/08\/wholesale-food-container-detail-3.webp 790w, https:\/\/www.hg-cooker.com\/wp-content\/uploads\/2024\/08\/wholesale-food-container-detail-3-114x150.webp 114w, https:\/\/www.hg-cooker.com\/wp-content\/uploads\/2024\/08\/wholesale-food-container-detail-3-502x660.webp 502w, https:\/\/www.hg-cooker.com\/wp-content\/uploads\/2024\/08\/wholesale-food-container-detail-3-228x300.webp 228w, https:\/\/www.hg-cooker.com\/wp-content\/uploads\/2024\/08\/wholesale-food-container-detail-3-768x1009.webp 768w, https:\/\/www.hg-cooker.com\/wp-content\/uploads\/2024\/08\/wholesale-food-container-detail-3-9x12.webp 9w, https:\/\/www.hg-cooker.com\/wp-content\/uploads\/2024\/08\/wholesale-food-container-detail-3-285x374.webp 285w\" sizes=\"(max-width: 790px) 100vw, 790px\" \/><\/figure>\n<\/div>\n<\/div>","protected":false},"excerpt":{"rendered":"<p>Los materiales que utilizamos para fabricar nuestros recipientes de acero inoxidable de gama alta para alimentos son resistentes al \u00f3xido, las manchas y los olores, lo que los hace ideales para conservar distintos alimentos. Eleve sus soluciones de almacenamiento de alimentos y elija entre nuestros recipientes de acero inoxidable de alta calidad para alimentos al por mayor, dise\u00f1ados para ofrecer durabilidad y versatilidad. Disponibles al por mayor para empresas, escuelas, restaurantes o servicios de catering, nuestros productos son una alternativa ecol\u00f3gica y duradera al almacenamiento en pl\u00e1stico.<\/p>\n<h3>Caracter\u00edsticas de los envases para alimentos al por mayor<\/p>\n<\/h3>\n<p>1.<strong>Muy resistente<\/strong>: Estos recipientes para alimentos est\u00e1n cuidadosamente fabricados en acero inoxidable de alta calidad. No se deforman ni se da\u00f1an f\u00e1cilmente incluso con el uso y los lavados frecuentes. Su buena durabilidad los convierte en una opci\u00f3n ideal para locales comerciales y hogares.<\/p>\n<p>2.<strong>F\u00e1cil de limpiar<\/strong>: Estos recipientes de acero inoxidable para alimentos tienen una superficie lisa que puede evitar eficazmente la retenci\u00f3n de residuos de alimentos, bacterias y olores, lo que simplifica enormemente la limpieza.<br \/>M\u00faltiples opciones de capacidad: Ofrecemos cuatro especificaciones de recipientes para alimentos: 500 ml, 1150 ml, 600 ml y 1200 ml para satisfacer sus necesidades de almacenamiento de diferentes alimentos.<\/p>\n<p>3.<strong>Opciones respetuosas con el medio ambiente<\/strong>: Los recipientes de acero inoxidable para alimentos tienen una larga vida \u00fatil y son reutilizables. Estos recipientes de acero inoxidable ofrecen una soluci\u00f3n sostenible para reducir los residuos de pl\u00e1stico.<\/p>\n<p>4.<strong>Soluci\u00f3n de envases alimentarios a medida<\/strong>: Somos capaces de dise\u00f1ar y producir envases de acero inoxidable para alimentos que satisfagan el posicionamiento de marca y los requisitos de uso de nuestros clientes seg\u00fan sus necesidades espec\u00edficas.<\/p>","protected":false},"featured_media":4269,"comment_status":"closed","ping_status":"closed","template":"","meta":[],"product_brand":[],"product_cat":[51],"product_tag":[],"class_list":{"0":"post-4264","1":"product","2":"type-product","3":"status-publish","4":"has-post-thumbnail","6":"product_cat-food-storage-container","8":"first","9":"instock","10":"shipping-taxable","11":"product-type-simple"},"_links":{"self":[{"href":"https:\/\/www.hg-cooker.com\/es\/wp-json\/wp\/v2\/product\/4264","targetHints":{"allow":["GET"]}}],"collection":[{"href":"https:\/\/www.hg-cooker.com\/es\/wp-json\/wp\/v2\/product"}],"about":[{"href":"https:\/\/www.hg-cooker.com\/es\/wp-json\/wp\/v2\/types\/product"}],"replies":[{"embeddable":true,"href":"https:\/\/www.hg-cooker.com\/es\/wp-json\/wp\/v2\/comments?post=4264"}],"wp:featuredmedia":[{"embeddable":true,"href":"https:\/\/www.hg-cooker.com\/es\/wp-json\/wp\/v2\/media\/4269"}],"wp:attachment":[{"href":"https:\/\/www.hg-cooker.com\/es\/wp-json\/wp\/v2\/media?parent=4264"}],"wp:term":[{"taxonomy":"product_brand","embeddable":true,"href":"https:\/\/www.hg-cooker.com\/es\/wp-json\/wp\/v2\/product_brand?post=4264"},{"taxonomy":"product_cat","embeddable":true,"href":"https:\/\/www.hg-cooker.com\/es\/wp-json\/wp\/v2\/product_cat?post=4264"},{"taxonomy":"product_tag","embeddable":true,"href":"https:\/\/www.hg-cooker.com\/es\/wp-json\/wp\/v2\/product_tag?post=4264"}],"curies":[{"name":"wp","href":"https:\/\/api.w.org\/{rel}","templated":true}]}}