{"id":4258,"date":"2024-08-19T04:46:07","date_gmt":"2024-08-19T04:46:07","guid":{"rendered":"https:\/\/www.hg-cooker.com\/?post_type=product&#038;p=4258"},"modified":"2024-08-19T07:20:37","modified_gmt":"2024-08-19T07:20:37","slug":"olla-de-leche-hirviendo-de-acero-inoxidable-al-por-mayor-21","status":"publish","type":"product","link":"https:\/\/www.hg-cooker.com\/es\/producto\/olla-de-leche-hirviendo-de-acero-inoxidable-al-por-mayor-21\/","title":{"rendered":"Mayorista Olla T\u00e9rmica de Gran Capacidad 8L o Preparaci\u00f3n Energ\u00e9tica de Comidas"},"content":{"rendered":"<div class=\"wp-block-columns is-layout-flex wp-container-core-columns-is-layout-9d6595d7 wp-block-columns-is-layout-flex\">\n<div class=\"wp-block-column is-layout-flow wp-block-column-is-layout-flow\">\n<h3 class=\"wp-block-heading\">Par\u00e1metros de la olla t\u00e9rmica Thermos<\/h3>\n\n\n\n<div class=\"wp-block-group\"><div class=\"wp-block-group__inner-container is-layout-constrained wp-block-group-is-layout-constrained\">\n<div class=\"wp-block-columns is-layout-flex wp-container-core-columns-is-layout-9d6595d7 wp-block-columns-is-layout-flex\">\n<div class=\"wp-block-column is-layout-flow wp-block-column-is-layout-flow\" style=\"flex-basis:100%\">\n<figure class=\"wp-block-table\"><table class=\"has-fixed-layout\"><tbody><tr><td>Lugar de origen<\/td><td>Tipo<\/td><td>Marca<\/td><td>N\u00famero de modelo<\/td><td>Capacidad<\/td><td>Calidad del material<\/td><td>Maceta interior<\/td><td>Efecto<\/td><td>Color<\/td><td>polaco<\/td><\/tr><tr><td>Guangdong, China<\/td><td>Cocedor de sopa<\/td><td>HENG-GUANG<\/td><td>YY-6B8<\/td><td>8L<\/td><td>ss201, PP alimentario<\/td><td>ss304 , fondo con s\u00e1ndwich de aluminio de 1cm<\/td><td>mantener el calor durante mucho tiempo<\/td><td>acero inoxidable, marr\u00f3n o como se solicite<\/td><td>pulido espejo<\/td><\/tr><\/tbody><\/table><\/figure>\n<\/div>\n<\/div>\n<\/div><\/div>\n<\/div>\n<\/div>\n\n\n\n<div class=\"wp-block-columns is-layout-flex wp-container-core-columns-is-layout-9d6595d7 wp-block-columns-is-layout-flex\">\n<div class=\"wp-block-column is-layout-flow wp-block-column-is-layout-flow\">\n<h3 class=\"wp-block-heading\">Opciones de termos personalizados OEM&amp;ODM<\/h3>\n\n\n\n<p><strong>Logotipo<\/strong>: Personalice el logotipo de su marca en el termo y el envase.<br><br><strong>Talla<\/strong>: Personalice diferentes tama\u00f1os de termo cocina t\u00e9rmica de acuerdo a sus necesidades.<br><br><strong>Paquete<\/strong>: cart\u00f3n\/caja de color.<br><br><a href=\"https:\/\/www.hg-cooker.com\/es\/custom-solution\/\" data-type=\"page\" data-id=\"2793\" target=\"_blank\" rel=\"noreferrer noopener\"><strong>Explore m\u00e1s detalles personalizados OEM&amp;ODM<\/strong><\/a><\/p>\n<\/div>\n<\/div>\n\n\n\n<div class=\"wp-block-columns is-layout-flex wp-container-core-columns-is-layout-9d6595d7 wp-block-columns-is-layout-flex\">\n<div class=\"wp-block-column is-layout-flow wp-block-column-is-layout-flow\">\n<figure class=\"wp-block-image size-full\"><img fetchpriority=\"high\" decoding=\"async\" width=\"800\" height=\"800\" src=\"https:\/\/www.hg-cooker.com\/wp-content\/uploads\/2024\/08\/wholesale-8L-thermos-thermal-cooker-1.webp\" alt=\"venta al por mayor termo cocina t\u00e9rmica 8L (1)\" class=\"wp-image-4259\" srcset=\"https:\/\/www.hg-cooker.com\/wp-content\/uploads\/2024\/08\/wholesale-8L-thermos-thermal-cooker-1.webp 800w, https:\/\/www.hg-cooker.com\/wp-content\/uploads\/2024\/08\/wholesale-8L-thermos-thermal-cooker-1-150x150.webp 150w, https:\/\/www.hg-cooker.com\/wp-content\/uploads\/2024\/08\/wholesale-8L-thermos-thermal-cooker-1-660x660.webp 660w, https:\/\/www.hg-cooker.com\/wp-content\/uploads\/2024\/08\/wholesale-8L-thermos-thermal-cooker-1-300x300.webp 300w, https:\/\/www.hg-cooker.com\/wp-content\/uploads\/2024\/08\/wholesale-8L-thermos-thermal-cooker-1-768x768.webp 768w, https:\/\/www.hg-cooker.com\/wp-content\/uploads\/2024\/08\/wholesale-8L-thermos-thermal-cooker-1-12x12.webp 12w, https:\/\/www.hg-cooker.com\/wp-content\/uploads\/2024\/08\/wholesale-8L-thermos-thermal-cooker-1-285x285.webp 285w, https:\/\/www.hg-cooker.com\/wp-content\/uploads\/2024\/08\/wholesale-8L-thermos-thermal-cooker-1-270x270.webp 270w, https:\/\/www.hg-cooker.com\/wp-content\/uploads\/2024\/08\/wholesale-8L-thermos-thermal-cooker-1-540x540.webp 540w\" sizes=\"(max-width: 800px) 100vw, 800px\" \/><\/figure>\n<\/div>\n\n\n\n<div class=\"wp-block-column is-layout-flow wp-block-column-is-layout-flow\">\n<figure class=\"wp-block-image size-full\"><img decoding=\"async\" width=\"800\" height=\"800\" src=\"https:\/\/www.hg-cooker.com\/wp-content\/uploads\/2024\/08\/wholesale-8L-thermos-thermal-cooker-5.webp\" alt=\"venta al por mayor termo cocina t\u00e9rmica 8L (5)\" class=\"wp-image-4263\" srcset=\"https:\/\/www.hg-cooker.com\/wp-content\/uploads\/2024\/08\/wholesale-8L-thermos-thermal-cooker-5.webp 800w, https:\/\/www.hg-cooker.com\/wp-content\/uploads\/2024\/08\/wholesale-8L-thermos-thermal-cooker-5-150x150.webp 150w, https:\/\/www.hg-cooker.com\/wp-content\/uploads\/2024\/08\/wholesale-8L-thermos-thermal-cooker-5-660x660.webp 660w, https:\/\/www.hg-cooker.com\/wp-content\/uploads\/2024\/08\/wholesale-8L-thermos-thermal-cooker-5-300x300.webp 300w, https:\/\/www.hg-cooker.com\/wp-content\/uploads\/2024\/08\/wholesale-8L-thermos-thermal-cooker-5-768x768.webp 768w, https:\/\/www.hg-cooker.com\/wp-content\/uploads\/2024\/08\/wholesale-8L-thermos-thermal-cooker-5-12x12.webp 12w, https:\/\/www.hg-cooker.com\/wp-content\/uploads\/2024\/08\/wholesale-8L-thermos-thermal-cooker-5-285x285.webp 285w, https:\/\/www.hg-cooker.com\/wp-content\/uploads\/2024\/08\/wholesale-8L-thermos-thermal-cooker-5-270x270.webp 270w, https:\/\/www.hg-cooker.com\/wp-content\/uploads\/2024\/08\/wholesale-8L-thermos-thermal-cooker-5-540x540.webp 540w\" sizes=\"(max-width: 800px) 100vw, 800px\" \/><\/figure>\n<\/div>\n<\/div>","protected":false},"excerpt":{"rendered":"<p>Nuestra gran olla t\u00e9rmica termo de 8L permite preparar comidas f\u00e1cilmente. Este termo est\u00e1 hecho para servir tanto en la cocina como al aire libre, ya que hace un gran trabajo en la retenci\u00f3n de calor manteniendo sus alimentos calientes durante varias horas. 8L de espacio de almacenamiento dentro de esta olla es muy bueno cuando se cocina grandes sopas, guisos o cualquier otra comida que usted podr\u00eda pensar en las reuniones. Adem\u00e1s, la avanzada tecnolog\u00eda de aislamiento garantiza que los alimentos se cocinen lentamente a la mejor temperatura sin necesidad de calentarlos continuamente, con el consiguiente ahorro de energ\u00eda.<\/p>\n<h3>Caracter\u00edsticas de la olla t\u00e9rmica Thermos<\/p>\n<\/h3>\n<p>1.<strong>Dise\u00f1o de gran capacidad<\/strong>Con una capacidad colosal de ocho litros, este dise\u00f1o es realmente impresionante. Puede acomodar f\u00e1cilmente la diversa gama de platos e ingredientes que necesita para reuniones familiares o grandes cenas. Como resultado, esta olla t\u00e9rmica termo satisfar\u00e1 sus necesidades y no tendr\u00e1 que pensar en raciones que apenas alcanzan para alimentar a nadie.<\/p>\n<p><strong>2.Dise\u00f1o que ahorra energ\u00eda<\/strong>: El uso de una cocina t\u00e9rmica de bajo consumo como \u00e9sta significa que su retenci\u00f3n de calor muy eficiente puede limitar dr\u00e1sticamente los procesos de calentamiento continuo, reduciendo as\u00ed el uso de energ\u00eda de una manera notable.<\/p>\n<p>3.<strong>Uso multifuncional<\/strong>: Esta olla t\u00e9rmica es adecuada para varios tipos de platos, y su dise\u00f1o multifuncional hace que no s\u00f3lo sea adecuada para las comidas familiares diarias, sino que tambi\u00e9n satisface diferentes necesidades culinarias.<\/p>\n<p>4.<strong>Construido para durar<\/strong>: Fabricados con los mejores materiales para que duren mucho tiempo sin estropearse f\u00e1cilmente. Adem\u00e1s, al estar fabricados con componentes de alta calidad, no se romper\u00e1n f\u00e1cilmente incluso despu\u00e9s de a\u00f1os de uso....<\/p>\n<p>5.<strong>C\u00f3modo y f\u00e1cil de usar<\/strong>: El funcionamiento es sencillo y c\u00f3modo. Basta con poner los ingredientes preparados en el recipiente interior de la olla t\u00e9rmica para calentarlos. Despu\u00e9s de calentar durante un tiempo, introduzca el recipiente interior en el exterior para mantenerlo caliente.<\/p>\n<p>6.<strong>Servicio mayorista<\/strong>: Ofrecemos al por mayor termos cocinas t\u00e9rmicas a precio de f\u00e1brica, p\u00f3ngase en contacto con nosotros para pedidos al por mayor y soluciones personalizadas adaptadas a sus necesidades.<\/p>\n<p>7.<strong>Servicio a medida<\/strong>:Ofrecemos servicios de personalizaci\u00f3n de colores para ollas t\u00e9rmicas y soluciones detalladas personalizadas para ollas t\u00e9rmicas. Si es necesario, p\u00f3ngase en contacto con nosotros.<\/p>","protected":false},"featured_media":4259,"comment_status":"closed","ping_status":"closed","template":"","meta":[],"product_brand":[],"product_cat":[50],"product_tag":[],"class_list":{"0":"post-4258","1":"product","2":"type-product","3":"status-publish","4":"has-post-thumbnail","6":"product_cat-vacuum-thermal-cooker","8":"first","9":"instock","10":"shipping-taxable","11":"product-type-simple"},"_links":{"self":[{"href":"https:\/\/www.hg-cooker.com\/es\/wp-json\/wp\/v2\/product\/4258","targetHints":{"allow":["GET"]}}],"collection":[{"href":"https:\/\/www.hg-cooker.com\/es\/wp-json\/wp\/v2\/product"}],"about":[{"href":"https:\/\/www.hg-cooker.com\/es\/wp-json\/wp\/v2\/types\/product"}],"replies":[{"embeddable":true,"href":"https:\/\/www.hg-cooker.com\/es\/wp-json\/wp\/v2\/comments?post=4258"}],"wp:featuredmedia":[{"embeddable":true,"href":"https:\/\/www.hg-cooker.com\/es\/wp-json\/wp\/v2\/media\/4259"}],"wp:attachment":[{"href":"https:\/\/www.hg-cooker.com\/es\/wp-json\/wp\/v2\/media?parent=4258"}],"wp:term":[{"taxonomy":"product_brand","embeddable":true,"href":"https:\/\/www.hg-cooker.com\/es\/wp-json\/wp\/v2\/product_brand?post=4258"},{"taxonomy":"product_cat","embeddable":true,"href":"https:\/\/www.hg-cooker.com\/es\/wp-json\/wp\/v2\/product_cat?post=4258"},{"taxonomy":"product_tag","embeddable":true,"href":"https:\/\/www.hg-cooker.com\/es\/wp-json\/wp\/v2\/product_tag?post=4258"}],"curies":[{"name":"wp","href":"https:\/\/api.w.org\/{rel}","templated":true}]}}